{"id":5638,"date":"2021-07-13T09:49:25","date_gmt":"2021-07-13T06:49:25","guid":{"rendered":"https:\/\/portaltest.atauni.edu.tr\/bilgisayar-muhendisligi\/?page_id=5638"},"modified":"2021-09-13T10:21:35","modified_gmt":"2021-09-13T07:21:35","slug":"tarihce","status":"publish","type":"page","link":"https:\/\/atauni.edu.tr\/bilgisayar-bilimleri-anabilim-dali\/tarihce\/","title":{"rendered":"Tarih\u00e7e"},"content":{"rendered":"\t\t<div data-elementor-type=\"wp-page\" data-elementor-id=\"5638\" class=\"elementor elementor-5638\" data-elementor-post-type=\"page\">\n\t\t\t\t\t\t<section class=\"elementor-section elementor-top-section elementor-element elementor-element-730d320 elementor-section-boxed elementor-section-height-default elementor-section-height-default\" data-id=\"730d320\" data-element_type=\"section\">\n\t\t\t\t\t\t<div class=\"elementor-container elementor-column-gap-default\">\n\t\t\t\t\t<div class=\"elementor-column elementor-col-100 elementor-top-column elementor-element elementor-element-753d0860\" data-id=\"753d0860\" data-element_type=\"column\">\n\t\t\t<div class=\"elementor-widget-wrap\">\n\t\t\t\t\t\t\t<\/div>\n\t\t<\/div>\n\t\t\t\t\t<\/div>\n\t\t<\/section>\n\t\t\t\t<section class=\"elementor-section elementor-top-section elementor-element elementor-element-9be811a elementor-section-boxed elementor-section-height-default elementor-section-height-default\" data-id=\"9be811a\" data-element_type=\"section\">\n\t\t\t\t\t\t<div class=\"elementor-container elementor-column-gap-default\">\n\t\t\t\t\t<div class=\"elementor-column elementor-col-100 elementor-top-column elementor-element elementor-element-1ed847b7\" data-id=\"1ed847b7\" data-element_type=\"column\">\n\t\t\t<div class=\"elementor-widget-wrap elementor-element-populated\">\n\t\t\t\t\t\t<div class=\"elementor-element elementor-element-4ce0d07f elementor-widget elementor-widget-heading\" data-id=\"4ce0d07f\" data-element_type=\"widget\" data-widget_type=\"heading.default\">\n\t\t\t\t<div class=\"elementor-widget-container\">\n\t\t\t\t\t<h2 class=\"elementor-heading-title elementor-size-default\">Tarih\u00e7e<\/h2>\t\t\t\t<\/div>\n\t\t\t\t<\/div>\n\t\t\t\t<div class=\"elementor-element elementor-element-63260862 elementor-widget-divider--view-line elementor-widget elementor-widget-divider\" data-id=\"63260862\" data-element_type=\"widget\" data-widget_type=\"divider.default\">\n\t\t\t\t<div class=\"elementor-widget-container\">\n\t\t\t\t\t\t\t<div class=\"elementor-divider\">\n\t\t\t<span class=\"elementor-divider-separator\">\n\t\t\t\t\t\t<\/span>\n\t\t<\/div>\n\t\t\t\t\t\t<\/div>\n\t\t\t\t<\/div>\n\t\t\t\t\t<\/div>\n\t\t<\/div>\n\t\t\t\t\t<\/div>\n\t\t<\/section>\n\t\t\t\t<section class=\"elementor-section elementor-top-section elementor-element elementor-element-681db8b elementor-section-boxed elementor-section-height-default elementor-section-height-default\" data-id=\"681db8b\" data-element_type=\"section\">\n\t\t\t\t\t\t<div class=\"elementor-container elementor-column-gap-default\">\n\t\t\t\t\t<div class=\"elementor-column elementor-col-100 elementor-top-column elementor-element elementor-element-ad4dac5\" data-id=\"ad4dac5\" data-element_type=\"column\">\n\t\t\t<div class=\"elementor-widget-wrap elementor-element-populated\">\n\t\t\t\t\t\t<div class=\"elementor-element elementor-element-2f96b3d elementor-widget elementor-widget-text-editor\" data-id=\"2f96b3d\" data-element_type=\"widget\" data-widget_type=\"text-editor.default\">\n\t\t\t\t<div class=\"elementor-widget-container\">\n\t\t\t\t\t\t\t\t\t<p>Atat\u00fcrk \u00dcniversitesi Bilgisayar Bilimleri Anabilim Dal\u0131n\u0131n tarihi, \u00fclkenin teknolojik geli\u015fimi ve bilimsel ilerlemesine paralel olarak \u015fekillenmi\u015ftir. Bilgisayar biliminin h\u0131zla geli\u015fmesi ve bu alanda uzmanlara olan ihtiyac\u0131n artmas\u0131yla birlikte, \u00fcniversite b\u00fcnyesinde bu alana odaklanan bir b\u00f6l\u00fcm\u00fcn kurulmas\u0131na karar verilmi\u015ftir.<\/p>\n<p>Bilgisayar Bilimleri Anabilim Dal\u0131n\u0131n kuruldu\u011fu y\u0131llar, \u00fclkenin e\u011fitim ve teknoloji alan\u0131ndaki at\u0131l\u0131mlarla e\u015f zamanl\u0131 olarak ger\u00e7ekle\u015fmi\u015ftir. Bu d\u00f6nemde, teknolojik geli\u015fmelere uyum sa\u011flamak ve \u00f6\u011frencilere modern bilgisayarlar ile yaz\u0131l\u0131m olanaklar\u0131 sunabilmek amac\u0131yla investments yap\u0131lm\u0131\u015ft\u0131r.<\/p>\n<p>Anabilim dal\u0131n\u0131n akademik kadrosu, deneyim sahibi \u00f6\u011fretim \u00fcyelerinden olu\u015fmakta ve bu sayede \u00f6\u011frencilere teorik ve pratik bilgilerin yan\u0131 s\u0131ra sekt\u00f6rel exp\u00e9rience de kazand\u0131r\u0131lmaktad\u0131r. Bilgisayar bilimleri alan\u0131ndaki geli\u015fmeleri yak\u0131ndan takip eden anabilim dal\u0131, lisans ve y\u00fcksek lisans d\u00fczeyinde \ub2e4\uc591\ud55c programlar sunarak \u00f6\u011frencilerin ilgi ve yeteneklerine g\u00f6re uzmanla\u015fmalar\u0131na olanak tan\u0131r.<\/p>\n<p>Bilgisayar Bilimleri Anabilim Dal\u0131n\u0131n amac\u0131, \u00f6\u011frencilere g\u00fc\u00e7l\u00fc bir teorik temel kazand\u0131rmakla birlikte, g\u00fcn\u00fcm\u00fczde kullan\u0131lan teknolojileri de \u00f6\u011fretmektir. Bu sayede mezun olan \u00f6\u011frenciler, i\u015f ya\u015fam\u0131nda hemen adapte olabilecek ve sekt\u00f6r\u00fcn ihtiya\u00e7 duydu\u011fu uzmanlar haline gelebileceklerdir.<\/p>\n<p>Anabilim dal\u0131n\u0131n faaliyetleri aras\u0131nda, akademik nghi\u00eanmeler, projeler ve end\u00fcstri ile i\u015fbirlikleri \u00f6nemli bir yer tutmaktad\u0131r. \u00d6\u011frencilere staj ve proje olanaklar\u0131 sunularak, teorik bilgilerini prati\u011fe d\u00f6n\u00fc\u015ft\u00fcrmeleri te\u015fvik edilmektedir.<\/p>\n<p>Sonu\u00e7 olarak, Atat\u00fcrk \u00dcniversitesi Bilgisayar Bilimleri Anabilim Dal\u0131, teknolojik geli\u015fmelerin h\u0131zl\u0131 oldu\u011fu bir d\u00f6nemde, \u00fclke ihtiya\u00e7lar\u0131na cevap verebilecek nitelikli bilgisayarbilimciler yeti\u015ftirmeyi hedeflemektedir. \u00d6\u011frencilere sundu\u011fu olanaklar ve verdi\u011fi e\u011fitimle, sekt\u00f6r\u00fcn gelecekteki liderlerini yeti\u015ftirme misyonunu ta\u015f\u0131maktad\u0131r.<\/p>\t\t\t\t\t\t\t\t<\/div>\n\t\t\t\t<\/div>\n\t\t\t\t\t<\/div>\n\t\t<\/div>\n\t\t\t\t\t<\/div>\n\t\t<\/section>\n\t\t\t\t<\/div>\n\t\t","protected":false},"excerpt":{"rendered":"<p>Tarih\u00e7e Lorem Ipsum Nedir? Lorem Ipsum, dizgi ve bask\u0131 end\u00fcstrisinde kullan\u0131lan m\u0131g\u0131r metinlerdir. Lorem Ipsum, ad\u0131 bilinmeyen bir matbaac\u0131n\u0131n bir hurufat numune kitab\u0131 olu\u015fturmak \u00fczere bir yaz\u0131 galerisini alarak kar\u0131\u015ft\u0131rd\u0131\u011f\u0131 1500&#8217;lerden beri end\u00fcstri standard\u0131 sahte metinler olarak kullan\u0131lm\u0131\u015ft\u0131r. Be\u015fy\u00fcz y\u0131l boyunca varl\u0131\u011f\u0131n\u0131 s\u00fcrd\u00fcrmekle kalmam\u0131\u015f, ayn\u0131 zamanda pek de\u011fi\u015fmeden elektronik dizgiye de s\u0131\u00e7ram\u0131\u015ft\u0131r. 1960&#8217;larda Lorem Ipsum [&hellip;]<\/p>\n","protected":false},"author":1,"featured_media":0,"parent":0,"menu_order":0,"comment_status":"closed","ping_status":"closed","template":"","meta":{"footnotes":""},"class_list":["post-5638","page","type-page","status-publish","hentry"],"_links":{"self":[{"href":"https:\/\/atauni.edu.tr\/bilgisayar-bilimleri-anabilim-dali\/wp-json\/wp\/v2\/pages\/5638","targetHints":{"allow":["GET"]}}],"collection":[{"href":"https:\/\/atauni.edu.tr\/bilgisayar-bilimleri-anabilim-dali\/wp-json\/wp\/v2\/pages"}],"about":[{"href":"https:\/\/atauni.edu.tr\/bilgisayar-bilimleri-anabilim-dali\/wp-json\/wp\/v2\/types\/page"}],"author":[{"embeddable":true,"href":"https:\/\/atauni.edu.tr\/bilgisayar-bilimleri-anabilim-dali\/wp-json\/wp\/v2\/users\/1"}],"replies":[{"embeddable":true,"href":"https:\/\/atauni.edu.tr\/bilgisayar-bilimleri-anabilim-dali\/wp-json\/wp\/v2\/comments?post=5638"}],"version-history":[{"count":22,"href":"https:\/\/atauni.edu.tr\/bilgisayar-bilimleri-anabilim-dali\/wp-json\/wp\/v2\/pages\/5638\/revisions"}],"predecessor-version":[{"id":6117,"href":"https:\/\/atauni.edu.tr\/bilgisayar-bilimleri-anabilim-dali\/wp-json\/wp\/v2\/pages\/5638\/revisions\/6117"}],"wp:attachment":[{"href":"https:\/\/atauni.edu.tr\/bilgisayar-bilimleri-anabilim-dali\/wp-json\/wp\/v2\/media?parent=5638"}],"curies":[{"name":"wp","href":"https:\/\/api.w.org\/{rel}","templated":true}]}}