{"id":5638,"date":"2021-07-13T09:49:25","date_gmt":"2021-07-13T06:49:25","guid":{"rendered":"https:\/\/portaltest.atauni.edu.tr\/bilgisayar-muhendisligi\/?page_id=5638"},"modified":"2021-11-30T13:32:45","modified_gmt":"2021-11-30T10:32:45","slug":"tarihce","status":"publish","type":"page","link":"https:\/\/atauni.edu.tr\/bilgisayar-muhendisligi\/tarihce\/","title":{"rendered":"Tarih\u00e7e"},"content":{"rendered":"\t\t<div data-elementor-type=\"wp-page\" data-elementor-id=\"5638\" class=\"elementor elementor-5638\" data-elementor-post-type=\"page\">\n\t\t\t\t\t\t<section class=\"elementor-section elementor-top-section elementor-element elementor-element-730d320 elementor-section-boxed elementor-section-height-default elementor-section-height-default\" data-id=\"730d320\" data-element_type=\"section\">\n\t\t\t\t\t\t<div class=\"elementor-container elementor-column-gap-default\">\n\t\t\t\t\t<div class=\"elementor-column elementor-col-100 elementor-top-column elementor-element elementor-element-753d0860\" data-id=\"753d0860\" data-element_type=\"column\">\n\t\t\t<div class=\"elementor-widget-wrap\">\n\t\t\t\t\t\t\t<\/div>\n\t\t<\/div>\n\t\t\t\t\t<\/div>\n\t\t<\/section>\n\t\t\t\t<section class=\"elementor-section elementor-top-section elementor-element elementor-element-9be811a elementor-section-boxed elementor-section-height-default elementor-section-height-default\" data-id=\"9be811a\" data-element_type=\"section\">\n\t\t\t\t\t\t<div class=\"elementor-container elementor-column-gap-default\">\n\t\t\t\t\t<div class=\"elementor-column elementor-col-100 elementor-top-column elementor-element elementor-element-1ed847b7\" data-id=\"1ed847b7\" data-element_type=\"column\">\n\t\t\t<div class=\"elementor-widget-wrap elementor-element-populated\">\n\t\t\t\t\t\t<div class=\"elementor-element elementor-element-4ce0d07f elementor-widget elementor-widget-heading\" data-id=\"4ce0d07f\" data-element_type=\"widget\" data-widget_type=\"heading.default\">\n\t\t\t\t<div class=\"elementor-widget-container\">\n\t\t\t\t\t<h2 class=\"elementor-heading-title elementor-size-default\">Tarih\u00e7e<\/h2>\t\t\t\t<\/div>\n\t\t\t\t<\/div>\n\t\t\t\t<div class=\"elementor-element elementor-element-63260862 elementor-widget-divider--view-line elementor-widget elementor-widget-divider\" data-id=\"63260862\" data-element_type=\"widget\" data-widget_type=\"divider.default\">\n\t\t\t\t<div class=\"elementor-widget-container\">\n\t\t\t\t\t\t\t<div class=\"elementor-divider\">\n\t\t\t<span class=\"elementor-divider-separator\">\n\t\t\t\t\t\t<\/span>\n\t\t<\/div>\n\t\t\t\t\t\t<\/div>\n\t\t\t\t<\/div>\n\t\t\t\t\t<\/div>\n\t\t<\/div>\n\t\t\t\t\t<\/div>\n\t\t<\/section>\n\t\t\t\t<section class=\"elementor-section elementor-top-section elementor-element elementor-element-681db8b elementor-section-boxed elementor-section-height-default elementor-section-height-default\" data-id=\"681db8b\" data-element_type=\"section\">\n\t\t\t\t\t\t<div class=\"elementor-container elementor-column-gap-default\">\n\t\t\t\t\t<div class=\"elementor-column elementor-col-100 elementor-top-column elementor-element elementor-element-ad4dac5\" data-id=\"ad4dac5\" data-element_type=\"column\">\n\t\t\t<div class=\"elementor-widget-wrap elementor-element-populated\">\n\t\t\t\t\t\t<div class=\"elementor-element elementor-element-2f96b3d elementor-widget elementor-widget-text-editor\" data-id=\"2f96b3d\" data-element_type=\"widget\" data-widget_type=\"text-editor.default\">\n\t\t\t\t<div class=\"elementor-widget-container\">\n\t\t\t\t\t\t\t\t\t<p>\u00dclkemizde sanayinin ve teknolojinin geli\u015fmesine ba\u011fl\u0131 olarak bilgisayar alan\u0131nda deneyimli ve nitelikli personele gereksinim her ge\u00e7en g\u00fcn artmaktad\u0131r. \u00dclkemizin bu ihtiyac\u0131n\u0131 kar\u015f\u0131lamak amac\u0131yla Bilgisayar M\u00fchendisli\u011fi B\u00f6l\u00fcm\u00fc, 2005 y\u0131l\u0131nda kurulmu\u015f olup 2011-2012 \u00f6\u011fretim y\u0131l\u0131nda lisans d\u00fczeyinde e\u011fitime ba\u015flam\u0131\u015ft\u0131r. B\u00f6l\u00fcm\u00fcm\u00fcz, bu tarihten beri kaliteli e\u011fitim anlay\u0131\u015f\u0131ndan \u00f6d\u00fcn vermeden \u00e7a\u011f\u0131n de\u011fi\u015fimlerine ayak uyduracak \u015fekilde geli\u015ftirmekte; \u00e7a\u011f\u0131m\u0131z\u0131n sorunlar\u0131na duyarl\u0131 ve bu duyarl\u0131l\u0131\u011f\u0131n gerektirdi\u011fi sorumlulukla mesle\u011fini yerine getiren, etik ilkelere uygun hareket edebilen Bilgisayar M\u00fchendisleri yeti\u015ftirmektedir. B\u00f6l\u00fcm\u00fcm\u00fczde lisans program\u0131n\u0131n yan\u0131nda y\u00fcksek lisans ve doktora e\u011fitimi de verilmektedir.<\/p>\t\t\t\t\t\t\t\t<\/div>\n\t\t\t\t<\/div>\n\t\t\t\t\t<\/div>\n\t\t<\/div>\n\t\t\t\t\t<\/div>\n\t\t<\/section>\n\t\t\t\t<\/div>\n\t\t","protected":false},"excerpt":{"rendered":"<p>Tarih\u00e7e \u00dclkemizde sanayinin ve teknolojinin geli\u015fmesine ba\u011fl\u0131 olarak bilgisayar alan\u0131nda deneyimli ve nitelikli personele gereksinim her ge\u00e7en g\u00fcn artmaktad\u0131r. \u00dclkemizin bu ihtiyac\u0131n\u0131 kar\u015f\u0131lamak amac\u0131yla Bilgisayar M\u00fchendisli\u011fi B\u00f6l\u00fcm\u00fc, 2005 y\u0131l\u0131nda kurulmu\u015f olup 2011-2012 \u00f6\u011fretim y\u0131l\u0131nda lisans d\u00fczeyinde e\u011fitime ba\u015flam\u0131\u015ft\u0131r. B\u00f6l\u00fcm\u00fcm\u00fcz, bu tarihten beri kaliteli e\u011fitim anlay\u0131\u015f\u0131ndan \u00f6d\u00fcn vermeden \u00e7a\u011f\u0131n de\u011fi\u015fimlerine ayak uyduracak \u015fekilde geli\u015ftirmekte; \u00e7a\u011f\u0131m\u0131z\u0131n sorunlar\u0131na [&hellip;]<\/p>\n","protected":false},"author":1,"featured_media":0,"parent":0,"menu_order":0,"comment_status":"closed","ping_status":"closed","template":"","meta":{"footnotes":""},"class_list":["post-5638","page","type-page","status-publish","hentry"],"_links":{"self":[{"href":"https:\/\/atauni.edu.tr\/bilgisayar-muhendisligi\/wp-json\/wp\/v2\/pages\/5638","targetHints":{"allow":["GET"]}}],"collection":[{"href":"https:\/\/atauni.edu.tr\/bilgisayar-muhendisligi\/wp-json\/wp\/v2\/pages"}],"about":[{"href":"https:\/\/atauni.edu.tr\/bilgisayar-muhendisligi\/wp-json\/wp\/v2\/types\/page"}],"author":[{"embeddable":true,"href":"https:\/\/atauni.edu.tr\/bilgisayar-muhendisligi\/wp-json\/wp\/v2\/users\/1"}],"replies":[{"embeddable":true,"href":"https:\/\/atauni.edu.tr\/bilgisayar-muhendisligi\/wp-json\/wp\/v2\/comments?post=5638"}],"version-history":[{"count":19,"href":"https:\/\/atauni.edu.tr\/bilgisayar-muhendisligi\/wp-json\/wp\/v2\/pages\/5638\/revisions"}],"predecessor-version":[{"id":6307,"href":"https:\/\/atauni.edu.tr\/bilgisayar-muhendisligi\/wp-json\/wp\/v2\/pages\/5638\/revisions\/6307"}],"wp:attachment":[{"href":"https:\/\/atauni.edu.tr\/bilgisayar-muhendisligi\/wp-json\/wp\/v2\/media?parent=5638"}],"curies":[{"name":"wp","href":"https:\/\/api.w.org\/{rel}","templated":true}]}}