{"id":5791,"date":"2021-07-13T13:07:15","date_gmt":"2021-07-13T10:07:15","guid":{"rendered":"https:\/\/portaltest.atauni.edu.tr\/bilgisayar-muhendisligi\/?page_id=5791"},"modified":"2022-05-17T10:56:28","modified_gmt":"2022-05-17T07:56:28","slug":"staj","status":"publish","type":"page","link":"https:\/\/atauni.edu.tr\/bilgisayar-muhendisligi\/staj\/","title":{"rendered":"Staj"},"content":{"rendered":"\t\t<div data-elementor-type=\"wp-page\" data-elementor-id=\"5791\" class=\"elementor elementor-5791\" data-elementor-post-type=\"page\">\n\t\t\t\t\t\t<section class=\"elementor-section elementor-top-section elementor-element elementor-element-9be811a elementor-section-boxed elementor-section-height-default elementor-section-height-default\" data-id=\"9be811a\" data-element_type=\"section\">\n\t\t\t\t\t\t<div class=\"elementor-container elementor-column-gap-default\">\n\t\t\t\t\t<div class=\"elementor-column elementor-col-100 elementor-top-column elementor-element elementor-element-1ed847b7\" data-id=\"1ed847b7\" data-element_type=\"column\">\n\t\t\t<div class=\"elementor-widget-wrap elementor-element-populated\">\n\t\t\t\t\t\t<div class=\"elementor-element elementor-element-4ce0d07f elementor-widget elementor-widget-heading\" data-id=\"4ce0d07f\" data-element_type=\"widget\" data-widget_type=\"heading.default\">\n\t\t\t\t<div class=\"elementor-widget-container\">\n\t\t\t\t\t<h2 class=\"elementor-heading-title elementor-size-default\">Staj<\/h2>\t\t\t\t<\/div>\n\t\t\t\t<\/div>\n\t\t\t\t<div class=\"elementor-element elementor-element-63260862 elementor-widget-divider--view-line elementor-widget elementor-widget-divider\" data-id=\"63260862\" data-element_type=\"widget\" data-widget_type=\"divider.default\">\n\t\t\t\t<div class=\"elementor-widget-container\">\n\t\t\t\t\t\t\t<div class=\"elementor-divider\">\n\t\t\t<span class=\"elementor-divider-separator\">\n\t\t\t\t\t\t<\/span>\n\t\t<\/div>\n\t\t\t\t\t\t<\/div>\n\t\t\t\t<\/div>\n\t\t\t\t\t<\/div>\n\t\t<\/div>\n\t\t\t\t\t<\/div>\n\t\t<\/section>\n\t\t\t\t<section class=\"elementor-section elementor-top-section elementor-element elementor-element-9d53a11 elementor-section-boxed elementor-section-height-default elementor-section-height-default\" data-id=\"9d53a11\" data-element_type=\"section\">\n\t\t\t\t\t\t<div class=\"elementor-container elementor-column-gap-default\">\n\t\t\t\t\t<div class=\"elementor-column elementor-col-100 elementor-top-column elementor-element elementor-element-be2be08\" data-id=\"be2be08\" data-element_type=\"column\">\n\t\t\t<div class=\"elementor-widget-wrap elementor-element-populated\">\n\t\t\t\t\t\t<div class=\"elementor-element elementor-element-c52d0e7 elementor-widget elementor-widget-ova_list_link\" data-id=\"c52d0e7\" data-element_type=\"widget\" data-widget_type=\"ova_list_link.default\">\n\t\t\t\t<div class=\"elementor-widget-container\">\n\t\t\t\t\t\t\t<div class=\"ova_list_link \">\n\t\t\t\t\t\t\t\t\t<ul class=\"content\">\n\t\t\t\t\t\t\t\t\t<li class=\"item\">\n\t\t\t\t\t\t<a href=\"https:\/\/birimler.atauni.edu.tr\/bilgisayar-muhendisligi\/wp-content\/uploads\/sites\/4\/2020\/07\/Staj-Bilgilendirmesi.pdf\">\n\t\t\t\t\t\t\tStaj Bilgilendirmesi\t\t\t\t\t\t\t\t\t\t\t\t\t\t<span class=\"icon\">\n\t\t\t\t\t\t\t\t<i data-feather=\"chevron-right\"><\/i>\n\t\t\t\t\t\t\t<\/span>\n\t\t\t\t\t\t    \t\t\t\t\t\t    \t\t\t\t\t\t\t<span class=\"icon-hover\">\n\t\t\t\t\t\t\t\t<i data-feather=\"arrow-right\"><\/i>\n\t\t\t\t\t\t\t<\/span>\n\t\t\t\t\t\t\t \t\t\t\t\t\t<\/a>\n\n\t\t\t\t\t<\/li>\n\t\t\t\t\t\t\t\t\t<li class=\"item\">\n\t\t\t\t\t\t<a href=\"https:\/\/birimler.atauni.edu.tr\/bilgisayar-muhendisligi\/wp-content\/uploads\/sites\/4\/2020\/07\/Ek-2A-Staj-Uygulama-Esaslari.docx\">\n\t\t\t\t\t\t\tEk-2A Staj Uygulama Esaslar\u0131\t\t\t\t\t\t\t\t\t\t\t\t\t\t<span class=\"icon\">\n\t\t\t\t\t\t\t\t<i data-feather=\"chevron-right\"><\/i>\n\t\t\t\t\t\t\t<\/span>\n\t\t\t\t\t\t    \t\t\t\t\t\t    \t\t\t\t\t\t\t<span class=\"icon-hover\">\n\t\t\t\t\t\t\t\t<i data-feather=\"arrow-right\"><\/i>\n\t\t\t\t\t\t\t<\/span>\n\t\t\t\t\t\t\t \t\t\t\t\t\t<\/a>\n\n\t\t\t\t\t<\/li>\n\t\t\t\t\t\t\t\t\t<li class=\"item\">\n\t\t\t\t\t\t<a href=\"https:\/\/birimler.atauni.edu.tr\/bilgisayar-muhendisligi\/wp-content\/uploads\/sites\/4\/2020\/07\/Staj-uygulama-esaslari-2018-2019-sonrasi-mu\u0308fredat.docx\">\n\t\t\t\t\t\t\tEk-2A Staj Uygulama Esaslar\u0131 (2018-2019 sonras\u0131 m\u00fcfredat)\t\t\t\t\t\t\t\t\t\t\t\t\t\t<span class=\"icon\">\n\t\t\t\t\t\t\t\t<i data-feather=\"chevron-right\"><\/i>\n\t\t\t\t\t\t\t<\/span>\n\t\t\t\t\t\t    \t\t\t\t\t\t    \t\t\t\t\t\t\t<span class=\"icon-hover\">\n\t\t\t\t\t\t\t\t<i data-feather=\"arrow-right\"><\/i>\n\t\t\t\t\t\t\t<\/span>\n\t\t\t\t\t\t\t \t\t\t\t\t\t<\/a>\n\n\t\t\t\t\t<\/li>\n\t\t\t\t\t\t\t\t\t<li class=\"item\">\n\t\t\t\t\t\t<a href=\"https:\/\/birimler.atauni.edu.tr\/bilgisayar-muhendisligi\/wp-content\/uploads\/sites\/4\/2020\/07\/Ek-2B-Staj-Deg\u0306erlendirme-Formu.doc\">\n\t\t\t\t\t\t\tEk-2B Staj Deg\u0306erlendirme Formu\t\t\t\t\t\t\t\t\t\t\t\t\t\t<span class=\"icon\">\n\t\t\t\t\t\t\t\t<i data-feather=\"chevron-right\"><\/i>\n\t\t\t\t\t\t\t<\/span>\n\t\t\t\t\t\t    \t\t\t\t\t\t    \t\t\t\t\t\t\t<span class=\"icon-hover\">\n\t\t\t\t\t\t\t\t<i data-feather=\"arrow-right\"><\/i>\n\t\t\t\t\t\t\t<\/span>\n\t\t\t\t\t\t\t \t\t\t\t\t\t<\/a>\n\n\t\t\t\t\t<\/li>\n\t\t\t\t\t\t\t\t\t<li class=\"item\">\n\t\t\t\t\t\t<a href=\"https:\/\/birimler.atauni.edu.tr\/bilgisayar-muhendisligi\/wp-content\/uploads\/sites\/4\/2020\/07\/Ek-4-O\u0308g\u0306renci-Staj-Anketi.doc\">\n\t\t\t\t\t\t\tEk-4 O\u0308g\u0306renci Staj Anketi\t\t\t\t\t\t\t\t\t\t\t\t\t\t<span class=\"icon\">\n\t\t\t\t\t\t\t\t<i data-feather=\"chevron-right\"><\/i>\n\t\t\t\t\t\t\t<\/span>\n\t\t\t\t\t\t    \t\t\t\t\t\t    \t\t\t\t\t\t\t<span class=\"icon-hover\">\n\t\t\t\t\t\t\t\t<i data-feather=\"arrow-right\"><\/i>\n\t\t\t\t\t\t\t<\/span>\n\t\t\t\t\t\t\t \t\t\t\t\t\t<\/a>\n\n\t\t\t\t\t<\/li>\n\t\t\t\t\t\t\t\t\t<li class=\"item\">\n\t\t\t\t\t\t<a href=\"https:\/\/birimler.atauni.edu.tr\/bilgisayar-muhendisligi\/wp-content\/uploads\/sites\/4\/2020\/07\/Ek-5-Staj-Rapor-Kapag\u0306i.docx\">\n\t\t\t\t\t\t\tEk-5 Staj Rapor Kapag\u0306\u0131\t\t\t\t\t\t\t\t\t\t\t\t\t\t<span class=\"icon\">\n\t\t\t\t\t\t\t\t<i data-feather=\"chevron-right\"><\/i>\n\t\t\t\t\t\t\t<\/span>\n\t\t\t\t\t\t    \t\t\t\t\t\t    \t\t\t\t\t\t\t<span class=\"icon-hover\">\n\t\t\t\t\t\t\t\t<i data-feather=\"arrow-right\"><\/i>\n\t\t\t\t\t\t\t<\/span>\n\t\t\t\t\t\t\t \t\t\t\t\t\t<\/a>\n\n\t\t\t\t\t<\/li>\n\t\t\t\t\t\t\t\t\t<li class=\"item\">\n\t\t\t\t\t\t<a href=\"https:\/\/birimler.atauni.edu.tr\/bilgisayar-muhendisligi\/wp-content\/uploads\/sites\/4\/2020\/07\/Ek-6-Staj-Raporu-Birinci-Sayfa.doc\">\n\t\t\t\t\t\t\tEk-6 Staj Raporu Birinci Sayfa\t\t\t\t\t\t\t\t\t\t\t\t\t\t<span class=\"icon\">\n\t\t\t\t\t\t\t\t<i data-feather=\"chevron-right\"><\/i>\n\t\t\t\t\t\t\t<\/span>\n\t\t\t\t\t\t    \t\t\t\t\t\t    \t\t\t\t\t\t\t<span class=\"icon-hover\">\n\t\t\t\t\t\t\t\t<i data-feather=\"arrow-right\"><\/i>\n\t\t\t\t\t\t\t<\/span>\n\t\t\t\t\t\t\t \t\t\t\t\t\t<\/a>\n\n\t\t\t\t\t<\/li>\n\t\t\t\t\t\t\t\t\t<li class=\"item\">\n\t\t\t\t\t\t<a href=\"https:\/\/birimler.atauni.edu.tr\/bilgisayar-muhendisligi\/wp-content\/uploads\/sites\/4\/2020\/07\/Ek-7-Staj-Raporu-I\u0307kinci-Sayfa.doc\">\n\t\t\t\t\t\t\tEk-7 Staj Raporu I\u0307kinci Sayfa\t\t\t\t\t\t\t\t\t\t\t\t\t\t<span class=\"icon\">\n\t\t\t\t\t\t\t\t<i data-feather=\"chevron-right\"><\/i>\n\t\t\t\t\t\t\t<\/span>\n\t\t\t\t\t\t    \t\t\t\t\t\t    \t\t\t\t\t\t\t<span class=\"icon-hover\">\n\t\t\t\t\t\t\t\t<i data-feather=\"arrow-right\"><\/i>\n\t\t\t\t\t\t\t<\/span>\n\t\t\t\t\t\t\t \t\t\t\t\t\t<\/a>\n\n\t\t\t\t\t<\/li>\n\t\t\t\t\t\t\t\t\t<li class=\"item\">\n\t\t\t\t\t\t<a href=\"https:\/\/birimler.atauni.edu.tr\/bilgisayar-muhendisligi\/wp-content\/uploads\/sites\/4\/2020\/07\/Ek-8-Staj-Rapor-Taslag\u0306i.doc\">\n\t\t\t\t\t\t\tEk-8 Staj Rapor Taslag\u0306\u0131\t\t\t\t\t\t\t\t\t\t\t\t\t\t<span class=\"icon\">\n\t\t\t\t\t\t\t\t<i data-feather=\"chevron-right\"><\/i>\n\t\t\t\t\t\t\t<\/span>\n\t\t\t\t\t\t    \t\t\t\t\t\t    \t\t\t\t\t\t\t<span class=\"icon-hover\">\n\t\t\t\t\t\t\t\t<i data-feather=\"arrow-right\"><\/i>\n\t\t\t\t\t\t\t<\/span>\n\t\t\t\t\t\t\t \t\t\t\t\t\t<\/a>\n\n\t\t\t\t\t<\/li>\n\t\t\t\t\t\t\t\t\t<li class=\"item\">\n\t\t\t\t\t\t<a href=\"https:\/\/birimler.atauni.edu.tr\/bilgisayar-muhendisligi\/wp-content\/uploads\/sites\/4\/2020\/07\/Ek-9-Staj-Rehberi.doc\">\n\t\t\t\t\t\t\tEk-9 Staj Rehberi\t\t\t\t\t\t\t\t\t\t\t\t\t\t<span class=\"icon\">\n\t\t\t\t\t\t\t\t<i data-feather=\"chevron-right\"><\/i>\n\t\t\t\t\t\t\t<\/span>\n\t\t\t\t\t\t    \t\t\t\t\t\t    \t\t\t\t\t\t\t<span class=\"icon-hover\">\n\t\t\t\t\t\t\t\t<i data-feather=\"arrow-right\"><\/i>\n\t\t\t\t\t\t\t<\/span>\n\t\t\t\t\t\t\t \t\t\t\t\t\t<\/a>\n\n\t\t\t\t\t<\/li>\n\t\t\t\t\t\t\t\t\t<li class=\"item\">\n\t\t\t\t\t\t<a href=\"https:\/\/birimler.atauni.edu.tr\/bilgisayar-muhendisligi\/wp-content\/uploads\/sites\/4\/2020\/07\/Atatu\u0308rk-U\u0308niversitesi-Mu\u0308hendislik-Faku\u0308ltesi-Bilgisayar-Mu\u0308hendislig\u0306i-Bo\u0308lu\u0308mu\u0308-Stajlari-I\u0307c\u0327in-Uyulmasi-Gereken-Kurallar.pdf\">\n\t\t\t\t\t\t\tAtatu\u0308rk U\u0308niversitesi Mu\u0308hendislik Faku\u0308ltesi Bilgisayar Mu\u0308hendislig\u0306i Bo\u0308lu\u0308mu\u0308 Stajlar\u0131 I\u0307c\u0327in Uyulmas\u0131 Gereken Kurallar\t\t\t\t\t\t\t\t\t\t\t\t\t\t<span class=\"icon\">\n\t\t\t\t\t\t\t\t<i data-feather=\"chevron-right\"><\/i>\n\t\t\t\t\t\t\t<\/span>\n\t\t\t\t\t\t    \t\t\t\t\t\t    \t\t\t\t\t\t\t<span class=\"icon-hover\">\n\t\t\t\t\t\t\t\t<i data-feather=\"arrow-right\"><\/i>\n\t\t\t\t\t\t\t<\/span>\n\t\t\t\t\t\t\t \t\t\t\t\t\t<\/a>\n\n\t\t\t\t\t<\/li>\n\t\t\t\t\t\t\t<\/ul>\n\t\t\t\t\t<\/div>\n\t\t\t\t\t\t<\/div>\n\t\t\t\t<\/div>\n\t\t\t\t\t<\/div>\n\t\t<\/div>\n\t\t\t\t\t<\/div>\n\t\t<\/section>\n\t\t\t\t<\/div>\n\t\t","protected":false},"excerpt":{"rendered":"<p>Staj Staj Bilgilendirmesi Ek-2A Staj Uygulama Esaslar\u0131 Ek-2A Staj Uygulama Esaslar\u0131 (2018-2019 sonras\u0131 m\u00fcfredat) Ek-2B Staj Deg\u0306erlendirme Formu Ek-4 O\u0308g\u0306renci Staj Anketi Ek-5 Staj Rapor Kapag\u0306\u0131 Ek-6 Staj Raporu Birinci Sayfa Ek-7 Staj Raporu I\u0307kinci Sayfa Ek-8 Staj Rapor Taslag\u0306\u0131 Ek-9 Staj Rehberi Atatu\u0308rk U\u0308niversitesi Mu\u0308hendislik Faku\u0308ltesi Bilgisayar Mu\u0308hendislig\u0306i Bo\u0308lu\u0308mu\u0308 Stajlar\u0131 I\u0307c\u0327in Uyulmas\u0131 Gereken Kurallar<\/p>\n","protected":false},"author":1,"featured_media":0,"parent":0,"menu_order":0,"comment_status":"closed","ping_status":"closed","template":"elementor_header_footer","meta":{"footnotes":""},"class_list":["post-5791","page","type-page","status-publish","hentry"],"_links":{"self":[{"href":"https:\/\/atauni.edu.tr\/bilgisayar-muhendisligi\/wp-json\/wp\/v2\/pages\/5791","targetHints":{"allow":["GET"]}}],"collection":[{"href":"https:\/\/atauni.edu.tr\/bilgisayar-muhendisligi\/wp-json\/wp\/v2\/pages"}],"about":[{"href":"https:\/\/atauni.edu.tr\/bilgisayar-muhendisligi\/wp-json\/wp\/v2\/types\/page"}],"author":[{"embeddable":true,"href":"https:\/\/atauni.edu.tr\/bilgisayar-muhendisligi\/wp-json\/wp\/v2\/users\/1"}],"replies":[{"embeddable":true,"href":"https:\/\/atauni.edu.tr\/bilgisayar-muhendisligi\/wp-json\/wp\/v2\/comments?post=5791"}],"version-history":[{"count":26,"href":"https:\/\/atauni.edu.tr\/bilgisayar-muhendisligi\/wp-json\/wp\/v2\/pages\/5791\/revisions"}],"predecessor-version":[{"id":6507,"href":"https:\/\/atauni.edu.tr\/bilgisayar-muhendisligi\/wp-json\/wp\/v2\/pages\/5791\/revisions\/6507"}],"wp:attachment":[{"href":"https:\/\/atauni.edu.tr\/bilgisayar-muhendisligi\/wp-json\/wp\/v2\/media?parent=5791"}],"curies":[{"name":"wp","href":"https:\/\/api.w.org\/{rel}","templated":true}]}}