{"id":6076,"date":"2021-09-03T10:58:27","date_gmt":"2021-09-03T07:58:27","guid":{"rendered":"https:\/\/birimler.atauni.edu.tr\/bilgisayar-muhendisligi\/?page_id=6076"},"modified":"2022-09-30T08:38:08","modified_gmt":"2022-09-30T05:38:08","slug":"formlar","status":"publish","type":"page","link":"https:\/\/atauni.edu.tr\/bilgisayar-muhendisligi\/formlar\/","title":{"rendered":"Formlar"},"content":{"rendered":"\t\t<div data-elementor-type=\"wp-page\" data-elementor-id=\"6076\" class=\"elementor elementor-6076\" data-elementor-post-type=\"page\">\n\t\t\t\t\t\t<section class=\"elementor-section elementor-top-section elementor-element elementor-element-730d320 elementor-section-boxed elementor-section-height-default elementor-section-height-default\" data-id=\"730d320\" data-element_type=\"section\">\n\t\t\t\t\t\t<div class=\"elementor-container elementor-column-gap-default\">\n\t\t\t\t\t<div class=\"elementor-column elementor-col-100 elementor-top-column elementor-element elementor-element-753d0860\" data-id=\"753d0860\" data-element_type=\"column\">\n\t\t\t<div class=\"elementor-widget-wrap\">\n\t\t\t\t\t\t\t<\/div>\n\t\t<\/div>\n\t\t\t\t\t<\/div>\n\t\t<\/section>\n\t\t\t\t<section class=\"elementor-section elementor-top-section elementor-element elementor-element-9be811a elementor-section-boxed elementor-section-height-default elementor-section-height-default\" data-id=\"9be811a\" data-element_type=\"section\">\n\t\t\t\t\t\t<div class=\"elementor-container elementor-column-gap-default\">\n\t\t\t\t\t<div class=\"elementor-column elementor-col-100 elementor-top-column elementor-element elementor-element-1ed847b7\" data-id=\"1ed847b7\" data-element_type=\"column\">\n\t\t\t<div class=\"elementor-widget-wrap elementor-element-populated\">\n\t\t\t\t\t\t<div class=\"elementor-element elementor-element-4ce0d07f elementor-widget elementor-widget-heading\" data-id=\"4ce0d07f\" data-element_type=\"widget\" data-widget_type=\"heading.default\">\n\t\t\t\t<div class=\"elementor-widget-container\">\n\t\t\t\t\t<h2 class=\"elementor-heading-title elementor-size-default\">Formlar<\/h2>\t\t\t\t<\/div>\n\t\t\t\t<\/div>\n\t\t\t\t<div class=\"elementor-element elementor-element-63260862 elementor-widget-divider--view-line elementor-widget elementor-widget-divider\" data-id=\"63260862\" data-element_type=\"widget\" data-widget_type=\"divider.default\">\n\t\t\t\t<div class=\"elementor-widget-container\">\n\t\t\t\t\t\t\t<div class=\"elementor-divider\">\n\t\t\t<span class=\"elementor-divider-separator\">\n\t\t\t\t\t\t<\/span>\n\t\t<\/div>\n\t\t\t\t\t\t<\/div>\n\t\t\t\t<\/div>\n\t\t\t\t\t<\/div>\n\t\t<\/div>\n\t\t\t\t\t<\/div>\n\t\t<\/section>\n\t\t\t\t<section class=\"elementor-section elementor-top-section elementor-element elementor-element-f800515 elementor-section-boxed elementor-section-height-default elementor-section-height-default\" data-id=\"f800515\" data-element_type=\"section\">\n\t\t\t\t\t\t<div class=\"elementor-container elementor-column-gap-default\">\n\t\t\t\t\t<div class=\"elementor-column elementor-col-100 elementor-top-column elementor-element elementor-element-4869a74\" data-id=\"4869a74\" data-element_type=\"column\">\n\t\t\t<div class=\"elementor-widget-wrap elementor-element-populated\">\n\t\t\t\t\t\t<div class=\"elementor-element elementor-element-cb84185 elementor-widget elementor-widget-ova_list_link\" data-id=\"cb84185\" data-element_type=\"widget\" data-widget_type=\"ova_list_link.default\">\n\t\t\t\t<div class=\"elementor-widget-container\">\n\t\t\t\t\t\t\t<div class=\"ova_list_link \">\n\t\t\t\t\t\t\t\t\t<ul class=\"content\">\n\t\t\t\t\t\t\t\t\t<li class=\"item\">\n\t\t\t\t\t\t<a href=\"https:\/\/birimler.atauni.edu.tr\/bilgisayar-muhendisligi\/wp-content\/uploads\/sites\/4\/2020\/07\/Ders-Deg\u0306is\u0327tirme-Bas\u0327vuru-Dilekc\u0327esi.pdf\">\n\t\t\t\t\t\t\tDers De\u011fi\u015ftirme Ba\u015fvuru Dilek\u00e7esi\t\t\t\t\t\t\t\t\t\t\t\t\t\t<span class=\"icon\">\n\t\t\t\t\t\t\t\t<i data-feather=\"chevron-right\"><\/i>\n\t\t\t\t\t\t\t<\/span>\n\t\t\t\t\t\t    \t\t\t\t\t\t    \t\t\t\t\t\t\t<span class=\"icon-hover\">\n\t\t\t\t\t\t\t\t<i data-feather=\"arrow-right\"><\/i>\n\t\t\t\t\t\t\t<\/span>\n\t\t\t\t\t\t\t \t\t\t\t\t\t<\/a>\n\n\t\t\t\t\t<\/li>\n\t\t\t\t\t\t\t\t\t<li class=\"item\">\n\t\t\t\t\t\t<a href=\"https:\/\/birimler.atauni.edu.tr\/bilgisayar-muhendisligi\/wp-content\/uploads\/sites\/4\/2020\/07\/FARKLI-PROGRAMDA-DERS-IZLEME-BASVURU-DILEKCESI-DERS-CAKISMASI.doc\">\n\t\t\t\t\t\t\tDers \u00c7ak\u0131\u015fma Dilek\u00e7esi\t\t\t\t\t\t\t\t\t\t\t\t\t\t<span class=\"icon\">\n\t\t\t\t\t\t\t\t<i data-feather=\"chevron-right\"><\/i>\n\t\t\t\t\t\t\t<\/span>\n\t\t\t\t\t\t    \t\t\t\t\t\t    \t\t\t\t\t\t\t<span class=\"icon-hover\">\n\t\t\t\t\t\t\t\t<i data-feather=\"arrow-right\"><\/i>\n\t\t\t\t\t\t\t<\/span>\n\t\t\t\t\t\t\t \t\t\t\t\t\t<\/a>\n\n\t\t\t\t\t<\/li>\n\t\t\t\t\t\t\t\t\t<li class=\"item\">\n\t\t\t\t\t\t<a href=\"https:\/\/birimler.atauni.edu.tr\/bilgisayar-muhendisligi\/wp-content\/uploads\/sites\/4\/2020\/07\/Ders-Muafiyet-Bas\u0327vuru-Dilekc\u0327esi.docx\">\n\t\t\t\t\t\t\tDers Muafiyet Bas\u0327vuru Dilekc\u0327esi\t\t\t\t\t\t\t\t\t\t\t\t\t\t<span class=\"icon\">\n\t\t\t\t\t\t\t\t<i data-feather=\"chevron-right\"><\/i>\n\t\t\t\t\t\t\t<\/span>\n\t\t\t\t\t\t    \t\t\t\t\t\t    \t\t\t\t\t\t\t<span class=\"icon-hover\">\n\t\t\t\t\t\t\t\t<i data-feather=\"arrow-right\"><\/i>\n\t\t\t\t\t\t\t<\/span>\n\t\t\t\t\t\t\t \t\t\t\t\t\t<\/a>\n\n\t\t\t\t\t<\/li>\n\t\t\t\t\t\t\t\t\t<li class=\"item\">\n\t\t\t\t\t\t<a href=\"https:\/\/birimler.atauni.edu.tr\/bilgisayar-muhendisligi\/wp-content\/uploads\/sites\/4\/2020\/07\/EK-1-UME-Tercih-Formu.docx\">\n\t\t\t\t\t\t\tEK-1 UME Tercih Formu\t\t\t\t\t\t\t\t\t\t\t\t\t\t<span class=\"icon\">\n\t\t\t\t\t\t\t\t<i data-feather=\"chevron-right\"><\/i>\n\t\t\t\t\t\t\t<\/span>\n\t\t\t\t\t\t    \t\t\t\t\t\t    \t\t\t\t\t\t\t<span class=\"icon-hover\">\n\t\t\t\t\t\t\t\t<i data-feather=\"arrow-right\"><\/i>\n\t\t\t\t\t\t\t<\/span>\n\t\t\t\t\t\t\t \t\t\t\t\t\t<\/a>\n\n\t\t\t\t\t<\/li>\n\t\t\t\t\t\t\t\t\t<li class=\"item\">\n\t\t\t\t\t\t<a href=\"https:\/\/birimler.atauni.edu.tr\/bilgisayar-muhendisligi\/wp-content\/uploads\/sites\/4\/2020\/07\/EK-2-UME-Denetc\u0327i-O\u0308g\u0306retim-Elemani-Deg\u0306erlendirme-Formu.docx\">\n\t\t\t\t\t\t\tEK-2 UME Denetc\u0327i O\u0308g\u0306retim Eleman\u0131 Deg\u0306erlendirme Formu\t\t\t\t\t\t\t\t\t\t\t\t\t\t<span class=\"icon\">\n\t\t\t\t\t\t\t\t<i data-feather=\"chevron-right\"><\/i>\n\t\t\t\t\t\t\t<\/span>\n\t\t\t\t\t\t    \t\t\t\t\t\t    \t\t\t\t\t\t\t<span class=\"icon-hover\">\n\t\t\t\t\t\t\t\t<i data-feather=\"arrow-right\"><\/i>\n\t\t\t\t\t\t\t<\/span>\n\t\t\t\t\t\t\t \t\t\t\t\t\t<\/a>\n\n\t\t\t\t\t<\/li>\n\t\t\t\t\t\t\t\t\t<li class=\"item\">\n\t\t\t\t\t\t<a href=\"https:\/\/birimler.atauni.edu.tr\/bilgisayar-muhendisligi\/wp-content\/uploads\/sites\/4\/2020\/07\/EK-3-UME-I\u0307s\u0327yeri-Yetkilisi-Deg\u0306erlendirme-Formu.docx\">\n\t\t\t\t\t\t\tEK-3 UME I\u0307s\u0327yeri Yetkilisi Deg\u0306erlendirme Formu\t\t\t\t\t\t\t\t\t\t\t\t\t\t<span class=\"icon\">\n\t\t\t\t\t\t\t\t<i data-feather=\"chevron-right\"><\/i>\n\t\t\t\t\t\t\t<\/span>\n\t\t\t\t\t\t    \t\t\t\t\t\t    \t\t\t\t\t\t\t<span class=\"icon-hover\">\n\t\t\t\t\t\t\t\t<i data-feather=\"arrow-right\"><\/i>\n\t\t\t\t\t\t\t<\/span>\n\t\t\t\t\t\t\t \t\t\t\t\t\t<\/a>\n\n\t\t\t\t\t<\/li>\n\t\t\t\t\t\t\t\t\t<li class=\"item\">\n\t\t\t\t\t\t<a href=\"https:\/\/birimler.atauni.edu.tr\/bilgisayar-muhendisligi\/wp-content\/uploads\/sites\/4\/2020\/07\/EK-4-UME-Dersi-Devam-C\u0327izelgesi.docx\">\n\t\t\t\t\t\t\tEK-4 UME Dersi Devam C\u0327izelgesi\t\t\t\t\t\t\t\t\t\t\t\t\t\t<span class=\"icon\">\n\t\t\t\t\t\t\t\t<i data-feather=\"chevron-right\"><\/i>\n\t\t\t\t\t\t\t<\/span>\n\t\t\t\t\t\t    \t\t\t\t\t\t    \t\t\t\t\t\t\t<span class=\"icon-hover\">\n\t\t\t\t\t\t\t\t<i data-feather=\"arrow-right\"><\/i>\n\t\t\t\t\t\t\t<\/span>\n\t\t\t\t\t\t\t \t\t\t\t\t\t<\/a>\n\n\t\t\t\t\t<\/li>\n\t\t\t\t\t\t\t\t\t<li class=\"item\">\n\t\t\t\t\t\t<a href=\"https:\/\/birimler.atauni.edu.tr\/bilgisayar-muhendisligi\/wp-content\/uploads\/sites\/4\/2020\/07\/EK-5-UME-C\u0327alis\u0327ma-Takvimi.docx\">\n\t\t\t\t\t\t\tEK-5 UME C\u0327al\u0131s\u0327ma Takvimi\t\t\t\t\t\t\t\t\t\t\t\t\t\t<span class=\"icon\">\n\t\t\t\t\t\t\t\t<i data-feather=\"chevron-right\"><\/i>\n\t\t\t\t\t\t\t<\/span>\n\t\t\t\t\t\t    \t\t\t\t\t\t    \t\t\t\t\t\t\t<span class=\"icon-hover\">\n\t\t\t\t\t\t\t\t<i data-feather=\"arrow-right\"><\/i>\n\t\t\t\t\t\t\t<\/span>\n\t\t\t\t\t\t\t \t\t\t\t\t\t<\/a>\n\n\t\t\t\t\t<\/li>\n\t\t\t\t\t\t\t\t\t<li class=\"item\">\n\t\t\t\t\t\t<a href=\"https:\/\/birimler.atauni.edu.tr\/bilgisayar-muhendisligi\/wp-content\/uploads\/sites\/4\/2020\/07\/EK-6-UME-Rapor-Formu.docx\">\n\t\t\t\t\t\t\tEK-6 UME Rapor Formu\t\t\t\t\t\t\t\t\t\t\t\t\t\t<span class=\"icon\">\n\t\t\t\t\t\t\t\t<i data-feather=\"chevron-right\"><\/i>\n\t\t\t\t\t\t\t<\/span>\n\t\t\t\t\t\t    \t\t\t\t\t\t    \t\t\t\t\t\t\t<span class=\"icon-hover\">\n\t\t\t\t\t\t\t\t<i data-feather=\"arrow-right\"><\/i>\n\t\t\t\t\t\t\t<\/span>\n\t\t\t\t\t\t\t \t\t\t\t\t\t<\/a>\n\n\t\t\t\t\t<\/li>\n\t\t\t\t\t\t\t\t\t<li class=\"item\">\n\t\t\t\t\t\t<a href=\"https:\/\/birimler.atauni.edu.tr\/bilgisayar-muhendisligi\/wp-content\/uploads\/sites\/4\/2020\/07\/Kayit-Dondurma-Bas\u0327vuru-Dilekc\u0327esi.pdf\">\n\t\t\t\t\t\t\tKay\u0131t Dondurma Bas\u0327vuru Dilekc\u0327esi\t\t\t\t\t\t\t\t\t\t\t\t\t\t<span class=\"icon\">\n\t\t\t\t\t\t\t\t<i data-feather=\"chevron-right\"><\/i>\n\t\t\t\t\t\t\t<\/span>\n\t\t\t\t\t\t    \t\t\t\t\t\t    \t\t\t\t\t\t\t<span class=\"icon-hover\">\n\t\t\t\t\t\t\t\t<i data-feather=\"arrow-right\"><\/i>\n\t\t\t\t\t\t\t<\/span>\n\t\t\t\t\t\t\t \t\t\t\t\t\t<\/a>\n\n\t\t\t\t\t<\/li>\n\t\t\t\t\t\t\t\t\t<li class=\"item\">\n\t\t\t\t\t\t<a href=\"https:\/\/birimler.atauni.edu.tr\/bilgisayar-muhendisligi\/wp-content\/uploads\/sites\/4\/2020\/07\/Kurum-I\u0307c\u0327i-Yatay-Gec\u0327is\u0327-Bas\u0327vuru-Dilekc\u0327esi.pdf\">\n\t\t\t\t\t\t\tKurum I\u0307c\u0327i Yatay Gec\u0327is\u0327 Bas\u0327vuru Dilekc\u0327esi\t\t\t\t\t\t\t\t\t\t\t\t\t\t<span class=\"icon\">\n\t\t\t\t\t\t\t\t<i data-feather=\"chevron-right\"><\/i>\n\t\t\t\t\t\t\t<\/span>\n\t\t\t\t\t\t    \t\t\t\t\t\t    \t\t\t\t\t\t\t<span class=\"icon-hover\">\n\t\t\t\t\t\t\t\t<i data-feather=\"arrow-right\"><\/i>\n\t\t\t\t\t\t\t<\/span>\n\t\t\t\t\t\t\t \t\t\t\t\t\t<\/a>\n\n\t\t\t\t\t<\/li>\n\t\t\t\t\t\t\t\t\t<li class=\"item\">\n\t\t\t\t\t\t<a href=\"https:\/\/birimler.atauni.edu.tr\/bilgisayar-muhendisligi\/wp-content\/uploads\/sites\/4\/2020\/07\/Mazeret-Sinavi-Bas\u0327vuru-Dilekc\u0327esi.pdf\">\n\t\t\t\t\t\t\tMazeret S\u0131nav\u0131 Bas\u0327vuru Dilekc\u0327esi\t\t\t\t\t\t\t\t\t\t\t\t\t\t<span class=\"icon\">\n\t\t\t\t\t\t\t\t<i data-feather=\"chevron-right\"><\/i>\n\t\t\t\t\t\t\t<\/span>\n\t\t\t\t\t\t    \t\t\t\t\t\t    \t\t\t\t\t\t\t<span class=\"icon-hover\">\n\t\t\t\t\t\t\t\t<i data-feather=\"arrow-right\"><\/i>\n\t\t\t\t\t\t\t<\/span>\n\t\t\t\t\t\t\t \t\t\t\t\t\t<\/a>\n\n\t\t\t\t\t<\/li>\n\t\t\t\t\t\t\t\t\t<li class=\"item\">\n\t\t\t\t\t\t<a href=\"https:\/\/birimler.atauni.edu.tr\/bilgisayar-muhendisligi\/wp-content\/uploads\/sites\/4\/2020\/07\/Mezuniyet-Tek-Ders-Bas\u0327vuru-Dilekc\u0327esi.pdf\">\n\t\t\t\t\t\t\tMezuniyet Tek Ders Bas\u0327vuru Dilekc\u0327esi\t\t\t\t\t\t\t\t\t\t\t\t\t\t<span class=\"icon\">\n\t\t\t\t\t\t\t\t<i data-feather=\"chevron-right\"><\/i>\n\t\t\t\t\t\t\t<\/span>\n\t\t\t\t\t\t    \t\t\t\t\t\t    \t\t\t\t\t\t\t<span class=\"icon-hover\">\n\t\t\t\t\t\t\t\t<i data-feather=\"arrow-right\"><\/i>\n\t\t\t\t\t\t\t<\/span>\n\t\t\t\t\t\t\t \t\t\t\t\t\t<\/a>\n\n\t\t\t\t\t<\/li>\n\t\t\t\t\t\t\t\t\t<li class=\"item\">\n\t\t\t\t\t\t<a href=\"https:\/\/birimler.atauni.edu.tr\/bilgisayar-muhendisligi\/wp-content\/uploads\/sites\/4\/2020\/07\/O\u0308g\u0306renci-Danis\u0327manlik-Uygulama-Esaslari.pdf\">\n\t\t\t\t\t\t\tO\u0308g\u0306renci Dan\u0131s\u0327manl\u0131k Uygulama Esaslar\u0131\t\t\t\t\t\t\t\t\t\t\t\t\t\t<span class=\"icon\">\n\t\t\t\t\t\t\t\t<i data-feather=\"chevron-right\"><\/i>\n\t\t\t\t\t\t\t<\/span>\n\t\t\t\t\t\t    \t\t\t\t\t\t    \t\t\t\t\t\t\t<span class=\"icon-hover\">\n\t\t\t\t\t\t\t\t<i data-feather=\"arrow-right\"><\/i>\n\t\t\t\t\t\t\t<\/span>\n\t\t\t\t\t\t\t \t\t\t\t\t\t<\/a>\n\n\t\t\t\t\t<\/li>\n\t\t\t\t\t\t\t\t\t<li class=\"item\">\n\t\t\t\t\t\t<a href=\"https:\/\/birimler.atauni.edu.tr\/bilgisayar-muhendisligi\/wp-content\/uploads\/sites\/4\/2020\/07\/Sinav-Notu-I\u0307tiraz-Dilekc\u0327esi.pdf\">\n\t\t\t\t\t\t\tS\u0131nav Notu I\u0307tiraz Dilekc\u0327esi\t\t\t\t\t\t\t\t\t\t\t\t\t\t<span class=\"icon\">\n\t\t\t\t\t\t\t\t<i data-feather=\"chevron-right\"><\/i>\n\t\t\t\t\t\t\t<\/span>\n\t\t\t\t\t\t    \t\t\t\t\t\t    \t\t\t\t\t\t\t<span class=\"icon-hover\">\n\t\t\t\t\t\t\t\t<i data-feather=\"arrow-right\"><\/i>\n\t\t\t\t\t\t\t<\/span>\n\t\t\t\t\t\t\t \t\t\t\t\t\t<\/a>\n\n\t\t\t\t\t<\/li>\n\t\t\t\t\t\t\t\t\t<li class=\"item\">\n\t\t\t\t\t\t<a href=\"https:\/\/birimler.atauni.edu.tr\/bilgisayar-muhendisligi\/wp-content\/uploads\/sites\/4\/2020\/07\/Yaz-Okulu-Bas\u0327vuru-Dilekc\u0327esi.doc\">\n\t\t\t\t\t\t\tYaz Okulu Bas\u0327vuru Dilekc\u0327esi\t\t\t\t\t\t\t\t\t\t\t\t\t\t<span class=\"icon\">\n\t\t\t\t\t\t\t\t<i data-feather=\"chevron-right\"><\/i>\n\t\t\t\t\t\t\t<\/span>\n\t\t\t\t\t\t    \t\t\t\t\t\t    \t\t\t\t\t\t\t<span class=\"icon-hover\">\n\t\t\t\t\t\t\t\t<i data-feather=\"arrow-right\"><\/i>\n\t\t\t\t\t\t\t<\/span>\n\t\t\t\t\t\t\t \t\t\t\t\t\t<\/a>\n\n\t\t\t\t\t<\/li>\n\t\t\t\t\t\t\t\t\t<li class=\"item\">\n\t\t\t\t\t\t<a href=\"https:\/\/birimler.atauni.edu.tr\/bilgisayar-muhendisligi\/wp-content\/uploads\/sites\/4\/2020\/07\/Yaz-Okulu-ic\u0327in-Muafiyet-Komisyonu-Raporu-Formu.docx\">\n\t\t\t\t\t\t\tYaz Okulu ic\u0327in Muafiyet Komisyonu Raporu Formu\t\t\t\t\t\t\t\t\t\t\t\t\t\t<span class=\"icon\">\n\t\t\t\t\t\t\t\t<i data-feather=\"chevron-right\"><\/i>\n\t\t\t\t\t\t\t<\/span>\n\t\t\t\t\t\t    \t\t\t\t\t\t    \t\t\t\t\t\t\t<span class=\"icon-hover\">\n\t\t\t\t\t\t\t\t<i data-feather=\"arrow-right\"><\/i>\n\t\t\t\t\t\t\t<\/span>\n\t\t\t\t\t\t\t \t\t\t\t\t\t<\/a>\n\n\t\t\t\t\t<\/li>\n\t\t\t\t\t\t\t<\/ul>\n\t\t\t\t\t<\/div>\n\t\t\t\t\t\t<\/div>\n\t\t\t\t<\/div>\n\t\t\t\t\t<\/div>\n\t\t<\/div>\n\t\t\t\t\t<\/div>\n\t\t<\/section>\n\t\t\t\t<\/div>\n\t\t","protected":false},"excerpt":{"rendered":"<p>Formlar Ders De\u011fi\u015ftirme Ba\u015fvuru Dilek\u00e7esi Ders \u00c7ak\u0131\u015fma Dilek\u00e7esi Ders Muafiyet Bas\u0327vuru Dilekc\u0327esi EK-1 UME Tercih Formu EK-2 UME Denetc\u0327i O\u0308g\u0306retim Eleman\u0131 Deg\u0306erlendirme Formu EK-3 UME I\u0307s\u0327yeri Yetkilisi Deg\u0306erlendirme Formu EK-4 UME Dersi Devam C\u0327izelgesi EK-5 UME C\u0327al\u0131s\u0327ma Takvimi EK-6 UME Rapor Formu Kay\u0131t Dondurma Bas\u0327vuru Dilekc\u0327esi Kurum I\u0307c\u0327i Yatay Gec\u0327is\u0327 Bas\u0327vuru Dilekc\u0327esi Mazeret S\u0131nav\u0131 Bas\u0327vuru [&hellip;]<\/p>\n","protected":false},"author":1,"featured_media":0,"parent":0,"menu_order":0,"comment_status":"closed","ping_status":"closed","template":"elementor_header_footer","meta":{"footnotes":""},"class_list":["post-6076","page","type-page","status-publish","hentry"],"_links":{"self":[{"href":"https:\/\/atauni.edu.tr\/bilgisayar-muhendisligi\/wp-json\/wp\/v2\/pages\/6076","targetHints":{"allow":["GET"]}}],"collection":[{"href":"https:\/\/atauni.edu.tr\/bilgisayar-muhendisligi\/wp-json\/wp\/v2\/pages"}],"about":[{"href":"https:\/\/atauni.edu.tr\/bilgisayar-muhendisligi\/wp-json\/wp\/v2\/types\/page"}],"author":[{"embeddable":true,"href":"https:\/\/atauni.edu.tr\/bilgisayar-muhendisligi\/wp-json\/wp\/v2\/users\/1"}],"replies":[{"embeddable":true,"href":"https:\/\/atauni.edu.tr\/bilgisayar-muhendisligi\/wp-json\/wp\/v2\/comments?post=6076"}],"version-history":[{"count":19,"href":"https:\/\/atauni.edu.tr\/bilgisayar-muhendisligi\/wp-json\/wp\/v2\/pages\/6076\/revisions"}],"predecessor-version":[{"id":6579,"href":"https:\/\/atauni.edu.tr\/bilgisayar-muhendisligi\/wp-json\/wp\/v2\/pages\/6076\/revisions\/6579"}],"wp:attachment":[{"href":"https:\/\/atauni.edu.tr\/bilgisayar-muhendisligi\/wp-json\/wp\/v2\/media?parent=6076"}],"curies":[{"name":"wp","href":"https:\/\/api.w.org\/{rel}","templated":true}]}}