{"id":6874,"date":"2023-05-02T11:24:04","date_gmt":"2023-05-02T08:24:04","guid":{"rendered":"https:\/\/birimler.atauni.edu.tr\/bilgisayar-muhendisligi\/?page_id=6874"},"modified":"2024-07-04T17:57:07","modified_gmt":"2024-07-04T14:57:07","slug":"egitim-amaclari","status":"publish","type":"page","link":"https:\/\/atauni.edu.tr\/bilgisayar-muhendisligi\/egitim-amaclari\/","title":{"rendered":"E\u011fitim Ama\u00e7lar\u0131"},"content":{"rendered":"\t\t<div data-elementor-type=\"wp-page\" data-elementor-id=\"6874\" class=\"elementor elementor-6874\" data-elementor-post-type=\"page\">\n\t\t\t\t\t\t<section class=\"elementor-section elementor-top-section elementor-element elementor-element-730d320 elementor-section-boxed elementor-section-height-default elementor-section-height-default\" data-id=\"730d320\" data-element_type=\"section\">\n\t\t\t\t\t\t<div class=\"elementor-container elementor-column-gap-default\">\n\t\t\t\t\t<div class=\"elementor-column elementor-col-100 elementor-top-column elementor-element elementor-element-753d0860\" data-id=\"753d0860\" data-element_type=\"column\">\n\t\t\t<div class=\"elementor-widget-wrap\">\n\t\t\t\t\t\t\t<\/div>\n\t\t<\/div>\n\t\t\t\t\t<\/div>\n\t\t<\/section>\n\t\t\t\t<section class=\"elementor-section elementor-top-section elementor-element elementor-element-9be811a elementor-section-boxed elementor-section-height-default elementor-section-height-default\" data-id=\"9be811a\" data-element_type=\"section\">\n\t\t\t\t\t\t<div class=\"elementor-container elementor-column-gap-default\">\n\t\t\t\t\t<div class=\"elementor-column elementor-col-100 elementor-top-column elementor-element elementor-element-1ed847b7\" data-id=\"1ed847b7\" data-element_type=\"column\">\n\t\t\t<div class=\"elementor-widget-wrap elementor-element-populated\">\n\t\t\t\t\t\t<div class=\"elementor-element elementor-element-4ce0d07f elementor-widget elementor-widget-heading\" data-id=\"4ce0d07f\" data-element_type=\"widget\" data-widget_type=\"heading.default\">\n\t\t\t\t<div class=\"elementor-widget-container\">\n\t\t\t\t\t<h2 class=\"elementor-heading-title elementor-size-default\">Program E\u011fitim Ama\u00e7lar\u0131<\/h2>\t\t\t\t<\/div>\n\t\t\t\t<\/div>\n\t\t\t\t<div class=\"elementor-element elementor-element-63260862 elementor-widget-divider--view-line elementor-widget elementor-widget-divider\" data-id=\"63260862\" data-element_type=\"widget\" data-widget_type=\"divider.default\">\n\t\t\t\t<div class=\"elementor-widget-container\">\n\t\t\t\t\t\t\t<div class=\"elementor-divider\">\n\t\t\t<span class=\"elementor-divider-separator\">\n\t\t\t\t\t\t<\/span>\n\t\t<\/div>\n\t\t\t\t\t\t<\/div>\n\t\t\t\t<\/div>\n\t\t\t\t\t<\/div>\n\t\t<\/div>\n\t\t\t\t\t<\/div>\n\t\t<\/section>\n\t\t\t\t<section class=\"elementor-section elementor-top-section elementor-element elementor-element-681db8b elementor-section-boxed elementor-section-height-default elementor-section-height-default\" data-id=\"681db8b\" data-element_type=\"section\">\n\t\t\t\t\t\t<div class=\"elementor-container elementor-column-gap-default\">\n\t\t\t\t\t<div class=\"elementor-column elementor-col-100 elementor-top-column elementor-element elementor-element-ad4dac5\" data-id=\"ad4dac5\" data-element_type=\"column\">\n\t\t\t<div class=\"elementor-widget-wrap elementor-element-populated\">\n\t\t\t\t\t\t<div class=\"elementor-element elementor-element-2f96b3d elementor-widget elementor-widget-text-editor\" data-id=\"2f96b3d\" data-element_type=\"widget\" data-widget_type=\"text-editor.default\">\n\t\t\t\t<div class=\"elementor-widget-container\">\n\t\t\t\t\t\t\t\t\t<p><strong>PEA1:<\/strong> Mezunlar\u0131m\u0131z, sa\u011flam bir m\u00fchendislik altyap\u0131s\u0131 ve bilgisayar m\u00fchendisli\u011fi bilgisi sayesinde ulusal ve uluslararas\u0131 bili\u015fim kurulu\u015flar\u0131nda ba\u015far\u0131l\u0131 kariyerler yapabileceklerdir.<br \/><strong>PEA2:<\/strong> Mezunlar\u0131m\u0131z, bili\u015fim sekt\u00f6r\u00fc d\u0131\u015f\u0131ndaki farkl\u0131 alanlarda da disiplinler aras\u0131 projelerde \u00e7al\u0131\u015fabilme ve y\u00f6netim g\u00f6revlerinde bulunabilme yetkinli\u011fine sahip olacaklard\u0131r.<br \/><strong>PEA3:<\/strong> Mezunlar\u0131m\u0131z, kazand\u0131klar\u0131 giri\u015fimcilik ve liderlik yetenekleri sayesinde bili\u015fim sekt\u00f6r\u00fcnde ve di\u011fer sekt\u00f6rlerde yenilik\u00e7i ve y\u00fcksek teknoloji \u00fcreten \u015firketler kurabilecek ve y\u00f6netebileceklerdir.<br \/><strong>PEA4:<\/strong> Mezunlar\u0131m\u0131z, yurt i\u00e7i ve yurt d\u0131\u015f\u0131ndaki \u00fcniversitelerde bilgisayar m\u00fchendisli\u011fi ve ilgili disiplinlerde lisans\u00fcst\u00fc programlara kabul edilip ba\u015far\u0131 ile mezun olabilecek ve bilimsel ara\u015ft\u0131rmalar yapabilecek d\u00fczeyde olacaklard\u0131r.<\/p>\t\t\t\t\t\t\t\t<\/div>\n\t\t\t\t<\/div>\n\t\t\t\t\t<\/div>\n\t\t<\/div>\n\t\t\t\t\t<\/div>\n\t\t<\/section>\n\t\t\t\t<\/div>\n\t\t","protected":false},"excerpt":{"rendered":"<p>Program E\u011fitim Ama\u00e7lar\u0131 PEA1: Mezunlar\u0131m\u0131z, sa\u011flam bir m\u00fchendislik altyap\u0131s\u0131 ve bilgisayar m\u00fchendisli\u011fi bilgisi sayesinde ulusal ve uluslararas\u0131 bili\u015fim kurulu\u015flar\u0131nda ba\u015far\u0131l\u0131 kariyerler yapabileceklerdir.PEA2: Mezunlar\u0131m\u0131z, bili\u015fim sekt\u00f6r\u00fc d\u0131\u015f\u0131ndaki farkl\u0131 alanlarda da disiplinler aras\u0131 projelerde \u00e7al\u0131\u015fabilme ve y\u00f6netim g\u00f6revlerinde bulunabilme yetkinli\u011fine sahip olacaklard\u0131r.PEA3: Mezunlar\u0131m\u0131z, kazand\u0131klar\u0131 giri\u015fimcilik ve liderlik yetenekleri sayesinde bili\u015fim sekt\u00f6r\u00fcnde ve di\u011fer sekt\u00f6rlerde yenilik\u00e7i ve y\u00fcksek [&hellip;]<\/p>\n","protected":false},"author":1,"featured_media":0,"parent":0,"menu_order":0,"comment_status":"closed","ping_status":"closed","template":"","meta":{"footnotes":""},"class_list":["post-6874","page","type-page","status-publish","hentry"],"_links":{"self":[{"href":"https:\/\/atauni.edu.tr\/bilgisayar-muhendisligi\/wp-json\/wp\/v2\/pages\/6874","targetHints":{"allow":["GET"]}}],"collection":[{"href":"https:\/\/atauni.edu.tr\/bilgisayar-muhendisligi\/wp-json\/wp\/v2\/pages"}],"about":[{"href":"https:\/\/atauni.edu.tr\/bilgisayar-muhendisligi\/wp-json\/wp\/v2\/types\/page"}],"author":[{"embeddable":true,"href":"https:\/\/atauni.edu.tr\/bilgisayar-muhendisligi\/wp-json\/wp\/v2\/users\/1"}],"replies":[{"embeddable":true,"href":"https:\/\/atauni.edu.tr\/bilgisayar-muhendisligi\/wp-json\/wp\/v2\/comments?post=6874"}],"version-history":[{"count":16,"href":"https:\/\/atauni.edu.tr\/bilgisayar-muhendisligi\/wp-json\/wp\/v2\/pages\/6874\/revisions"}],"predecessor-version":[{"id":7269,"href":"https:\/\/atauni.edu.tr\/bilgisayar-muhendisligi\/wp-json\/wp\/v2\/pages\/6874\/revisions\/7269"}],"wp:attachment":[{"href":"https:\/\/atauni.edu.tr\/bilgisayar-muhendisligi\/wp-json\/wp\/v2\/media?parent=6874"}],"curies":[{"name":"wp","href":"https:\/\/api.w.org\/{rel}","templated":true}]}}