{"id":6883,"date":"2023-05-02T11:59:52","date_gmt":"2023-05-02T08:59:52","guid":{"rendered":"https:\/\/birimler.atauni.edu.tr\/bilgisayar-muhendisligi\/?page_id=6883"},"modified":"2023-05-02T12:05:36","modified_gmt":"2023-05-02T09:05:36","slug":"program-yeterlilikleri","status":"publish","type":"page","link":"https:\/\/atauni.edu.tr\/bilgisayar-muhendisligi\/program-yeterlilikleri\/","title":{"rendered":"Program Yeterlilikleri"},"content":{"rendered":"\t\t<div data-elementor-type=\"wp-page\" data-elementor-id=\"6883\" class=\"elementor elementor-6883\" data-elementor-post-type=\"page\">\n\t\t\t\t\t\t<section class=\"elementor-section elementor-top-section elementor-element elementor-element-730d320 elementor-section-boxed elementor-section-height-default elementor-section-height-default\" data-id=\"730d320\" data-element_type=\"section\">\n\t\t\t\t\t\t<div class=\"elementor-container elementor-column-gap-default\">\n\t\t\t\t\t<div class=\"elementor-column elementor-col-100 elementor-top-column elementor-element elementor-element-753d0860\" data-id=\"753d0860\" data-element_type=\"column\">\n\t\t\t<div class=\"elementor-widget-wrap\">\n\t\t\t\t\t\t\t<\/div>\n\t\t<\/div>\n\t\t\t\t\t<\/div>\n\t\t<\/section>\n\t\t\t\t<section class=\"elementor-section elementor-top-section elementor-element elementor-element-9be811a elementor-section-boxed elementor-section-height-default elementor-section-height-default\" data-id=\"9be811a\" data-element_type=\"section\">\n\t\t\t\t\t\t<div class=\"elementor-container elementor-column-gap-default\">\n\t\t\t\t\t<div class=\"elementor-column elementor-col-100 elementor-top-column elementor-element elementor-element-1ed847b7\" data-id=\"1ed847b7\" data-element_type=\"column\">\n\t\t\t<div class=\"elementor-widget-wrap elementor-element-populated\">\n\t\t\t\t\t\t<div class=\"elementor-element elementor-element-4ce0d07f elementor-widget elementor-widget-heading\" data-id=\"4ce0d07f\" data-element_type=\"widget\" data-widget_type=\"heading.default\">\n\t\t\t\t<div class=\"elementor-widget-container\">\n\t\t\t\t\t<h2 class=\"elementor-heading-title elementor-size-default\">Program Yeterlilikleri<\/h2>\t\t\t\t<\/div>\n\t\t\t\t<\/div>\n\t\t\t\t<div class=\"elementor-element elementor-element-63260862 elementor-widget-divider--view-line elementor-widget elementor-widget-divider\" data-id=\"63260862\" data-element_type=\"widget\" data-widget_type=\"divider.default\">\n\t\t\t\t<div class=\"elementor-widget-container\">\n\t\t\t\t\t\t\t<div class=\"elementor-divider\">\n\t\t\t<span class=\"elementor-divider-separator\">\n\t\t\t\t\t\t<\/span>\n\t\t<\/div>\n\t\t\t\t\t\t<\/div>\n\t\t\t\t<\/div>\n\t\t\t\t\t<\/div>\n\t\t<\/div>\n\t\t\t\t\t<\/div>\n\t\t<\/section>\n\t\t\t\t<section class=\"elementor-section elementor-top-section elementor-element elementor-element-681db8b elementor-section-boxed elementor-section-height-default elementor-section-height-default\" data-id=\"681db8b\" data-element_type=\"section\">\n\t\t\t\t\t\t<div class=\"elementor-container elementor-column-gap-default\">\n\t\t\t\t\t<div class=\"elementor-column elementor-col-100 elementor-top-column elementor-element elementor-element-ad4dac5\" data-id=\"ad4dac5\" data-element_type=\"column\">\n\t\t\t<div class=\"elementor-widget-wrap elementor-element-populated\">\n\t\t\t\t\t\t<div class=\"elementor-element elementor-element-2f96b3d elementor-widget elementor-widget-text-editor\" data-id=\"2f96b3d\" data-element_type=\"widget\" data-widget_type=\"text-editor.default\">\n\t\t\t\t<div class=\"elementor-widget-container\">\n\t\t\t\t\t\t\t\t\t<p>Program yeterlilikleri a\u015fa\u011f\u0131daki gibidir;<\/p>\n<ul>\n<li>M\u00fchendislikte uygulanan modern teknik ve y\u00f6ntemler ile bunlar\u0131n s\u0131n\u0131rlar\u0131 hakk\u0131nda kapsaml\u0131 bilgi<\/li><li>M\u00fchendislik alan\u0131nda bilimsel ara\u015ft\u0131rma yaparak bilgiye geni\u015flemesine ve derinlemesine ula\u015fabilme, bilgiyi de\u011ferlendirme, yorumlama ve uygulama becerisi,<\/li><li>Analitik, modelleme ve deneysel esasl\u0131 ara\u015ft\u0131rmalar\u0131 tasarlama ve uygulama becerisi; bu s\u00fcre\u00e7te kar\u015f\u0131la\u015f\u0131lan karma\u015f\u0131k durumlar\u0131 analiz etme ve yorumlama becerisi,<\/li><li>S\u0131n\u0131rl\u0131 ya da eksik verileri kullanarak bilimsel y\u00f6ntemlerle bilgiyi tamamlayabilme ve uygulama becerisi; de\u011fi\u015fik disiplinlere ait bilgileri b\u00fct\u00fcnle\u015ftirebilme becerisi,<\/li><li>M\u00fchendislik problemlerini kurgulayabilme, \u00e7\u00f6zmek i\u00e7in y\u00f6ntem geli\u015ftirme ve \u00e7\u00f6z\u00fcmlerde yenilik\u00e7i y\u00f6ntemler uygulama becerisi,<\/li><li>\u00c7ok disiplinli tak\u0131mlarda liderlik yapma, karma\u015f\u0131k durumlarda \u00e7\u00f6z\u00fcm yakla\u015f\u0131mlar\u0131 geli\u015ftirebilme ve sorumluluk alma becerisi,<\/li><li>Yeni ve orijinal fikir ve y\u00f6ntemler geli\u015ftirme becerisi; sistem, par\u00e7a veya s\u00fcre\u00e7 tasar\u0131mlar\u0131nda yenilik\u00e7i \u00e7\u00f6z\u00fcmler geli\u015ftirebilme becerisi,<\/li><li>Gereksinim duyulan bilgi ve verileri tan\u0131mlama, bunlara ula\u015fma ve de\u011ferlendirmede ileri d\u00fczeyde beceri,<\/li><li>Mesle\u011finin yeni ve geli\u015fmekte olan uygulamalar\u0131 hakk\u0131nda fark\u0131ndal\u0131k; gerekti\u011finde bunlar\u0131 inceleme ve \u00f6\u011frenebilme becerisi,<\/li><li>\u00c7al\u0131\u015fmalar\u0131n\u0131n s\u00fcre\u00e7 ve sonu\u00e7lar\u0131n\u0131, o alandaki veya d\u0131\u015f\u0131ndaki ulusal ve uluslar aras\u0131 ortamlarda sistematik ve a\u00e7\u0131k bir \u015fekilde yaz\u0131l\u0131 ya da s\u00f6zl\u00fc olarak aktarabilme becerisi,<\/li><li>M\u00fchendislik uygulamalar\u0131n\u0131n sosyal ve \u00e7evresel boyutlar\u0131n\u0131 anlama ve sosyal \u00e7evreye uyum becerisi,<\/li><li>Verilerin toplanmas\u0131, yorumlanmas\u0131, duyurulmas\u0131 a\u015famalar\u0131nda ve mesleki t\u00fcm etkinliklerde toplumsal, bilimsel ve etik de\u011ferleri g\u00f6zetme yeterlili\u011fi.<\/li>\n<\/ul>\t\t\t\t\t\t\t\t<\/div>\n\t\t\t\t<\/div>\n\t\t\t\t\t<\/div>\n\t\t<\/div>\n\t\t\t\t\t<\/div>\n\t\t<\/section>\n\t\t\t\t<\/div>\n\t\t","protected":false},"excerpt":{"rendered":"<p>Program Yeterlilikleri Program yeterlilikleri a\u015fa\u011f\u0131daki gibidir; M\u00fchendislikte uygulanan modern teknik ve y\u00f6ntemler ile bunlar\u0131n s\u0131n\u0131rlar\u0131 hakk\u0131nda kapsaml\u0131 bilgi M\u00fchendislik alan\u0131nda bilimsel ara\u015ft\u0131rma yaparak bilgiye geni\u015flemesine ve derinlemesine ula\u015fabilme, bilgiyi de\u011ferlendirme, yorumlama ve uygulama becerisi, Analitik, modelleme ve deneysel esasl\u0131 ara\u015ft\u0131rmalar\u0131 tasarlama ve uygulama becerisi; bu s\u00fcre\u00e7te kar\u015f\u0131la\u015f\u0131lan karma\u015f\u0131k durumlar\u0131 analiz etme ve yorumlama becerisi, S\u0131n\u0131rl\u0131 [&hellip;]<\/p>\n","protected":false},"author":1,"featured_media":0,"parent":0,"menu_order":0,"comment_status":"closed","ping_status":"closed","template":"","meta":{"footnotes":""},"class_list":["post-6883","page","type-page","status-publish","hentry"],"_links":{"self":[{"href":"https:\/\/atauni.edu.tr\/bilgisayar-muhendisligi\/wp-json\/wp\/v2\/pages\/6883","targetHints":{"allow":["GET"]}}],"collection":[{"href":"https:\/\/atauni.edu.tr\/bilgisayar-muhendisligi\/wp-json\/wp\/v2\/pages"}],"about":[{"href":"https:\/\/atauni.edu.tr\/bilgisayar-muhendisligi\/wp-json\/wp\/v2\/types\/page"}],"author":[{"embeddable":true,"href":"https:\/\/atauni.edu.tr\/bilgisayar-muhendisligi\/wp-json\/wp\/v2\/users\/1"}],"replies":[{"embeddable":true,"href":"https:\/\/atauni.edu.tr\/bilgisayar-muhendisligi\/wp-json\/wp\/v2\/comments?post=6883"}],"version-history":[{"count":4,"href":"https:\/\/atauni.edu.tr\/bilgisayar-muhendisligi\/wp-json\/wp\/v2\/pages\/6883\/revisions"}],"predecessor-version":[{"id":6887,"href":"https:\/\/atauni.edu.tr\/bilgisayar-muhendisligi\/wp-json\/wp\/v2\/pages\/6883\/revisions\/6887"}],"wp:attachment":[{"href":"https:\/\/atauni.edu.tr\/bilgisayar-muhendisligi\/wp-json\/wp\/v2\/media?parent=6883"}],"curies":[{"name":"wp","href":"https:\/\/api.w.org\/{rel}","templated":true}]}}