{"id":7007,"date":"2023-07-19T15:31:59","date_gmt":"2023-07-19T12:31:59","guid":{"rendered":"https:\/\/birimler.atauni.edu.tr\/bilgisayar-muhendisligi\/?page_id=7007"},"modified":"2023-07-19T15:52:44","modified_gmt":"2023-07-19T12:52:44","slug":"basinda-biz","status":"publish","type":"page","link":"https:\/\/atauni.edu.tr\/bilgisayar-muhendisligi\/basinda-biz\/","title":{"rendered":"Bas\u0131nda Biz"},"content":{"rendered":"\t\t<div data-elementor-type=\"wp-page\" data-elementor-id=\"7007\" class=\"elementor elementor-7007\" data-elementor-post-type=\"page\">\n\t\t\t\t\t\t<section class=\"elementor-section elementor-top-section elementor-element elementor-element-730d320 elementor-section-boxed elementor-section-height-default elementor-section-height-default\" data-id=\"730d320\" data-element_type=\"section\">\n\t\t\t\t\t\t<div class=\"elementor-container elementor-column-gap-default\">\n\t\t\t\t\t<div class=\"elementor-column elementor-col-100 elementor-top-column elementor-element elementor-element-753d0860\" data-id=\"753d0860\" data-element_type=\"column\">\n\t\t\t<div class=\"elementor-widget-wrap\">\n\t\t\t\t\t\t\t<\/div>\n\t\t<\/div>\n\t\t\t\t\t<\/div>\n\t\t<\/section>\n\t\t\t\t<section class=\"elementor-section elementor-top-section elementor-element elementor-element-9be811a elementor-section-boxed elementor-section-height-default elementor-section-height-default\" data-id=\"9be811a\" data-element_type=\"section\">\n\t\t\t\t\t\t<div class=\"elementor-container elementor-column-gap-default\">\n\t\t\t\t\t<div class=\"elementor-column elementor-col-100 elementor-top-column elementor-element elementor-element-1ed847b7\" data-id=\"1ed847b7\" data-element_type=\"column\">\n\t\t\t<div class=\"elementor-widget-wrap elementor-element-populated\">\n\t\t\t\t\t\t<div class=\"elementor-element elementor-element-4ce0d07f elementor-widget elementor-widget-heading\" data-id=\"4ce0d07f\" data-element_type=\"widget\" data-widget_type=\"heading.default\">\n\t\t\t\t<div class=\"elementor-widget-container\">\n\t\t\t\t\t<h2 class=\"elementor-heading-title elementor-size-default\">Bas\u0131nda Biz<\/h2>\t\t\t\t<\/div>\n\t\t\t\t<\/div>\n\t\t\t\t<div class=\"elementor-element elementor-element-63260862 elementor-widget-divider--view-line elementor-widget elementor-widget-divider\" data-id=\"63260862\" data-element_type=\"widget\" data-widget_type=\"divider.default\">\n\t\t\t\t<div class=\"elementor-widget-container\">\n\t\t\t\t\t\t\t<div class=\"elementor-divider\">\n\t\t\t<span class=\"elementor-divider-separator\">\n\t\t\t\t\t\t<\/span>\n\t\t<\/div>\n\t\t\t\t\t\t<\/div>\n\t\t\t\t<\/div>\n\t\t\t\t\t<\/div>\n\t\t<\/div>\n\t\t\t\t\t<\/div>\n\t\t<\/section>\n\t\t\t\t<section class=\"elementor-section elementor-top-section elementor-element elementor-element-6c18d0b elementor-section-boxed elementor-section-height-default elementor-section-height-default\" data-id=\"6c18d0b\" data-element_type=\"section\">\n\t\t\t\t\t\t<div class=\"elementor-container elementor-column-gap-default\">\n\t\t\t\t\t<div class=\"elementor-column elementor-col-100 elementor-top-column elementor-element elementor-element-5a88ff5\" data-id=\"5a88ff5\" data-element_type=\"column\">\n\t\t\t<div class=\"elementor-widget-wrap elementor-element-populated\">\n\t\t\t\t\t\t<div class=\"elementor-element elementor-element-69d7a2b elementor-widget elementor-widget-accordion\" data-id=\"69d7a2b\" data-element_type=\"widget\" data-widget_type=\"accordion.default\">\n\t\t\t\t<div class=\"elementor-widget-container\">\n\t\t\t\t\t\t\t<div class=\"elementor-accordion\">\n\t\t\t\t\t\t\t<div class=\"elementor-accordion-item\">\n\t\t\t\t\t<div id=\"elementor-tab-title-1101\" class=\"elementor-tab-title\" data-tab=\"1\" role=\"button\" aria-controls=\"elementor-tab-content-1101\" aria-expanded=\"false\">\n\t\t\t\t\t\t\t\t\t\t\t\t\t<span class=\"elementor-accordion-icon elementor-accordion-icon-left\" aria-hidden=\"true\">\n\t\t\t\t\t\t\t\t\t\t\t\t\t\t\t<span class=\"elementor-accordion-icon-closed\"><i class=\"fas fa-plus\"><\/i><\/span>\n\t\t\t\t\t\t\t\t<span class=\"elementor-accordion-icon-opened\"><i class=\"fas fa-minus\"><\/i><\/span>\n\t\t\t\t\t\t\t\t\t\t\t\t\t\t<\/span>\n\t\t\t\t\t\t\t\t\t\t\t\t<a class=\"elementor-accordion-title\" tabindex=\"0\">Self Servis \u00c7ama\u015f\u0131rhaneler i\u00e7in Kaynak \u0130zleme ve Rezervasyon Sistemi<\/a>\n\t\t\t\t\t<\/div>\n\t\t\t\t\t<div id=\"elementor-tab-content-1101\" class=\"elementor-tab-content elementor-clearfix\" data-tab=\"1\" role=\"region\" aria-labelledby=\"elementor-tab-title-1101\"><p>Bilgisayar M\u00fchendisli\u011fi \u00f6\u011frencisi Hakan Efe ve arkada\u015flar\u0131, \u00e7ama\u015f\u0131rhanelerde ya\u015fanan s\u0131ra problemini \u00e7\u00f6zmek i\u00e7in &#8216;self servis \u00e7ama\u015f\u0131rhaneler i\u00e7in kaynak izleme ve rezervasyon sistemi&#8217; projesini geli\u015ftirdi. Mobil uygulama ile kontrol edilebilen sistem, \u00e7ama\u015f\u0131rhanelerde uygun olan makinelere g\u00f6nderilen aktivasyon koduyla \u00e7al\u0131\u015f\u0131yor. Proje, T\u00fcrkiye genelinde ya\u015fanan s\u0131ra bekleme ve zaman kayb\u0131n\u0131 \u00f6nlemeyi hedefliyor.<\/p><p><span style=\"color: var( --e-global-color-text ); font-family: var( --e-global-typography-text-font-family ), Sans-serif; font-weight: var( --e-global-typography-text-font-weight ); letter-spacing: 0px;\">Dan\u0131\u015fman: Dr. \u00d6\u011fr. \u00dcyesi Deniz DAL<br \/><\/span><a href=\"https:\/\/www.sondakika.com\/haber\/haber-ogrenciler-self-servis-camasirhaneler-icin-kaynak--16131154\/\">Haber Linki<\/a><\/p><div style=\"position: relative; padding-bottom: 56.25%; height: 0; overflow: hidden;\"><iframe style=\"width: 100%; height: 100%; position: absolute; left: 0px; top: 0px; overflow: hidden;\" title=\"Dailymotion Video Player\" src=\"https:\/\/www.dailymotion.com\/embed\/video\/x8mmmqk\" width=\"100%\" height=\"100%\" frameborder=\"0\" allowfullscreen=\"allowfullscreen\"> <\/iframe><\/div><\/div>\n\t\t\t\t<\/div>\n\t\t\t\t\t\t\t<div class=\"elementor-accordion-item\">\n\t\t\t\t\t<div id=\"elementor-tab-title-1102\" class=\"elementor-tab-title\" data-tab=\"2\" role=\"button\" aria-controls=\"elementor-tab-content-1102\" aria-expanded=\"false\">\n\t\t\t\t\t\t\t\t\t\t\t\t\t<span class=\"elementor-accordion-icon elementor-accordion-icon-left\" aria-hidden=\"true\">\n\t\t\t\t\t\t\t\t\t\t\t\t\t\t\t<span class=\"elementor-accordion-icon-closed\"><i class=\"fas fa-plus\"><\/i><\/span>\n\t\t\t\t\t\t\t\t<span class=\"elementor-accordion-icon-opened\"><i class=\"fas fa-minus\"><\/i><\/span>\n\t\t\t\t\t\t\t\t\t\t\t\t\t\t<\/span>\n\t\t\t\t\t\t\t\t\t\t\t\t<a class=\"elementor-accordion-title\" tabindex=\"0\">Yoldaki Tabelalar\u0131 Fark Etmeyen S\u00fcr\u00fcc\u00fcleri Uyaran Sistem<\/a>\n\t\t\t\t\t<\/div>\n\t\t\t\t\t<div id=\"elementor-tab-content-1102\" class=\"elementor-tab-content elementor-clearfix\" data-tab=\"2\" role=\"region\" aria-labelledby=\"elementor-tab-title-1102\"><p>Bilgisayar M\u00fchendisli\u011fi son s\u0131n\u0131f \u00f6\u011frencileri Hira Beril K\u00fc\u00e7\u00fck ile O\u011fuz Can \u00d6zdemir, yollarda tabela kaynakl\u0131 kazalar\u0131 \u00f6nlemek amac\u0131yla &#8216;Yapay Zeka Destekli Yeni Nesil S\u00fcr\u00fcc\u00fc Uyar\u0131 Sistemi&#8217; projesini geli\u015ftirdi. Araca yerle\u015ftirilen hayalet ekranla, s\u00fcr\u00fc\u015f s\u0131ras\u0131nda 20 metreye kadar olan h\u0131z, kasisli yol veya yaya ge\u00e7idi gibi t\u00fcm uyar\u0131 levhalar\u0131n\u0131 tan\u0131yan sistem, s\u00fcr\u00fcc\u00fcy\u00fc de anl\u0131k olarak uyar\u0131yor.<\/p><p>Dan\u0131\u015fman: Dr. \u00d6\u011fr. \u00dcyesi Deniz DAL<br \/><a href=\"https:\/\/www.dha.com.tr\/yerel-haberler\/erzurum\/merkez\/yoldaki-tabelalari-fark-etmeyen-suruculeri-uyar-2277481\">Haber Linki<\/a><\/p><p><iframe title=\"YouTube video player\" src=\"https:\/\/www.youtube.com\/embed\/p3ATiTyBI3g\" width=\"560\" height=\"315\" frameborder=\"0\" allowfullscreen=\"allowfullscreen\"><\/iframe><\/p><\/div>\n\t\t\t\t<\/div>\n\t\t\t\t\t\t\t\t<\/div>\n\t\t\t\t\t\t<\/div>\n\t\t\t\t<\/div>\n\t\t\t\t\t<\/div>\n\t\t<\/div>\n\t\t\t\t\t<\/div>\n\t\t<\/section>\n\t\t\t\t<\/div>\n\t\t","protected":false},"excerpt":{"rendered":"<p>Bas\u0131nda Biz Self Servis \u00c7ama\u015f\u0131rhaneler i\u00e7in Kaynak \u0130zleme ve Rezervasyon Sistemi Bilgisayar M\u00fchendisli\u011fi \u00f6\u011frencisi Hakan Efe ve arkada\u015flar\u0131, \u00e7ama\u015f\u0131rhanelerde ya\u015fanan s\u0131ra problemini \u00e7\u00f6zmek i\u00e7in &#8216;self servis \u00e7ama\u015f\u0131rhaneler i\u00e7in kaynak izleme ve rezervasyon sistemi&#8217; projesini geli\u015ftirdi. Mobil uygulama ile kontrol edilebilen sistem, \u00e7ama\u015f\u0131rhanelerde uygun olan makinelere g\u00f6nderilen aktivasyon koduyla \u00e7al\u0131\u015f\u0131yor. Proje, T\u00fcrkiye genelinde ya\u015fanan s\u0131ra bekleme [&hellip;]<\/p>\n","protected":false},"author":7,"featured_media":0,"parent":0,"menu_order":0,"comment_status":"closed","ping_status":"closed","template":"elementor_header_footer","meta":{"footnotes":""},"class_list":["post-7007","page","type-page","status-publish","hentry"],"_links":{"self":[{"href":"https:\/\/atauni.edu.tr\/bilgisayar-muhendisligi\/wp-json\/wp\/v2\/pages\/7007","targetHints":{"allow":["GET"]}}],"collection":[{"href":"https:\/\/atauni.edu.tr\/bilgisayar-muhendisligi\/wp-json\/wp\/v2\/pages"}],"about":[{"href":"https:\/\/atauni.edu.tr\/bilgisayar-muhendisligi\/wp-json\/wp\/v2\/types\/page"}],"author":[{"embeddable":true,"href":"https:\/\/atauni.edu.tr\/bilgisayar-muhendisligi\/wp-json\/wp\/v2\/users\/7"}],"replies":[{"embeddable":true,"href":"https:\/\/atauni.edu.tr\/bilgisayar-muhendisligi\/wp-json\/wp\/v2\/comments?post=7007"}],"version-history":[{"count":16,"href":"https:\/\/atauni.edu.tr\/bilgisayar-muhendisligi\/wp-json\/wp\/v2\/pages\/7007\/revisions"}],"predecessor-version":[{"id":7025,"href":"https:\/\/atauni.edu.tr\/bilgisayar-muhendisligi\/wp-json\/wp\/v2\/pages\/7007\/revisions\/7025"}],"wp:attachment":[{"href":"https:\/\/atauni.edu.tr\/bilgisayar-muhendisligi\/wp-json\/wp\/v2\/media?parent=7007"}],"curies":[{"name":"wp","href":"https:\/\/api.w.org\/{rel}","templated":true}]}}