{"id":7061,"date":"2023-10-10T09:51:40","date_gmt":"2023-10-10T06:51:40","guid":{"rendered":"https:\/\/birimler.atauni.edu.tr\/bilgisayar-muhendisligi\/?page_id=7061"},"modified":"2025-11-04T14:21:47","modified_gmt":"2025-11-04T11:21:47","slug":"isletmede-meslegi-egitim","status":"publish","type":"page","link":"https:\/\/atauni.edu.tr\/bilgisayar-muhendisligi\/isletmede-meslegi-egitim\/","title":{"rendered":"\u0130\u015fletmede Mesle\u011fi E\u011fitim"},"content":{"rendered":"\t\t<div data-elementor-type=\"wp-page\" data-elementor-id=\"7061\" class=\"elementor elementor-7061\" data-elementor-post-type=\"page\">\n\t\t\t\t\t\t<section class=\"elementor-section elementor-top-section elementor-element elementor-element-9be811a elementor-section-boxed elementor-section-height-default elementor-section-height-default\" data-id=\"9be811a\" data-element_type=\"section\">\n\t\t\t\t\t\t<div class=\"elementor-container elementor-column-gap-default\">\n\t\t\t\t\t<div class=\"elementor-column elementor-col-100 elementor-top-column elementor-element elementor-element-1ed847b7\" data-id=\"1ed847b7\" data-element_type=\"column\">\n\t\t\t<div class=\"elementor-widget-wrap elementor-element-populated\">\n\t\t\t\t\t\t<div class=\"elementor-element elementor-element-4ce0d07f elementor-widget elementor-widget-heading\" data-id=\"4ce0d07f\" data-element_type=\"widget\" data-widget_type=\"heading.default\">\n\t\t\t\t<div class=\"elementor-widget-container\">\n\t\t\t\t\t<h2 class=\"elementor-heading-title elementor-size-default\">\u0130\u015fletmede Mesleki E\u011fitim<\/h2>\t\t\t\t<\/div>\n\t\t\t\t<\/div>\n\t\t\t\t<div class=\"elementor-element elementor-element-63260862 elementor-widget-divider--view-line elementor-widget elementor-widget-divider\" data-id=\"63260862\" data-element_type=\"widget\" data-widget_type=\"divider.default\">\n\t\t\t\t<div class=\"elementor-widget-container\">\n\t\t\t\t\t\t\t<div class=\"elementor-divider\">\n\t\t\t<span class=\"elementor-divider-separator\">\n\t\t\t\t\t\t<\/span>\n\t\t<\/div>\n\t\t\t\t\t\t<\/div>\n\t\t\t\t<\/div>\n\t\t\t\t\t<\/div>\n\t\t<\/div>\n\t\t\t\t\t<\/div>\n\t\t<\/section>\n\t\t\t\t<section class=\"elementor-section elementor-top-section elementor-element elementor-element-9d53a11 elementor-section-boxed elementor-section-height-default elementor-section-height-default\" data-id=\"9d53a11\" data-element_type=\"section\">\n\t\t\t\t\t\t<div class=\"elementor-container elementor-column-gap-default\">\n\t\t\t\t\t<div class=\"elementor-column elementor-col-100 elementor-top-column elementor-element elementor-element-be2be08\" data-id=\"be2be08\" data-element_type=\"column\">\n\t\t\t<div class=\"elementor-widget-wrap elementor-element-populated\">\n\t\t\t\t\t\t<div class=\"elementor-element elementor-element-d1766e9 elementor-widget elementor-widget-text-editor\" data-id=\"d1766e9\" data-element_type=\"widget\" data-widget_type=\"text-editor.default\">\n\t\t\t\t<div class=\"elementor-widget-container\">\n\t\t\t\t\t\t\t\t\t<p><b>\u00d6NEML\u0130 B\u0130LG\u0130LER<\/b><\/p><ol><li><p>AGNO\u2019nuzun en az 2.00 olmas\u0131 gerekmektedir.<\/p><\/li><li><p>\u0130kinci, d\u00f6rd\u00fcnc\u00fc ve alt\u0131nc\u0131 yar\u0131y\u0131l m\u00fcfredat\u0131nda yer alan derslerden, devam \u015fart\u0131n\u0131 sa\u011flamad\u0131\u011f\u0131 veya hi\u00e7 almad\u0131\u011f\u0131 dersi bulunan ya da bu yar\u0131y\u0131llarda devam \u015fart\u0131n\u0131 sa\u011flasa bile \u00fc\u00e7ten fazla ba\u015far\u0131s\u0131z dersi olan \u00f6\u011frenciler,\u00a0<strong>\u0130\u015fletmede Mesleki E\u011fitim (\u0130ME)<\/strong>\u00a0program\u0131na ba\u015fvuruda\u00a0<u>bulunamazlar<\/u>.<\/p><\/li><li><p>AGNO bilginiz,\u00a0<strong>OBS (\u00d6\u011frenci Bilgi Sistemi)<\/strong>\u00a0\u00fczerinden do\u011frulanarak sisteme girilmelidir. Yanl\u0131\u015f bilgi girilmesi durumunda ba\u015fvurunuz\u00a0<u>iptal edilecektir<\/u>.<\/p><\/li><li><p>Yerle\u015ftirmeler AGNO \u00f6ncelikli olarak yap\u0131lacakt\u0131r.<\/p><\/li><li><p>Yerle\u015ftirmeler kesinle\u015ftikten sonra firman\u0131n m\u00fclakat yapma hakk\u0131 bulunmaktad\u0131r. Firma m\u00fclakat sonucunda ki\u015fiyi yetersiz bulursa, ba\u015far\u0131s\u0131z bulunan ki\u015fi i\u00e7in\u00a0<b>yeni kontenjan a\u00e7\u0131lmaz<\/b>.<\/p><\/li><li><p>\u0130ME ba\u015fvurusunda bulunan \u00f6\u011frencilerin, sisteme bildirdikleri e-posta adreslerini d\u00fczenli olarak kontrol etmeleri \u00f6nemlidir. Acil bir durumda ileti\u015fim i\u00e7in yaln\u0131zca bu adresler kullan\u0131lacakt\u0131r.<\/p><\/li><\/ol><p><a href=\"https:\/\/birimler.atauni.edu.tr\/bilgisayar-muhendisligi\/wp-content\/uploads\/sites\/4\/2020\/07\/I\u0307ME-So\u0308zles\u0327mesi.pdf\">\u0130ME S\u00f6zle\u015fmesi<\/a><br \/><a href=\"https:\/\/birimler.atauni.edu.tr\/muhendislik-fakultesi\/wp-content\/uploads\/sites\/2\/2025\/01\/1-Isletmede-Mesleki-Egitim-IME-Yonergesi.docx\">\u0130ME Y\u00f6nergesi<b style=\"color: var( --e-global-color-text ); font-family: var( --e-global-typography-text-font-family ), Sans-serif; letter-spacing: 0px;\">\u00a0<\/b><\/a><\/p><div><span style=\"font-weight: bolder;\">\u0130ME Devam Ederken ve \u0130ME Sonunda Doldurulmas\u0131 Gereken Formlar<\/span><b><br \/><\/b><\/div>\t\t\t\t\t\t\t\t<\/div>\n\t\t\t\t<\/div>\n\t\t\t\t<div class=\"elementor-element elementor-element-c52d0e7 elementor-widget elementor-widget-ova_list_link\" data-id=\"c52d0e7\" data-element_type=\"widget\" data-widget_type=\"ova_list_link.default\">\n\t\t\t\t<div class=\"elementor-widget-container\">\n\t\t\t\t\t\t\t<div class=\"ova_list_link \">\n\t\t\t\t\t\t\t\t\t<ul class=\"content\">\n\t\t\t\t\t\t\t\t\t<li class=\"item\">\n\t\t\t\t\t\t<a href=\"https:\/\/birimler.atauni.edu.tr\/bilgisayar-muhendisligi\/wp-content\/uploads\/sites\/4\/2020\/07\/I\u0307ME-ile-I\u0307Igili-O\u0308nemli-Hususlar.pdf\">\n\t\t\t\t\t\t\t\u0130ME ile \u0130Igili \u00d6nemli Hususlar\t\t\t\t\t\t\t\t\t\t\t\t\t\t<span class=\"icon\">\n\t\t\t\t\t\t\t\t<i data-feather=\"chevron-right\"><\/i>\n\t\t\t\t\t\t\t<\/span>\n\t\t\t\t\t\t    \t\t\t\t\t\t    \t\t\t\t\t\t\t<span class=\"icon-hover\">\n\t\t\t\t\t\t\t\t<i data-feather=\"arrow-right\"><\/i>\n\t\t\t\t\t\t\t<\/span>\n\t\t\t\t\t\t\t \t\t\t\t\t\t<\/a>\n\n\t\t\t\t\t<\/li>\n\t\t\t\t\t\t\t\t\t<li class=\"item\">\n\t\t\t\t\t\t<a href=\"https:\/\/birimler.atauni.edu.tr\/bilgisayar-muhendisligi\/wp-content\/uploads\/sites\/4\/2020\/07\/I\u0307ME-Deg\u0306erlendirme-Rubrig\u0306i.pdf\">\n\t\t\t\t\t\t\t\u0130ME De\u011ferlendirme Rubri\u011fi\t\t\t\t\t\t\t\t\t\t\t\t\t\t<span class=\"icon\">\n\t\t\t\t\t\t\t\t<i data-feather=\"chevron-right\"><\/i>\n\t\t\t\t\t\t\t<\/span>\n\t\t\t\t\t\t    \t\t\t\t\t\t    \t\t\t\t\t\t\t<span class=\"icon-hover\">\n\t\t\t\t\t\t\t\t<i data-feather=\"arrow-right\"><\/i>\n\t\t\t\t\t\t\t<\/span>\n\t\t\t\t\t\t\t \t\t\t\t\t\t<\/a>\n\n\t\t\t\t\t<\/li>\n\t\t\t\t\t\t\t\t\t<li class=\"item\">\n\t\t\t\t\t\t<a href=\"https:\/\/birimler.atauni.edu.tr\/bilgisayar-muhendisligi\/wp-content\/uploads\/sites\/4\/2020\/07\/I\u0307ME-I\u0307s\u0327yeri-Yetkilisi-Deg\u0306erlendirme-Formu-1.docx\">\n\t\t\t\t\t\t\t\u0130ME \u0130\u015fyeri Yetkilisi De\u011ferlendirme Formu\t\t\t\t\t\t\t\t\t\t\t\t\t\t<span class=\"icon\">\n\t\t\t\t\t\t\t\t<i data-feather=\"chevron-right\"><\/i>\n\t\t\t\t\t\t\t<\/span>\n\t\t\t\t\t\t    \t\t\t\t\t\t    \t\t\t\t\t\t\t<span class=\"icon-hover\">\n\t\t\t\t\t\t\t\t<i data-feather=\"arrow-right\"><\/i>\n\t\t\t\t\t\t\t<\/span>\n\t\t\t\t\t\t\t \t\t\t\t\t\t<\/a>\n\n\t\t\t\t\t<\/li>\n\t\t\t\t\t\t\t\t\t<li class=\"item\">\n\t\t\t\t\t\t<a href=\"https:\/\/birimler.atauni.edu.tr\/bilgisayar-muhendisligi\/wp-content\/uploads\/sites\/4\/2020\/07\/I\u0307ME-Dersi-Devam-C\u0327izelgesi.docx\">\n\t\t\t\t\t\t\t\u0130ME Dersi Devam \u00c7izelgesi\t\t\t\t\t\t\t\t\t\t\t\t\t\t<span class=\"icon\">\n\t\t\t\t\t\t\t\t<i data-feather=\"chevron-right\"><\/i>\n\t\t\t\t\t\t\t<\/span>\n\t\t\t\t\t\t    \t\t\t\t\t\t    \t\t\t\t\t\t\t<span class=\"icon-hover\">\n\t\t\t\t\t\t\t\t<i data-feather=\"arrow-right\"><\/i>\n\t\t\t\t\t\t\t<\/span>\n\t\t\t\t\t\t\t \t\t\t\t\t\t<\/a>\n\n\t\t\t\t\t<\/li>\n\t\t\t\t\t\t\t\t\t<li class=\"item\">\n\t\t\t\t\t\t<a href=\"https:\/\/birimler.atauni.edu.tr\/bilgisayar-muhendisligi\/wp-content\/uploads\/sites\/4\/2020\/07\/I\u0307ME-C\u0327alis\u0327ma-Takvimi.docx\">\n\t\t\t\t\t\t\t\u0130ME \u00c7al\u0131\u015fma Takvimi\t\t\t\t\t\t\t\t\t\t\t\t\t\t<span class=\"icon\">\n\t\t\t\t\t\t\t\t<i data-feather=\"chevron-right\"><\/i>\n\t\t\t\t\t\t\t<\/span>\n\t\t\t\t\t\t    \t\t\t\t\t\t    \t\t\t\t\t\t\t<span class=\"icon-hover\">\n\t\t\t\t\t\t\t\t<i data-feather=\"arrow-right\"><\/i>\n\t\t\t\t\t\t\t<\/span>\n\t\t\t\t\t\t\t \t\t\t\t\t\t<\/a>\n\n\t\t\t\t\t<\/li>\n\t\t\t\t\t\t\t\t\t<li class=\"item\">\n\t\t\t\t\t\t<a href=\"https:\/\/birimler.atauni.edu.tr\/bilgisayar-muhendisligi\/wp-content\/uploads\/sites\/4\/2020\/07\/I\u0307ME-Haftalik-Rapor-Formu.docx\">\n\t\t\t\t\t\t\t\u0130ME Haftal\u0131k Rapor Formu\t\t\t\t\t\t\t\t\t\t\t\t\t\t<span class=\"icon\">\n\t\t\t\t\t\t\t\t<i data-feather=\"chevron-right\"><\/i>\n\t\t\t\t\t\t\t<\/span>\n\t\t\t\t\t\t    \t\t\t\t\t\t    \t\t\t\t\t\t\t<span class=\"icon-hover\">\n\t\t\t\t\t\t\t\t<i data-feather=\"arrow-right\"><\/i>\n\t\t\t\t\t\t\t<\/span>\n\t\t\t\t\t\t\t \t\t\t\t\t\t<\/a>\n\n\t\t\t\t\t<\/li>\n\t\t\t\t\t\t\t\t\t<li class=\"item\">\n\t\t\t\t\t\t<a href=\"https:\/\/birimler.atauni.edu.tr\/bilgisayar-muhendisligi\/wp-content\/uploads\/sites\/4\/2020\/07\/I\u0307ME-Dosyasi-I\u0307ME-sonunda-doldurulmus\u0327-olan-dosya-1.docx\">\n\t\t\t\t\t\t\t\u0130ME Dosyas\u0131 (\u0130ME sonunda doldurulmu\u015f olan dosya)\t\t\t\t\t\t\t\t\t\t\t\t\t\t<span class=\"icon\">\n\t\t\t\t\t\t\t\t<i data-feather=\"chevron-right\"><\/i>\n\t\t\t\t\t\t\t<\/span>\n\t\t\t\t\t\t    \t\t\t\t\t\t    \t\t\t\t\t\t\t<span class=\"icon-hover\">\n\t\t\t\t\t\t\t\t<i data-feather=\"arrow-right\"><\/i>\n\t\t\t\t\t\t\t<\/span>\n\t\t\t\t\t\t\t \t\t\t\t\t\t<\/a>\n\n\t\t\t\t\t<\/li>\n\t\t\t\t\t\t\t\t\t<li class=\"item\">\n\t\t\t\t\t\t<a href=\"https:\/\/birimler.atauni.edu.tr\/muhendislik-fakultesi\/wp-content\/uploads\/sites\/2\/2025\/01\/10-IME-ISYERI-TEMSILCISI-BILGI-FORMU.docx\">\n\t\t\t\t\t\t\t\u0130ME \u0130\u015f Yeri Temsilcisi Bilgi Formu\t\t\t\t\t\t\t\t\t\t\t\t\t\t<span class=\"icon\">\n\t\t\t\t\t\t\t\t<i data-feather=\"chevron-right\"><\/i>\n\t\t\t\t\t\t\t<\/span>\n\t\t\t\t\t\t    \t\t\t\t\t\t    \t\t\t\t\t\t\t<span class=\"icon-hover\">\n\t\t\t\t\t\t\t\t<i data-feather=\"arrow-right\"><\/i>\n\t\t\t\t\t\t\t<\/span>\n\t\t\t\t\t\t\t \t\t\t\t\t\t<\/a>\n\n\t\t\t\t\t<\/li>\n\t\t\t\t\t\t\t<\/ul>\n\t\t\t\t\t<\/div>\n\t\t\t\t\t\t<\/div>\n\t\t\t\t<\/div>\n\t\t\t\t\t<\/div>\n\t\t<\/div>\n\t\t\t\t\t<\/div>\n\t\t<\/section>\n\t\t\t\t<\/div>\n\t\t","protected":false},"excerpt":{"rendered":"<p>\u0130\u015fletmede Mesleki E\u011fitim \u00d6NEML\u0130 B\u0130LG\u0130LER AGNO\u2019nuzun en az 2.00 olmas\u0131 gerekmektedir. \u0130kinci, d\u00f6rd\u00fcnc\u00fc ve alt\u0131nc\u0131 yar\u0131y\u0131l m\u00fcfredat\u0131nda yer alan derslerden, devam \u015fart\u0131n\u0131 sa\u011flamad\u0131\u011f\u0131 veya hi\u00e7 almad\u0131\u011f\u0131 dersi bulunan ya da bu yar\u0131y\u0131llarda devam \u015fart\u0131n\u0131 sa\u011flasa bile \u00fc\u00e7ten fazla ba\u015far\u0131s\u0131z dersi olan \u00f6\u011frenciler,\u00a0\u0130\u015fletmede Mesleki E\u011fitim (\u0130ME)\u00a0program\u0131na ba\u015fvuruda\u00a0bulunamazlar. AGNO bilginiz,\u00a0OBS (\u00d6\u011frenci Bilgi Sistemi)\u00a0\u00fczerinden do\u011frulanarak sisteme girilmelidir. Yanl\u0131\u015f [&hellip;]<\/p>\n","protected":false},"author":7,"featured_media":0,"parent":0,"menu_order":0,"comment_status":"closed","ping_status":"closed","template":"elementor_header_footer","meta":{"footnotes":""},"class_list":["post-7061","page","type-page","status-publish","hentry"],"_links":{"self":[{"href":"https:\/\/atauni.edu.tr\/bilgisayar-muhendisligi\/wp-json\/wp\/v2\/pages\/7061","targetHints":{"allow":["GET"]}}],"collection":[{"href":"https:\/\/atauni.edu.tr\/bilgisayar-muhendisligi\/wp-json\/wp\/v2\/pages"}],"about":[{"href":"https:\/\/atauni.edu.tr\/bilgisayar-muhendisligi\/wp-json\/wp\/v2\/types\/page"}],"author":[{"embeddable":true,"href":"https:\/\/atauni.edu.tr\/bilgisayar-muhendisligi\/wp-json\/wp\/v2\/users\/7"}],"replies":[{"embeddable":true,"href":"https:\/\/atauni.edu.tr\/bilgisayar-muhendisligi\/wp-json\/wp\/v2\/comments?post=7061"}],"version-history":[{"count":52,"href":"https:\/\/atauni.edu.tr\/bilgisayar-muhendisligi\/wp-json\/wp\/v2\/pages\/7061\/revisions"}],"predecessor-version":[{"id":7774,"href":"https:\/\/atauni.edu.tr\/bilgisayar-muhendisligi\/wp-json\/wp\/v2\/pages\/7061\/revisions\/7774"}],"wp:attachment":[{"href":"https:\/\/atauni.edu.tr\/bilgisayar-muhendisligi\/wp-json\/wp\/v2\/media?parent=7061"}],"curies":[{"name":"wp","href":"https:\/\/api.w.org\/{rel}","templated":true}]}}