{"id":7629,"date":"2025-06-25T10:56:31","date_gmt":"2025-06-25T07:56:31","guid":{"rendered":"https:\/\/birimler.atauni.edu.tr\/bilgisayar-muhendisligi\/?page_id=7629"},"modified":"2025-08-13T11:33:06","modified_gmt":"2025-08-13T08:33:06","slug":"haberler","status":"publish","type":"page","link":"https:\/\/atauni.edu.tr\/bilgisayar-muhendisligi\/haberler\/","title":{"rendered":"Haberler"},"content":{"rendered":"<form method=\"get\" class=\"row g-3\" style=\"margin-bottom: 20px;\"><div class=\"col-md-3\"><input type=\"text\" name=\"haber_ara\" class=\"form-control\" placeholder=\"Haber ara...\" value=\"\"><\/div><div class=\"col-md-3\"><input type=\"date\" name=\"baslangic_tarihi\" class=\"form-control\" value=\"\"><\/div><div class=\"col-md-3\"><input type=\"date\" name=\"bitis_tarihi\" class=\"form-control\" value=\"\"><\/div><div class=\"col-md-3\"><button type=\"submit\" class=\"btn btn-secondary w-50\">Filtrele<\/button><\/div><\/form><ul class=\"kategori-yazilari-liste\"><li style=\"display: flex; margin-bottom: 10px; align-items: center;\"><div class=\"post-thumbnail\" style=\"margin-right: 15px;\"><a href=\"https:\/\/atauni.edu.tr\/bilgisayar-muhendisligi\/2026\/04\/03\/tubitak-1002-basarisi\/\"><img decoding=\"async\" width=\"150\" height=\"150\" src=\"https:\/\/atauni.edu.tr\/bilgisayar-muhendisligi\/wp-content\/uploads\/sites\/4\/2021\/07\/Duyuru-150x150.jpg\" class=\"attachment-thumbnail size-thumbnail wp-post-image\" alt=\"\" \/><\/a><\/div><div class=\"post-content\" style=\"flex-grow: 1;\"><span class=\"post-date habertarih\" style=\"display: block; font-weight: bold; margin-bottom: 5px;\">3 Nisan 2026<\/span><a class=\"haberbaslik\" href=\"https:\/\/atauni.edu.tr\/bilgisayar-muhendisligi\/2026\/04\/03\/tubitak-1002-basarisi\/\">T\u00dcB\u0130TAK 1002 Ba\u015far\u0131s\u0131<\/a><\/div><\/li><li style=\"display: flex; margin-bottom: 10px; align-items: center;\"><div class=\"post-thumbnail\" style=\"margin-right: 15px;\"><a href=\"https:\/\/atauni.edu.tr\/bilgisayar-muhendisligi\/2025\/11\/10\/matlab-ile-egitimden-tasarima-tasarimdan-yapay-zekaya\/\"><img decoding=\"async\" width=\"150\" height=\"150\" src=\"https:\/\/atauni.edu.tr\/bilgisayar-muhendisligi\/wp-content\/uploads\/sites\/4\/2021\/07\/Duyuru-150x150.jpg\" class=\"attachment-thumbnail size-thumbnail wp-post-image\" alt=\"\" \/><\/a><\/div><div class=\"post-content\" style=\"flex-grow: 1;\"><span class=\"post-date habertarih\" style=\"display: block; font-weight: bold; margin-bottom: 5px;\">10 Kas\u0131m 2025<\/span><a class=\"haberbaslik\" href=\"https:\/\/atauni.edu.tr\/bilgisayar-muhendisligi\/2025\/11\/10\/matlab-ile-egitimden-tasarima-tasarimdan-yapay-zekaya\/\">MATLAB ile E\u011fitimden Tasar\u0131ma, Tasar\u0131mdan Yapay Zek\u00e2ya<\/a><\/div><\/li><li style=\"display: flex; margin-bottom: 10px; align-items: center;\"><div class=\"post-thumbnail\" style=\"margin-right: 15px;\"><a href=\"https:\/\/atauni.edu.tr\/bilgisayar-muhendisligi\/2025\/08\/20\/2025-5g-konumlandirma-yarismasi-turkiye-birinciligi\/\"><img decoding=\"async\" width=\"150\" height=\"150\" src=\"https:\/\/atauni.edu.tr\/bilgisayar-muhendisligi\/wp-content\/uploads\/sites\/4\/2021\/07\/Duyuru-150x150.jpg\" class=\"attachment-thumbnail size-thumbnail wp-post-image\" alt=\"\" \/><\/a><\/div><div class=\"post-content\" style=\"flex-grow: 1;\"><span class=\"post-date habertarih\" style=\"display: block; font-weight: bold; margin-bottom: 5px;\">20 A\u011fustos 2025<\/span><a class=\"haberbaslik\" href=\"https:\/\/atauni.edu.tr\/bilgisayar-muhendisligi\/2025\/08\/20\/2025-5g-konumlandirma-yarismasi-turkiye-birinciligi\/\">2025 5G Konumland\u0131rma Yar\u0131\u015fmas\u0131 T\u00fcrkiye Birincili\u011fi<\/a><\/div><\/li><li style=\"display: flex; margin-bottom: 10px; align-items: center;\"><div class=\"post-thumbnail\" style=\"margin-right: 15px;\"><a href=\"https:\/\/atauni.edu.tr\/bilgisayar-muhendisligi\/2025\/07\/23\/ogrencilerimizden-ktr-asamasinda-turkiye-birinciligi\/\"><img decoding=\"async\" width=\"150\" height=\"150\" src=\"https:\/\/atauni.edu.tr\/bilgisayar-muhendisligi\/wp-content\/uploads\/sites\/4\/2021\/07\/Duyuru-150x150.jpg\" class=\"attachment-thumbnail size-thumbnail wp-post-image\" alt=\"\" \/><\/a><\/div><div class=\"post-content\" style=\"flex-grow: 1;\"><span class=\"post-date habertarih\" style=\"display: block; font-weight: bold; margin-bottom: 5px;\">23 Temmuz 2025<\/span><a class=\"haberbaslik\" href=\"https:\/\/atauni.edu.tr\/bilgisayar-muhendisligi\/2025\/07\/23\/ogrencilerimizden-ktr-asamasinda-turkiye-birinciligi\/\">\u00d6\u011frencilerimizden KTR A\u015famas\u0131nda T\u00fcrkiye Birincili\u011fi<\/a><\/div><\/li><li style=\"display: flex; margin-bottom: 10px; align-items: center;\"><div class=\"post-thumbnail\" style=\"margin-right: 15px;\"><a href=\"https:\/\/atauni.edu.tr\/bilgisayar-muhendisligi\/2025\/07\/18\/teknofest-2025-finalinde-dort-turkiye-derecesi\/\"><img decoding=\"async\" width=\"150\" height=\"150\" src=\"https:\/\/atauni.edu.tr\/bilgisayar-muhendisligi\/wp-content\/uploads\/sites\/4\/2021\/07\/Duyuru-150x150.jpg\" class=\"attachment-thumbnail size-thumbnail wp-post-image\" alt=\"\" \/><\/a><\/div><div class=\"post-content\" style=\"flex-grow: 1;\"><span class=\"post-date habertarih\" style=\"display: block; font-weight: bold; margin-bottom: 5px;\">18 Temmuz 2025<\/span><a class=\"haberbaslik\" href=\"https:\/\/atauni.edu.tr\/bilgisayar-muhendisligi\/2025\/07\/18\/teknofest-2025-finalinde-dort-turkiye-derecesi\/\">Teknofest 2025 Finalinde D\u00f6rt T\u00fcrkiye Derecesi<\/a><\/div><\/li><\/ul>\n\n\n\n<p><\/p>\n","protected":false},"excerpt":{"rendered":"","protected":false},"author":8,"featured_media":0,"parent":0,"menu_order":0,"comment_status":"closed","ping_status":"closed","template":"","meta":{"footnotes":""},"class_list":["post-7629","page","type-page","status-publish","hentry"],"_links":{"self":[{"href":"https:\/\/atauni.edu.tr\/bilgisayar-muhendisligi\/wp-json\/wp\/v2\/pages\/7629","targetHints":{"allow":["GET"]}}],"collection":[{"href":"https:\/\/atauni.edu.tr\/bilgisayar-muhendisligi\/wp-json\/wp\/v2\/pages"}],"about":[{"href":"https:\/\/atauni.edu.tr\/bilgisayar-muhendisligi\/wp-json\/wp\/v2\/types\/page"}],"author":[{"embeddable":true,"href":"https:\/\/atauni.edu.tr\/bilgisayar-muhendisligi\/wp-json\/wp\/v2\/users\/8"}],"replies":[{"embeddable":true,"href":"https:\/\/atauni.edu.tr\/bilgisayar-muhendisligi\/wp-json\/wp\/v2\/comments?post=7629"}],"version-history":[{"count":2,"href":"https:\/\/atauni.edu.tr\/bilgisayar-muhendisligi\/wp-json\/wp\/v2\/pages\/7629\/revisions"}],"predecessor-version":[{"id":7681,"href":"https:\/\/atauni.edu.tr\/bilgisayar-muhendisligi\/wp-json\/wp\/v2\/pages\/7629\/revisions\/7681"}],"wp:attachment":[{"href":"https:\/\/atauni.edu.tr\/bilgisayar-muhendisligi\/wp-json\/wp\/v2\/media?parent=7629"}],"curies":[{"name":"wp","href":"https:\/\/api.w.org\/{rel}","templated":true}]}}