{"id":6286,"date":"2025-11-11T11:05:15","date_gmt":"2025-11-11T08:05:15","guid":{"rendered":"https:\/\/birimler.atauni.edu.tr\/bilgisayar-programciligi-programi-1\/?page_id=6286"},"modified":"2025-11-11T11:24:12","modified_gmt":"2025-11-11T08:24:12","slug":"amaclari-ve-egitim-hedefleri","status":"publish","type":"page","link":"https:\/\/atauni.edu.tr\/bilgisayar-programciligi-programi-1\/amaclari-ve-egitim-hedefleri\/","title":{"rendered":"Ama\u00e7lar ve E\u011fitim Hedefleri"},"content":{"rendered":"\t\t<div data-elementor-type=\"wp-page\" data-elementor-id=\"6286\" class=\"elementor elementor-6286\" data-elementor-post-type=\"page\">\n\t\t\t\t\t\t<section class=\"elementor-section elementor-top-section elementor-element elementor-element-16dc95e elementor-section-boxed elementor-section-height-default elementor-section-height-default\" data-id=\"16dc95e\" data-element_type=\"section\">\n\t\t\t\t\t\t<div class=\"elementor-container elementor-column-gap-default\">\n\t\t\t\t\t<div class=\"elementor-column elementor-col-100 elementor-top-column elementor-element elementor-element-de345a4\" data-id=\"de345a4\" data-element_type=\"column\">\n\t\t\t<div class=\"elementor-widget-wrap elementor-element-populated\">\n\t\t\t\t\t\t<div class=\"elementor-element elementor-element-bbbdd45 elementor-widget elementor-widget-text-editor\" data-id=\"bbbdd45\" data-element_type=\"widget\" data-widget_type=\"text-editor.default\">\n\t\t\t\t<div class=\"elementor-widget-container\">\n\t\t\t\t\t\t\t\t\t<p><strong>Bilgisayar Programc\u0131l\u0131\u011f\u0131 Program\u0131n\u0131n Ama\u00e7lar\u0131 ve E\u011fitim Hedefleri<\/strong><\/p>\t\t\t\t\t\t\t\t<\/div>\n\t\t\t\t<\/div>\n\t\t\t\t\t<\/div>\n\t\t<\/div>\n\t\t\t\t\t<\/div>\n\t\t<\/section>\n\t\t\t\t<section class=\"elementor-section elementor-top-section elementor-element elementor-element-8fa0b36 elementor-section-boxed elementor-section-height-default elementor-section-height-default\" data-id=\"8fa0b36\" data-element_type=\"section\">\n\t\t\t\t\t\t<div class=\"elementor-container elementor-column-gap-default\">\n\t\t\t\t\t<div class=\"elementor-column elementor-col-100 elementor-top-column elementor-element elementor-element-6e0918a\" data-id=\"6e0918a\" data-element_type=\"column\">\n\t\t\t<div class=\"elementor-widget-wrap elementor-element-populated\">\n\t\t\t\t\t\t<div class=\"elementor-element elementor-element-7c27e59 elementor-widget elementor-widget-text-editor\" data-id=\"7c27e59\" data-element_type=\"widget\" data-widget_type=\"text-editor.default\">\n\t\t\t\t<div class=\"elementor-widget-container\">\n\t\t\t\t\t\t\t\t\t<table><tbody><tr><td><p><strong>Program Amac\u0131<\/strong><\/p><\/td><td><p><strong>Hedefler<\/strong><\/p><\/td><\/tr><tr><td><p><strong>\u00d6\u011frencilerin bili\u015fim sekt\u00f6r\u00fcne uygun, teorik ve pratik bilgiye sahip, geli\u015fen teknolojilere h\u00e2kim bireyler olarak yeti\u015fmesini sa\u011flamak<\/strong><\/p><\/td><td><p><strong>\u00b7\u00a0\u00a0\u00a0\u00a0\u00a0\u00a0\u00a0\u00a0 \u00d6\u011frenciler, yaz\u0131l\u0131m geli\u015ftirme, sistem analizi, veri taban\u0131 y\u00f6netimi, a\u011f y\u00f6netimi gibi bili\u015fim alanlar\u0131nda y\u00fcksek d\u00fczeyde bilgi ve beceriye sahip olur (P\u00c7 1, P\u00c7 3, P\u00c7 4).<\/strong><\/p><p><br \/><br \/><\/p><p><strong>\u00b7\u00a0\u00a0\u00a0\u00a0\u00a0\u00a0\u00a0\u00a0 \u00d6\u011frenciler, g\u00fcncel teknolojileri takip edebilir ve bu teknolojileri uygulamal\u0131 olarak kullanabilir (P\u00c7\u00a0 3, P\u00c7 4).<\/strong><\/p><p><br \/><br \/><\/p><p><strong>\u00b7\u00a0\u00a0\u00a0\u00a0\u00a0\u00a0\u00a0\u00a0 \u00d6\u011frenciler, yaz\u0131l\u0131m geli\u015ftirme s\u00fcre\u00e7lerinde kalite kontrol\u00fc ve hata ay\u0131klama y\u00f6ntemlerini etkin \u015fekilde kullanma becerisi kazan\u0131r (P\u00c7\u00a0 5, P\u00c7 14).<\/strong><\/p><\/td><\/tr><tr><td><p><strong>\u00d6\u011frencilerin bili\u015fim teknolojilerinin \u00e7e\u015fitli alanlar\u0131nda yenilik\u00e7i \u00e7\u00f6z\u00fcmler \u00fcretebilen, g\u00fcvenlik ve etik de\u011ferler konusunda duyarl\u0131 profesyoneller olarak yeti\u015fmesini sa\u011flamak<\/strong><\/p><\/td><td><p><strong>\u00b7\u00a0\u00a0\u00a0\u00a0\u00a0\u00a0\u00a0\u00a0 \u00d6\u011frenciler, bilgi g\u00fcvenli\u011fi, veri g\u00fcvenli\u011fi ve etik de\u011ferler konusunda bilin\u00e7li hale gelir (P\u00c7\u00a0 9, P\u00c7 10).<\/strong><\/p><p><br \/><br \/><\/p><p><strong>\u00b7\u00a0\u00a0\u00a0\u00a0\u00a0\u00a0\u00a0\u00a0 \u00d6\u011frenciler, g\u00fcvenli yaz\u0131l\u0131m geli\u015ftirme ve veri gizlili\u011fi konular\u0131nda \u00e7\u00f6z\u00fcm odakl\u0131 projeler \u00fcretebilir ( P\u00c7 9, P\u00c7 5).<\/strong><\/p><p><br \/><br \/><\/p><p><strong>\u00b7\u00a0\u00a0\u00a0\u00a0\u00a0\u00a0\u00a0\u00a0 \u00d6\u011frenciler, bili\u015fim sekt\u00f6r\u00fcndeki toplumsal sorunlar\u0131 \u00e7\u00f6zmek i\u00e7in sosyal sorumluluk anlay\u0131\u015f\u0131 ile proje ve etkinlikler geli\u015ftirir (P\u00c7\u00a0 9).<\/strong><\/p><\/td><\/tr><tr><td><p><strong>\u00d6\u011frencilerin yaz\u0131l\u0131m geli\u015ftirme ve proje y\u00f6netim s\u00fcre\u00e7lerinde modern ara\u00e7lar\u0131 kullanarak kaliteli ve s\u00fcrd\u00fcr\u00fclebilir yaz\u0131l\u0131mlar \u00fcretebilen profesyoneller olarak yeti\u015fmesini sa\u011flamak<\/strong><\/p><\/td><td><p><strong>\u00b7\u00a0\u00a0\u00a0\u00a0\u00a0\u00a0\u00a0\u00a0 \u00d6\u011frenciler, yaz\u0131l\u0131m geli\u015ftirme s\u00fcre\u00e7lerinde kullan\u0131lan modern ara\u00e7lar ve tekniklerle uygulamal\u0131 projeler yapar (P\u00c7\u00a0 12, P\u00c7 13).<\/strong><\/p><p><br \/><br \/><\/p><p><strong>\u00b7\u00a0\u00a0\u00a0\u00a0\u00a0\u00a0\u00a0\u00a0 \u00d6\u011frenciler, i\u015f ve end\u00fcstri standartlar\u0131na uygun yaz\u0131l\u0131m \u00e7\u00f6z\u00fcmleri geli\u015ftirir ve projelerde kalite kontrol\u00fcn\u00fc etkin bir \u015fekilde uygular (P\u00c7\u00a0 5, P\u00c7 6, P\u00c7 14).<\/strong><\/p><p><br \/><br \/><\/p><p><strong>\u00b7\u00a0\u00a0\u00a0\u00a0\u00a0\u00a0\u00a0\u00a0 \u00d6\u011frenciler, veri taban\u0131 tasar\u0131m\u0131 ve y\u00f6netimini ger\u00e7ekle\u015ftirir ve yaz\u0131l\u0131mlar\u0131n\u0131 test eder, hatalar\u0131 giderir (P\u00c7 \u00a0 13, P\u00c7\u00a0 14).<\/strong><\/p><\/td><\/tr><tr><td><p><strong>\u00d6\u011frencilerin etkili ileti\u015fim ve tak\u0131m \u00e7al\u0131\u015fmas\u0131 becerileri kazanarak, liderlik ve proje y\u00f6netimi alanlar\u0131nda ba\u015far\u0131l\u0131 profesyoneller olarak yeti\u015fmesini sa\u011flamak<\/strong><\/p><\/td><td><p><strong>\u00b7\u00a0\u00a0\u00a0\u00a0\u00a0\u00a0\u00a0\u00a0 \u00d6\u011frenciler, bireysel ya da grup i\u00e7inde etkili ileti\u015fim kurar ve tak\u0131m \u00e7al\u0131\u015fmas\u0131 yapar (P\u00c7 \u00a0 7, P\u00c7\u00a0 6).<\/strong><\/p><p><br \/><br \/><\/p><p><strong>\u00b7\u00a0\u00a0\u00a0\u00a0\u00a0\u00a0\u00a0\u00a0 \u00d6\u011frenciler, proje y\u00f6netimi s\u00fcre\u00e7lerine h\u00e2kim olur ve projeleri etkin \u015fekilde planlar, y\u00f6netir (P\u00c7 \u00a0 7, P\u00c7\u00a0 6).<\/strong><\/p><p><br \/><br \/><\/p><p><strong>\u00b7\u00a0\u00a0\u00a0\u00a0\u00a0\u00a0\u00a0\u00a0 \u00d6\u011frenciler, kariyer y\u00f6netimi ve ya\u015fam boyu \u00f6\u011frenmeye ili\u015fkin fark\u0131ndal\u0131k kazan\u0131r, s\u00fcrekli geli\u015fime a\u00e7\u0131k profesyoneller olarak yeti\u015fir (P\u00c7 \u00a0 8).<\/strong><\/p><\/td><\/tr><\/tbody><\/table>\t\t\t\t\t\t\t\t<\/div>\n\t\t\t\t<\/div>\n\t\t\t\t\t<\/div>\n\t\t<\/div>\n\t\t\t\t\t<\/div>\n\t\t<\/section>\n\t\t\t\t<section class=\"elementor-section elementor-top-section elementor-element elementor-element-0bde30e elementor-section-boxed elementor-section-height-default elementor-section-height-default\" data-id=\"0bde30e\" data-element_type=\"section\">\n\t\t\t\t\t\t<div class=\"elementor-container elementor-column-gap-default\">\n\t\t\t\t\t<div class=\"elementor-column elementor-col-100 elementor-top-column elementor-element elementor-element-2bd2d4b\" data-id=\"2bd2d4b\" data-element_type=\"column\">\n\t\t\t<div class=\"elementor-widget-wrap elementor-element-populated\">\n\t\t\t\t\t\t<div class=\"elementor-element elementor-element-87a45fb elementor-widget elementor-widget-text-editor\" data-id=\"87a45fb\" data-element_type=\"widget\" data-widget_type=\"text-editor.default\">\n\t\t\t\t<div class=\"elementor-widget-container\">\n\t\t\t\t\t\t\t\t\t<ul><li><strong>Program hedefleri Medek kapsam\u0131nda d\u00fczenlenen Program \u00c7\u0131kt\u0131lar\u0131 ile e\u015fle\u015ftirilmi\u015ftir Hedeflerdeki P\u00c7 ifadeleri program \u00e7\u0131kt\u0131lar\u0131 tablosundaki ilgili maddeyi temsil eder.\u00a0<\/strong><\/li><\/ul>\t\t\t\t\t\t\t\t<\/div>\n\t\t\t\t<\/div>\n\t\t\t\t\t<\/div>\n\t\t<\/div>\n\t\t\t\t\t<\/div>\n\t\t<\/section>\n\t\t\t\t<section class=\"elementor-section elementor-top-section elementor-element elementor-element-37cdab6 elementor-section-boxed elementor-section-height-default elementor-section-height-default\" data-id=\"37cdab6\" data-element_type=\"section\">\n\t\t\t\t\t\t<div class=\"elementor-container elementor-column-gap-default\">\n\t\t\t\t\t<div class=\"elementor-column elementor-col-100 elementor-top-column elementor-element elementor-element-9304ac4\" data-id=\"9304ac4\" data-element_type=\"column\">\n\t\t\t<div class=\"elementor-widget-wrap elementor-element-populated\">\n\t\t\t\t\t\t<div class=\"elementor-element elementor-element-ae9cc11 elementor-widget elementor-widget-text-editor\" data-id=\"ae9cc11\" data-element_type=\"widget\" data-widget_type=\"text-editor.default\">\n\t\t\t\t<div class=\"elementor-widget-container\">\n\t\t\t\t\t\t\t\t\t<p><strong>MEDEK Program \u00c7\u0131kt\u0131lar\u0131<\/strong><\/p><p>\u00a0<\/p><table><tbody><tr><td colspan=\"2\"><p><strong>B\u0130LG\u0130<\/strong><\/p><\/td><\/tr><tr><td><p><strong>P\u00c7 1<\/strong><\/p><\/td><td><p><strong>Mesle\u011fi ile ilgili temel, g\u00fcncel ve uygulamal\u0131 bilgilere sahip olur.<\/strong><\/p><\/td><\/tr><tr><td><p><strong>P\u00c7 2<\/strong><\/p><\/td><td><p><strong>\u0130\u015f sa\u011fl\u0131\u011f\u0131 ve g\u00fcvenli\u011fi, \u00e7evre bilinci ve kalite s\u00fcre\u00e7leri hakk\u0131nda bilgi sahibi olur.<\/strong><\/p><\/td><\/tr><tr><td colspan=\"2\"><p><strong>BECER\u0130<\/strong><\/p><\/td><\/tr><tr><td><p><strong>P\u00c7 3<\/strong><\/p><\/td><td><p><strong>Mesle\u011fi i\u00e7in g\u00fcncel geli\u015fmeleri ve uygulamalar\u0131 takip eder, etkin \u015fekilde kullan\u0131r.<\/strong><\/p><\/td><\/tr><tr><td><p><strong>P\u00c7 4<\/strong><\/p><\/td><td><p><strong>Mesle\u011fi ile ilgili bili\u015fim teknolojilerini (yaz\u0131l\u0131m, program, animasyon vb.) etkin kullan\u0131r.<\/strong><\/p><\/td><\/tr><tr><td><p><strong>P\u00c7 5<\/strong><\/p><\/td><td><p><strong>Mesleki problemleri ve konular\u0131 ba\u011f\u0131ms\u0131z olarak analitik ve ele\u015ftirel bir yakla\u015f\u0131mla de\u011ferlendirme ve \u00e7\u00f6z\u00fcm \u00f6nerisini sunabilme becerisine sahiptir.<\/strong><\/p><\/td><\/tr><tr><td colspan=\"2\"><p><strong>YETK\u0130NL\u0130K<\/strong><\/p><\/td><\/tr><tr><td><p><strong>P\u00c7 6<\/strong><\/p><\/td><td><p><strong>Bilgi ve beceriler d\u00fczeyinde d\u00fc\u015f\u00fcncelerini yaz\u0131l\u0131 ve s\u00f6zl\u00fc ileti\u015fim yolu ile etkin bi\u00e7imde sunabilir, anla\u015f\u0131l\u0131r bi\u00e7imde ifade eder.<\/strong><\/p><\/td><\/tr><tr><td><p><strong>P\u00c7 7<\/strong><\/p><\/td><td><p><strong>Alan\u0131 ile ilgili uygulamalarda kar\u015f\u0131la\u015f\u0131lan ve \u00f6ng\u00f6r\u00fclemeyen karma\u015f\u0131k sorunlar\u0131 \u00e7\u00f6zmek i\u00e7in ekip \u00fcyesi olarak sorumluluk al\u0131r.<\/strong><\/p><\/td><\/tr><tr><td><p><strong>P\u00c7 8<\/strong><\/p><\/td><td><p><strong>Kariyer y\u00f6netimi ve ya\u015fam boyu \u00f6\u011frenme konular\u0131nda fark\u0131ndal\u0131\u011fa sahiptir.<\/strong><\/p><\/td><\/tr><tr><td><p><strong>P\u00c7 9<\/strong><\/p><\/td><td><p><strong>Alan\u0131 ile ilgili verilerin toplanmas\u0131, uygulanmas\u0131 ve sonu\u00e7lar\u0131n\u0131n duyurulmas\u0131 a\u015famalar\u0131nda toplumsal, bilimsel, k\u00fclt\u00fcrel ve etik de\u011ferlere sahiptir.<\/strong><\/p><\/td><\/tr><tr><td><p><strong>P\u00c7 10<\/strong><\/p><\/td><td><p><strong>Bir yabanc\u0131 dili kullanarak alan\u0131ndaki bilgileri takip eder ve meslekta\u015flar\u0131 ile ileti\u015fim kurar.<\/strong><\/p><\/td><\/tr><tr><td colspan=\"2\"><p><strong>Alana \u00d6zg\u00fc Yetkinlik<\/strong><\/p><\/td><\/tr><tr><td><p><strong>P\u00c7 11<\/strong><\/p><\/td><td><p><strong>Algoritma ve veri yap\u0131lar\u0131n\u0131 olu\u015fturur ve matematiksel hesaplar\u0131 yapar.<\/strong><\/p><\/td><\/tr><tr><td><p><strong>P\u00c7 12<\/strong><\/p><\/td><td><p><strong>Web programlama teknolojilerini a\u00e7\u0131klar ve uygular.<\/strong><\/p><\/td><\/tr><tr><td><p><strong>P\u00c7 13<\/strong><\/p><\/td><td><p><strong>Veri taban\u0131 tasar\u0131m\u0131 ve y\u00f6netimini ger\u00e7ekle\u015ftirir.<\/strong><\/p><\/td><\/tr><tr><td><p><strong>P\u00c7 14<\/strong><\/p><\/td><td><p><strong>Yaz\u0131l\u0131mlar\u0131 test eder ve hatalar\u0131 giderir.<\/strong><\/p><\/td><\/tr><tr><td><p><strong>P\u00c7 15<\/strong><\/p><\/td><td><p><strong>Bilgisayarlar\u0131n kurulum, bak\u0131m ve onar\u0131m i\u015flemlerini ger\u00e7ekle\u015ftirir.<\/strong><\/p><\/td><\/tr><\/tbody><\/table><p>\u00a0<\/p>\t\t\t\t\t\t\t\t<\/div>\n\t\t\t\t<\/div>\n\t\t\t\t\t<\/div>\n\t\t<\/div>\n\t\t\t\t\t<\/div>\n\t\t<\/section>\n\t\t\t\t<\/div>\n\t\t","protected":false},"excerpt":{"rendered":"<p>Bilgisayar Programc\u0131l\u0131\u011f\u0131 Program\u0131n\u0131n Ama\u00e7lar\u0131 ve E\u011fitim Hedefleri Program Amac\u0131 Hedefler \u00d6\u011frencilerin bili\u015fim sekt\u00f6r\u00fcne uygun, teorik ve pratik bilgiye sahip, geli\u015fen teknolojilere h\u00e2kim bireyler olarak yeti\u015fmesini sa\u011flamak \u00b7\u00a0\u00a0\u00a0\u00a0\u00a0\u00a0\u00a0\u00a0 \u00d6\u011frenciler, yaz\u0131l\u0131m geli\u015ftirme, sistem analizi, veri taban\u0131 y\u00f6netimi, a\u011f y\u00f6netimi gibi bili\u015fim alanlar\u0131nda y\u00fcksek d\u00fczeyde bilgi ve beceriye sahip olur (P\u00c7 1, P\u00c7 3, P\u00c7 4). \u00b7\u00a0\u00a0\u00a0\u00a0\u00a0\u00a0\u00a0\u00a0 \u00d6\u011frenciler, [&hellip;]<\/p>\n","protected":false},"author":680,"featured_media":0,"parent":0,"menu_order":0,"comment_status":"closed","ping_status":"closed","template":"","meta":{"footnotes":""},"class_list":["post-6286","page","type-page","status-publish","hentry"],"_links":{"self":[{"href":"https:\/\/atauni.edu.tr\/bilgisayar-programciligi-programi-1\/wp-json\/wp\/v2\/pages\/6286","targetHints":{"allow":["GET"]}}],"collection":[{"href":"https:\/\/atauni.edu.tr\/bilgisayar-programciligi-programi-1\/wp-json\/wp\/v2\/pages"}],"about":[{"href":"https:\/\/atauni.edu.tr\/bilgisayar-programciligi-programi-1\/wp-json\/wp\/v2\/types\/page"}],"author":[{"embeddable":true,"href":"https:\/\/atauni.edu.tr\/bilgisayar-programciligi-programi-1\/wp-json\/wp\/v2\/users\/680"}],"replies":[{"embeddable":true,"href":"https:\/\/atauni.edu.tr\/bilgisayar-programciligi-programi-1\/wp-json\/wp\/v2\/comments?post=6286"}],"version-history":[{"count":8,"href":"https:\/\/atauni.edu.tr\/bilgisayar-programciligi-programi-1\/wp-json\/wp\/v2\/pages\/6286\/revisions"}],"predecessor-version":[{"id":6306,"href":"https:\/\/atauni.edu.tr\/bilgisayar-programciligi-programi-1\/wp-json\/wp\/v2\/pages\/6286\/revisions\/6306"}],"wp:attachment":[{"href":"https:\/\/atauni.edu.tr\/bilgisayar-programciligi-programi-1\/wp-json\/wp\/v2\/media?parent=6286"}],"curies":[{"name":"wp","href":"https:\/\/api.w.org\/{rel}","templated":true}]}}