{"id":5682,"date":"2021-07-13T10:10:01","date_gmt":"2021-07-13T07:10:01","guid":{"rendered":"https:\/\/portaltest.atauni.edu.tr\/bilgisayar-muhendisligi\/?page_id=5682"},"modified":"2021-08-27T15:48:11","modified_gmt":"2021-08-27T12:48:11","slug":"misyon-vizyon-ve-temel-degerler","status":"publish","type":"page","link":"https:\/\/atauni.edu.tr\/bilgisayar-programciligi-programi-2\/misyon-vizyon-ve-temel-degerler\/","title":{"rendered":"Misyon, Vizyon ve Temel De\u011ferler"},"content":{"rendered":"\t\t<div data-elementor-type=\"wp-page\" data-elementor-id=\"5682\" class=\"elementor elementor-5682\" data-elementor-post-type=\"page\">\n\t\t\t\t\t\t<section class=\"elementor-section elementor-top-section elementor-element elementor-element-730d320 elementor-section-boxed elementor-section-height-default elementor-section-height-default\" data-id=\"730d320\" data-element_type=\"section\">\n\t\t\t\t\t\t<div class=\"elementor-container elementor-column-gap-default\">\n\t\t\t\t\t<div class=\"elementor-column elementor-col-100 elementor-top-column elementor-element elementor-element-753d0860\" data-id=\"753d0860\" data-element_type=\"column\">\n\t\t\t<div class=\"elementor-widget-wrap\">\n\t\t\t\t\t\t\t<\/div>\n\t\t<\/div>\n\t\t\t\t\t<\/div>\n\t\t<\/section>\n\t\t\t\t<section class=\"elementor-section elementor-top-section elementor-element elementor-element-9be811a elementor-section-boxed elementor-section-height-default elementor-section-height-default\" data-id=\"9be811a\" data-element_type=\"section\">\n\t\t\t\t\t\t<div class=\"elementor-container elementor-column-gap-default\">\n\t\t\t\t\t<div class=\"elementor-column elementor-col-100 elementor-top-column elementor-element elementor-element-1ed847b7\" data-id=\"1ed847b7\" data-element_type=\"column\">\n\t\t\t<div class=\"elementor-widget-wrap elementor-element-populated\">\n\t\t\t\t\t\t<div class=\"elementor-element elementor-element-4ce0d07f elementor-widget elementor-widget-heading\" data-id=\"4ce0d07f\" data-element_type=\"widget\" data-widget_type=\"heading.default\">\n\t\t\t\t<div class=\"elementor-widget-container\">\n\t\t\t\t\t<h2 class=\"elementor-heading-title elementor-size-default\">Misyon, Vizyon ve Temel De\u011ferler<\/h2>\t\t\t\t<\/div>\n\t\t\t\t<\/div>\n\t\t\t\t<div class=\"elementor-element elementor-element-63260862 elementor-widget-divider--view-line elementor-widget elementor-widget-divider\" data-id=\"63260862\" data-element_type=\"widget\" data-widget_type=\"divider.default\">\n\t\t\t\t<div class=\"elementor-widget-container\">\n\t\t\t\t\t\t\t<div class=\"elementor-divider\">\n\t\t\t<span class=\"elementor-divider-separator\">\n\t\t\t\t\t\t<\/span>\n\t\t<\/div>\n\t\t\t\t\t\t<\/div>\n\t\t\t\t<\/div>\n\t\t\t\t\t<\/div>\n\t\t<\/div>\n\t\t\t\t\t<\/div>\n\t\t<\/section>\n\t\t\t\t<section class=\"elementor-section elementor-top-section elementor-element elementor-element-681db8b elementor-section-boxed elementor-section-height-default elementor-section-height-default\" data-id=\"681db8b\" data-element_type=\"section\">\n\t\t\t\t\t\t<div class=\"elementor-container elementor-column-gap-default\">\n\t\t\t\t\t<div class=\"elementor-column elementor-col-100 elementor-top-column elementor-element elementor-element-ad4dac5\" data-id=\"ad4dac5\" data-element_type=\"column\">\n\t\t\t<div class=\"elementor-widget-wrap elementor-element-populated\">\n\t\t\t\t\t\t<div class=\"elementor-element elementor-element-2f96b3d elementor-widget elementor-widget-text-editor\" data-id=\"2f96b3d\" data-element_type=\"widget\" data-widget_type=\"text-editor.default\">\n\t\t\t\t<div class=\"elementor-widget-container\">\n\t\t\t\t\t\t\t\t\t<p>Atat\u00fcrk \u00dcniversitesi Bilgisayar Programc\u0131l\u0131\u011f\u0131 Program\u0131n\u0131n misyonu, \u00f6\u011frencilere g\u00fcncel teknolojileri kullanarak y\u00fcksek kaliteye sahip yaz\u0131l\u0131m geli\u015ftirme becerilerini kazand\u0131rmakt\u0131r. Bu ama\u00e7la program, s\u00fcrekli g\u00fcncellenen m\u00fcfredat\u0131 ve deneyimli \u00f6\u011fretim elemanlar\u0131 ile \u00f6\u011frencilere geni\u015f bir yelpaze sunar.<\/p>\n<p>Vizyonumuz, sekt\u00f6r\u00fcn ihtiya\u00e7 duydu\u011fu nitelikli bilgisayar programc\u0131lar\u0131n\u0131 yeti\u015ftirerek \u00fclkenin teknolojik geli\u015fimine katk\u0131da bulunmakt\u0131r. Program\u0131n temel hedefi, mezunlar\u0131n\u0131n kendi alan\u0131nda uzman, yenilik\u00e7i ve s\u00fcrekli \u00f6\u011frenen bireyler olarak yeti\u015fmesini sa\u011flamakt\u0131r.<\/p>\n<p>Temel de\u011ferlerimiz aras\u0131nda \u00f6\u011frencilere kaliteli e\u011fitim sunmak, \u00f6\u011fretim elemanlar\u0131m\u0131z\u0131n s\u00fcrekli mesleki geli\u015fimini desteklemek ve topluma kar\u015f\u0131 sorumluluk bilinciyle hareket etmek yer al\u0131r. Ayr\u0131ca, etik de\u011ferlere uygun davran\u0131\u015flar sergilemek ve \u00e7evresel duyarl\u0131l\u0131\u011f\u0131 te\u015fvik etmek de program\u0131m\u0131z\u0131n temel ilkeleridir.<\/p>\n<p>Program\u0131m\u0131z\u0131n ama\u00e7lar\u0131 aras\u0131nda, \u00f6\u011frencilere problem \u00e7\u00f6zme becerisi kazand\u0131rmak, tak\u0131m \u00e7al\u0131\u015fmas\u0131na yatk\u0131n ki\u015filer yeti\u015ftirerek i\u015f birli\u011fi ruhunu geli\u015ftirmek ve sekt\u00f6rle olan ba\u011flar\u0131n\u0131 g\u00fc\u00e7lendirmek bulunur. Bunlar arac\u0131l\u0131\u011f\u0131yla, mezunlar\u0131m\u0131z\u0131n kariyerlerinde ba\u015far\u0131l\u0131 olmalar\u0131na yard\u0131mc\u0131 olmak ve \u00fclkemizin teknolojik ilerlemesine katk\u0131da bulunmak hedeflenmektedir.<\/p>\t\t\t\t\t\t\t\t<\/div>\n\t\t\t\t<\/div>\n\t\t\t\t\t<\/div>\n\t\t<\/div>\n\t\t\t\t\t<\/div>\n\t\t<\/section>\n\t\t\t\t<\/div>\n\t\t","protected":false},"excerpt":{"rendered":"<p>Misyon, Vizyon ve Temel De\u011ferler Lorem Ipsum Nedir? Lorem Ipsum, dizgi ve bask\u0131 end\u00fcstrisinde kullan\u0131lan m\u0131g\u0131r metinlerdir. Lorem Ipsum, ad\u0131 bilinmeyen bir matbaac\u0131n\u0131n bir hurufat numune kitab\u0131 olu\u015fturmak \u00fczere bir yaz\u0131 galerisini alarak kar\u0131\u015ft\u0131rd\u0131\u011f\u0131 1500&#8217;lerden beri end\u00fcstri standard\u0131 sahte metinler olarak kullan\u0131lm\u0131\u015ft\u0131r. Be\u015fy\u00fcz y\u0131l boyunca varl\u0131\u011f\u0131n\u0131 s\u00fcrd\u00fcrmekle kalmam\u0131\u015f, ayn\u0131 zamanda pek de\u011fi\u015fmeden elektronik dizgiye de [&hellip;]<\/p>\n","protected":false},"author":1,"featured_media":0,"parent":0,"menu_order":0,"comment_status":"closed","ping_status":"closed","template":"elementor_header_footer","meta":{"footnotes":""},"class_list":["post-5682","page","type-page","status-publish","hentry"],"_links":{"self":[{"href":"https:\/\/atauni.edu.tr\/bilgisayar-programciligi-programi-2\/wp-json\/wp\/v2\/pages\/5682","targetHints":{"allow":["GET"]}}],"collection":[{"href":"https:\/\/atauni.edu.tr\/bilgisayar-programciligi-programi-2\/wp-json\/wp\/v2\/pages"}],"about":[{"href":"https:\/\/atauni.edu.tr\/bilgisayar-programciligi-programi-2\/wp-json\/wp\/v2\/types\/page"}],"author":[{"embeddable":true,"href":"https:\/\/atauni.edu.tr\/bilgisayar-programciligi-programi-2\/wp-json\/wp\/v2\/users\/1"}],"replies":[{"embeddable":true,"href":"https:\/\/atauni.edu.tr\/bilgisayar-programciligi-programi-2\/wp-json\/wp\/v2\/comments?post=5682"}],"version-history":[{"count":8,"href":"https:\/\/atauni.edu.tr\/bilgisayar-programciligi-programi-2\/wp-json\/wp\/v2\/pages\/5682\/revisions"}],"predecessor-version":[{"id":6079,"href":"https:\/\/atauni.edu.tr\/bilgisayar-programciligi-programi-2\/wp-json\/wp\/v2\/pages\/5682\/revisions\/6079"}],"wp:attachment":[{"href":"https:\/\/atauni.edu.tr\/bilgisayar-programciligi-programi-2\/wp-json\/wp\/v2\/media?parent=5682"}],"curies":[{"name":"wp","href":"https:\/\/api.w.org\/{rel}","templated":true}]}}