{"id":5751,"date":"2021-07-13T12:50:27","date_gmt":"2021-07-13T09:50:27","guid":{"rendered":"https:\/\/portaltest.atauni.edu.tr\/bilgisayar-muhendisligi\/?page_id=5751"},"modified":"2021-08-27T15:49:39","modified_gmt":"2021-08-27T12:49:39","slug":"lisansustu-ders-listesi","status":"publish","type":"page","link":"https:\/\/atauni.edu.tr\/bilgisayar-tabanli-biyolojik-sistemler-modelleme-ve-simulasyon-koordinatoru\/lisansustu-ders-listesi\/","title":{"rendered":"Ders Listesi"},"content":{"rendered":"\t\t<div data-elementor-type=\"wp-page\" data-elementor-id=\"5751\" class=\"elementor elementor-5751\" data-elementor-post-type=\"page\">\n\t\t\t\t\t\t<section class=\"elementor-section elementor-top-section elementor-element elementor-element-730d320 elementor-section-boxed elementor-section-height-default elementor-section-height-default\" data-id=\"730d320\" data-element_type=\"section\">\n\t\t\t\t\t\t<div class=\"elementor-container elementor-column-gap-default\">\n\t\t\t\t\t<div class=\"elementor-column elementor-col-100 elementor-top-column elementor-element elementor-element-753d0860\" data-id=\"753d0860\" data-element_type=\"column\">\n\t\t\t<div class=\"elementor-widget-wrap\">\n\t\t\t\t\t\t\t<\/div>\n\t\t<\/div>\n\t\t\t\t\t<\/div>\n\t\t<\/section>\n\t\t\t\t<section class=\"elementor-section elementor-top-section elementor-element elementor-element-9be811a elementor-section-boxed elementor-section-height-default elementor-section-height-default\" data-id=\"9be811a\" data-element_type=\"section\">\n\t\t\t\t\t\t<div class=\"elementor-container elementor-column-gap-default\">\n\t\t\t\t\t<div class=\"elementor-column elementor-col-100 elementor-top-column elementor-element elementor-element-1ed847b7\" data-id=\"1ed847b7\" data-element_type=\"column\">\n\t\t\t<div class=\"elementor-widget-wrap elementor-element-populated\">\n\t\t\t\t\t\t<div class=\"elementor-element elementor-element-4ce0d07f elementor-widget elementor-widget-heading\" data-id=\"4ce0d07f\" data-element_type=\"widget\" data-widget_type=\"heading.default\">\n\t\t\t\t<div class=\"elementor-widget-container\">\n\t\t\t\t\t<h2 class=\"elementor-heading-title elementor-size-default\">Lisans\u00fcst\u00fc Ders Listesi<\/h2>\t\t\t\t<\/div>\n\t\t\t\t<\/div>\n\t\t\t\t<div class=\"elementor-element elementor-element-63260862 elementor-widget-divider--view-line elementor-widget elementor-widget-divider\" data-id=\"63260862\" data-element_type=\"widget\" data-widget_type=\"divider.default\">\n\t\t\t\t<div class=\"elementor-widget-container\">\n\t\t\t\t\t\t\t<div class=\"elementor-divider\">\n\t\t\t<span class=\"elementor-divider-separator\">\n\t\t\t\t\t\t<\/span>\n\t\t<\/div>\n\t\t\t\t\t\t<\/div>\n\t\t\t\t<\/div>\n\t\t\t\t\t<\/div>\n\t\t<\/div>\n\t\t\t\t\t<\/div>\n\t\t<\/section>\n\t\t\t\t<section class=\"elementor-section elementor-top-section elementor-element elementor-element-6a5b7ef elementor-section-boxed elementor-section-height-default elementor-section-height-default\" data-id=\"6a5b7ef\" data-element_type=\"section\">\n\t\t\t\t\t\t<div class=\"elementor-container elementor-column-gap-default\">\n\t\t\t\t\t<div class=\"elementor-column elementor-col-100 elementor-top-column elementor-element elementor-element-ce70762\" data-id=\"ce70762\" data-element_type=\"column\">\n\t\t\t<div class=\"elementor-widget-wrap elementor-element-populated\">\n\t\t\t\t\t\t<div class=\"elementor-element elementor-element-b780842 elementor-widget elementor-widget-text-editor\" data-id=\"b780842\" data-element_type=\"widget\" data-widget_type=\"text-editor.default\">\n\t\t\t\t<div class=\"elementor-widget-container\">\n\t\t\t\t\t\t\t\t\t<h2>Ders Listesi<\/h2>\n<p>B\u00f6l\u00fcm\u00fcm\u00fcz\u00fcn sundu\u011fu dersler \u00f6\u011frencilerin alan\u0131ndaki temel bilgileri \u00f6\u011frenmelerine yard\u0131mc\u0131 olur. Derslerimiz teorik ve uygulamal\u0131 i\u00e7erikler i\u00e7ermektedir.<\/p>\n<ul>\n  <li>Temel Matematik<\/li>\n  <li>Bilgisayar Programlama<\/li>\n  <li>Veri Yap\u0131lar\u0131<\/li>\n  <li>Algoritma Analizi<\/li>\n  <li>Nesne Y\u00f6nelimli Programlama<\/li>\n  <li>Web Teknolojileri<\/li>\n  <li>Veritaban\u0131 Y\u00f6netim Sistemleri<\/li>\n  <li>Bilgisayar A\u011flar\u0131<\/li>\n  <li>Cyber G\u00fcvenlik<\/li>\n  <li>Yaz\u0131l\u0131m M\u00fchendisli\u011fi<\/li>\n<\/ul>\n<p>Derslerimize kay\u0131t yapt\u0131rarak b\u00f6l\u00fcm\u00fcm\u00fcz\u00fcn sunmu\u015f oldu\u011fu olanaklardan yararlanabilirsiniz. Derslerimiz alan\u0131nda uzman akademisyenler taraf\u0131ndan verilmektedir.<\/p>\t\t\t\t\t\t\t\t<\/div>\n\t\t\t\t<\/div>\n\t\t\t\t\t<\/div>\n\t\t<\/div>\n\t\t\t\t\t<\/div>\n\t\t<\/section>\n\t\t\t\t<\/div>\n\t\t","protected":false},"excerpt":{"rendered":"<p>**Ders Listesi** A\u015fa\u011f\u0131daki listede b\u00f6l\u00fcm\u00fcm\u00fcz\u00fcn sundu\u011fu dersler yer almaktad\u0131r. \u00d6\u011frencilerimiz, akademik dan\u0131\u015fmanlar\u0131yla birlikte bu dersleri alarak mezuniyet ko\u015fullar\u0131n\u0131 tamamlayabilirler. * Temel Matematik * Fizik * Kimya * Bilgisayar Programlama * \u0130statistik * M\u00fchendislik Tasar\u0131m\u0131 * Malzeme Bilimi * Elektronik Devreler * Kontrol Sistemleri * Enerji Sistemleri * Mekanik Sistemler * Termodynamik * Ak\u0131\u015fkanlar Mekani\u011fi L\u00fctfen [&hellip;]<\/p>\n","protected":false},"author":1,"featured_media":0,"parent":0,"menu_order":0,"comment_status":"closed","ping_status":"closed","template":"elementor_header_footer","meta":{"footnotes":""},"class_list":["post-5751","page","type-page","status-publish","hentry"],"_links":{"self":[{"href":"https:\/\/atauni.edu.tr\/bilgisayar-tabanli-biyolojik-sistemler-modelleme-ve-simulasyon-koordinatoru\/wp-json\/wp\/v2\/pages\/5751","targetHints":{"allow":["GET"]}}],"collection":[{"href":"https:\/\/atauni.edu.tr\/bilgisayar-tabanli-biyolojik-sistemler-modelleme-ve-simulasyon-koordinatoru\/wp-json\/wp\/v2\/pages"}],"about":[{"href":"https:\/\/atauni.edu.tr\/bilgisayar-tabanli-biyolojik-sistemler-modelleme-ve-simulasyon-koordinatoru\/wp-json\/wp\/v2\/types\/page"}],"author":[{"embeddable":true,"href":"https:\/\/atauni.edu.tr\/bilgisayar-tabanli-biyolojik-sistemler-modelleme-ve-simulasyon-koordinatoru\/wp-json\/wp\/v2\/users\/1"}],"replies":[{"embeddable":true,"href":"https:\/\/atauni.edu.tr\/bilgisayar-tabanli-biyolojik-sistemler-modelleme-ve-simulasyon-koordinatoru\/wp-json\/wp\/v2\/comments?post=5751"}],"version-history":[{"count":11,"href":"https:\/\/atauni.edu.tr\/bilgisayar-tabanli-biyolojik-sistemler-modelleme-ve-simulasyon-koordinatoru\/wp-json\/wp\/v2\/pages\/5751\/revisions"}],"predecessor-version":[{"id":6097,"href":"https:\/\/atauni.edu.tr\/bilgisayar-tabanli-biyolojik-sistemler-modelleme-ve-simulasyon-koordinatoru\/wp-json\/wp\/v2\/pages\/5751\/revisions\/6097"}],"wp:attachment":[{"href":"https:\/\/atauni.edu.tr\/bilgisayar-tabanli-biyolojik-sistemler-modelleme-ve-simulasyon-koordinatoru\/wp-json\/wp\/v2\/media?parent=5751"}],"curies":[{"name":"wp","href":"https:\/\/api.w.org\/{rel}","templated":true}]}}