{"id":5791,"date":"2021-07-13T13:07:15","date_gmt":"2021-07-13T10:07:15","guid":{"rendered":"https:\/\/portaltest.atauni.edu.tr\/bilgisayar-muhendisligi\/?page_id=5791"},"modified":"2021-08-27T15:49:32","modified_gmt":"2021-08-27T12:49:32","slug":"staj","status":"publish","type":"page","link":"https:\/\/atauni.edu.tr\/bilgisayar-tabanli-biyolojik-sistemler-modelleme-ve-simulasyon-koordinatoru\/staj\/","title":{"rendered":"Staj"},"content":{"rendered":"\t\t<div data-elementor-type=\"wp-page\" data-elementor-id=\"5791\" class=\"elementor elementor-5791\" data-elementor-post-type=\"page\">\n\t\t\t\t\t\t<section class=\"elementor-section elementor-top-section elementor-element elementor-element-730d320 elementor-section-boxed elementor-section-height-default elementor-section-height-default\" data-id=\"730d320\" data-element_type=\"section\">\n\t\t\t\t\t\t<div class=\"elementor-container elementor-column-gap-default\">\n\t\t\t\t\t<div class=\"elementor-column elementor-col-100 elementor-top-column elementor-element elementor-element-753d0860\" data-id=\"753d0860\" data-element_type=\"column\">\n\t\t\t<div class=\"elementor-widget-wrap\">\n\t\t\t\t\t\t\t<\/div>\n\t\t<\/div>\n\t\t\t\t\t<\/div>\n\t\t<\/section>\n\t\t\t\t<section class=\"elementor-section elementor-top-section elementor-element elementor-element-9be811a elementor-section-boxed elementor-section-height-default elementor-section-height-default\" data-id=\"9be811a\" data-element_type=\"section\">\n\t\t\t\t\t\t<div class=\"elementor-container elementor-column-gap-default\">\n\t\t\t\t\t<div class=\"elementor-column elementor-col-100 elementor-top-column elementor-element elementor-element-1ed847b7\" data-id=\"1ed847b7\" data-element_type=\"column\">\n\t\t\t<div class=\"elementor-widget-wrap elementor-element-populated\">\n\t\t\t\t\t\t<div class=\"elementor-element elementor-element-4ce0d07f elementor-widget elementor-widget-heading\" data-id=\"4ce0d07f\" data-element_type=\"widget\" data-widget_type=\"heading.default\">\n\t\t\t\t<div class=\"elementor-widget-container\">\n\t\t\t\t\t<h2 class=\"elementor-heading-title elementor-size-default\">Staj<\/h2>\t\t\t\t<\/div>\n\t\t\t\t<\/div>\n\t\t\t\t<div class=\"elementor-element elementor-element-63260862 elementor-widget-divider--view-line elementor-widget elementor-widget-divider\" data-id=\"63260862\" data-element_type=\"widget\" data-widget_type=\"divider.default\">\n\t\t\t\t<div class=\"elementor-widget-container\">\n\t\t\t\t\t\t\t<div class=\"elementor-divider\">\n\t\t\t<span class=\"elementor-divider-separator\">\n\t\t\t\t\t\t<\/span>\n\t\t<\/div>\n\t\t\t\t\t\t<\/div>\n\t\t\t\t<\/div>\n\t\t\t\t\t<\/div>\n\t\t<\/div>\n\t\t\t\t\t<\/div>\n\t\t<\/section>\n\t\t\t\t<section class=\"elementor-section elementor-top-section elementor-element elementor-element-10e8347 elementor-section-boxed elementor-section-height-default elementor-section-height-default\" data-id=\"10e8347\" data-element_type=\"section\">\n\t\t\t\t\t\t<div class=\"elementor-container elementor-column-gap-default\">\n\t\t\t\t\t<div class=\"elementor-column elementor-col-100 elementor-top-column elementor-element elementor-element-795ab05\" data-id=\"795ab05\" data-element_type=\"column\">\n\t\t\t<div class=\"elementor-widget-wrap elementor-element-populated\">\n\t\t\t\t\t\t<div class=\"elementor-element elementor-element-4524745 elementor-widget elementor-widget-text-editor\" data-id=\"4524745\" data-element_type=\"widget\" data-widget_type=\"text-editor.default\">\n\t\t\t\t<div class=\"elementor-widget-container\">\n\t\t\t\t\t\t\t\t\t<h2>Staj<\/h2>\n<p>B\u00f6l\u00fcm\u00fcm\u00fcz\u00fcn staj s\u00fcreci, \u00f6\u011frencilerimizin teorik bilgileri pratik alanda deneyimleme f\u0131rsat\u0131 sunar. \u00dc\u00e7\u00fcnc\u00fc s\u0131n\u0131f\u0131n sonunda ba\u015flayan staj s\u00fcrecinde \u00f6\u011frencilerimiz, sekt\u00f6rde faaliyet g\u00f6steren \u00e7e\u015fitli kurulu\u015flarda \u00e7al\u0131\u015fma deneyimi kazan\u0131r.<\/p>\n<p>Staj s\u00fcresi genellikle alt\u0131 hafta ile \u00fc\u00e7 ay aras\u0131nda de\u011fi\u015fir ve \u00f6\u011frencilerin i\u015f ortam\u0131na uyum sa\u011flamalar\u0131na yard\u0131mc\u0131 olur. Bu s\u00fcre\u00e7te \u00f6\u011frencilerimiz, ger\u00e7ek ya\u015fam ko\u015fullar\u0131nda problem \u00e7\u00f6zme becerilerini geli\u015ftirir ve mesleki yetkinliklerini peki\u015ftirir.<\/p>\n<p>Stajyerler, deneyim kazand\u0131klar\u0131 kurulu\u015flarda \u00e7e\u015fitli g\u00f6rev ve sorumluluklar \u00fcstlenir. Projelerde \u00e7al\u0131\u015fma, rapor haz\u0131rlama, sunum yapma gibi faaliyetlere kat\u0131l\u0131rlar. Ayr\u0131ca, sekt\u00f6r\u00fcn \u00f6nde gelen profesyonelleriyle tan\u0131\u015fma f\u0131rsat\u0131 bulurlar.<\/p>\n<p>B\u00f6l\u00fcm\u00fcm\u00fcz, \u00f6\u011frencilerin staj deneyiminden en y\u00fcksek fayday\u0131 elde etmeleri i\u00e7in destek verir. Staj komitesi, \u00f6\u011frencileri uygun kurulu\u015flarla e\u015fle\u015ftirmeye \u00e7al\u0131\u015f\u0131r ve staj s\u00fcresince gerekli rehberli\u011fi sa\u011flar.<\/p>\n<p>Staj, mezunlar\u0131m\u0131z\u0131n i\u015f ya\u015fam\u0131na haz\u0131rlanmalar\u0131nda \u00f6nemli bir ad\u0131md\u0131r. Mezunlar\u0131m\u0131z, staj deneyimi sayesinde edindikleri becerilerle birlikte kariyerlerinde ba\u015far\u0131l\u0131 bir \u015fekilde ilerleme \u015fans\u0131n\u0131 elde ederler.<\/p>\t\t\t\t\t\t\t\t<\/div>\n\t\t\t\t<\/div>\n\t\t\t\t\t<\/div>\n\t\t<\/div>\n\t\t\t\t\t<\/div>\n\t\t<\/section>\n\t\t\t\t<\/div>\n\t\t","protected":false},"excerpt":{"rendered":"<p>**Staj** Staj, \u00f6\u011frencilerin veya yeni mezunlar\u0131n i\u015f ortam\u0131na al\u0131\u015fmalar\u0131n\u0131 ve deneyim kazanmalar\u0131n\u0131 sa\u011flayan bir e\u011fitim s\u00fcrecidir. Staj programlar\u0131 genellikle \u00fcniversiteler veya meslek okullar\u0131 ile birlikte i\u015fletmeler taraf\u0131ndan d\u00fczenlenmektedir. Staj\u0131n amac\u0131, kat\u0131l\u0131mc\u0131lara teorik bilgilerini pratikte uygulayarak deneyim kazand\u0131rmak ve sekt\u00f6rde \u00e7al\u0131\u015fmaya haz\u0131r hale getirmektir. Bu sayede stajyerler, i\u015f ortam\u0131nda kar\u015f\u0131la\u015fabilecekleri sorunlara nas\u0131l \u00e7\u00f6z\u00fcm bulacaklar\u0131n\u0131 \u00f6\u011frenirler ve [&hellip;]<\/p>\n","protected":false},"author":1,"featured_media":0,"parent":0,"menu_order":0,"comment_status":"closed","ping_status":"closed","template":"elementor_header_footer","meta":{"footnotes":""},"class_list":["post-5791","page","type-page","status-publish","hentry"],"_links":{"self":[{"href":"https:\/\/atauni.edu.tr\/bilgisayar-tabanli-biyolojik-sistemler-modelleme-ve-simulasyon-koordinatoru\/wp-json\/wp\/v2\/pages\/5791","targetHints":{"allow":["GET"]}}],"collection":[{"href":"https:\/\/atauni.edu.tr\/bilgisayar-tabanli-biyolojik-sistemler-modelleme-ve-simulasyon-koordinatoru\/wp-json\/wp\/v2\/pages"}],"about":[{"href":"https:\/\/atauni.edu.tr\/bilgisayar-tabanli-biyolojik-sistemler-modelleme-ve-simulasyon-koordinatoru\/wp-json\/wp\/v2\/types\/page"}],"author":[{"embeddable":true,"href":"https:\/\/atauni.edu.tr\/bilgisayar-tabanli-biyolojik-sistemler-modelleme-ve-simulasyon-koordinatoru\/wp-json\/wp\/v2\/users\/1"}],"replies":[{"embeddable":true,"href":"https:\/\/atauni.edu.tr\/bilgisayar-tabanli-biyolojik-sistemler-modelleme-ve-simulasyon-koordinatoru\/wp-json\/wp\/v2\/comments?post=5791"}],"version-history":[{"count":8,"href":"https:\/\/atauni.edu.tr\/bilgisayar-tabanli-biyolojik-sistemler-modelleme-ve-simulasyon-koordinatoru\/wp-json\/wp\/v2\/pages\/5791\/revisions"}],"predecessor-version":[{"id":6094,"href":"https:\/\/atauni.edu.tr\/bilgisayar-tabanli-biyolojik-sistemler-modelleme-ve-simulasyon-koordinatoru\/wp-json\/wp\/v2\/pages\/5791\/revisions\/6094"}],"wp:attachment":[{"href":"https:\/\/atauni.edu.tr\/bilgisayar-tabanli-biyolojik-sistemler-modelleme-ve-simulasyon-koordinatoru\/wp-json\/wp\/v2\/media?parent=5791"}],"curies":[{"name":"wp","href":"https:\/\/api.w.org\/{rel}","templated":true}]}}