{"id":6071,"date":"2021-08-27T15:45:02","date_gmt":"2021-08-27T12:45:02","guid":{"rendered":"https:\/\/birimler.atauni.edu.tr\/bilgisayar-tabanli-biyolojik-sistemler-modelleme-ve-simulasyon-koordinatoru\/?page_id=6071"},"modified":"2021-09-13T10:22:11","modified_gmt":"2021-09-13T07:22:11","slug":"bolum-kurulu-kararlari","status":"publish","type":"page","link":"https:\/\/atauni.edu.tr\/bilgisayar-tabanli-biyolojik-sistemler-modelleme-ve-simulasyon-koordinatoru\/bolum-kurulu-kararlari\/","title":{"rendered":"B\u00f6l\u00fcm Kurulu Kararlar\u0131"},"content":{"rendered":"\t\t<div data-elementor-type=\"wp-page\" data-elementor-id=\"6071\" class=\"elementor elementor-6071\" data-elementor-post-type=\"page\">\n\t\t\t\t\t\t<section class=\"elementor-section elementor-top-section elementor-element elementor-element-730d320 elementor-section-boxed elementor-section-height-default elementor-section-height-default\" data-id=\"730d320\" data-element_type=\"section\">\n\t\t\t\t\t\t<div class=\"elementor-container elementor-column-gap-default\">\n\t\t\t\t\t<div class=\"elementor-column elementor-col-100 elementor-top-column elementor-element elementor-element-753d0860\" data-id=\"753d0860\" data-element_type=\"column\">\n\t\t\t<div class=\"elementor-widget-wrap\">\n\t\t\t\t\t\t\t<\/div>\n\t\t<\/div>\n\t\t\t\t\t<\/div>\n\t\t<\/section>\n\t\t\t\t<section class=\"elementor-section elementor-top-section elementor-element elementor-element-9be811a elementor-section-boxed elementor-section-height-default elementor-section-height-default\" data-id=\"9be811a\" data-element_type=\"section\">\n\t\t\t\t\t\t<div class=\"elementor-container elementor-column-gap-default\">\n\t\t\t\t\t<div class=\"elementor-column elementor-col-100 elementor-top-column elementor-element elementor-element-1ed847b7\" data-id=\"1ed847b7\" data-element_type=\"column\">\n\t\t\t<div class=\"elementor-widget-wrap elementor-element-populated\">\n\t\t\t\t\t\t<div class=\"elementor-element elementor-element-4ce0d07f elementor-widget elementor-widget-heading\" data-id=\"4ce0d07f\" data-element_type=\"widget\" data-widget_type=\"heading.default\">\n\t\t\t\t<div class=\"elementor-widget-container\">\n\t\t\t\t\t<h2 class=\"elementor-heading-title elementor-size-default\">B\u00f6l\u00fcm Kurulu Kararlar\u0131<\/h2>\t\t\t\t<\/div>\n\t\t\t\t<\/div>\n\t\t\t\t<div class=\"elementor-element elementor-element-63260862 elementor-widget-divider--view-line elementor-widget elementor-widget-divider\" data-id=\"63260862\" data-element_type=\"widget\" data-widget_type=\"divider.default\">\n\t\t\t\t<div class=\"elementor-widget-container\">\n\t\t\t\t\t\t\t<div class=\"elementor-divider\">\n\t\t\t<span class=\"elementor-divider-separator\">\n\t\t\t\t\t\t<\/span>\n\t\t<\/div>\n\t\t\t\t\t\t<\/div>\n\t\t\t\t<\/div>\n\t\t\t\t\t<\/div>\n\t\t<\/div>\n\t\t\t\t\t<\/div>\n\t\t<\/section>\n\t\t\t\t<section class=\"elementor-section elementor-top-section elementor-element elementor-element-681db8b elementor-section-boxed elementor-section-height-default elementor-section-height-default\" data-id=\"681db8b\" data-element_type=\"section\">\n\t\t\t\t\t\t<div class=\"elementor-container elementor-column-gap-default\">\n\t\t\t\t\t<div class=\"elementor-column elementor-col-100 elementor-top-column elementor-element elementor-element-ad4dac5\" data-id=\"ad4dac5\" data-element_type=\"column\">\n\t\t\t<div class=\"elementor-widget-wrap elementor-element-populated\">\n\t\t\t\t\t\t<div class=\"elementor-element elementor-element-2f96b3d elementor-widget elementor-widget-text-editor\" data-id=\"2f96b3d\" data-element_type=\"widget\" data-widget_type=\"text-editor.default\">\n\t\t\t\t<div class=\"elementor-widget-container\">\n\t\t\t\t\t\t\t\t\t<p>B&ouml;l&uuml;m Kurulu Kararlar\u0131<\/p>\n<p>B&ouml;l&uuml;m kurulu, b&ouml;l&uuml;me ili\u015fkin &ouml;nemlidir. B&ouml;l&uuml;m kurulunun kararlar\u0131, b&ouml;l&uuml;m&uuml;n i\u015fleyi\u015fini ve faaliyetlerini etkileyen &ouml;nemli konular\u0131 kapsar.<\/p>\n<p>B&ouml;l&uuml;m kurulu taraf\u0131ndan al\u0131nan kararlar aras\u0131nda \u015funlar yer alabilir:<\/p>\n<ul>\n<li>&Ouml;\u011fretim programlar\u0131n\u0131n geli\u015ftirilmesi ve uygulanmas\u0131<\/li>\n<li>B&ouml;l&uuml;m b&uuml;tcelerinin haz\u0131rlanmas\u0131 ve uygulanmas\u0131<\/li>\n<li>Personel atamalar\u0131 ve &ouml;zl&uuml;k i\u015flemleri<\/li>\n<li>Ara\u015ft\u0131rma projelerinin de\u011ferlendirilmesi ve desteklenmesi<\/li>\n<li>B&ouml;l&uuml;m&uuml;n tan\u0131t\u0131m\u0131 ve halkla ili\u015fkiler faaliyetleri<\/li>\n<\/ul>\n<p>B&ouml;l&uuml;m kurulunun kararlar\u0131, b&ouml;l&uuml;me ili\u015fkin &ouml;nemlidir ve b&ouml;l&uuml;m&uuml;n i\u015fleyi\u015fini ve faaliyetlerini etkileyen &ouml;nemli konular\u0131 kapsar. B&ouml;l&uuml;m kurulu, b&ouml;l&uuml;m&uuml;n hedeflerine ula\u015fmas\u0131 i&ccedil;in gerekli kararlar\u0131 al\u0131r ve uygulamalar\u0131 takip eder.<\/p>\t\t\t\t\t\t\t\t<\/div>\n\t\t\t\t<\/div>\n\t\t\t\t\t<\/div>\n\t\t<\/div>\n\t\t\t\t\t<\/div>\n\t\t<\/section>\n\t\t\t\t<\/div>\n\t\t","protected":false},"excerpt":{"rendered":"<p>**B\u00f6l\u00fcm Kurulu Kararlar\u0131** B\u00f6l\u00fcm\u00fcm\u00fcz\u00fcn y\u00f6netimini sa\u011flayan B\u00f6l\u00fcm Kurulu, \u00e7e\u015fitli toplant\u0131lar d\u00fczenleyerek wichtig kararlar al\u0131r. Bu kararlar, b\u00f6l\u00fcm\u00fcn akademik ve idari i\u015fleyi\u015fini etkileyen konularda al\u0131n\u0131r ve t\u00fcm \u00f6\u011frenci, \u00f6\u011fretim eleman\u0131 ve personelin interestlerini g\u00f6z \u00f6n\u00fcnde bulundurur. B\u00f6l\u00fcm Kurulu Kararlar\u0131, b\u00f6l\u00fcm\u00fcn resmi web sayfas\u0131nda yay\u0131nlan\u0131r ve ilgili t\u00fcm ki\u015fi ve kurumlar bilgilendirilir. Bu kararlar, b\u00f6l\u00fcm\u00fcn gelece\u011fi a\u00e7\u0131s\u0131ndan [&hellip;]<\/p>\n","protected":false},"author":1,"featured_media":0,"parent":0,"menu_order":0,"comment_status":"closed","ping_status":"closed","template":"elementor_header_footer","meta":{"footnotes":""},"class_list":["post-6071","page","type-page","status-publish","hentry"],"_links":{"self":[{"href":"https:\/\/atauni.edu.tr\/bilgisayar-tabanli-biyolojik-sistemler-modelleme-ve-simulasyon-koordinatoru\/wp-json\/wp\/v2\/pages\/6071","targetHints":{"allow":["GET"]}}],"collection":[{"href":"https:\/\/atauni.edu.tr\/bilgisayar-tabanli-biyolojik-sistemler-modelleme-ve-simulasyon-koordinatoru\/wp-json\/wp\/v2\/pages"}],"about":[{"href":"https:\/\/atauni.edu.tr\/bilgisayar-tabanli-biyolojik-sistemler-modelleme-ve-simulasyon-koordinatoru\/wp-json\/wp\/v2\/types\/page"}],"author":[{"embeddable":true,"href":"https:\/\/atauni.edu.tr\/bilgisayar-tabanli-biyolojik-sistemler-modelleme-ve-simulasyon-koordinatoru\/wp-json\/wp\/v2\/users\/1"}],"replies":[{"embeddable":true,"href":"https:\/\/atauni.edu.tr\/bilgisayar-tabanli-biyolojik-sistemler-modelleme-ve-simulasyon-koordinatoru\/wp-json\/wp\/v2\/comments?post=6071"}],"version-history":[{"count":7,"href":"https:\/\/atauni.edu.tr\/bilgisayar-tabanli-biyolojik-sistemler-modelleme-ve-simulasyon-koordinatoru\/wp-json\/wp\/v2\/pages\/6071\/revisions"}],"predecessor-version":[{"id":6120,"href":"https:\/\/atauni.edu.tr\/bilgisayar-tabanli-biyolojik-sistemler-modelleme-ve-simulasyon-koordinatoru\/wp-json\/wp\/v2\/pages\/6071\/revisions\/6120"}],"wp:attachment":[{"href":"https:\/\/atauni.edu.tr\/bilgisayar-tabanli-biyolojik-sistemler-modelleme-ve-simulasyon-koordinatoru\/wp-json\/wp\/v2\/media?parent=6071"}],"curies":[{"name":"wp","href":"https:\/\/api.w.org\/{rel}","templated":true}]}}