{"id":5728,"date":"2021-07-13T11:33:38","date_gmt":"2021-07-13T08:33:38","guid":{"rendered":"https:\/\/portaltest.atauni.edu.tr\/bilgisayar-muhendisligi\/?page_id=5728"},"modified":"2021-12-16T11:57:51","modified_gmt":"2021-12-16T08:57:51","slug":"bolum-tanitimi","status":"publish","type":"page","link":"https:\/\/atauni.edu.tr\/bilgisayar-teknolojileri-bolumu-2\/bolum-tanitimi\/","title":{"rendered":"B\u00f6l\u00fcm Tan\u0131t\u0131m\u0131"},"content":{"rendered":"\t\t<div data-elementor-type=\"wp-page\" data-elementor-id=\"5728\" class=\"elementor elementor-5728\" data-elementor-post-type=\"page\">\n\t\t\t\t\t\t<section class=\"elementor-section elementor-top-section elementor-element elementor-element-730d320 elementor-section-boxed elementor-section-height-default elementor-section-height-default\" data-id=\"730d320\" data-element_type=\"section\">\n\t\t\t\t\t\t<div class=\"elementor-container elementor-column-gap-default\">\n\t\t\t\t\t<div class=\"elementor-column elementor-col-100 elementor-top-column elementor-element elementor-element-753d0860\" data-id=\"753d0860\" data-element_type=\"column\">\n\t\t\t<div class=\"elementor-widget-wrap\">\n\t\t\t\t\t\t\t<\/div>\n\t\t<\/div>\n\t\t\t\t\t<\/div>\n\t\t<\/section>\n\t\t\t\t<section class=\"elementor-section elementor-top-section elementor-element elementor-element-9be811a elementor-section-boxed elementor-section-height-default elementor-section-height-default\" data-id=\"9be811a\" data-element_type=\"section\">\n\t\t\t\t\t\t<div class=\"elementor-container elementor-column-gap-default\">\n\t\t\t\t\t<div class=\"elementor-column elementor-col-100 elementor-top-column elementor-element elementor-element-1ed847b7\" data-id=\"1ed847b7\" data-element_type=\"column\">\n\t\t\t<div class=\"elementor-widget-wrap elementor-element-populated\">\n\t\t\t\t\t\t<div class=\"elementor-element elementor-element-4ce0d07f elementor-widget elementor-widget-heading\" data-id=\"4ce0d07f\" data-element_type=\"widget\" data-widget_type=\"heading.default\">\n\t\t\t\t<div class=\"elementor-widget-container\">\n\t\t\t\t\t<h2 class=\"elementor-heading-title elementor-size-default\">B\u00f6l\u00fcm Tan\u0131t\u0131m\u0131<\/h2>\t\t\t\t<\/div>\n\t\t\t\t<\/div>\n\t\t\t\t<div class=\"elementor-element elementor-element-63260862 elementor-widget-divider--view-line elementor-widget elementor-widget-divider\" data-id=\"63260862\" data-element_type=\"widget\" data-widget_type=\"divider.default\">\n\t\t\t\t<div class=\"elementor-widget-container\">\n\t\t\t\t\t\t\t<div class=\"elementor-divider\">\n\t\t\t<span class=\"elementor-divider-separator\">\n\t\t\t\t\t\t<\/span>\n\t\t<\/div>\n\t\t\t\t\t\t<\/div>\n\t\t\t\t<\/div>\n\t\t\t\t\t<\/div>\n\t\t<\/div>\n\t\t\t\t\t<\/div>\n\t\t<\/section>\n\t\t\t\t<section class=\"elementor-section elementor-top-section elementor-element elementor-element-681db8b elementor-section-boxed elementor-section-height-default elementor-section-height-default\" data-id=\"681db8b\" data-element_type=\"section\">\n\t\t\t\t\t\t<div class=\"elementor-container elementor-column-gap-default\">\n\t\t\t\t\t<div class=\"elementor-column elementor-col-100 elementor-top-column elementor-element elementor-element-ad4dac5\" data-id=\"ad4dac5\" data-element_type=\"column\">\n\t\t\t<div class=\"elementor-widget-wrap elementor-element-populated\">\n\t\t\t\t\t\t<div class=\"elementor-element elementor-element-2f96b3d elementor-widget elementor-widget-text-editor\" data-id=\"2f96b3d\" data-element_type=\"widget\" data-widget_type=\"text-editor.default\">\n\t\t\t\t<div class=\"elementor-widget-container\">\n\t\t\t\t\t\t\t\t\t<h2>Neden Bilgisayar Programc\u0131l\u0131\u011f\u0131?<\/h2>\n<p>&nbsp; &nbsp; &nbsp; &nbsp; Bilgisayar Programc\u0131l\u0131\u011f\u0131 Program\u0131 d\u00fcnyada h\u0131zl\u0131 geli\u015fmeye paralel olarak ihtiya\u00e7 duyulan nitelikli elemanlar yeti\u015ftirmeyi, b\u00f6lgeye hizmet sunmay\u0131 ama\u00e7lar. Program \u00f6zellikle donan\u0131m bilgilerinin yan\u0131 s\u0131ra yaz\u0131l\u0131m bilgilerine yer verir; buna ba\u011fl\u0131 olarak programlama dilleri, veri taban\u0131 y\u00f6netim sistemleri, i\u015fletim sistemleri, internet uygulamalar\u0131 vb. programlama tekniklerini i\u00e7eren dersleri kapsar.<br>&nbsp; &nbsp; &nbsp; &nbsp; &nbsp;Mezunlar\u0131m\u0131z kamu ve \u00f6zel sekt\u00f6r bilgi i\u015flem merkezleri yan\u0131 s\u0131ra bilgisayar \u015firketlerinde bilgisayar programc\u0131s\u0131, bilgisayar teknikeri olarak \u00e7al\u0131\u015f\u0131rlar.<br>&nbsp; &nbsp; &nbsp; Mezunlar; \u00e7e\u015fitli sekt\u00f6rlerde, orta ve k\u00fc\u00e7\u00fck \u00f6l\u00e7ekli kurulu\u015flarda, Bilgisayar Programc\u0131s\u0131, Sistem Destek Eleman\u0131, Bilgisayar E\u011fitmeni, Yaz\u0131l\u0131m Uzman\u0131, Uygulama Programc\u0131s\u0131, A\u011f Sorumlusu, Analist Programc\u0131, Teknik Dan\u0131\u015fman, Web Tasar\u0131mc\u0131s\u0131, \u0130nternet Programc\u0131s\u0131, Yaz\u0131l\u0131m Koordinat\u00f6r\u00fc, Proje M\u00fcd\u00fcr\u00fc olarak i\u015f imkan\u0131 bulabilmektedirler.<br>&nbsp; &nbsp; &nbsp;Bu programdan dikey ge\u00e7i\u015f yap\u0131labilecek lisans programlar\u0131; Bilgisayar M\u00fchendisli\u011fi, Bilgisayar \u00d6\u011fretmenli\u011fi, Bilgi Teknolojileri, Bilgisayar Bilimleri, Bilgisayar-Enformatik, Fizik, \u0130statistik, Matematik-Bilgisayar gibi bilgisayar b\u00f6l\u00fcmleri ile uzay, yaz\u0131l\u0131m ve meteoroloji gibi m\u00fchendislik programlar\u0131d\u0131r.&nbsp;&nbsp;<\/p>\t\t\t\t\t\t\t\t<\/div>\n\t\t\t\t<\/div>\n\t\t\t\t\t<\/div>\n\t\t<\/div>\n\t\t\t\t\t<\/div>\n\t\t<\/section>\n\t\t\t\t<\/div>\n\t\t","protected":false},"excerpt":{"rendered":"<p>B\u00f6l\u00fcm Tan\u0131t\u0131m\u0131 Neden Bilgisayar Programc\u0131l\u0131\u011f\u0131? &nbsp; &nbsp; &nbsp; &nbsp; Bilgisayar Programc\u0131l\u0131\u011f\u0131 Program\u0131 d\u00fcnyada h\u0131zl\u0131 geli\u015fmeye paralel olarak ihtiya\u00e7 duyulan nitelikli elemanlar yeti\u015ftirmeyi, b\u00f6lgeye hizmet sunmay\u0131 ama\u00e7lar. Program \u00f6zellikle donan\u0131m bilgilerinin yan\u0131 s\u0131ra yaz\u0131l\u0131m bilgilerine yer verir; buna ba\u011fl\u0131 olarak programlama dilleri, veri taban\u0131 y\u00f6netim sistemleri, i\u015fletim sistemleri, internet uygulamalar\u0131 vb. programlama tekniklerini i\u00e7eren dersleri kapsar. [&hellip;]<\/p>\n","protected":false},"author":1,"featured_media":0,"parent":0,"menu_order":0,"comment_status":"closed","ping_status":"closed","template":"elementor_header_footer","meta":{"footnotes":""},"class_list":["post-5728","page","type-page","status-publish","hentry"],"_links":{"self":[{"href":"https:\/\/atauni.edu.tr\/bilgisayar-teknolojileri-bolumu-2\/wp-json\/wp\/v2\/pages\/5728","targetHints":{"allow":["GET"]}}],"collection":[{"href":"https:\/\/atauni.edu.tr\/bilgisayar-teknolojileri-bolumu-2\/wp-json\/wp\/v2\/pages"}],"about":[{"href":"https:\/\/atauni.edu.tr\/bilgisayar-teknolojileri-bolumu-2\/wp-json\/wp\/v2\/types\/page"}],"author":[{"embeddable":true,"href":"https:\/\/atauni.edu.tr\/bilgisayar-teknolojileri-bolumu-2\/wp-json\/wp\/v2\/users\/1"}],"replies":[{"embeddable":true,"href":"https:\/\/atauni.edu.tr\/bilgisayar-teknolojileri-bolumu-2\/wp-json\/wp\/v2\/comments?post=5728"}],"version-history":[{"count":48,"href":"https:\/\/atauni.edu.tr\/bilgisayar-teknolojileri-bolumu-2\/wp-json\/wp\/v2\/pages\/5728\/revisions"}],"predecessor-version":[{"id":6196,"href":"https:\/\/atauni.edu.tr\/bilgisayar-teknolojileri-bolumu-2\/wp-json\/wp\/v2\/pages\/5728\/revisions\/6196"}],"wp:attachment":[{"href":"https:\/\/atauni.edu.tr\/bilgisayar-teknolojileri-bolumu-2\/wp-json\/wp\/v2\/media?parent=5728"}],"curies":[{"name":"wp","href":"https:\/\/api.w.org\/{rel}","templated":true}]}}