{"id":5765,"date":"2021-07-13T12:56:51","date_gmt":"2021-07-13T09:56:51","guid":{"rendered":"https:\/\/portaltest.atauni.edu.tr\/bilgisayar-muhendisligi\/?page_id=5765"},"modified":"2021-08-27T15:48:18","modified_gmt":"2021-08-27T12:48:18","slug":"anabilim-dallari","status":"publish","type":"page","link":"https:\/\/atauni.edu.tr\/bilgisayar-teknolojileri-bolumu-2\/anabilim-dallari\/","title":{"rendered":"Anabilim Dallar\u0131"},"content":{"rendered":"\t\t<div data-elementor-type=\"wp-page\" data-elementor-id=\"5765\" class=\"elementor elementor-5765\" data-elementor-post-type=\"page\">\n\t\t\t\t\t\t<section class=\"elementor-section elementor-top-section elementor-element elementor-element-730d320 elementor-section-boxed elementor-section-height-default elementor-section-height-default\" data-id=\"730d320\" data-element_type=\"section\">\n\t\t\t\t\t\t<div class=\"elementor-container elementor-column-gap-default\">\n\t\t\t\t\t<div class=\"elementor-column elementor-col-100 elementor-top-column elementor-element elementor-element-753d0860\" data-id=\"753d0860\" data-element_type=\"column\">\n\t\t\t<div class=\"elementor-widget-wrap\">\n\t\t\t\t\t\t\t<\/div>\n\t\t<\/div>\n\t\t\t\t\t<\/div>\n\t\t<\/section>\n\t\t\t\t<section class=\"elementor-section elementor-top-section elementor-element elementor-element-9be811a elementor-section-boxed elementor-section-height-default elementor-section-height-default\" data-id=\"9be811a\" data-element_type=\"section\">\n\t\t\t\t\t\t<div class=\"elementor-container elementor-column-gap-default\">\n\t\t\t\t\t<div class=\"elementor-column elementor-col-100 elementor-top-column elementor-element elementor-element-1ed847b7\" data-id=\"1ed847b7\" data-element_type=\"column\">\n\t\t\t<div class=\"elementor-widget-wrap elementor-element-populated\">\n\t\t\t\t\t\t<div class=\"elementor-element elementor-element-4ce0d07f elementor-widget elementor-widget-heading\" data-id=\"4ce0d07f\" data-element_type=\"widget\" data-widget_type=\"heading.default\">\n\t\t\t\t<div class=\"elementor-widget-container\">\n\t\t\t\t\t<h2 class=\"elementor-heading-title elementor-size-default\">Anabilim Dallar\u0131<\/h2>\t\t\t\t<\/div>\n\t\t\t\t<\/div>\n\t\t\t\t<div class=\"elementor-element elementor-element-63260862 elementor-widget-divider--view-line elementor-widget elementor-widget-divider\" data-id=\"63260862\" data-element_type=\"widget\" data-widget_type=\"divider.default\">\n\t\t\t\t<div class=\"elementor-widget-container\">\n\t\t\t\t\t\t\t<div class=\"elementor-divider\">\n\t\t\t<span class=\"elementor-divider-separator\">\n\t\t\t\t\t\t<\/span>\n\t\t<\/div>\n\t\t\t\t\t\t<\/div>\n\t\t\t\t<\/div>\n\t\t\t\t\t<\/div>\n\t\t<\/div>\n\t\t\t\t\t<\/div>\n\t\t<\/section>\n\t\t\t\t<section class=\"elementor-section elementor-top-section elementor-element elementor-element-681db8b elementor-section-boxed elementor-section-height-default elementor-section-height-default\" data-id=\"681db8b\" data-element_type=\"section\">\n\t\t\t\t\t\t<div class=\"elementor-container elementor-column-gap-default\">\n\t\t\t\t\t<div class=\"elementor-column elementor-col-100 elementor-top-column elementor-element elementor-element-ad4dac5\" data-id=\"ad4dac5\" data-element_type=\"column\">\n\t\t\t<div class=\"elementor-widget-wrap elementor-element-populated\">\n\t\t\t\t\t\t<div class=\"elementor-element elementor-element-2f96b3d elementor-widget elementor-widget-text-editor\" data-id=\"2f96b3d\" data-element_type=\"widget\" data-widget_type=\"text-editor.default\">\n\t\t\t\t<div class=\"elementor-widget-container\">\n\t\t\t\t\t\t\t\t\t<p>Anabilim dallar\u0131, Bilgisayar Teknolojileri B\u00f6l\u00fcm\u00fc&#8217;n\u00fcn akademik yap\u0131s\u0131n\u0131 olu\u015fturan temel birimlerden olu\u015fur. Bu birimler, b\u00f6l\u00fcm\u00fcn e\u011fitim ve ara\u015ft\u0131rma faaliyetlerini y\u00fcr\u00fctmede \u00f6nemli roller \u00fcstlenir.<\/p>\n<p>Bilgisayar teknolojileri alan\u0131, s\u00fcrekli olarak geli\u015fen ve yenilenen bir yap\u0131ya sahiptir. Anabilim dallar\u0131, bu geli\u015fim \u00e7er\u00e7evesinde \u00f6\u011frencilere g\u00fcncel ve kapsaml\u0131 bir e\u011fitim sunmay\u0131 ama\u00e7lar.<\/p>\n<p>Anabilim dallar\u0131n\u0131n \u00e7e\u015fitlili\u011fi, b\u00f6l\u00fcm\u00fcn sundu\u011fu e\u011fitimin zenginli\u011fini ve derinli\u011fini g\u00f6sterir. \u00d6\u011frenciler, farkl\u0131 ilgi alanlar\u0131na y\u00f6nelik olarak \u00e7e\u015fitli anabilim dallar\u0131 aras\u0131ndan se\u00e7im yaparak kendi kariyer hedeflerine uygun bir yol izleyebilirler.<\/p>\n<p>Bilgisayar Teknolojileri B\u00f6l\u00fcm\u00fc&#8217;n\u00fcn anabilim dallar\u0131 aras\u0131nda genellikle donan\u0131m, yaz\u0131l\u0131m, a\u011f sistemleri ve veri taban\u0131 gibi konular bulunur. Her bir dal, bilgisayar teknolojilerinin farkl\u0131 y\u00f6nlerini ele al\u0131r ve \u00f6\u011frencilere ilgili alanda derinlemesine bilgi verir.<\/p>\n<p>Anabilim dallar\u0131ndaki akademik kadro, \u00f6\u011frencilerin e\u011fitim s\u00fcre\u00e7lerinde rehberlik eder ve ara\u015ft\u0131rma projelerinde destek sa\u011flar. \u00d6\u011fretim \u00fcyeleri, sekt\u00f6rle i\u015fbirli\u011fi yaparak g\u00fcncel sorunlara y\u00f6nelik \u00e7\u00f6z\u00fcmler \u00fcretir ve \u00f6\u011frencileri ger\u00e7ek ya\u015fam ko\u015fullar\u0131na haz\u0131rlarlar.<\/p>\n<p>Bilgisayar Teknolojileri B\u00f6l\u00fcm\u00fc&#8217;n\u00fcn anabilim dallar\u0131, \u00f6\u011frencilere teorik ve pratik e\u011fitimle birlikte mesleki beceriler kazand\u0131r\u0131r. Bu sayede mezunlar, sekt\u00f6rde aranan uzmanlar haline gelir ve teknolojik geli\u015fmelere katk\u0131da bulunurlar\t\t\t\t\t\t\t\t<\/div>\n\t\t\t\t<\/div>\n\t\t\t\t\t<\/div>\n\t\t<\/div>\n\t\t\t\t\t<\/div>\n\t\t<\/section>\n\t\t\t\t<\/div>\n\t\t","protected":false},"excerpt":{"rendered":"<p>Anabilim Dallar\u0131 Lorem Ipsum Nedir? Lorem Ipsum, dizgi ve bask\u0131 end\u00fcstrisinde kullan\u0131lan m\u0131g\u0131r metinlerdir. Lorem Ipsum, ad\u0131 bilinmeyen bir matbaac\u0131n\u0131n bir hurufat numune kitab\u0131 olu\u015fturmak \u00fczere bir yaz\u0131 galerisini alarak kar\u0131\u015ft\u0131rd\u0131\u011f\u0131 1500&#8217;lerden beri end\u00fcstri standard\u0131 sahte metinler olarak kullan\u0131lm\u0131\u015ft\u0131r. Be\u015fy\u00fcz y\u0131l boyunca varl\u0131\u011f\u0131n\u0131 s\u00fcrd\u00fcrmekle kalmam\u0131\u015f, ayn\u0131 zamanda pek de\u011fi\u015fmeden elektronik dizgiye de s\u0131\u00e7ram\u0131\u015ft\u0131r. 1960&#8217;larda Lorem [&hellip;]<\/p>\n","protected":false},"author":1,"featured_media":0,"parent":0,"menu_order":0,"comment_status":"closed","ping_status":"closed","template":"elementor_header_footer","meta":{"footnotes":""},"class_list":["post-5765","page","type-page","status-publish","hentry"],"_links":{"self":[{"href":"https:\/\/atauni.edu.tr\/bilgisayar-teknolojileri-bolumu-2\/wp-json\/wp\/v2\/pages\/5765","targetHints":{"allow":["GET"]}}],"collection":[{"href":"https:\/\/atauni.edu.tr\/bilgisayar-teknolojileri-bolumu-2\/wp-json\/wp\/v2\/pages"}],"about":[{"href":"https:\/\/atauni.edu.tr\/bilgisayar-teknolojileri-bolumu-2\/wp-json\/wp\/v2\/types\/page"}],"author":[{"embeddable":true,"href":"https:\/\/atauni.edu.tr\/bilgisayar-teknolojileri-bolumu-2\/wp-json\/wp\/v2\/users\/1"}],"replies":[{"embeddable":true,"href":"https:\/\/atauni.edu.tr\/bilgisayar-teknolojileri-bolumu-2\/wp-json\/wp\/v2\/comments?post=5765"}],"version-history":[{"count":8,"href":"https:\/\/atauni.edu.tr\/bilgisayar-teknolojileri-bolumu-2\/wp-json\/wp\/v2\/pages\/5765\/revisions"}],"predecessor-version":[{"id":6082,"href":"https:\/\/atauni.edu.tr\/bilgisayar-teknolojileri-bolumu-2\/wp-json\/wp\/v2\/pages\/5765\/revisions\/6082"}],"wp:attachment":[{"href":"https:\/\/atauni.edu.tr\/bilgisayar-teknolojileri-bolumu-2\/wp-json\/wp\/v2\/media?parent=5765"}],"curies":[{"name":"wp","href":"https:\/\/api.w.org\/{rel}","templated":true}]}}