{"id":6204,"date":"2021-12-16T12:59:41","date_gmt":"2021-12-16T09:59:41","guid":{"rendered":"https:\/\/birimler.atauni.edu.tr\/bilgisayar-teknolojileri-bolumu-2\/?page_id=6204"},"modified":"2021-12-16T13:00:42","modified_gmt":"2021-12-16T10:00:42","slug":"mezuniyet-sonrasi-is-olanaklari-2","status":"publish","type":"page","link":"https:\/\/atauni.edu.tr\/bilgisayar-teknolojileri-bolumu-2\/mezuniyet-sonrasi-is-olanaklari-2\/","title":{"rendered":"Mezuniyet \u00d6\u011frenim Olanaklar\u0131"},"content":{"rendered":"\t\t<div data-elementor-type=\"wp-page\" data-elementor-id=\"6204\" class=\"elementor elementor-6204\" data-elementor-post-type=\"page\">\n\t\t\t\t\t\t<section class=\"elementor-section elementor-top-section elementor-element elementor-element-894e9fb elementor-section-boxed elementor-section-height-default elementor-section-height-default\" data-id=\"894e9fb\" data-element_type=\"section\">\n\t\t\t\t\t\t<div class=\"elementor-container elementor-column-gap-default\">\n\t\t\t\t\t<div class=\"elementor-column elementor-col-100 elementor-top-column elementor-element elementor-element-bcfd8e7\" data-id=\"bcfd8e7\" data-element_type=\"column\">\n\t\t\t<div class=\"elementor-widget-wrap elementor-element-populated\">\n\t\t\t\t\t\t<div class=\"elementor-element elementor-element-8aef437 elementor-widget elementor-widget-text-editor\" data-id=\"8aef437\" data-element_type=\"widget\" data-widget_type=\"text-editor.default\">\n\t\t\t\t<div class=\"elementor-widget-container\">\n\t\t\t\t\t\t\t\t\t<p>\u00a0 \u00a0\u00a0Bu programdan dikey ge\u00e7i\u015f yap\u0131labilecek lisans programlar\u0131; Bilgisayar M\u00fchendisli\u011fi, Bilgisayar \u00d6\u011fretmenli\u011fi, Bilgi Teknolojileri, Bilgisayar Bilimleri, Bilgisayar-Enformatik, Fizik, \u0130statistik, Matematik-Bilgisayar gibi bilgisayar b\u00f6l\u00fcmleri ile uzay, yaz\u0131l\u0131m ve meteoroloji gibi m\u00fchendislik programlar\u0131d\u0131r.<br \/>\u00a0 \u00a0 \u00a0 Bu b\u00f6l\u00fcm\u00fc tercih edecek \u00f6\u011frencilerin lisans tamamlama, y\u00fcksek lisans ve doktora yapabilmeleri konusunda gerekli bilgilere a\u015fa\u011f\u0131daki linkten ula\u015fabilirler.\u00a0\u00a0<a href=\"http:\/\/www.osym.gov.tr\/belge\/1-13120\/kilavuzlar.html\">http:\/\/www.osym.gov.tr\/belge\/1-13120\/kilavuzlar.html<\/a><\/p>\t\t\t\t\t\t\t\t<\/div>\n\t\t\t\t<\/div>\n\t\t\t\t\t<\/div>\n\t\t<\/div>\n\t\t\t\t\t<\/div>\n\t\t<\/section>\n\t\t\t\t<\/div>\n\t\t","protected":false},"excerpt":{"rendered":"<p>&nbsp; &nbsp;&nbsp;Bu programdan dikey ge\u00e7i\u015f yap\u0131labilecek lisans programlar\u0131; Bilgisayar M\u00fchendisli\u011fi, Bilgisayar \u00d6\u011fretmenli\u011fi, Bilgi Teknolojileri, Bilgisayar Bilimleri, Bilgisayar-Enformatik, Fizik, \u0130statistik, Matematik-Bilgisayar gibi bilgisayar b\u00f6l\u00fcmleri ile uzay, yaz\u0131l\u0131m ve meteoroloji gibi m\u00fchendislik programlar\u0131d\u0131r. &nbsp; &nbsp; &nbsp; Bu b\u00f6l\u00fcm\u00fc tercih edecek \u00f6\u011frencilerin lisans tamamlama, y\u00fcksek lisans ve doktora yapabilmeleri konusunda gerekli bilgilere a\u015fa\u011f\u0131daki linkten ula\u015fabilirler.&nbsp;&nbsp;http:\/\/www.osym.gov.tr\/belge\/1-13120\/kilavuzlar.html<\/p>\n","protected":false},"author":379,"featured_media":0,"parent":0,"menu_order":0,"comment_status":"closed","ping_status":"closed","template":"","meta":{"footnotes":""},"class_list":["post-6204","page","type-page","status-publish","hentry"],"_links":{"self":[{"href":"https:\/\/atauni.edu.tr\/bilgisayar-teknolojileri-bolumu-2\/wp-json\/wp\/v2\/pages\/6204","targetHints":{"allow":["GET"]}}],"collection":[{"href":"https:\/\/atauni.edu.tr\/bilgisayar-teknolojileri-bolumu-2\/wp-json\/wp\/v2\/pages"}],"about":[{"href":"https:\/\/atauni.edu.tr\/bilgisayar-teknolojileri-bolumu-2\/wp-json\/wp\/v2\/types\/page"}],"author":[{"embeddable":true,"href":"https:\/\/atauni.edu.tr\/bilgisayar-teknolojileri-bolumu-2\/wp-json\/wp\/v2\/users\/379"}],"replies":[{"embeddable":true,"href":"https:\/\/atauni.edu.tr\/bilgisayar-teknolojileri-bolumu-2\/wp-json\/wp\/v2\/comments?post=6204"}],"version-history":[{"count":5,"href":"https:\/\/atauni.edu.tr\/bilgisayar-teknolojileri-bolumu-2\/wp-json\/wp\/v2\/pages\/6204\/revisions"}],"predecessor-version":[{"id":6209,"href":"https:\/\/atauni.edu.tr\/bilgisayar-teknolojileri-bolumu-2\/wp-json\/wp\/v2\/pages\/6204\/revisions\/6209"}],"wp:attachment":[{"href":"https:\/\/atauni.edu.tr\/bilgisayar-teknolojileri-bolumu-2\/wp-json\/wp\/v2\/media?parent=6204"}],"curies":[{"name":"wp","href":"https:\/\/api.w.org\/{rel}","templated":true}]}}