{"id":6223,"date":"2021-12-16T13:48:31","date_gmt":"2021-12-16T10:48:31","guid":{"rendered":"https:\/\/birimler.atauni.edu.tr\/bilgisayar-teknolojileri-bolumu-2\/?page_id=6223"},"modified":"2024-10-22T10:59:06","modified_gmt":"2024-10-22T07:59:06","slug":"yonetimden-mesaj","status":"publish","type":"page","link":"https:\/\/atauni.edu.tr\/bilgisayar-teknolojileri-bolumu-2\/yonetimden-mesaj\/","title":{"rendered":"Y\u00f6netimden Mesaj"},"content":{"rendered":"\t\t<div data-elementor-type=\"wp-page\" data-elementor-id=\"6223\" class=\"elementor elementor-6223\" data-elementor-post-type=\"page\">\n\t\t\t\t\t\t<section class=\"elementor-section elementor-top-section elementor-element elementor-element-d2e0bf9 elementor-section-boxed elementor-section-height-default elementor-section-height-default\" data-id=\"d2e0bf9\" data-element_type=\"section\">\n\t\t\t\t\t\t<div class=\"elementor-container elementor-column-gap-default\">\n\t\t\t\t\t<div class=\"elementor-column elementor-col-100 elementor-top-column elementor-element elementor-element-7fd5508\" data-id=\"7fd5508\" data-element_type=\"column\">\n\t\t\t<div class=\"elementor-widget-wrap elementor-element-populated\">\n\t\t\t\t\t\t<div class=\"elementor-element elementor-element-21b4a11 elementor-widget elementor-widget-text-editor\" data-id=\"21b4a11\" data-element_type=\"widget\" data-widget_type=\"text-editor.default\">\n\t\t\t\t<div class=\"elementor-widget-container\">\n\t\t\t\t\t\t\t\t\t<p>\u00a0 \u00a0 <b>\u00a0G\u00fcn\u00fcm\u00fcz ko\u015fullar\u0131nda istihdam olanaklar\u0131 olan, bilgi ve beceri ile donat\u0131lm\u0131\u015f profesyonel bir mesle\u011fi temsil etmek son derece \u00f6nemli. Y\u00fcksekokulumuz, sosyal ve teknoloji ile ilgili programlar\u0131 olan yeni ve yenili\u011fe a\u00e7\u0131k bir y\u00fcksekokuldur. Ba\u015flang\u0131\u00e7taki hedeflerimiz siz de\u011ferli gen\u00e7lere mesleki bilgi ve becerinin yan\u0131 s\u0131ra, toplumsal bak\u0131\u015f a\u00e7\u0131s\u0131 geli\u015ftirmek, ileti\u015fim becerileri y\u00fcksek, insan\u0131 tan\u0131yan ve de\u011fer veren, etik de\u011ferlerle davranabilen gen\u00e7ler olman\u0131za katk\u0131 vermektir.<\/b><\/p><p><b>\u00a0 \u00a0 \u00a0K\u0131sa s\u00fcrede ya\u015fama haz\u0131rlanman\u0131n getirece\u011fi yararl\u0131l\u0131\u011f\u0131n yan\u0131 s\u0131ra, \u00fcniversitelerin lisans programlar\u0131na devam etme olana\u011f\u0131 da bulunmaktad\u0131r. \u00dclkemizin gelece\u011fi siz sevgili gen\u00e7lere, vazge\u00e7ilmez bir de\u011fer olan sa\u011fl\u0131\u011f\u0131n emanet edilmesi, \u00e7a\u011f\u0131n olmazsa olmaz\u0131 teknoloji ve bilimin kazand\u0131r\u0131lmas\u0131 y\u00fcksekokulumuzun gururu olacakt\u0131r.\u00a0<\/b><\/p>\t\t\t\t\t\t\t\t<\/div>\n\t\t\t\t<\/div>\n\t\t\t\t\t<\/div>\n\t\t<\/div>\n\t\t\t\t\t<\/div>\n\t\t<\/section>\n\t\t\t\t<\/div>\n\t\t","protected":false},"excerpt":{"rendered":"<p>\u00a0 \u00a0 \u00a0G\u00fcn\u00fcm\u00fcz ko\u015fullar\u0131nda istihdam olanaklar\u0131 olan, bilgi ve beceri ile donat\u0131lm\u0131\u015f profesyonel bir mesle\u011fi temsil etmek son derece \u00f6nemli. Y\u00fcksekokulumuz, sosyal ve teknoloji ile ilgili programlar\u0131 olan yeni ve yenili\u011fe a\u00e7\u0131k bir y\u00fcksekokuldur. Ba\u015flang\u0131\u00e7taki hedeflerimiz siz de\u011ferli gen\u00e7lere mesleki bilgi ve becerinin yan\u0131 s\u0131ra, toplumsal bak\u0131\u015f a\u00e7\u0131s\u0131 geli\u015ftirmek, ileti\u015fim becerileri y\u00fcksek, insan\u0131 tan\u0131yan ve [&hellip;]<\/p>\n","protected":false},"author":379,"featured_media":0,"parent":0,"menu_order":0,"comment_status":"closed","ping_status":"closed","template":"","meta":{"footnotes":""},"class_list":["post-6223","page","type-page","status-publish","hentry"],"_links":{"self":[{"href":"https:\/\/atauni.edu.tr\/bilgisayar-teknolojileri-bolumu-2\/wp-json\/wp\/v2\/pages\/6223","targetHints":{"allow":["GET"]}}],"collection":[{"href":"https:\/\/atauni.edu.tr\/bilgisayar-teknolojileri-bolumu-2\/wp-json\/wp\/v2\/pages"}],"about":[{"href":"https:\/\/atauni.edu.tr\/bilgisayar-teknolojileri-bolumu-2\/wp-json\/wp\/v2\/types\/page"}],"author":[{"embeddable":true,"href":"https:\/\/atauni.edu.tr\/bilgisayar-teknolojileri-bolumu-2\/wp-json\/wp\/v2\/users\/379"}],"replies":[{"embeddable":true,"href":"https:\/\/atauni.edu.tr\/bilgisayar-teknolojileri-bolumu-2\/wp-json\/wp\/v2\/comments?post=6223"}],"version-history":[{"count":10,"href":"https:\/\/atauni.edu.tr\/bilgisayar-teknolojileri-bolumu-2\/wp-json\/wp\/v2\/pages\/6223\/revisions"}],"predecessor-version":[{"id":6333,"href":"https:\/\/atauni.edu.tr\/bilgisayar-teknolojileri-bolumu-2\/wp-json\/wp\/v2\/pages\/6223\/revisions\/6333"}],"wp:attachment":[{"href":"https:\/\/atauni.edu.tr\/bilgisayar-teknolojileri-bolumu-2\/wp-json\/wp\/v2\/media?parent=6223"}],"curies":[{"name":"wp","href":"https:\/\/api.w.org\/{rel}","templated":true}]}}