{"id":6188,"date":"2025-06-26T14:51:23","date_gmt":"2025-06-26T11:51:23","guid":{"rendered":"https:\/\/birimler.atauni.edu.tr\/bilgisayar-teknolojileri-bolumu\/?page_id=6188"},"modified":"2025-08-03T16:08:32","modified_gmt":"2025-08-03T13:08:32","slug":"etkinlikler","status":"publish","type":"page","link":"https:\/\/atauni.edu.tr\/bilgisayar-teknolojileri-bolumu\/etkinlikler\/","title":{"rendered":"Etkinlikler"},"content":{"rendered":"<form method=\"get\" class=\"row g-3\" style=\"margin-bottom: 20px;\"><div class=\"col-md-3\"><input type=\"text\" name=\"etkinlik_ara\" class=\"form-control\" placeholder=\"Etkinlik ara...\" value=\"\"><\/div><div class=\"col-md-3\"><input type=\"date\" name=\"baslangic_tarihi\" class=\"form-control\" value=\"\"><\/div><div class=\"col-md-3\"><input type=\"date\" name=\"bitis_tarihi\" class=\"form-control\" value=\"\"><\/div><div class=\"col-md-3\"><button type=\"submit\" class=\"btn btn-secondary w-50\">Filtrele<\/button><\/div><\/form><div class=\"etkinlikler-grid-container\" style=\"display: grid; grid-template-columns: repeat(3, 1fr); gap: 20px;\"><div class=\"etkinlik-grid-item\"><div class=\"etkinlik-thumbnail\"><img decoding=\"async\" width=\"300\" height=\"140\" src=\"https:\/\/atauni.edu.tr\/bilgisayar-teknolojileri-bolumu\/wp-content\/uploads\/sites\/177\/2025\/05\/Mentorluk-Egitimi-1-300x140.jpeg\" class=\"img-fluid wp-post-image\" alt=\"\" srcset=\"https:\/\/atauni.edu.tr\/bilgisayar-teknolojileri-bolumu\/wp-content\/uploads\/sites\/177\/2025\/05\/Mentorluk-Egitimi-1-300x140.jpeg 300w, https:\/\/atauni.edu.tr\/bilgisayar-teknolojileri-bolumu\/wp-content\/uploads\/sites\/177\/2025\/05\/Mentorluk-Egitimi-1-1024x478.jpeg 1024w, https:\/\/atauni.edu.tr\/bilgisayar-teknolojileri-bolumu\/wp-content\/uploads\/sites\/177\/2025\/05\/Mentorluk-Egitimi-1-768x359.jpeg 768w, https:\/\/atauni.edu.tr\/bilgisayar-teknolojileri-bolumu\/wp-content\/uploads\/sites\/177\/2025\/05\/Mentorluk-Egitimi-1-1536x717.jpeg 1536w, https:\/\/atauni.edu.tr\/bilgisayar-teknolojileri-bolumu\/wp-content\/uploads\/sites\/177\/2025\/05\/Mentorluk-Egitimi-1-600x280.jpeg 600w, https:\/\/atauni.edu.tr\/bilgisayar-teknolojileri-bolumu\/wp-content\/uploads\/sites\/177\/2025\/05\/Mentorluk-Egitimi-1-560x261.jpeg 560w, https:\/\/atauni.edu.tr\/bilgisayar-teknolojileri-bolumu\/wp-content\/uploads\/sites\/177\/2025\/05\/Mentorluk-Egitimi-1.jpeg 1600w\" sizes=\"(max-width: 300px) 100vw, 300px\" \/><\/div><div class=\"etkinlik-datee\"><span class=\"day\">23<\/span><span class=\"month\">May\u0131s<\/span><span class=\"year\">2025<\/span><\/div><a href=\"https:\/\/atauni.edu.tr\/bilgisayar-teknolojileri-bolumu\/2025\/05\/23\/bilgisayar-teknolojileri-bolum-ogrencileri-mentorluk-egitimi-ankara-2025\/\" class=\"etkinlik-titlee\">Bilgisayar Teknolojileri B\u00f6l\u00fcm \u00d6\u011frencileri Ment\u00f6rl\u00fck E\u011fitimi &#8211; Ankara \/ 2025<\/a><\/div><\/div><div class=\"pagination\" style=\"margin-top: 20px;\"><\/div>\n\n\n\n<p><\/p>\n","protected":false},"excerpt":{"rendered":"","protected":false},"author":8,"featured_media":0,"parent":0,"menu_order":0,"comment_status":"closed","ping_status":"closed","template":"","meta":{"footnotes":""},"class_list":["post-6188","page","type-page","status-publish","hentry"],"_links":{"self":[{"href":"https:\/\/atauni.edu.tr\/bilgisayar-teknolojileri-bolumu\/wp-json\/wp\/v2\/pages\/6188","targetHints":{"allow":["GET"]}}],"collection":[{"href":"https:\/\/atauni.edu.tr\/bilgisayar-teknolojileri-bolumu\/wp-json\/wp\/v2\/pages"}],"about":[{"href":"https:\/\/atauni.edu.tr\/bilgisayar-teknolojileri-bolumu\/wp-json\/wp\/v2\/types\/page"}],"author":[{"embeddable":true,"href":"https:\/\/atauni.edu.tr\/bilgisayar-teknolojileri-bolumu\/wp-json\/wp\/v2\/users\/8"}],"replies":[{"embeddable":true,"href":"https:\/\/atauni.edu.tr\/bilgisayar-teknolojileri-bolumu\/wp-json\/wp\/v2\/comments?post=6188"}],"version-history":[{"count":2,"href":"https:\/\/atauni.edu.tr\/bilgisayar-teknolojileri-bolumu\/wp-json\/wp\/v2\/pages\/6188\/revisions"}],"predecessor-version":[{"id":6218,"href":"https:\/\/atauni.edu.tr\/bilgisayar-teknolojileri-bolumu\/wp-json\/wp\/v2\/pages\/6188\/revisions\/6218"}],"wp:attachment":[{"href":"https:\/\/atauni.edu.tr\/bilgisayar-teknolojileri-bolumu\/wp-json\/wp\/v2\/media?parent=6188"}],"curies":[{"name":"wp","href":"https:\/\/api.w.org\/{rel}","templated":true}]}}