{"id":5638,"date":"2021-07-13T09:49:25","date_gmt":"2021-07-13T06:49:25","guid":{"rendered":"https:\/\/portaltest.atauni.edu.tr\/bilgisayar-muhendisligi\/?page_id=5638"},"modified":"2021-09-13T10:21:35","modified_gmt":"2021-09-13T07:21:35","slug":"tarihce","status":"publish","type":"page","link":"https:\/\/atauni.edu.tr\/bilgisayar-ve-ogretim-teknolojileri-egitimi-anabilim-dali\/tarihce\/","title":{"rendered":"Tarih\u00e7e"},"content":{"rendered":"\t\t<div data-elementor-type=\"wp-page\" data-elementor-id=\"5638\" class=\"elementor elementor-5638\" data-elementor-post-type=\"page\">\n\t\t\t\t\t\t<section class=\"elementor-section elementor-top-section elementor-element elementor-element-730d320 elementor-section-boxed elementor-section-height-default elementor-section-height-default\" data-id=\"730d320\" data-element_type=\"section\">\n\t\t\t\t\t\t<div class=\"elementor-container elementor-column-gap-default\">\n\t\t\t\t\t<div class=\"elementor-column elementor-col-100 elementor-top-column elementor-element elementor-element-753d0860\" data-id=\"753d0860\" data-element_type=\"column\">\n\t\t\t<div class=\"elementor-widget-wrap\">\n\t\t\t\t\t\t\t<\/div>\n\t\t<\/div>\n\t\t\t\t\t<\/div>\n\t\t<\/section>\n\t\t\t\t<section class=\"elementor-section elementor-top-section elementor-element elementor-element-9be811a elementor-section-boxed elementor-section-height-default elementor-section-height-default\" data-id=\"9be811a\" data-element_type=\"section\">\n\t\t\t\t\t\t<div class=\"elementor-container elementor-column-gap-default\">\n\t\t\t\t\t<div class=\"elementor-column elementor-col-100 elementor-top-column elementor-element elementor-element-1ed847b7\" data-id=\"1ed847b7\" data-element_type=\"column\">\n\t\t\t<div class=\"elementor-widget-wrap elementor-element-populated\">\n\t\t\t\t\t\t<div class=\"elementor-element elementor-element-4ce0d07f elementor-widget elementor-widget-heading\" data-id=\"4ce0d07f\" data-element_type=\"widget\" data-widget_type=\"heading.default\">\n\t\t\t\t<div class=\"elementor-widget-container\">\n\t\t\t\t\t<h2 class=\"elementor-heading-title elementor-size-default\">Tarih\u00e7e<\/h2>\t\t\t\t<\/div>\n\t\t\t\t<\/div>\n\t\t\t\t<div class=\"elementor-element elementor-element-63260862 elementor-widget-divider--view-line elementor-widget elementor-widget-divider\" data-id=\"63260862\" data-element_type=\"widget\" data-widget_type=\"divider.default\">\n\t\t\t\t<div class=\"elementor-widget-container\">\n\t\t\t\t\t\t\t<div class=\"elementor-divider\">\n\t\t\t<span class=\"elementor-divider-separator\">\n\t\t\t\t\t\t<\/span>\n\t\t<\/div>\n\t\t\t\t\t\t<\/div>\n\t\t\t\t<\/div>\n\t\t\t\t\t<\/div>\n\t\t<\/div>\n\t\t\t\t\t<\/div>\n\t\t<\/section>\n\t\t\t\t<section class=\"elementor-section elementor-top-section elementor-element elementor-element-681db8b elementor-section-boxed elementor-section-height-default elementor-section-height-default\" data-id=\"681db8b\" data-element_type=\"section\">\n\t\t\t\t\t\t<div class=\"elementor-container elementor-column-gap-default\">\n\t\t\t\t\t<div class=\"elementor-column elementor-col-100 elementor-top-column elementor-element elementor-element-ad4dac5\" data-id=\"ad4dac5\" data-element_type=\"column\">\n\t\t\t<div class=\"elementor-widget-wrap elementor-element-populated\">\n\t\t\t\t\t\t<div class=\"elementor-element elementor-element-2f96b3d elementor-widget elementor-widget-text-editor\" data-id=\"2f96b3d\" data-element_type=\"widget\" data-widget_type=\"text-editor.default\">\n\t\t\t\t<div class=\"elementor-widget-container\">\n\t\t\t\t\t\t\t\t\t<p>Atat\u00fcrk \u00dcniversitesi Bilgisayar ve \u00d6\u011fretim Teknolojileri E\u011fitimi Ana Bilim Dal\u0131, e\u011fitime teknolojik a\u00e7\u0131dan destek vermeyi hedefleyen bir birim olarak ortaya \u00e7\u0131km\u0131\u015ft\u0131r. <\/p>\n<p>Bilgisayar ve \u00f6\u011fretim teknolojilerinin geli\u015fimine paralel olarak, bu alanlarda e\u011fitim veren programlar\u0131n say\u0131s\u0131 da artm\u0131\u015ft\u0131r. Bu ba\u011flamda, ana bilim dal\u0131n\u0131n tarihi de bu geli\u015fim s\u00fcrecine ba\u011fl\u0131 olarak \u015fekillenmi\u015ftir.<\/p>\n<p>\u00d6\u011fretim teknolojileri alan\u0131nda yap\u0131lan \u00e7al\u0131\u015fmalara paralel olarak, bilgisayar ve \u00f6\u011fretim teknolojileri e\u011fitimi veren b\u00f6l\u00fcmlerin kurulmas\u0131na y\u00f6nelik ad\u0131mlar at\u0131lm\u0131\u015ft\u0131r. Ana bilim dal\u0131n\u0131n kurulu\u015f s\u00fcreci, bu geli\u015fmelerin bir par\u00e7as\u0131 olarak de\u011ferlendirilebilir.<\/p>\n<p>Bilgisayar ve \u00f6\u011fretim teknolojilerinin e\u011fitim-\u00f6\u011fretim s\u00fcre\u00e7lerine entegrasyonu, ana bilim dal\u0131n\u0131n temel hedefleri aras\u0131nda yer alm\u0131\u015ft\u0131r. Bu ama\u00e7la, \u00f6\u011frencilere teknolojik becerilerin kazand\u0131r\u0131lmas\u0131 yan\u0131 s\u0131ra, pedagojik formasyonun da verilmesi \u00f6nemsenmi\u015ftir.<\/p>\n<p>Ana bilim dal\u0131, akademik personelinin uzmanl\u0131k alanlar\u0131na ba\u011fl\u0131 olarak, bilgisayar destekli \u00f6\u011fretim, e\u011fitsel yaz\u0131l\u0131m geli\u015ftirme, uzaktan e\u011fitim gibi \u00e7e\u015fitli konularda ara\u015ft\u0131rma ve uygulama \u00e7al\u0131\u015fmalar\u0131 y\u00fcr\u00fctmektedir. Bu \u00e7al\u0131\u015fmalar, hem \u00f6\u011frencilerin bilgi ve becerilerini art\u0131rmaya hem de e\u011fitim teknolojileri alan\u0131nda yap\u0131lan ara\u015ft\u0131rmalara katk\u0131da bulunmaya y\u00f6neliktir.<\/p>\n<p>S\u00f6z konusu ana bilim dal\u0131, e\u011fitime teknolojik a\u00e7\u0131dan destek verme amac\u0131n\u0131 ta\u015f\u0131yan bir birim olarak faaliyetlerini s\u00fcrd\u00fcrmektedir. Bu \u00e7er\u00e7evede, bilgisayar ve \u00f6\u011fretim teknolojileri e\u011fitimi alan\u0131ndaki geli\u015fmeleri izleyerek, bu alanda yap\u0131lan \u00e7al\u0131\u015fmalar\u0131 desteklemeye devam etmektedir.<\/p>\t\t\t\t\t\t\t\t<\/div>\n\t\t\t\t<\/div>\n\t\t\t\t\t<\/div>\n\t\t<\/div>\n\t\t\t\t\t<\/div>\n\t\t<\/section>\n\t\t\t\t<\/div>\n\t\t","protected":false},"excerpt":{"rendered":"<p>Tarih\u00e7e Lorem Ipsum Nedir? Lorem Ipsum, dizgi ve bask\u0131 end\u00fcstrisinde kullan\u0131lan m\u0131g\u0131r metinlerdir. Lorem Ipsum, ad\u0131 bilinmeyen bir matbaac\u0131n\u0131n bir hurufat numune kitab\u0131 olu\u015fturmak \u00fczere bir yaz\u0131 galerisini alarak kar\u0131\u015ft\u0131rd\u0131\u011f\u0131 1500&#8217;lerden beri end\u00fcstri standard\u0131 sahte metinler olarak kullan\u0131lm\u0131\u015ft\u0131r. Be\u015fy\u00fcz y\u0131l boyunca varl\u0131\u011f\u0131n\u0131 s\u00fcrd\u00fcrmekle kalmam\u0131\u015f, ayn\u0131 zamanda pek de\u011fi\u015fmeden elektronik dizgiye de s\u0131\u00e7ram\u0131\u015ft\u0131r. 1960&#8217;larda Lorem Ipsum [&hellip;]<\/p>\n","protected":false},"author":1,"featured_media":0,"parent":0,"menu_order":0,"comment_status":"closed","ping_status":"closed","template":"","meta":{"footnotes":""},"class_list":["post-5638","page","type-page","status-publish","hentry"],"_links":{"self":[{"href":"https:\/\/atauni.edu.tr\/bilgisayar-ve-ogretim-teknolojileri-egitimi-anabilim-dali\/wp-json\/wp\/v2\/pages\/5638","targetHints":{"allow":["GET"]}}],"collection":[{"href":"https:\/\/atauni.edu.tr\/bilgisayar-ve-ogretim-teknolojileri-egitimi-anabilim-dali\/wp-json\/wp\/v2\/pages"}],"about":[{"href":"https:\/\/atauni.edu.tr\/bilgisayar-ve-ogretim-teknolojileri-egitimi-anabilim-dali\/wp-json\/wp\/v2\/types\/page"}],"author":[{"embeddable":true,"href":"https:\/\/atauni.edu.tr\/bilgisayar-ve-ogretim-teknolojileri-egitimi-anabilim-dali\/wp-json\/wp\/v2\/users\/1"}],"replies":[{"embeddable":true,"href":"https:\/\/atauni.edu.tr\/bilgisayar-ve-ogretim-teknolojileri-egitimi-anabilim-dali\/wp-json\/wp\/v2\/comments?post=5638"}],"version-history":[{"count":22,"href":"https:\/\/atauni.edu.tr\/bilgisayar-ve-ogretim-teknolojileri-egitimi-anabilim-dali\/wp-json\/wp\/v2\/pages\/5638\/revisions"}],"predecessor-version":[{"id":6117,"href":"https:\/\/atauni.edu.tr\/bilgisayar-ve-ogretim-teknolojileri-egitimi-anabilim-dali\/wp-json\/wp\/v2\/pages\/5638\/revisions\/6117"}],"wp:attachment":[{"href":"https:\/\/atauni.edu.tr\/bilgisayar-ve-ogretim-teknolojileri-egitimi-anabilim-dali\/wp-json\/wp\/v2\/media?parent=5638"}],"curies":[{"name":"wp","href":"https:\/\/api.w.org\/{rel}","templated":true}]}}