{"id":5682,"date":"2021-07-13T10:10:01","date_gmt":"2021-07-13T07:10:01","guid":{"rendered":"https:\/\/portaltest.atauni.edu.tr\/bilgisayar-muhendisligi\/?page_id=5682"},"modified":"2022-06-29T12:42:40","modified_gmt":"2022-06-29T09:42:40","slug":"misyon-vizyon-ve-temel-degerler","status":"publish","type":"page","link":"https:\/\/atauni.edu.tr\/bilgisayar-ve-ogretim-teknolojileri-egitimi-bolumu\/misyon-vizyon-ve-temel-degerler\/","title":{"rendered":"Misyon, Vizyon ve Temel De\u011ferler"},"content":{"rendered":"\t\t<div data-elementor-type=\"wp-page\" data-elementor-id=\"5682\" class=\"elementor elementor-5682\" data-elementor-post-type=\"page\">\n\t\t\t\t\t\t<section class=\"elementor-section elementor-top-section elementor-element elementor-element-730d320 elementor-section-boxed elementor-section-height-default elementor-section-height-default\" data-id=\"730d320\" data-element_type=\"section\">\n\t\t\t\t\t\t<div class=\"elementor-container elementor-column-gap-default\">\n\t\t\t\t\t<div class=\"elementor-column elementor-col-100 elementor-top-column elementor-element elementor-element-753d0860\" data-id=\"753d0860\" data-element_type=\"column\">\n\t\t\t<div class=\"elementor-widget-wrap\">\n\t\t\t\t\t\t\t<\/div>\n\t\t<\/div>\n\t\t\t\t\t<\/div>\n\t\t<\/section>\n\t\t\t\t<section class=\"elementor-section elementor-top-section elementor-element elementor-element-9be811a elementor-section-boxed elementor-section-height-default elementor-section-height-default\" data-id=\"9be811a\" data-element_type=\"section\">\n\t\t\t\t\t\t<div class=\"elementor-container elementor-column-gap-default\">\n\t\t\t\t\t<div class=\"elementor-column elementor-col-100 elementor-top-column elementor-element elementor-element-1ed847b7\" data-id=\"1ed847b7\" data-element_type=\"column\">\n\t\t\t<div class=\"elementor-widget-wrap elementor-element-populated\">\n\t\t\t\t\t\t<div class=\"elementor-element elementor-element-4ce0d07f elementor-widget elementor-widget-heading\" data-id=\"4ce0d07f\" data-element_type=\"widget\" data-widget_type=\"heading.default\">\n\t\t\t\t<div class=\"elementor-widget-container\">\n\t\t\t\t\t<h2 class=\"elementor-heading-title elementor-size-default\">Misyon, Vizyon ve Temel De\u011ferler<\/h2>\t\t\t\t<\/div>\n\t\t\t\t<\/div>\n\t\t\t\t<div class=\"elementor-element elementor-element-63260862 elementor-widget-divider--view-line elementor-widget elementor-widget-divider\" data-id=\"63260862\" data-element_type=\"widget\" data-widget_type=\"divider.default\">\n\t\t\t\t<div class=\"elementor-widget-container\">\n\t\t\t\t\t\t\t<div class=\"elementor-divider\">\n\t\t\t<span class=\"elementor-divider-separator\">\n\t\t\t\t\t\t<\/span>\n\t\t<\/div>\n\t\t\t\t\t\t<\/div>\n\t\t\t\t<\/div>\n\t\t\t\t\t<\/div>\n\t\t<\/div>\n\t\t\t\t\t<\/div>\n\t\t<\/section>\n\t\t\t\t<section class=\"elementor-section elementor-top-section elementor-element elementor-element-681db8b elementor-section-boxed elementor-section-height-default elementor-section-height-default\" data-id=\"681db8b\" data-element_type=\"section\">\n\t\t\t\t\t\t<div class=\"elementor-container elementor-column-gap-default\">\n\t\t\t\t\t<div class=\"elementor-column elementor-col-100 elementor-top-column elementor-element elementor-element-ad4dac5\" data-id=\"ad4dac5\" data-element_type=\"column\">\n\t\t\t<div class=\"elementor-widget-wrap elementor-element-populated\">\n\t\t\t\t\t\t<div class=\"elementor-element elementor-element-2f96b3d elementor-widget elementor-widget-text-editor\" data-id=\"2f96b3d\" data-element_type=\"widget\" data-widget_type=\"text-editor.default\">\n\t\t\t\t<div class=\"elementor-widget-container\">\n\t\t\t\t\t\t\t\t\t<p><strong>Atat\u00fcrk \u00dcniversitesi Kaz\u0131m Karabekir E\u011fitim Fak\u00fcltesi Bilgisayar ve \u00d6\u011fretim Teknolojileri E\u011fitimi B\u00f6l\u00fcm\u00fc\u2019n\u00fcn vizyonu,<\/strong> i\u00e7inde ya\u015fan\u0131lan toplumda ve t\u00fcm d\u00fcnya \u00fczerinde insani bir ya\u015fam tarz\u0131n\u0131n olu\u015fumu i\u00e7in nitelikli bireyler yeti\u015ftirmek, lisans ve lisans\u00fcst\u00fc seviyelerinde sundu\u011fu e\u011fitim ve \u00f6\u011fretimde akademik s\u00fcre\u00e7ler ve \u00e7\u0131kt\u0131lar ile ulusal ve uluslararas\u0131 d\u00fczeyde kalk\u0131nmaya katk\u0131da bulunmakt\u0131r.<\/p><p><strong>Atat\u00fcrk \u00dcniversitesi Kaz\u0131m Karabekir E\u011fitim Fak\u00fcltesi Bilgisayar ve \u00d6\u011fretim Teknolojileri E\u011fitimi B\u00f6l\u00fcm\u00fc\u2019n\u00fcn\u00a0misyonu,<\/strong> bilim ve teknolojinin \u00f6\u011frenme-\u00f6\u011fretme s\u00fcre\u00e7lerinde etkin, etkili ve verimli bir \u015fekilde kullan\u0131lmas\u0131na destek olacak nitelikli ilkokul ve ortaokul \u00f6\u011fretmenleri, akademisyenler, ara\u015ft\u0131rmac\u0131lar, e\u011fitim teknologlar\u0131, bili\u015fim teknolojileri uzman\u0131 vb. yeti\u015ftirmektedir.\u00a0G\u00fcncel ve yenilik\u00e7i bilgi ve ileti\u015fim teknolojilerine h\u00e2kim ve teknolojilerin e\u011fitime etkili entegrasyonunu ger\u00e7ekle\u015ftirebilen lider bireyler yeti\u015ftirmektir.\u00a0\u00a0<\/p><p><strong>Temel De\u011ferler<\/strong><\/p><ul><li>Toplumsal sorumluluk bilincini geli\u015ftirmek,<\/li><li>Etik de\u011ferlere ba\u011fl\u0131 kalmak,<\/li><li>Demokrasinin de\u011ferlerini i\u00e7selle\u015ftiren ve geli\u015ftiren, etik de\u011ferlere ba\u011fl\u0131, laik insan yeti\u015ftirmek,<\/li><li>Sorgulayan, ara\u015ft\u0131ran, \u00fcreten ve sorun \u00e7\u00f6zen,<\/li><li>Mesle\u011fiyle ilgili alanlarda bilgi \u00fcreten ve bunu uygulayan,<\/li><li>Alan\u0131nda yetkin \u00f6\u011fretmen ve akademisyen yeti\u015ftirmek,<\/li><li>Her durumda \u00e7evresine yararl\u0131 olabilecek bilgisayar \u00f6\u011fretmenleri ve e\u011fitim (\u00f6\u011fretim) teknologlar\u0131 yeti\u015ftirmek i\u00e7in lisans \u00fcst\u00fc d\u00fczeyde, \u00e7a\u011fda\u015f ve dinamik bir e\u011fitim vermek.<\/li><\/ul>\t\t\t\t\t\t\t\t<\/div>\n\t\t\t\t<\/div>\n\t\t\t\t\t<\/div>\n\t\t<\/div>\n\t\t\t\t\t<\/div>\n\t\t<\/section>\n\t\t\t\t<\/div>\n\t\t","protected":false},"excerpt":{"rendered":"<p>Misyon, Vizyon ve Temel De\u011ferler Atat\u00fcrk \u00dcniversitesi Kaz\u0131m Karabekir E\u011fitim Fak\u00fcltesi Bilgisayar ve \u00d6\u011fretim Teknolojileri E\u011fitimi B\u00f6l\u00fcm\u00fc\u2019n\u00fcn vizyonu, i\u00e7inde ya\u015fan\u0131lan toplumda ve t\u00fcm d\u00fcnya \u00fczerinde insani bir ya\u015fam tarz\u0131n\u0131n olu\u015fumu i\u00e7in nitelikli bireyler yeti\u015ftirmek, lisans ve lisans\u00fcst\u00fc seviyelerinde sundu\u011fu e\u011fitim ve \u00f6\u011fretimde akademik s\u00fcre\u00e7ler ve \u00e7\u0131kt\u0131lar ile ulusal ve uluslararas\u0131 d\u00fczeyde kalk\u0131nmaya katk\u0131da bulunmakt\u0131r. Atat\u00fcrk [&hellip;]<\/p>\n","protected":false},"author":1,"featured_media":0,"parent":0,"menu_order":0,"comment_status":"closed","ping_status":"closed","template":"elementor_header_footer","meta":{"footnotes":""},"class_list":["post-5682","page","type-page","status-publish","hentry"],"_links":{"self":[{"href":"https:\/\/atauni.edu.tr\/bilgisayar-ve-ogretim-teknolojileri-egitimi-bolumu\/wp-json\/wp\/v2\/pages\/5682","targetHints":{"allow":["GET"]}}],"collection":[{"href":"https:\/\/atauni.edu.tr\/bilgisayar-ve-ogretim-teknolojileri-egitimi-bolumu\/wp-json\/wp\/v2\/pages"}],"about":[{"href":"https:\/\/atauni.edu.tr\/bilgisayar-ve-ogretim-teknolojileri-egitimi-bolumu\/wp-json\/wp\/v2\/types\/page"}],"author":[{"embeddable":true,"href":"https:\/\/atauni.edu.tr\/bilgisayar-ve-ogretim-teknolojileri-egitimi-bolumu\/wp-json\/wp\/v2\/users\/1"}],"replies":[{"embeddable":true,"href":"https:\/\/atauni.edu.tr\/bilgisayar-ve-ogretim-teknolojileri-egitimi-bolumu\/wp-json\/wp\/v2\/comments?post=5682"}],"version-history":[{"count":26,"href":"https:\/\/atauni.edu.tr\/bilgisayar-ve-ogretim-teknolojileri-egitimi-bolumu\/wp-json\/wp\/v2\/pages\/5682\/revisions"}],"predecessor-version":[{"id":6365,"href":"https:\/\/atauni.edu.tr\/bilgisayar-ve-ogretim-teknolojileri-egitimi-bolumu\/wp-json\/wp\/v2\/pages\/5682\/revisions\/6365"}],"wp:attachment":[{"href":"https:\/\/atauni.edu.tr\/bilgisayar-ve-ogretim-teknolojileri-egitimi-bolumu\/wp-json\/wp\/v2\/media?parent=5682"}],"curies":[{"name":"wp","href":"https:\/\/api.w.org\/{rel}","templated":true}]}}