{"id":6551,"date":"2022-08-29T22:09:06","date_gmt":"2022-08-29T19:09:06","guid":{"rendered":"https:\/\/birimler.atauni.edu.tr\/bilgisayar-ve-ogretim-teknolojileri-egitimi-bolumu\/?page_id=6551"},"modified":"2023-09-25T15:57:30","modified_gmt":"2023-09-25T12:57:30","slug":"acik-ve-uzaktan-ogrenme-yuksek-lisans","status":"publish","type":"page","link":"https:\/\/atauni.edu.tr\/bilgisayar-ve-ogretim-teknolojileri-egitimi-bolumu\/acik-ve-uzaktan-ogrenme-yuksek-lisans\/","title":{"rendered":"A\u00e7\u0131k ve Uzaktan \u00d6\u011frenme Y\u00fcksek Lisans"},"content":{"rendered":"\t\t<div data-elementor-type=\"wp-page\" data-elementor-id=\"6551\" class=\"elementor elementor-6551\" data-elementor-post-type=\"page\">\n\t\t\t\t\t\t<section class=\"elementor-section elementor-top-section elementor-element elementor-element-664d323 elementor-section-boxed elementor-section-height-default elementor-section-height-default\" data-id=\"664d323\" data-element_type=\"section\">\n\t\t\t\t\t\t<div class=\"elementor-container elementor-column-gap-default\">\n\t\t\t\t\t<div class=\"elementor-column elementor-col-100 elementor-top-column elementor-element elementor-element-e202660\" data-id=\"e202660\" data-element_type=\"column\">\n\t\t\t<div class=\"elementor-widget-wrap elementor-element-populated\">\n\t\t\t\t\t\t<div class=\"elementor-element elementor-element-e68a652 elementor-tabs-view-horizontal elementor-widget elementor-widget-tabs\" data-id=\"e68a652\" data-element_type=\"widget\" data-widget_type=\"tabs.default\">\n\t\t\t\t<div class=\"elementor-widget-container\">\n\t\t\t\t\t\t\t<div class=\"elementor-tabs\">\n\t\t\t<div class=\"elementor-tabs-wrapper\" role=\"tablist\" >\n\t\t\t\t\t\t\t\t\t<div id=\"elementor-tab-title-2411\" class=\"elementor-tab-title elementor-tab-desktop-title\" aria-selected=\"true\" data-tab=\"1\" role=\"tab\" tabindex=\"0\" aria-controls=\"elementor-tab-content-2411\" aria-expanded=\"false\">Hakk\u0131nda<\/div>\n\t\t\t\t\t\t\t\t\t<div id=\"elementor-tab-title-2412\" class=\"elementor-tab-title elementor-tab-desktop-title\" aria-selected=\"false\" data-tab=\"2\" role=\"tab\" tabindex=\"-1\" aria-controls=\"elementor-tab-content-2412\" aria-expanded=\"false\">Lisans\u00fcst\u00fc S\u00fcre\u00e7lerle \u0130lgili Temel Bilgi Rehberi<\/div>\n\t\t\t\t\t\t\t\t\t<div id=\"elementor-tab-title-2413\" class=\"elementor-tab-title elementor-tab-desktop-title\" aria-selected=\"false\" data-tab=\"3\" role=\"tab\" tabindex=\"-1\" aria-controls=\"elementor-tab-content-2413\" aria-expanded=\"false\">Ders Program\u0131<\/div>\n\t\t\t\t\t\t\t\t\t<div id=\"elementor-tab-title-2414\" class=\"elementor-tab-title elementor-tab-desktop-title\" aria-selected=\"false\" data-tab=\"4\" role=\"tab\" tabindex=\"-1\" aria-controls=\"elementor-tab-content-2414\" aria-expanded=\"false\">B\u00f6l\u00fcm \u00c7ekirdek Dersleri<\/div>\n\t\t\t\t\t\t\t\t\t<div id=\"elementor-tab-title-2415\" class=\"elementor-tab-title elementor-tab-desktop-title\" aria-selected=\"false\" data-tab=\"5\" role=\"tab\" tabindex=\"-1\" aria-controls=\"elementor-tab-content-2415\" aria-expanded=\"false\">Genel K\u0131lavuz ve Lisans\u00fcst\u00fc Mevzuat<\/div>\n\t\t\t\t\t\t\t\t\t<div id=\"elementor-tab-title-2416\" class=\"elementor-tab-title elementor-tab-desktop-title\" aria-selected=\"false\" data-tab=\"6\" role=\"tab\" tabindex=\"-1\" aria-controls=\"elementor-tab-content-2416\" aria-expanded=\"false\">S\u0131k\u00e7a Sorulan Sorular (SSS)<\/div>\n\t\t\t\t\t\t\t<\/div>\n\t\t\t<div class=\"elementor-tabs-content-wrapper\" role=\"tablist\" aria-orientation=\"vertical\">\n\t\t\t\t\t\t\t\t\t<div class=\"elementor-tab-title elementor-tab-mobile-title\" aria-selected=\"true\" data-tab=\"1\" role=\"tab\" tabindex=\"0\" aria-controls=\"elementor-tab-content-2411\" aria-expanded=\"false\">Hakk\u0131nda<\/div>\n\t\t\t\t\t<div id=\"elementor-tab-content-2411\" class=\"elementor-tab-content elementor-clearfix\" data-tab=\"1\" role=\"tabpanel\" aria-labelledby=\"elementor-tab-title-2411\" tabindex=\"0\" hidden=\"false\"><p dir=\"ltr\" style=\"line-height:1.38;margin-top:0pt;margin-bottom:0pt\"><span style=\"background-color: transparent;font-family: Arial;font-size: 11pt;text-align: justify;letter-spacing: 0px\">A\u00e7\u0131k ve Uzaktan \u00d6\u011frenme Y\u00fcksek Lisans Program\u0131n\u0131n amac\u0131; disiplinler aras\u0131 bir anlay\u0131\u015f ile uzaktan e\u011fitim alan\u0131nda bilimsel ara\u015ft\u0131rmalar yapan, yeni anlay\u0131\u015flar ve teknolojiler i\u00e7in derinlemesine \u00e7al\u0131\u015fan ve bilimsel bak\u0131\u015fla problemlere \u00e7\u00f6z\u00fcmler \u00fcreten, uluslararas\u0131 d\u00fczeyde yetkinli\u011fe sahip \u00f6\u011frenciler, ara\u015ft\u0131rmac\u0131lar ve \u00f6\u011fretim \u00fcyeleri yeti\u015ftirmektir. Y\u00fcksek lisans program\u0131 \u00f6\u011frencilerine uzaktan \u00f6\u011frenme alan\u0131nda bilimsel y\u00f6ntemleri kullanma, bu y\u00f6ntemleri g\u00fcnl\u00fck hayat uygulamalar\u0131na aktaran \u00f6\u011frenme ya\u015fant\u0131lar\u0131n\u0131 sunmay\u0131 ama\u00e7lamaktad\u0131r. A\u00e7\u0131k ve Uzaktan \u00d6\u011frenme alan\u0131; kendine \u00f6zg\u00fc kuram ve uygulamalar\u0131n mevcut olmas\u0131 y\u00f6n\u00fcyle di\u011fer alanlardan ayr\u0131lmaktad\u0131r. Etkile\u015fimsel uzakl\u0131k (transactional distance), denklik kuram\u0131 (equivalency theory), end\u00fcstrile\u015fme kuram\u0131 (theory of industrialization), ba\u011f\u0131ms\u0131z \u00e7al\u0131\u015fma kuram\u0131 (theory of independece learning) gibi kuramlar bunlardan birka\u00e7\u0131d\u0131r. 2015 Ekim itibariyle Y\u00d6K taraf\u0131ndan kabul edilmi\u015f temel bir do\u00e7entlik alan\u0131d\u0131r. Dolay\u0131s\u0131yla bu alana y\u00f6nelik insan kayna\u011f\u0131n\u0131n yeti\u015ftirilmesi i\u00e7in b\u00fcy\u00fck \u00f6nem arz etmektedir.<\/span><br><\/p>\n<p dir=\"ltr\" style=\"line-height:1.38;text-align: justify;margin-top:0pt;margin-bottom:10pt\"><span style=\"background-color: transparent;font-family: Arial;font-size: 11pt;letter-spacing: 0px\">Disiplinleraras\u0131 bir yap\u0131s\u0131 olan A\u00e7\u0131k ve Uzaktan \u00d6\u011frenme alan\u0131 uzaktan e\u011fitimin y\u00f6netim ve organizasyon s\u00fcre\u00e7leri a\u00e7\u0131s\u0131ndan say\u0131sal y\u00f6ntemler, \u00f6\u011fretim tasar\u0131m\u0131, materyal geli\u015ftirme, e\u011fitim teknolojileri, \u00f6\u011fretme ve \u00f6\u011frenme s\u00fcre\u00e7leri a\u00e7\u0131s\u0131ndan bilgisayar ve \u00f6\u011fretim teknolojileri e\u011fitimi alan\u0131 ile ili\u015fkili oldu\u011fu g\u00f6r\u00fclmektedir. Di\u011fer taraftan \u00f6\u011frenme s\u00fcre\u00e7lerinin y\u00f6netimi i\u00e7in geli\u015ftirilen \u00f6\u011frenme y\u00f6netim sistemleri (Moodle, Sakai vb), e\u015f zamanl\u0131 etkile\u015fimi sa\u011flamak i\u00e7in geli\u015ftirilmi\u015f canl\u0131 s\u0131n\u0131f uygulamalar\u0131 (Adobe Connect, Perculus) olmas\u0131 alan\u0131n yaz\u0131l\u0131m ve bilgisayar m\u00fchendisli\u011fi alanlar\u0131 ile ili\u015fkili oldu\u011funu g\u00f6stermektedir. Son olarak \u00f6\u011frenci destek hizmetleri, tan\u0131t\u0131m hizmetleri, mesaj tasar\u0131m\u0131, senaryo yaz\u0131m\u0131, video ve ses kurgusu a\u00e7\u0131s\u0131ndan ileti\u015fim fak\u00fcltesi halkla ili\u015fkiler ve tan\u0131t\u0131m ve radyo ve televizyon yap\u0131mc\u0131l\u0131\u011f\u0131 b\u00f6l\u00fcmleri ile ili\u015fkili oldu\u011fu s\u00f6ylenebilir. Bu program\u0131 ba\u015far\u0131yla tamamlayan \u00f6\u011frenciler, ilgili alanda Y\u00fcksek Lisans Derecesi almaya hak kazanmaktad\u0131rlar.<\/span><\/p><\/div>\n\t\t\t\t\t\t\t\t\t<div class=\"elementor-tab-title elementor-tab-mobile-title\" aria-selected=\"false\" data-tab=\"2\" role=\"tab\" tabindex=\"-1\" aria-controls=\"elementor-tab-content-2412\" aria-expanded=\"false\">Lisans\u00fcst\u00fc S\u00fcre\u00e7lerle \u0130lgili Temel Bilgi Rehberi<\/div>\n\t\t\t\t\t<div id=\"elementor-tab-content-2412\" class=\"elementor-tab-content elementor-clearfix\" data-tab=\"2\" role=\"tabpanel\" aria-labelledby=\"elementor-tab-title-2412\" tabindex=\"0\" hidden=\"hidden\"><p>Lisans\u00fcst\u00fc S\u00fcre\u00e7lerle \u0130lgili Temel Bilgi Rehberine <a href=\"https:\/\/atauni.edu.tr\/lisansustu-sureclerle-ilgili-temel-bilgi-rehberi\">buradan<\/a> ula\u015fabilirsiniz.<\/p><\/div>\n\t\t\t\t\t\t\t\t\t<div class=\"elementor-tab-title elementor-tab-mobile-title\" aria-selected=\"false\" data-tab=\"3\" role=\"tab\" tabindex=\"-1\" aria-controls=\"elementor-tab-content-2413\" aria-expanded=\"false\">Ders Program\u0131<\/div>\n\t\t\t\t\t<div id=\"elementor-tab-content-2413\" class=\"elementor-tab-content elementor-clearfix\" data-tab=\"3\" role=\"tabpanel\" aria-labelledby=\"elementor-tab-title-2413\" tabindex=\"0\" hidden=\"hidden\"><p>D\u00f6nemlerde A\u00e7\u0131lan Lisans\u00fcst\u00fc Ders Programlar\u0131<\/p><p>2023-2024 G\u00fcz D\u00f6nemi Ders Program\u0131na <a href=\"https:\/\/ogratauniedu-my.sharepoint.com\/:w:\/g\/personal\/yeter_unlu13_ogr_atauni_edu_tr\/EUyVtfLfwI9LoCKZMa_q_H0BwC_ro2euf3KFKgxrjfZKUw\" target=\"_blank\" rel=\"noopener\">buradan<\/a> ula\u015fabilirsiniz.<\/p><p>2022-2023 Bahar D\u00f6nemi Ders Program\u0131na <a href=\"http:\/\/birimler.atauni.edu.tr\/bilgisayar-ve-ogretim-teknolojileri-egitimi-bolumu\/wp-content\/uploads\/sites\/87\/2020\/07\/2022-2023-BAHAR-YARIYILI-ACILAN-DERSLER.pdf\" target=\"_blank\" rel=\"noopener\">buradan<\/a> ula\u015fabilirsiniz.<\/p><p>2022-2023 G\u00fcz D\u00f6nemi Ders Program\u0131na \u00a0<a href=\"http:\/\/birimler.atauni.edu.tr\/bilgisayar-ve-ogretim-teknolojileri-egitimi-bolumu\/wp-content\/uploads\/sites\/87\/2020\/07\/2022-2023-GUZ-YARIYILI-ACILAN-DERSLER.pdf\" target=\"_blank\" rel=\"noopener\">buradan<\/a> ula\u015fabilirsiniz.<\/p><p>2021-2022 Bahar D\u00f6nemi Ders Program\u0131na <a href=\"http:\/\/birimler.atauni.edu.tr\/bilgisayar-ve-ogretim-teknolojileri-egitimi-bolumu\/wp-content\/uploads\/sites\/87\/2020\/07\/2021-2022-BAHAR-YARIYILI-ACILAN-DERSLER.pdf\" target=\"_blank\" rel=\"noopener\">buradan<\/a> ula\u015fabilirsiniz.<\/p><p>2021-2022 G\u00fcz D\u00f6nemi Ders Program\u0131na \u00a0<a href=\"http:\/\/birimler.atauni.edu.tr\/bilgisayar-ve-ogretim-teknolojileri-egitimi-bolumu\/wp-content\/uploads\/sites\/87\/2020\/07\/2021-2022-GUZ-YARIYILI-ACILAN-DERSLER.pdf\" target=\"_blank\" rel=\"noopener\">buradan<\/a> ula\u015fabilirsiniz.<\/p><p>2020-2021 Bahar D\u00f6nemi Ders Program\u0131na \u00a0<a href=\"http:\/\/birimler.atauni.edu.tr\/bilgisayar-ve-ogretim-teknolojileri-egitimi-bolumu\/wp-content\/uploads\/sites\/87\/2020\/07\/2020-20221-BAHAR-YARIYILI-ACILAN-DERSLER.pdf\" target=\"_blank\" rel=\"noopener\">buradan<\/a> ula\u015fabilirsiniz.<\/p><p>2020-2021 G\u00fcz D\u00f6nemi Ders Program\u0131na <a href=\"http:\/\/birimler.atauni.edu.tr\/bilgisayar-ve-ogretim-teknolojileri-egitimi-bolumu\/wp-content\/uploads\/sites\/87\/2020\/07\/2020-2021-GUZ-YARIYILI-ACILAN-DERSLER.pdf\" target=\"_blank\" rel=\"noopener\">buradan<\/a> ula\u015fabilirsiniz.<\/p><p>2019-2020 Bahar D\u00f6nemi Ders Program\u0131na <a href=\"http:\/\/birimler.atauni.edu.tr\/bilgisayar-ve-ogretim-teknolojileri-egitimi-bolumu\/wp-content\/uploads\/sites\/87\/2020\/07\/2019-2020-BAHAR-YARIYILI-ACILAN-DERSLER.pdf\" target=\"_blank\" rel=\"noopener\">buradan<\/a> ula\u015fabilirsiniz.<\/p><p>2019-2020 G\u00fcz D\u00f6nemi Ders Program\u0131na <a href=\"http:\/\/birimler.atauni.edu.tr\/bilgisayar-ve-ogretim-teknolojileri-egitimi-bolumu\/wp-content\/uploads\/sites\/87\/2020\/07\/2019-2020-GUZ-YARIYILI-ACILAN-DERSLER.pdf\" target=\"_blank\" rel=\"noopener\">buradan<\/a> ula\u015fabilirsiniz.<\/p><p>2018-2019 Bahar D\u00f6nemi Ders Program\u0131na <a href=\"http:\/\/birimler.atauni.edu.tr\/bilgisayar-ve-ogretim-teknolojileri-egitimi-bolumu\/wp-content\/uploads\/sites\/87\/2020\/07\/2018-2019-BAHAR-YARIYILI-ACILAN-DERSLER.pdf\" target=\"_blank\" rel=\"noopener\">buradan<\/a> ula\u015fabilirsiniz.<\/p><p>2018-2019 G\u00fcz D\u00f6nemi Ders Program\u0131na \u00a0<a href=\"http:\/\/birimler.atauni.edu.tr\/bilgisayar-ve-ogretim-teknolojileri-egitimi-bolumu\/wp-content\/uploads\/sites\/87\/2020\/07\/2018-2019-GUZ-YARIYILI-ACILAN-DERSLER.pdf\" target=\"_blank\" rel=\"noopener\">buradan<\/a> ula\u015fabilirsiniz.<\/p><p>2017-2018 Bahar D\u00f6nemi Ders Program\u0131na \u00a0<a href=\"http:\/\/birimler.atauni.edu.tr\/bilgisayar-ve-ogretim-teknolojileri-egitimi-bolumu\/wp-content\/uploads\/sites\/87\/2020\/07\/2017-2018-BAHAR-YARIYILI-ACILAN-DERSLER.pdf\" target=\"_blank\" rel=\"noopener\">buradan<\/a> ula\u015fabilirsiniz.<\/p><p>2017-2018 G\u00fcz D\u00f6nemi Ders Program\u0131na <a href=\"http:\/\/birimler.atauni.edu.tr\/bilgisayar-ve-ogretim-teknolojileri-egitimi-bolumu\/wp-content\/uploads\/sites\/87\/2020\/07\/2017-2018-GUZ-YARIYILI-ACILAN-DERSLER.pdf\" target=\"_blank\" rel=\"noopener\">buradan<\/a> ula\u015fabilirsiniz.<\/p><\/div>\n\t\t\t\t\t\t\t\t\t<div class=\"elementor-tab-title elementor-tab-mobile-title\" aria-selected=\"false\" data-tab=\"4\" role=\"tab\" tabindex=\"-1\" aria-controls=\"elementor-tab-content-2414\" aria-expanded=\"false\">B\u00f6l\u00fcm \u00c7ekirdek Dersleri<\/div>\n\t\t\t\t\t<div id=\"elementor-tab-content-2414\" class=\"elementor-tab-content elementor-clearfix\" data-tab=\"4\" role=\"tabpanel\" aria-labelledby=\"elementor-tab-title-2414\" tabindex=\"0\" hidden=\"hidden\"><p>B\u00f6l\u00fcm \u00e7ekirdek derslerine <a href=\"https:\/\/atauni.edu.tr\/enstitu-tum-dersler-listesi\">buradan<\/a> ula\u015fabilirsiniz.<\/p><\/div>\n\t\t\t\t\t\t\t\t\t<div class=\"elementor-tab-title elementor-tab-mobile-title\" aria-selected=\"false\" data-tab=\"5\" role=\"tab\" tabindex=\"-1\" aria-controls=\"elementor-tab-content-2415\" aria-expanded=\"false\">Genel K\u0131lavuz ve Lisans\u00fcst\u00fc Mevzuat<\/div>\n\t\t\t\t\t<div id=\"elementor-tab-content-2415\" class=\"elementor-tab-content elementor-clearfix\" data-tab=\"5\" role=\"tabpanel\" aria-labelledby=\"elementor-tab-title-2415\" tabindex=\"0\" hidden=\"hidden\"><p>E\u011fitim bilimleri enstit\u00fcs\u00fc ders kayd\u0131 ve y\u00f6netmelik ile ilgili rehberlere <a href=\"https:\/\/atauni.edu.tr\/genel-kilavuzlar-2\">buradan<\/a> ya da <a href=\"https:\/\/atauni.edu.tr\/egitim-bilimleri-enstitusu\">enstit\u00fc ana sayfas\u0131ndan<\/a> ula\u015fabilirsiniz. Lisans\u00fcst\u00fc \u00f6\u011frenim s\u00fcrecinde dikkat edilmesi gereken \u00f6nemli hususlara <a href=\"https:\/\/atauni.edu.tr\/yuklemeler\/69f916c8579c44f8c93f443816465158.pdf\">buradan<\/a> ula\u015fabilirsiniz. \u0130leride bir sorunla kar\u015f\u0131la\u015fmamak i\u00e7in bu bilgileri dikkatle incelemeniz yarar\u0131n\u0131za olacakt\u0131r.<\/p><p>Lisans\u00fcst\u00fc e\u011fitim mevzuat\u0131na <a href=\"https:\/\/atauni.edu.tr\/mevzuat-12\">buradan <\/a>ula\u015fabilirsiniz.<\/p><\/div>\n\t\t\t\t\t\t\t\t\t<div class=\"elementor-tab-title elementor-tab-mobile-title\" aria-selected=\"false\" data-tab=\"6\" role=\"tab\" tabindex=\"-1\" aria-controls=\"elementor-tab-content-2416\" aria-expanded=\"false\">S\u0131k\u00e7a Sorulan Sorular (SSS)<\/div>\n\t\t\t\t\t<div id=\"elementor-tab-content-2416\" class=\"elementor-tab-content elementor-clearfix\" data-tab=\"6\" role=\"tabpanel\" aria-labelledby=\"elementor-tab-title-2416\" tabindex=\"0\" hidden=\"hidden\"><p><strong>1.<\/strong> <strong>E\u011fitim s\u00fcresi (Asgari ve Azami S\u00fcre) Nedir?<\/strong><\/p><p><span style=\"letter-spacing: 0px\">-Y\u00fcksek Lisans \u00f6\u011frencileri i\u00e7in azami s\u00fcre 2+1 olup, 4. yar\u0131y\u0131l sonunda program\u0131n gerektirdi\u011fi zorunlu ders kredisini sa\u011flayamayan veya seminer dersinden ba\u015far\u0131s\u0131z olan \u00f6\u011frencilerin enstit\u00fc ile ili\u015fikleri kesilir.\u00a0<\/span><\/p><p><span style=\"letter-spacing: 0px\">-Doktora \u00f6\u011frencileri i\u00e7in azami s\u00fcre tezli y\u00fcksek lisans derecesi ile kabul edilenler i\u00e7in 4+2, lisans derecesi ile kabul edilenler i\u00e7in ise 5+2 y\u0131ld\u0131r.<\/span><\/p><p><strong><span style=\"letter-spacing: 0px\">2. Lisans\u00fcst\u00fc programlarda bulunan dersler i\u00e7in ba\u015far\u0131 ortalamas\u0131 nedir?<\/span><\/strong><\/p><p><span style=\"letter-spacing: 0px\">-Y\u00fcksek Lisans derslerinde ba\u015far\u0131l\u0131 olmak i\u00e7in d\u00f6nem sonunda dersin not ortalamas\u0131n\u0131n en az 65 olmas\u0131 gerekmektedir.<\/span><\/p><p><span style=\"letter-spacing: 0px\">-Doktora derslerinde ba\u015far\u0131l\u0131 olmak i\u00e7in d\u00f6nem sonunda dersin not ortalamas\u0131n\u0131n en az 75 olmas\u0131 gerekmektedir.<\/span><\/p><div><strong><span style=\"letter-spacing: 0px\">3. Lisans\u00fcst\u00fc e\u011fitimde al\u0131nmas\u0131 gereken ders say\u0131s\u0131 ve kredi bilgisi nedir?<\/span><\/strong><\/div><div><p><span style=\"letter-spacing: 0px\">-Zorunlu ders say\u0131s\u0131 7&#8217;dir. Minimum 21 kredi-120 AKTS ile mezun olunmaktad\u0131r.<\/span><\/p><p><strong>4. <span style=\"letter-spacing: 0px\">Lisans\u00fcst\u00fc e\u011fitimde z<\/span>orunlu ders say\u0131s\u0131 nedir?<\/strong><\/p><p>-E\u011fitimde Ara\u015ft\u0131rma Y\u00f6ntemleri ve Temel \u0130statistik dersi y\u00fcksek Lisans i\u00e7in zorunludur.<\/p><p><span style=\"font-weight: 400\">-04.05.2017 tarih ve 2017-02\/03 nolu Enstit\u00fc Kurulu karar\u0131 3. bendi gere\u011fince &#8220;Doktora ders d\u00f6nemindeki \u00f6\u011frenciler i\u00e7in doktora programlar\u0131na y\u00f6nelik EBE koduyla a\u00e7\u0131lan derslerden en az birini almak zorunludur &#8220;. Bu zorunluluk her bir d\u00f6nem i\u00e7in ayr\u0131 ayr\u0131 de\u011fil, b\u00fct\u00fcn ders d\u00f6nemi i\u00e7in en az bir derstir.<\/span><\/p><ul><li><span style=\"font-weight: 400\">2020-2021 bahar yar\u0131y\u0131l\u0131ndan itibaren kay\u0131t yapt\u0131ran doktora \u00f6\u011frencilerinin ders d\u00f6nemi i\u00e7erisinde istedikleri herhangi bir d\u00f6nemde \u201cProje Haz\u0131rlama\u201d dersini almalar\u0131 zorunludur.<\/span><\/li><\/ul><p>\u00a0<\/p><\/div><\/div>\n\t\t\t\t\t\t\t<\/div>\n\t\t<\/div>\n\t\t\t\t\t\t<\/div>\n\t\t\t\t<\/div>\n\t\t\t\t\t<\/div>\n\t\t<\/div>\n\t\t\t\t\t<\/div>\n\t\t<\/section>\n\t\t\t\t<\/div>\n\t\t","protected":false},"excerpt":{"rendered":"<p>Hakk\u0131nda Lisans\u00fcst\u00fc S\u00fcre\u00e7lerle \u0130lgili Temel Bilgi Rehberi Ders Program\u0131 B\u00f6l\u00fcm \u00c7ekirdek Dersleri Genel K\u0131lavuz ve Lisans\u00fcst\u00fc Mevzuat S\u0131k\u00e7a Sorulan Sorular (SSS) Hakk\u0131nda A\u00e7\u0131k ve Uzaktan \u00d6\u011frenme Y\u00fcksek Lisans Program\u0131n\u0131n amac\u0131; disiplinler aras\u0131 bir anlay\u0131\u015f ile uzaktan e\u011fitim alan\u0131nda bilimsel ara\u015ft\u0131rmalar yapan, yeni anlay\u0131\u015flar ve teknolojiler i\u00e7in derinlemesine \u00e7al\u0131\u015fan ve bilimsel bak\u0131\u015fla problemlere \u00e7\u00f6z\u00fcmler \u00fcreten, uluslararas\u0131 [&hellip;]<\/p>\n","protected":false},"author":499,"featured_media":0,"parent":0,"menu_order":0,"comment_status":"closed","ping_status":"closed","template":"","meta":{"footnotes":""},"class_list":["post-6551","page","type-page","status-publish","hentry"],"_links":{"self":[{"href":"https:\/\/atauni.edu.tr\/bilgisayar-ve-ogretim-teknolojileri-egitimi-bolumu\/wp-json\/wp\/v2\/pages\/6551","targetHints":{"allow":["GET"]}}],"collection":[{"href":"https:\/\/atauni.edu.tr\/bilgisayar-ve-ogretim-teknolojileri-egitimi-bolumu\/wp-json\/wp\/v2\/pages"}],"about":[{"href":"https:\/\/atauni.edu.tr\/bilgisayar-ve-ogretim-teknolojileri-egitimi-bolumu\/wp-json\/wp\/v2\/types\/page"}],"author":[{"embeddable":true,"href":"https:\/\/atauni.edu.tr\/bilgisayar-ve-ogretim-teknolojileri-egitimi-bolumu\/wp-json\/wp\/v2\/users\/499"}],"replies":[{"embeddable":true,"href":"https:\/\/atauni.edu.tr\/bilgisayar-ve-ogretim-teknolojileri-egitimi-bolumu\/wp-json\/wp\/v2\/comments?post=6551"}],"version-history":[{"count":61,"href":"https:\/\/atauni.edu.tr\/bilgisayar-ve-ogretim-teknolojileri-egitimi-bolumu\/wp-json\/wp\/v2\/pages\/6551\/revisions"}],"predecessor-version":[{"id":7594,"href":"https:\/\/atauni.edu.tr\/bilgisayar-ve-ogretim-teknolojileri-egitimi-bolumu\/wp-json\/wp\/v2\/pages\/6551\/revisions\/7594"}],"wp:attachment":[{"href":"https:\/\/atauni.edu.tr\/bilgisayar-ve-ogretim-teknolojileri-egitimi-bolumu\/wp-json\/wp\/v2\/media?parent=6551"}],"curies":[{"name":"wp","href":"https:\/\/api.w.org\/{rel}","templated":true}]}}