{"id":6854,"date":"2022-10-18T21:25:33","date_gmt":"2022-10-18T18:25:33","guid":{"rendered":"https:\/\/birimler.atauni.edu.tr\/bilgisayar-ve-ogretim-teknolojileri-egitimi-bolumu\/?page_id=6854"},"modified":"2023-02-26T16:51:11","modified_gmt":"2023-02-26T13:51:11","slug":"oryantasyon","status":"publish","type":"page","link":"https:\/\/atauni.edu.tr\/bilgisayar-ve-ogretim-teknolojileri-egitimi-bolumu\/oryantasyon\/","title":{"rendered":"G\u00fcz D\u00f6nemi Oryantasyon"},"content":{"rendered":"\t\t<div data-elementor-type=\"wp-page\" data-elementor-id=\"6854\" class=\"elementor elementor-6854\" data-elementor-post-type=\"page\">\n\t\t\t\t\t\t<section class=\"elementor-section elementor-top-section elementor-element elementor-element-735ba9f6 elementor-section-boxed elementor-section-height-default elementor-section-height-default\" data-id=\"735ba9f6\" data-element_type=\"section\">\n\t\t\t\t\t\t<div class=\"elementor-container elementor-column-gap-default\">\n\t\t\t\t\t<div class=\"elementor-column elementor-col-100 elementor-top-column elementor-element elementor-element-2178c9c6\" data-id=\"2178c9c6\" data-element_type=\"column\">\n\t\t\t<div class=\"elementor-widget-wrap elementor-element-populated\">\n\t\t\t\t\t\t<div class=\"elementor-element elementor-element-79df3d5 elementor-widget elementor-widget-text-editor\" data-id=\"79df3d5\" data-element_type=\"widget\" data-widget_type=\"text-editor.default\">\n\t\t\t\t<div class=\"elementor-widget-container\">\n\t\t\t\t\t\t\t\t\t<div style=\"flex-basis: 0px\"><figure><figcaption>Lisans\u00fcst\u00fc \u00d6\u011frencilerine Y\u00f6nelik Yap\u0131lan Oryantasyon Toplant\u0131s\u0131 Sunum Dosyas\u0131na <a href=\"http:\/\/birimler.atauni.edu.tr\/bilgisayar-ve-ogretim-teknolojileri-egitimi-bolumu\/wp-content\/uploads\/sites\/87\/2020\/07\/BOTE-Lisansustu-ogrenciler-icin-oryantasyon-sunum-dosyasi.pdf\">Buraya<\/a> T\u0131klayarak Ula\u015fabilirsiniz.<\/figcaption><\/figure><\/div>\t\t\t\t\t\t\t\t<\/div>\n\t\t\t\t<\/div>\n\t\t\t\t\t<\/div>\n\t\t<\/div>\n\t\t\t\t\t<\/div>\n\t\t<\/section>\n\t\t\t\t<section class=\"elementor-section elementor-top-section elementor-element elementor-element-7da9d8e elementor-section-boxed elementor-section-height-default elementor-section-height-default\" data-id=\"7da9d8e\" data-element_type=\"section\">\n\t\t\t\t\t\t<div class=\"elementor-container elementor-column-gap-default\">\n\t\t\t\t\t<div class=\"elementor-column elementor-col-100 elementor-top-column elementor-element elementor-element-b235d2d\" data-id=\"b235d2d\" data-element_type=\"column\">\n\t\t\t<div class=\"elementor-widget-wrap elementor-element-populated\">\n\t\t\t\t\t\t<div class=\"elementor-element elementor-element-33b6819 elementor-widget elementor-widget-ova_slide\" data-id=\"33b6819\" data-element_type=\"widget\" data-settings=\"{&quot;pause_on_hover&quot;:&quot;yes&quot;,&quot;infinite&quot;:&quot;yes&quot;,&quot;autoplay&quot;:&quot;yes&quot;,&quot;autoplay_speed&quot;:3000,&quot;dot_control&quot;:&quot;yes&quot;}\" data-widget_type=\"ova_slide.default\">\n\t\t\t\t<div class=\"elementor-widget-container\">\n\t\t\t\t\t\n\t\t\t<div class=\"ova-slide \">\n\t\t\t\t<div class=\"slide owl-carousel owl-theme \" data-options=\"{&quot;items&quot;:3,&quot;items_mobile&quot;:1,&quot;slideBy&quot;:1,&quot;margin&quot;:30,&quot;autoplayHoverPause&quot;:true,&quot;loop&quot;:true,&quot;autoplay&quot;:true,&quot;autoplayTimeout&quot;:3000,&quot;smartSpeed&quot;:500,&quot;dots&quot;:true}\">\n\n\t\t\t\t\t\n\t\t\t\t\t\t<div class=\"item\">\n\t\t\t\t\t\t\t\t\n\t\t\t\t\t\t\t<div class=\"image_slide\">\n\t\t\t\t\t\t\t\t\t\t\t\t\t\t\t\t\t<a href=\"\" target=\"_blank\"><img decoding=\"async\" src=\"http:\/\/birimler.atauni.edu.tr\/bilgisayar-ve-ogretim-teknolojileri-egitimi-bolumu\/wp-content\/uploads\/sites\/87\/2022\/10\/f287833426a1ea288879a66cd2224ce0.jpg\" alt=\"\"><\/a>\n\t\t\t\t\t\t\t\t\t\t\t\t\t\t\t<\/div>\n\n\t\t\t\t\t\t\t<div class=\"title_slide\">\n\t\t\t\t\t\t\t\t\t\t\t\t\t\t\t\t<a href=\"\" target=\"_blank\"><span class=\"title\">Oryantasyon Toplant\u0131s\u0131ndan G\u00f6r\u00fcnt\u00fcler  <\/span><\/a>\n\t\t\t\t\t\t\t\t\t\t\t\t\t\t\t<\/div>\n\t\t\t\t\t\t\n\t\t\t\t\t\t<\/div>\n\n\t\t\t\t\t\n\t\t\t\t\t\t<div class=\"item\">\n\t\t\t\t\t\t\t\t\n\t\t\t\t\t\t\t<div class=\"image_slide\">\n\t\t\t\t\t\t\t\t\t\t\t\t\t\t\t\t\t<a href=\"#\" target=\"_blank\"><img decoding=\"async\" src=\"http:\/\/birimler.atauni.edu.tr\/bilgisayar-ve-ogretim-teknolojileri-egitimi-bolumu\/wp-content\/uploads\/sites\/87\/2022\/10\/47c7b67d3c4a7a385b344660e147657e.jpg\" alt=\"\"><\/a>\n\t\t\t\t\t\t\t\t\t\t\t\t\t\t\t<\/div>\n\n\t\t\t\t\t\t\t<div class=\"title_slide\">\n\t\t\t\t\t\t\t\t\t\t\t\t\t\t\t<\/div>\n\t\t\t\t\t\t\n\t\t\t\t\t\t<\/div>\n\n\t\t\t\t\t\n\t\t\t\t\t\t<div class=\"item\">\n\t\t\t\t\t\t\t\t\n\t\t\t\t\t\t\t<div class=\"image_slide\">\n\t\t\t\t\t\t\t\t\t\t\t\t\t\t\t\t\t<a href=\"#\" target=\"_blank\"><img decoding=\"async\" src=\"http:\/\/birimler.atauni.edu.tr\/bilgisayar-ve-ogretim-teknolojileri-egitimi-bolumu\/wp-content\/uploads\/sites\/87\/2022\/10\/8d9259dddd17b02c31e69b3ef746b64c.jpg\" alt=\"\"><\/a>\n\t\t\t\t\t\t\t\t\t\t\t\t\t\t\t<\/div>\n\n\t\t\t\t\t\t\t<div class=\"title_slide\">\n\t\t\t\t\t\t\t\t\t\t\t\t\t\t\t<\/div>\n\t\t\t\t\t\t\n\t\t\t\t\t\t<\/div>\n\n\t\t\t\t\t\n\t\t\t\t<\/div>\n\t\t\t<\/div>\n\t\t\n\t\t\t\t\t\t<\/div>\n\t\t\t\t<\/div>\n\t\t\t\t\t<\/div>\n\t\t<\/div>\n\t\t\t\t\t<\/div>\n\t\t<\/section>\n\t\t\t\t<\/div>\n\t\t","protected":false},"excerpt":{"rendered":"<p>Lisans\u00fcst\u00fc \u00d6\u011frencilerine Y\u00f6nelik Yap\u0131lan Oryantasyon Toplant\u0131s\u0131 Sunum Dosyas\u0131na Buraya T\u0131klayarak Ula\u015fabilirsiniz. Oryantasyon Toplant\u0131s\u0131ndan G\u00f6r\u00fcnt\u00fcler<\/p>\n","protected":false},"author":499,"featured_media":0,"parent":0,"menu_order":0,"comment_status":"closed","ping_status":"closed","template":"","meta":{"footnotes":""},"class_list":["post-6854","page","type-page","status-publish","hentry"],"_links":{"self":[{"href":"https:\/\/atauni.edu.tr\/bilgisayar-ve-ogretim-teknolojileri-egitimi-bolumu\/wp-json\/wp\/v2\/pages\/6854","targetHints":{"allow":["GET"]}}],"collection":[{"href":"https:\/\/atauni.edu.tr\/bilgisayar-ve-ogretim-teknolojileri-egitimi-bolumu\/wp-json\/wp\/v2\/pages"}],"about":[{"href":"https:\/\/atauni.edu.tr\/bilgisayar-ve-ogretim-teknolojileri-egitimi-bolumu\/wp-json\/wp\/v2\/types\/page"}],"author":[{"embeddable":true,"href":"https:\/\/atauni.edu.tr\/bilgisayar-ve-ogretim-teknolojileri-egitimi-bolumu\/wp-json\/wp\/v2\/users\/499"}],"replies":[{"embeddable":true,"href":"https:\/\/atauni.edu.tr\/bilgisayar-ve-ogretim-teknolojileri-egitimi-bolumu\/wp-json\/wp\/v2\/comments?post=6854"}],"version-history":[{"count":26,"href":"https:\/\/atauni.edu.tr\/bilgisayar-ve-ogretim-teknolojileri-egitimi-bolumu\/wp-json\/wp\/v2\/pages\/6854\/revisions"}],"predecessor-version":[{"id":7347,"href":"https:\/\/atauni.edu.tr\/bilgisayar-ve-ogretim-teknolojileri-egitimi-bolumu\/wp-json\/wp\/v2\/pages\/6854\/revisions\/7347"}],"wp:attachment":[{"href":"https:\/\/atauni.edu.tr\/bilgisayar-ve-ogretim-teknolojileri-egitimi-bolumu\/wp-json\/wp\/v2\/media?parent=6854"}],"curies":[{"name":"wp","href":"https:\/\/api.w.org\/{rel}","templated":true}]}}