{"id":7411,"date":"2023-03-05T09:09:39","date_gmt":"2023-03-05T06:09:39","guid":{"rendered":"https:\/\/birimler.atauni.edu.tr\/bilgisayar-ve-ogretim-teknolojileri-egitimi-bolumu\/?page_id=7411"},"modified":"2024-10-06T21:16:34","modified_gmt":"2024-10-06T18:16:34","slug":"elementor-7411","status":"publish","type":"page","link":"https:\/\/atauni.edu.tr\/bilgisayar-ve-ogretim-teknolojileri-egitimi-bolumu\/elementor-7411\/","title":{"rendered":"Lisans Ders Programlar\u0131"},"content":{"rendered":"\t\t<div data-elementor-type=\"wp-page\" data-elementor-id=\"7411\" class=\"elementor elementor-7411\" data-elementor-post-type=\"page\">\n\t\t\t\t\t\t<section class=\"elementor-section elementor-top-section elementor-element elementor-element-689bb90 elementor-section-boxed elementor-section-height-default elementor-section-height-default\" data-id=\"689bb90\" data-element_type=\"section\">\n\t\t\t\t\t\t<div class=\"elementor-container elementor-column-gap-default\">\n\t\t\t\t\t<div class=\"elementor-column elementor-col-100 elementor-top-column elementor-element elementor-element-0cf26ab\" data-id=\"0cf26ab\" data-element_type=\"column\">\n\t\t\t<div class=\"elementor-widget-wrap elementor-element-populated\">\n\t\t\t\t\t\t<div class=\"elementor-element elementor-element-fd2ffb3 elementor-widget elementor-widget-text-editor\" data-id=\"fd2ffb3\" data-element_type=\"widget\" data-widget_type=\"text-editor.default\">\n\t\t\t\t<div class=\"elementor-widget-container\">\n\t\t\t\t\t\t\t\t\t<p>2024-2025\u00a0<span style=\"color: var( --e-global-color-text );font-family: var( --e-global-typography-text-font-family ), Sans-serif;font-weight: var( --e-global-typography-text-font-weight );letter-spacing: 0px\">G\u00fcz d\u00f6nemi Lisans ders program\u0131na<\/span><span style=\"color: var( --e-global-color-text );font-family: var( --e-global-typography-text-font-family ), Sans-serif;font-weight: var( --e-global-typography-text-font-weight );letter-spacing: 0px\">\u00a0<\/span><a style=\"font-family: var( --e-global-typography-text-font-family ), Sans-serif;font-weight: var( --e-global-typography-text-font-weight );letter-spacing: 0px;background-color: #ffffff\" href=\"https:\/\/ogratauniedu-my.sharepoint.com\/:x:\/g\/personal\/yeter_unlu13_ogr_atauni_edu_tr\/ETuaiZkcaExLki7qERq1cLQBFesl7voq2maqXh9n_I7qoQ?e=yhYcvv\">buradan<\/a><span style=\"color: var( --e-global-color-text );font-family: var( --e-global-typography-text-font-family ), Sans-serif;font-weight: var( --e-global-typography-text-font-weight );letter-spacing: 0px\">\u00a0ula\u015fabilirsiniz.<\/span><\/p><p><span style=\"color: var( --e-global-color-text );font-family: var( --e-global-typography-text-font-family ), Sans-serif;font-weight: var( --e-global-typography-text-font-weight );letter-spacing: 0px\">\u00a02023-2024 Bahar d\u00f6nemi Lisans ders program\u0131na <\/span><a style=\"font-family: var( --e-global-typography-text-font-family ), Sans-serif;font-weight: var( --e-global-typography-text-font-weight );background-color: #ffffff;letter-spacing: 0px\" href=\"https:\/\/ogratauniedu-my.sharepoint.com\/:w:\/g\/personal\/yeter_unlu13_ogr_atauni_edu_tr\/ETaKT40bLuVCjio0fZ8b2uEBvbKbsXuzwW9wU_ksQyqU7w\">buradan<\/a><span style=\"color: var( --e-global-color-text );font-family: var( --e-global-typography-text-font-family ), Sans-serif;font-weight: var( --e-global-typography-text-font-weight );letter-spacing: 0px\">\u00a0ula\u015fabilirsiniz.<\/span><\/p><p>2023-2024 G\u00fcz d\u00f6nemi Lisans ders program\u0131na <a href=\"https:\/\/docs.google.com\/document\/d\/1JxJ-8y5-mdWoeu25m_hTruojetxe1q6S\/edit?usp=drive_link&amp;ouid=110896599123357037459&amp;rtpof=true&amp;sd=true\">buradan<\/a>\u00a0ula\u015fabilirsiniz.<\/p><p><span style=\"color: var( --e-global-color-text );font-family: var( --e-global-typography-text-font-family ), Sans-serif;font-weight: var( --e-global-typography-text-font-weight );letter-spacing: 0px\">2022-2023 Bahar d\u00f6nemi Lisans ders program\u0131na <\/span><a style=\"font-family: var( --e-global-typography-text-font-family ), Sans-serif;font-weight: var( --e-global-typography-text-font-weight );letter-spacing: 0px\" href=\"https:\/\/docs.google.com\/document\/d\/1XtXE9nxpIfbh8VAz8cLNCSBUK1J0i2P7\/\" target=\"_blank\" rel=\"noopener\">buradan<\/a><span style=\"color: var( --e-global-color-text );font-family: var( --e-global-typography-text-font-family ), Sans-serif;font-weight: var( --e-global-typography-text-font-weight );letter-spacing: 0px\"> ula\u015fabilirsiniz.<\/span><\/p><p>2022-2023 G\u00fcz d\u00f6nemi Lisans ders program\u0131na <a href=\"https:\/\/ogratauniedu-my.sharepoint.com\/:x:\/g\/personal\/yeter_unlu13_ogr_atauni_edu_tr\/EUjltISHoqFBrCVsDPOpR-cBAag11OsQ12DQ9FF-sL-lgA?e=dzl52I\" target=\"_blank\" rel=\"noopener\">buradan<\/a>\u00a0ula\u015fabilirsiniz.<\/p>\t\t\t\t\t\t\t\t<\/div>\n\t\t\t\t<\/div>\n\t\t\t\t\t<\/div>\n\t\t<\/div>\n\t\t\t\t\t<\/div>\n\t\t<\/section>\n\t\t\t\t<section class=\"elementor-section elementor-top-section elementor-element elementor-element-d95ce48 elementor-section-boxed elementor-section-height-default elementor-section-height-default\" data-id=\"d95ce48\" data-element_type=\"section\">\n\t\t\t\t\t\t<div class=\"elementor-container elementor-column-gap-default\">\n\t\t\t\t\t<div class=\"elementor-column elementor-col-100 elementor-top-column elementor-element elementor-element-f866962\" data-id=\"f866962\" data-element_type=\"column\">\n\t\t\t<div class=\"elementor-widget-wrap elementor-element-populated\">\n\t\t\t\t\t\t<section class=\"elementor-section elementor-inner-section elementor-element elementor-element-a00e8a5 elementor-section-boxed elementor-section-height-default elementor-section-height-default\" data-id=\"a00e8a5\" data-element_type=\"section\">\n\t\t\t\t\t\t<div class=\"elementor-container elementor-column-gap-default\">\n\t\t\t\t\t<div class=\"elementor-column elementor-col-50 elementor-inner-column elementor-element elementor-element-e0f43f3\" data-id=\"e0f43f3\" data-element_type=\"column\">\n\t\t\t<div class=\"elementor-widget-wrap\">\n\t\t\t\t\t\t\t<\/div>\n\t\t<\/div>\n\t\t\t\t<div class=\"elementor-column elementor-col-50 elementor-inner-column elementor-element elementor-element-5229d02\" data-id=\"5229d02\" data-element_type=\"column\">\n\t\t\t<div class=\"elementor-widget-wrap\">\n\t\t\t\t\t\t\t<\/div>\n\t\t<\/div>\n\t\t\t\t\t<\/div>\n\t\t<\/section>\n\t\t\t\t\t<\/div>\n\t\t<\/div>\n\t\t\t\t\t<\/div>\n\t\t<\/section>\n\t\t\t\t<section class=\"elementor-section elementor-top-section elementor-element elementor-element-f4e2dd3 elementor-section-boxed elementor-section-height-default elementor-section-height-default\" data-id=\"f4e2dd3\" data-element_type=\"section\">\n\t\t\t\t\t\t<div class=\"elementor-container elementor-column-gap-default\">\n\t\t\t\t\t<div class=\"elementor-column elementor-col-100 elementor-top-column elementor-element elementor-element-29161d9\" data-id=\"29161d9\" data-element_type=\"column\">\n\t\t\t<div class=\"elementor-widget-wrap elementor-element-populated\">\n\t\t\t\t\t\t<section class=\"elementor-section elementor-inner-section elementor-element elementor-element-b831d67 elementor-section-boxed elementor-section-height-default elementor-section-height-default\" data-id=\"b831d67\" data-element_type=\"section\">\n\t\t\t\t\t\t<div class=\"elementor-container elementor-column-gap-default\">\n\t\t\t\t\t<div class=\"elementor-column elementor-col-50 elementor-inner-column elementor-element elementor-element-93e0530\" data-id=\"93e0530\" data-element_type=\"column\">\n\t\t\t<div class=\"elementor-widget-wrap\">\n\t\t\t\t\t\t\t<\/div>\n\t\t<\/div>\n\t\t\t\t<div class=\"elementor-column elementor-col-50 elementor-inner-column elementor-element elementor-element-f2bcbab\" data-id=\"f2bcbab\" data-element_type=\"column\">\n\t\t\t<div class=\"elementor-widget-wrap\">\n\t\t\t\t\t\t\t<\/div>\n\t\t<\/div>\n\t\t\t\t\t<\/div>\n\t\t<\/section>\n\t\t\t\t\t<\/div>\n\t\t<\/div>\n\t\t\t\t\t<\/div>\n\t\t<\/section>\n\t\t\t\t<\/div>\n\t\t","protected":false},"excerpt":{"rendered":"<p>2024-2025\u00a0G\u00fcz d\u00f6nemi Lisans ders program\u0131na\u00a0buradan\u00a0ula\u015fabilirsiniz. \u00a02023-2024 Bahar d\u00f6nemi Lisans ders program\u0131na buradan\u00a0ula\u015fabilirsiniz. 2023-2024 G\u00fcz d\u00f6nemi Lisans ders program\u0131na buradan\u00a0ula\u015fabilirsiniz. 2022-2023 Bahar d\u00f6nemi Lisans ders program\u0131na buradan ula\u015fabilirsiniz. 2022-2023 G\u00fcz d\u00f6nemi Lisans ders program\u0131na buradan\u00a0ula\u015fabilirsiniz.<\/p>\n","protected":false},"author":499,"featured_media":0,"parent":0,"menu_order":0,"comment_status":"closed","ping_status":"closed","template":"","meta":{"footnotes":""},"class_list":["post-7411","page","type-page","status-publish","hentry"],"_links":{"self":[{"href":"https:\/\/atauni.edu.tr\/bilgisayar-ve-ogretim-teknolojileri-egitimi-bolumu\/wp-json\/wp\/v2\/pages\/7411","targetHints":{"allow":["GET"]}}],"collection":[{"href":"https:\/\/atauni.edu.tr\/bilgisayar-ve-ogretim-teknolojileri-egitimi-bolumu\/wp-json\/wp\/v2\/pages"}],"about":[{"href":"https:\/\/atauni.edu.tr\/bilgisayar-ve-ogretim-teknolojileri-egitimi-bolumu\/wp-json\/wp\/v2\/types\/page"}],"author":[{"embeddable":true,"href":"https:\/\/atauni.edu.tr\/bilgisayar-ve-ogretim-teknolojileri-egitimi-bolumu\/wp-json\/wp\/v2\/users\/499"}],"replies":[{"embeddable":true,"href":"https:\/\/atauni.edu.tr\/bilgisayar-ve-ogretim-teknolojileri-egitimi-bolumu\/wp-json\/wp\/v2\/comments?post=7411"}],"version-history":[{"count":66,"href":"https:\/\/atauni.edu.tr\/bilgisayar-ve-ogretim-teknolojileri-egitimi-bolumu\/wp-json\/wp\/v2\/pages\/7411\/revisions"}],"predecessor-version":[{"id":7626,"href":"https:\/\/atauni.edu.tr\/bilgisayar-ve-ogretim-teknolojileri-egitimi-bolumu\/wp-json\/wp\/v2\/pages\/7411\/revisions\/7626"}],"wp:attachment":[{"href":"https:\/\/atauni.edu.tr\/bilgisayar-ve-ogretim-teknolojileri-egitimi-bolumu\/wp-json\/wp\/v2\/media?parent=7411"}],"curies":[{"name":"wp","href":"https:\/\/api.w.org\/{rel}","templated":true}]}}