{"id":7537,"date":"2023-08-11T23:11:25","date_gmt":"2023-08-11T20:11:25","guid":{"rendered":"https:\/\/birimler.atauni.edu.tr\/bilgisayar-ve-ogretim-teknolojileri-egitimi-bolumu\/?page_id=7537"},"modified":"2023-08-11T23:11:25","modified_gmt":"2023-08-11T20:11:25","slug":"ogretim-programlari","status":"publish","type":"page","link":"https:\/\/atauni.edu.tr\/bilgisayar-ve-ogretim-teknolojileri-egitimi-bolumu\/ogretim-programlari\/","title":{"rendered":"\u00d6\u011fretim Programlar\u0131"},"content":{"rendered":"","protected":false},"excerpt":{"rendered":"","protected":false},"author":499,"featured_media":0,"parent":0,"menu_order":0,"comment_status":"closed","ping_status":"closed","template":"","meta":{"footnotes":""},"class_list":["post-7537","page","type-page","status-publish","hentry"],"_links":{"self":[{"href":"https:\/\/atauni.edu.tr\/bilgisayar-ve-ogretim-teknolojileri-egitimi-bolumu\/wp-json\/wp\/v2\/pages\/7537","targetHints":{"allow":["GET"]}}],"collection":[{"href":"https:\/\/atauni.edu.tr\/bilgisayar-ve-ogretim-teknolojileri-egitimi-bolumu\/wp-json\/wp\/v2\/pages"}],"about":[{"href":"https:\/\/atauni.edu.tr\/bilgisayar-ve-ogretim-teknolojileri-egitimi-bolumu\/wp-json\/wp\/v2\/types\/page"}],"author":[{"embeddable":true,"href":"https:\/\/atauni.edu.tr\/bilgisayar-ve-ogretim-teknolojileri-egitimi-bolumu\/wp-json\/wp\/v2\/users\/499"}],"replies":[{"embeddable":true,"href":"https:\/\/atauni.edu.tr\/bilgisayar-ve-ogretim-teknolojileri-egitimi-bolumu\/wp-json\/wp\/v2\/comments?post=7537"}],"version-history":[{"count":1,"href":"https:\/\/atauni.edu.tr\/bilgisayar-ve-ogretim-teknolojileri-egitimi-bolumu\/wp-json\/wp\/v2\/pages\/7537\/revisions"}],"predecessor-version":[{"id":7540,"href":"https:\/\/atauni.edu.tr\/bilgisayar-ve-ogretim-teknolojileri-egitimi-bolumu\/wp-json\/wp\/v2\/pages\/7537\/revisions\/7540"}],"wp:attachment":[{"href":"https:\/\/atauni.edu.tr\/bilgisayar-ve-ogretim-teknolojileri-egitimi-bolumu\/wp-json\/wp\/v2\/media?parent=7537"}],"curies":[{"name":"wp","href":"https:\/\/api.w.org\/{rel}","templated":true}]}}