{"id":5638,"date":"2021-07-13T09:49:25","date_gmt":"2021-07-13T06:49:25","guid":{"rendered":"https:\/\/portaltest.atauni.edu.tr\/sosyal-bilimler-enstitusu\/?page_id=5638"},"modified":"2025-07-23T10:59:31","modified_gmt":"2025-07-23T07:59:31","slug":"hakkinda","status":"publish","type":"page","link":"https:\/\/atauni.edu.tr\/bilimsel-dergiler-koordinatorlugu\/hakkinda\/","title":{"rendered":"Hakk\u0131nda"},"content":{"rendered":"\t\t<div data-elementor-type=\"wp-page\" data-elementor-id=\"5638\" class=\"elementor elementor-5638\" data-elementor-post-type=\"page\">\n\t\t\t\t\t\t<section class=\"elementor-section elementor-top-section elementor-element elementor-element-83722e4 elementor-section-boxed elementor-section-height-default elementor-section-height-default\" data-id=\"83722e4\" data-element_type=\"section\">\n\t\t\t\t\t\t<div class=\"elementor-container elementor-column-gap-default\">\n\t\t\t\t\t<div class=\"elementor-column elementor-col-100 elementor-top-column elementor-element elementor-element-c8defb2\" data-id=\"c8defb2\" data-element_type=\"column\">\n\t\t\t<div class=\"elementor-widget-wrap elementor-element-populated\">\n\t\t\t\t\t\t<div class=\"elementor-element elementor-element-be148f8 elementor-widget elementor-widget-spacer\" data-id=\"be148f8\" data-element_type=\"widget\" data-widget_type=\"spacer.default\">\n\t\t\t\t<div class=\"elementor-widget-container\">\n\t\t\t\t\t\t\t<div class=\"elementor-spacer\">\n\t\t\t<div class=\"elementor-spacer-inner\"><\/div>\n\t\t<\/div>\n\t\t\t\t\t\t<\/div>\n\t\t\t\t<\/div>\n\t\t\t\t\t<\/div>\n\t\t<\/div>\n\t\t\t\t\t<\/div>\n\t\t<\/section>\n\t\t\t\t<section class=\"elementor-section elementor-top-section elementor-element elementor-element-2eaace3 elementor-section-boxed elementor-section-height-default elementor-section-height-default\" data-id=\"2eaace3\" data-element_type=\"section\">\n\t\t\t\t\t\t<div class=\"elementor-container elementor-column-gap-default\">\n\t\t\t\t\t<div class=\"elementor-column elementor-col-100 elementor-top-column elementor-element elementor-element-ea8a924\" data-id=\"ea8a924\" data-element_type=\"column\">\n\t\t\t<div class=\"elementor-widget-wrap elementor-element-populated\">\n\t\t\t\t\t\t<div class=\"elementor-element elementor-element-a98026f elementor-widget elementor-widget-text-editor\" data-id=\"a98026f\" data-element_type=\"widget\" data-widget_type=\"text-editor.default\">\n\t\t\t\t<div class=\"elementor-widget-container\">\n\t\t\t\t\t\t\t\t\t<p style=\"font-weight: 400\">Atat\u00fcrk \u00dcniversitesi Senatosunun 12.07.2019 tarih ve 11\/81 say\u0131l\u0131 karar\u0131yla kurulmu\u015f olan Bilimsel Dergiler Koordinat\u00f6rl\u00fc\u011f\u00fc, kuruldu\u011fu g\u00fcnden itibaren Atat\u00fcrk \u00dcniversitesi b\u00fcnyesinde yay\u0131n yapan bilimsel dergilerin ulusal ve uluslararas\u0131 standartlara ula\u015fmas\u0131 i\u00e7in \u201d Atat\u00fcrk \u00dcniversitesinin Ulusal ve Uluslararas\u0131 Bilime A\u00e7\u0131lan Kap\u0131s\u0131\u201d slogan\u0131yla \u00e7al\u0131\u015fmalar\u0131na devam etmektedir.<\/p><p style=\"font-weight: 400\">Misyon<\/p><p style=\"font-weight: 400\">\u00dcniversitenin Yeni Nesil \u00dcniversite Tasar\u0131m ve D\u00f6n\u00fc\u015f\u00fcm \u00e7al\u0131\u015fmalar\u0131n\u0131n uluslararas\u0131 boyuta ta\u015f\u0131nmas\u0131n\u0131 sa\u011flamak ve \u00dclkemizin gerek b\u00f6lgesinde gerekse d\u00fcnyada bilim ve teknoloji lideri olma ad\u0131mlar\u0131na ivme kazand\u0131rmakt\u0131r.<\/p><p style=\"font-weight: 400\">Vizyon<\/p><p style=\"font-weight: 400\">Bilimsel dergiler arac\u0131l\u0131\u011f\u0131yla \u00dcniversitenin tan\u0131n\u0131rl\u0131\u011f\u0131n\u0131 art\u0131rmak, mevcut dergilerin yay\u0131n standartlar\u0131n\u0131 y\u00fckselterek \u00fcst d\u00fczey endekslere girmelerini sa\u011flamakt\u0131r.<\/p><p style=\"font-weight: 400\">Tarih\u00e7e<\/p><p style=\"font-weight: 400\">2019\u2019daki kurulu\u015funu takiben Prof. Dr. M. Sinan Akta\u015f koordinat\u00f6rl\u00fc\u011f\u00fcnde bir y\u00f6netim olu\u015fturulmu\u015f, bu y\u00f6netim baz\u0131 de\u011fi\u015fikliklerden sonra Koordinat\u00f6r Yard\u0131mc\u0131lar\u0131 Prof. Dr. Reyhan Kele\u015f ve Prof. Dr. Nadiye \u00d6zer \u015feklinde te\u015fkilatlanm\u0131\u015ft\u0131r. Ard\u0131ndan \u00e7e\u015fitli bilim disiplinlerini veya dergileri temsil eden y\u00f6netim kurulu olu\u015fturulmu\u015ftur.\u00a0 Bu y\u00f6netim ve y\u00f6netim kurulu bir\u00e7ok i\u00e7-d\u0131\u015f payda\u015f g\u00f6r\u00fc\u015fmelerinden sonra Atat\u00fcrk \u00dcniversitesi b\u00fcnyesinde yay\u0131n hayat\u0131na devam eden dergileri incelemi\u015f, yeni dergiler kurma yoluna gitmi\u015ftir. Uluslararas\u0131 indekslerde ba\u015far\u0131 elde edebilmek i\u00e7in profesyonel yay\u0131mc\u0131 deste\u011fi alma yoluna gitmi\u015ftir. Bu yay\u0131mc\u0131 \u015firket bilimsel bir proje taraf\u0131ndan desteklenerek 2 y\u0131l boyunca \u00fcniversitemizin dergilerine profesyonel a\u00e7\u0131dan hizmet vermi\u015ftir. Bu s\u00fcre\u00e7te yeni bir makale kabul sistemi kullan\u0131lm\u0131\u015f, dergilerin jeneriklerinden yaz\u0131lar\u0131na kadar bir\u00e7ok konuda de\u011fi\u015fime gidilmi\u015ftir. 2024 y\u0131l\u0131na kadar devam eden bu destek 2024 y\u0131l\u0131nda daha uygun b\u00fct\u00e7eler ile dan\u0131\u015fmanl\u0131k hizmeti h\u00e2linde devam etmi\u015ftir. 2025 y\u0131l\u0131nda da bu dan\u0131\u015fmanl\u0131k hizmeti al\u0131nmas\u0131na karar verilmi\u015ftir. B\u00f6yle Atat\u00fcrk \u00dcniversitesi dergileri b\u00f6lgenin lideri olman\u0131n yan\u0131nda \u00fclkenin hatta d\u00fcnya \u00e7ap\u0131nda da dergileri ile \u00f6nemli \u00fcniversitelerinden biri olma azmiyle her ge\u00e7en g\u00fcn biraz daha g\u00fc\u00e7lenmektedir.<\/p><p>\u00a0<\/p><div id=\"DAA6E3BF_CE21_C35E_EBCE_8E8F6772EF45\">\u00a0<\/div>\t\t\t\t\t\t\t\t<\/div>\n\t\t\t\t<\/div>\n\t\t\t\t\t<\/div>\n\t\t<\/div>\n\t\t\t\t\t<\/div>\n\t\t<\/section>\n\t\t\t\t<section class=\"elementor-section elementor-top-section elementor-element elementor-element-c11013b elementor-section-boxed elementor-section-height-default elementor-section-height-default\" data-id=\"c11013b\" data-element_type=\"section\">\n\t\t\t\t\t\t<div class=\"elementor-container elementor-column-gap-default\">\n\t\t\t\t\t<div class=\"elementor-column elementor-col-100 elementor-top-column elementor-element elementor-element-acab739\" data-id=\"acab739\" data-element_type=\"column\">\n\t\t\t<div class=\"elementor-widget-wrap elementor-element-populated\">\n\t\t\t\t\t\t<div class=\"elementor-element elementor-element-7375a9d elementor-widget elementor-widget-spacer\" data-id=\"7375a9d\" data-element_type=\"widget\" data-widget_type=\"spacer.default\">\n\t\t\t\t<div class=\"elementor-widget-container\">\n\t\t\t\t\t\t\t<div class=\"elementor-spacer\">\n\t\t\t<div class=\"elementor-spacer-inner\"><\/div>\n\t\t<\/div>\n\t\t\t\t\t\t<\/div>\n\t\t\t\t<\/div>\n\t\t\t\t\t<\/div>\n\t\t<\/div>\n\t\t\t\t\t<\/div>\n\t\t<\/section>\n\t\t\t\t<section class=\"elementor-section elementor-top-section elementor-element elementor-element-30d911e elementor-section-boxed elementor-section-height-default elementor-section-height-default\" data-id=\"30d911e\" data-element_type=\"section\">\n\t\t\t\t\t\t<div class=\"elementor-container elementor-column-gap-default\">\n\t\t\t\t\t<div class=\"elementor-column elementor-col-100 elementor-top-column elementor-element elementor-element-b0df9f9\" data-id=\"b0df9f9\" data-element_type=\"column\" data-settings=\"{&quot;background_background&quot;:&quot;classic&quot;}\">\n\t\t\t<div class=\"elementor-widget-wrap elementor-element-populated\">\n\t\t\t\t\t\t<section class=\"elementor-section elementor-inner-section elementor-element elementor-element-05af450 elementor-section-boxed elementor-section-height-default elementor-section-height-default\" data-id=\"05af450\" data-element_type=\"section\" data-settings=\"{&quot;background_background&quot;:&quot;classic&quot;}\">\n\t\t\t\t\t\t<div class=\"elementor-container elementor-column-gap-default\">\n\t\t\t\t\t<div class=\"elementor-column elementor-col-100 elementor-inner-column elementor-element elementor-element-26661f2\" data-id=\"26661f2\" data-element_type=\"column\">\n\t\t\t<div class=\"elementor-widget-wrap elementor-element-populated\">\n\t\t\t\t\t\t<div class=\"elementor-element elementor-element-178cec6 elementor-widget elementor-widget-heading\" data-id=\"178cec6\" data-element_type=\"widget\" data-widget_type=\"heading.default\">\n\t\t\t\t<div class=\"elementor-widget-container\">\n\t\t\t\t\t<h2 class=\"elementor-heading-title elementor-size-default\">\u0130\u00e7erik Haz\u0131rlama Uyar\u0131s\u0131 !<\/h2>\t\t\t\t<\/div>\n\t\t\t\t<\/div>\n\t\t\t\t<div class=\"elementor-element elementor-element-bf8ae11 elementor-widget elementor-widget-text-editor\" data-id=\"bf8ae11\" data-element_type=\"widget\" data-widget_type=\"text-editor.default\">\n\t\t\t\t<div class=\"elementor-widget-container\">\n\t\t\t\t\t\t\t\t\t<p style=\"margin-bottom: 1rem;line-height: 1.5em;text-align: justify\">Kurumsal yap\u0131 i\u00e7erisinde b\u00fct\u00fcnc\u00fcl bir dil ve \u00fcslup birli\u011fi sa\u011flamak amac\u0131yla, tarih\u00e7e b\u00f6l\u00fcm\u00fc yukar\u0131daki \u00f6rnek gibi minimal sade, \u00f6z ve i\u015flevsel bir bi\u00e7imde ele al\u0131nmal\u0131d\u0131r. Bu ba\u011flamda, tarihsel bilgiler ne eksik ne de gere\u011finden fazla olacak \u015fekilde, kurumsal b\u00fct\u00fcnl\u00fc\u011f\u00fc koruyacak \u00f6l\u00e7\u00fcde sunulmal\u0131d\u0131r. Metnin fazlal\u0131klardan ar\u0131nd\u0131r\u0131lmas\u0131, ortak s\u00f6ylem bi\u00e7imini g\u00fc\u00e7lendirecek; ayn\u0131 zamanda kurumsal kimli\u011fin tutarl\u0131l\u0131\u011f\u0131n\u0131 da destekleyecektir. Bu nedenle, web sayfas\u0131 \u00fczerinde yer alan tarih\u00e7e i\u00e7eri\u011finde yaln\u0131zca gerekli bilgilere yer verilmeli, anlat\u0131mda akademik bir sadelik ve yal\u0131nl\u0131k tercih edilmelidir. Aksi h\u00e2lde, gereksiz ayr\u0131nt\u0131lara yer verilmesi ya da bilgi eksikli\u011fi, ortak dil olu\u015fturma \u00e7abas\u0131n\u0131 sekteye u\u011fratacakt\u0131r. Kurumsal yap\u0131y\u0131 ve i\u00e7erik b\u00fct\u00fcnl\u00fc\u011f\u00fcn\u00fc korumak ad\u0131na, sitenizde bu do\u011frultuda d\u00fczenleme yapman\u0131z \u00f6nem arz etmektedir.<\/p>\t\t\t\t\t\t\t\t<\/div>\n\t\t\t\t<\/div>\n\t\t\t\t\t<\/div>\n\t\t<\/div>\n\t\t\t\t\t<\/div>\n\t\t<\/section>\n\t\t\t\t\t<\/div>\n\t\t<\/div>\n\t\t\t\t\t<\/div>\n\t\t<\/section>\n\t\t\t\t<section class=\"elementor-section elementor-top-section elementor-element elementor-element-6607566 elementor-section-boxed elementor-section-height-default elementor-section-height-default\" data-id=\"6607566\" data-element_type=\"section\">\n\t\t\t\t\t\t<div class=\"elementor-container elementor-column-gap-default\">\n\t\t\t\t\t<div class=\"elementor-column elementor-col-100 elementor-top-column elementor-element elementor-element-ead1b7c\" data-id=\"ead1b7c\" data-element_type=\"column\">\n\t\t\t<div class=\"elementor-widget-wrap elementor-element-populated\">\n\t\t\t\t\t\t<div class=\"elementor-element elementor-element-5f862da elementor-widget elementor-widget-spacer\" data-id=\"5f862da\" data-element_type=\"widget\" data-widget_type=\"spacer.default\">\n\t\t\t\t<div class=\"elementor-widget-container\">\n\t\t\t\t\t\t\t<div class=\"elementor-spacer\">\n\t\t\t<div class=\"elementor-spacer-inner\"><\/div>\n\t\t<\/div>\n\t\t\t\t\t\t<\/div>\n\t\t\t\t<\/div>\n\t\t\t\t\t<\/div>\n\t\t<\/div>\n\t\t\t\t\t<\/div>\n\t\t<\/section>\n\t\t\t\t<\/div>\n\t\t","protected":false},"excerpt":{"rendered":"<p>Atat\u00fcrk \u00dcniversitesi Senatosunun 12.07.2019 tarih ve 11\/81 say\u0131l\u0131 karar\u0131yla kurulmu\u015f olan Bilimsel Dergiler Koordinat\u00f6rl\u00fc\u011f\u00fc, kuruldu\u011fu g\u00fcnden itibaren Atat\u00fcrk \u00dcniversitesi b\u00fcnyesinde yay\u0131n yapan bilimsel dergilerin ulusal ve uluslararas\u0131 standartlara ula\u015fmas\u0131 i\u00e7in \u201d Atat\u00fcrk \u00dcniversitesinin Ulusal ve Uluslararas\u0131 Bilime A\u00e7\u0131lan Kap\u0131s\u0131\u201d slogan\u0131yla \u00e7al\u0131\u015fmalar\u0131na devam etmektedir. Misyon \u00dcniversitenin Yeni Nesil \u00dcniversite Tasar\u0131m ve D\u00f6n\u00fc\u015f\u00fcm \u00e7al\u0131\u015fmalar\u0131n\u0131n uluslararas\u0131 boyuta ta\u015f\u0131nmas\u0131n\u0131 [&hellip;]<\/p>\n","protected":false},"author":239,"featured_media":0,"parent":0,"menu_order":0,"comment_status":"closed","ping_status":"closed","template":"","meta":{"footnotes":""},"class_list":["post-5638","page","type-page","status-publish","hentry"],"_links":{"self":[{"href":"https:\/\/atauni.edu.tr\/bilimsel-dergiler-koordinatorlugu\/wp-json\/wp\/v2\/pages\/5638","targetHints":{"allow":["GET"]}}],"collection":[{"href":"https:\/\/atauni.edu.tr\/bilimsel-dergiler-koordinatorlugu\/wp-json\/wp\/v2\/pages"}],"about":[{"href":"https:\/\/atauni.edu.tr\/bilimsel-dergiler-koordinatorlugu\/wp-json\/wp\/v2\/types\/page"}],"author":[{"embeddable":true,"href":"https:\/\/atauni.edu.tr\/bilimsel-dergiler-koordinatorlugu\/wp-json\/wp\/v2\/users\/239"}],"replies":[{"embeddable":true,"href":"https:\/\/atauni.edu.tr\/bilimsel-dergiler-koordinatorlugu\/wp-json\/wp\/v2\/comments?post=5638"}],"version-history":[{"count":65,"href":"https:\/\/atauni.edu.tr\/bilimsel-dergiler-koordinatorlugu\/wp-json\/wp\/v2\/pages\/5638\/revisions"}],"predecessor-version":[{"id":9132,"href":"https:\/\/atauni.edu.tr\/bilimsel-dergiler-koordinatorlugu\/wp-json\/wp\/v2\/pages\/5638\/revisions\/9132"}],"wp:attachment":[{"href":"https:\/\/atauni.edu.tr\/bilimsel-dergiler-koordinatorlugu\/wp-json\/wp\/v2\/media?parent=5638"}],"curies":[{"name":"wp","href":"https:\/\/api.w.org\/{rel}","templated":true}]}}