{"id":5719,"date":"2021-07-13T10:45:18","date_gmt":"2021-07-13T07:45:18","guid":{"rendered":"https:\/\/portaltest.atauni.edu.tr\/sosyal-bilimler-enstitusu\/?page_id=5719"},"modified":"2025-07-23T10:55:33","modified_gmt":"2025-07-23T07:55:33","slug":"iletisim","status":"publish","type":"page","link":"https:\/\/atauni.edu.tr\/bilimsel-dergiler-koordinatorlugu\/iletisim\/","title":{"rendered":"\u0130leti\u015fim"},"content":{"rendered":"\t\t<div data-elementor-type=\"wp-page\" data-elementor-id=\"5719\" class=\"elementor elementor-5719\" data-elementor-post-type=\"page\">\n\t\t\t\t\t\t<section class=\"elementor-section elementor-top-section elementor-element elementor-element-5d5670d elementor-section-boxed elementor-section-height-default elementor-section-height-default\" data-id=\"5d5670d\" data-element_type=\"section\">\n\t\t\t\t\t\t<div class=\"elementor-container elementor-column-gap-default\">\n\t\t\t\t\t<div class=\"elementor-column elementor-col-100 elementor-top-column elementor-element elementor-element-33cee92\" data-id=\"33cee92\" data-element_type=\"column\">\n\t\t\t<div class=\"elementor-widget-wrap elementor-element-populated\">\n\t\t\t\t\t\t<div class=\"elementor-element elementor-element-033e177 elementor-widget elementor-widget-text-editor\" data-id=\"033e177\" data-element_type=\"widget\" data-widget_type=\"text-editor.default\">\n\t\t\t\t<div class=\"elementor-widget-container\">\n\t\t\t\t\t\t\t\t\t<p class=\"has-black-color has-text-color has-link-color has-medium-font-size wp-elements-9ccdf93954195b4f827e1b61f8c79089\"><strong>Atat\u00fcrk \u00dcniversitesi Bilimsel Dergiler Koordinat\u00f6rl\u00fc\u011f\u00fc<\/strong><\/p>\n<p class=\"has-black-color has-text-color has-link-color has-medium-font-size wp-elements-94eaf6c4f5c72c1ff6f3e9d40b514690\">Atat\u00fcrk \u00dcniversitesi Rekt\u00f6rl\u00fc\u011f\u00fc 25240 Erzurum, T\u00fcrkiye<\/p>\n<p class=\"has-link-color has-medium-font-size wp-elements-93a91897c8ba980b0906837ca11aabc0\">ataunijournals@atauni.edu.tr<\/p>\n<p class=\"has-link-color has-medium-font-size wp-elements-04dd6592450406a8841240c6b9a8d204\">bilimseldergiler@atauni.edu.tr<\/p>\n<p class=\"has-black-color has-text-color has-link-color has-medium-font-size wp-elements-a3b2d54b14d01a8f41f1cad665f33ccb\">+90 442 231 19 99<\/p>\t\t\t\t\t\t\t\t<\/div>\n\t\t\t\t<\/div>\n\t\t\t\t\t<\/div>\n\t\t<\/div>\n\t\t\t\t\t<\/div>\n\t\t<\/section>\n\t\t\t\t<\/div>\n\t\t","protected":false},"excerpt":{"rendered":"<p>Atat\u00fcrk \u00dcniversitesi Bilimsel Dergiler Koordinat\u00f6rl\u00fc\u011f\u00fc Atat\u00fcrk \u00dcniversitesi Rekt\u00f6rl\u00fc\u011f\u00fc 25240 Erzurum, T\u00fcrkiye ataunijournals@atauni.edu.tr bilimseldergiler@atauni.edu.tr +90 442 231 19 99<\/p>\n","protected":false},"author":239,"featured_media":0,"parent":0,"menu_order":0,"comment_status":"closed","ping_status":"closed","template":"elementor_header_footer","meta":{"footnotes":""},"class_list":["post-5719","page","type-page","status-publish","hentry"],"_links":{"self":[{"href":"https:\/\/atauni.edu.tr\/bilimsel-dergiler-koordinatorlugu\/wp-json\/wp\/v2\/pages\/5719","targetHints":{"allow":["GET"]}}],"collection":[{"href":"https:\/\/atauni.edu.tr\/bilimsel-dergiler-koordinatorlugu\/wp-json\/wp\/v2\/pages"}],"about":[{"href":"https:\/\/atauni.edu.tr\/bilimsel-dergiler-koordinatorlugu\/wp-json\/wp\/v2\/types\/page"}],"author":[{"embeddable":true,"href":"https:\/\/atauni.edu.tr\/bilimsel-dergiler-koordinatorlugu\/wp-json\/wp\/v2\/users\/239"}],"replies":[{"embeddable":true,"href":"https:\/\/atauni.edu.tr\/bilimsel-dergiler-koordinatorlugu\/wp-json\/wp\/v2\/comments?post=5719"}],"version-history":[{"count":62,"href":"https:\/\/atauni.edu.tr\/bilimsel-dergiler-koordinatorlugu\/wp-json\/wp\/v2\/pages\/5719\/revisions"}],"predecessor-version":[{"id":9126,"href":"https:\/\/atauni.edu.tr\/bilimsel-dergiler-koordinatorlugu\/wp-json\/wp\/v2\/pages\/5719\/revisions\/9126"}],"wp:attachment":[{"href":"https:\/\/atauni.edu.tr\/bilimsel-dergiler-koordinatorlugu\/wp-json\/wp\/v2\/media?parent=5719"}],"curies":[{"name":"wp","href":"https:\/\/api.w.org\/{rel}","templated":true}]}}