{"id":9072,"date":"2025-07-23T10:33:01","date_gmt":"2025-07-23T07:33:01","guid":{"rendered":"https:\/\/birimler.atauni.edu.tr\/bilimsel-dergiler-koordinatorlugu\/?page_id=9072"},"modified":"2025-07-23T10:33:55","modified_gmt":"2025-07-23T07:33:55","slug":"etik-politikasi","status":"publish","type":"page","link":"https:\/\/atauni.edu.tr\/bilimsel-dergiler-koordinatorlugu\/etik-politikasi\/","title":{"rendered":"Etik Politikas\u0131"},"content":{"rendered":"\t\t<div data-elementor-type=\"wp-page\" data-elementor-id=\"9072\" class=\"elementor elementor-9072\" data-elementor-post-type=\"page\">\n\t\t\t\t\t\t<section class=\"elementor-section elementor-top-section elementor-element elementor-element-9832790 elementor-section-boxed elementor-section-height-default elementor-section-height-default\" data-id=\"9832790\" data-element_type=\"section\">\n\t\t\t\t\t\t<div class=\"elementor-container elementor-column-gap-default\">\n\t\t\t\t\t<div class=\"elementor-column elementor-col-100 elementor-top-column elementor-element elementor-element-f95e433\" data-id=\"f95e433\" data-element_type=\"column\">\n\t\t\t<div class=\"elementor-widget-wrap elementor-element-populated\">\n\t\t\t\t\t\t<div class=\"elementor-element elementor-element-0b8de01 elementor-widget elementor-widget-text-editor\" data-id=\"0b8de01\" data-element_type=\"widget\" data-widget_type=\"text-editor.default\">\n\t\t\t\t<div class=\"elementor-widget-container\">\n\t\t\t\t\t\t\t\t\t<p>Atat\u00fcrk \u00dcniversitesi dergileri, en y\u00fcksek yay\u0131n eti\u011fi standartlar\u0131n\u0131 benimser ve yay\u0131nc\u0131l\u0131k faaliyetlerini bu standartlara ba\u011fl\u0131 olarak s\u00fcrd\u00fcr\u00fcr.\u00a0<a href=\"https:\/\/publicationethics.org\/\">Committee on Publication Ethics (COPE)<\/a>,\u00a0<a href=\"https:\/\/doaj.org\/apply\/transparency\/#principles-of-transparency-and-best-practice-in-scholarly-publishing\">Directory of Open Access Journals (DOAJ)<\/a>, &lt;astyle=\u201dcolor:blue\u201d href=\u201dhttps:\/\/oaspa.org\u201d&gt;Open Access Scholarly Publishers Association (OASPA) ve the\u00a0<a href=\"https:\/\/www.wame.org\/\">World Association of Medical Editors (WAME)<\/a>\u00a0taraf\u0131ndan geli\u015ftirilen bilimsel yay\u0131nc\u0131l\u0131kta \u015feffafl\u0131k ve en iyi uygulama ilkelerini benimser; tavsiye ve klavuzlar\u0131n\u0131 takip eder: (<a href=\"https:\/\/publicationethics.org\/resources\/guidelines-new\/principles-transparency-and-best-practice-scholarly-publishing\">https:\/\/publicationethics.org\/resources\/guidelines-new\/principles-transparency-and-best-practice<\/a>-).\u00a0<a href=\"https:\/\/www.councilscienceeditors.org\/\">Council of Science Editors (CSE)<\/a>\u00a0ve\u00a0<a href=\"https:\/\/www.icmje.org\/recommendations\/\">International Committee of Medical Journal Editors (ICMJE)<\/a>\u00a0taraf\u0131ndan sunulan \u00f6neri, tavsiye ve klavuzlar\u0131 da dikkate alarak s\u00fcre\u00e7lerini \u015fekillendirir.<\/p><p><strong>Ara\u015ft\u0131rma Eti\u011fi<\/strong><\/p><p>Atat\u00fcrk \u00dcniversitesi dergileri ara\u015ft\u0131rma eti\u011finde en y\u00fcksek standartlar\u0131 g\u00f6zetir ve a\u015fa\u011f\u0131da tan\u0131mlanan uluslararas\u0131 ara\u015ft\u0131rma eti\u011fi ilkelerini benimser.<\/p><p>\u2013 Ara\u015ft\u0131rman\u0131n tasarlanmas\u0131, tasar\u0131m\u0131n g\u00f6zden ge\u00e7irilmesi ve ara\u015ft\u0131rman\u0131n y\u00fcr\u00fct\u00fclmesinde, b\u00fct\u00fcnl\u00fck, kalite ve \u015feffafl\u0131k ilkeleri sa\u011flanmal\u0131d\u0131r.<\/p><p>\u2013 Ara\u015ft\u0131rma ekibi ve kat\u0131l\u0131mc\u0131lar, ara\u015ft\u0131rman\u0131n amac\u0131, y\u00f6ntemleri ve \u00f6ng\u00f6r\u00fclen olas\u0131 kullan\u0131mlar\u0131; ara\u015ft\u0131rmaya kat\u0131l\u0131m\u0131n gerektirdikleri ve varsa riskleri hakk\u0131nda tam olarak bilgilendirilmelidir.<\/p><p>\u2013 Ara\u015ft\u0131rma kat\u0131l\u0131mc\u0131lar\u0131n\u0131n sa\u011flad\u0131\u011f\u0131 bilgilerin gizlili\u011fi ve yan\u0131t verenlerin gizlili\u011fi sa\u011flanmal\u0131d\u0131r. Ara\u015ft\u0131rma kat\u0131l\u0131mc\u0131lar\u0131n \u00f6zerkli\u011fini ve sayg\u0131nl\u0131\u011f\u0131n\u0131 koruyacak \u015fekilde tasarlanmal\u0131d\u0131r.<\/p><p>\u2013 Ara\u015ft\u0131rma kat\u0131l\u0131mc\u0131lar\u0131 g\u00f6n\u00fcll\u00fc olarak ara\u015ft\u0131rmada yer almal\u0131, herhangi bir zorlama alt\u0131nda olmamal\u0131d\u0131rlar.\u00a0 Kat\u0131l\u0131mc\u0131lar\u0131n zarar g\u00f6rmesinden ka\u00e7\u0131n\u0131lmal\u0131d\u0131r. Ara\u015ft\u0131rma, kat\u0131l\u0131mc\u0131lar\u0131 riske sokmayacak \u015fekilde planlanmal\u0131d\u0131r.<\/p><p>\u2013 Ara\u015ft\u0131rma ba\u011f\u0131ms\u0131zl\u0131\u011f\u0131yla ilgili a\u00e7\u0131k ve net olunmal\u0131; \u00e7\u0131kar \u00e7at\u0131\u015fmas\u0131 varsa belirtilmelidir.<\/p><p>\u2013 Deneysel \u00e7al\u0131\u015fmalarda, ara\u015ft\u0131rmaya kat\u0131lmaya karar veren kat\u0131l\u0131mc\u0131lar\u0131n yaz\u0131l\u0131 bilgilendirilmi\u015f onay\u0131 al\u0131nmal\u0131d\u0131r. \u00c7ocuklar\u0131n ve vesayet alt\u0131ndakilerin veya tasdiklenmi\u015f ak\u0131l hastal\u0131\u011f\u0131 bulunanlar\u0131n yasal vasisinin onay\u0131 al\u0131nmal\u0131d\u0131r.<\/p><p>\u2013 \u00c7al\u0131\u015fma herhangi bir kurum ya da kurulu\u015fta ger\u00e7ekle\u015ftirilecekse bu kurum ya da kurulu\u015ftan \u00e7al\u0131\u015fma yap\u0131laca\u011f\u0131na dair onay al\u0131nmal\u0131d\u0131r.<\/p><p>\u2013 \u0130nsan \u00f6\u011fesi bulunan \u00e7al\u0131\u015fmalarda, \u201cy\u00f6ntem\u201d b\u00f6l\u00fcm\u00fcnde kat\u0131l\u0131mc\u0131lardan \u201cbilgilendirilmi\u015f onam\u201d al\u0131nd\u0131\u011f\u0131n\u0131n ve \u00e7al\u0131\u015fman\u0131n yap\u0131ld\u0131\u011f\u0131 kurumdan etik kurul onay\u0131 al\u0131nd\u0131\u011f\u0131n\u0131n belirtilmesi gerekir.<\/p><p><strong>\u0130nsan Denekler ve Ara\u015ft\u0131rmada Hayvan Kullan\u0131m\u0131<\/strong><\/p><p>Atat\u00fcrk \u00dcniversitesi dergileri yay\u0131nlar\u0131,\u00a0<a href=\"https:\/\/www.wma.net\/policies-post\/wma-declaration-of-helsinki-ethical-principles-for-medical-research-involving-human-subjects\/\">D\u00fcnya Tabipler Birli\u011fi (WMA) Helsinki Bildirgesi \u2013 \u0130nsan Deneklerini \u0130\u00e7eren T\u0131bbi Ara\u015ft\u0131rmalar \u0130\u00e7in Etik \u0130lkeler<\/a>\u00a0ve\u00a0<a href=\"https:\/\/www.wma.net\/policies-post\/wma-statement-on-animal-use-in-biomedical-research\/\">Biyomedikal Ara\u015ft\u0131rmalarda Hayvan Kullan\u0131m\u0131na \u0130li\u015fkin WMA Bildirisi\u2019nin<\/a>\u00a0etik standartlar\u0131na uymay\u0131 ilke kabul eder.<\/p><p><strong>Bilgilendirilmi\u015f Onam ve Etik Kurul Onay\u0131<\/strong><\/p><p>Ulusal veya yerel etik kurullardan al\u0131nan ara\u015ft\u0131rma protokollerinin onay\u0131 yaz\u0131larla birlikte g\u00f6nderilmek zorundad\u0131r. \u0130nsan deneklerle yap\u0131lan deneysel ara\u015ft\u0131rmalar\u0131n sonu\u00e7lar\u0131n\u0131 bildiren \u00e7al\u0131\u015fmalarda prosed\u00fcr(ler) tam olarak a\u00e7\u0131klanmal\u0131, bilgilendirilmi\u015f onam al\u0131nm\u0131\u015f olmal\u0131 ve bilgilendirilmi\u015f onam\u0131n al\u0131nd\u0131\u011f\u0131 \u00e7al\u0131\u015fmada\u00a0 belirtilmelidir. \u00c7ocuklar ve vesayet alt\u0131nda olan veya delili\u011fi onaylanm\u0131\u015f ki\u015filer s\u00f6z konusu oldu\u011funda, yazarlar yasal vasinin r\u0131zas\u0131n\u0131n al\u0131n\u0131p al\u0131nmad\u0131\u011f\u0131 hakk\u0131nda bilgilendirmeyi \u00e7al\u0131\u015fmaya eklemelidir.<\/p><p><strong>\u00c7\u0131kar \u00c7at\u0131\u015fmas\u0131<\/strong><\/p><p>Yazarlar, edit\u00f6rler ve hakemler potansiyel ya da mevcut \u00e7\u0131kar \u00e7at\u0131\u015fmas\u0131n\u0131 beyan etmelidir. \u00c7\u0131kar \u00e7at\u0131\u015fmas\u0131 yay\u0131n s\u00fcrecindeki taraflardan biri i\u00e7in (yazar, hakem ya da edit\u00f6r) yay\u0131n s\u00fcrecindeki sorumluluklar\u0131n\u0131 (makale g\u00f6nderimi, hakemlik, edit\u00f6ryal karar; yazar, hakem ve edit\u00f6rler aras\u0131nda ileti\u015fim) adil olmayan \u015fekilde etkileyecek \u015fekilde \u00e7\u0131kar durumu s\u00f6z konusu oldu\u011funda olu\u015fur.<\/p><p>Potansiyel \u00e7\u0131kar \u00e7at\u0131\u015fmalar\u0131n\u0131 beyan etmek i\u00e7in,\u00a0<a href=\"https:\/\/cdn.istanbul.edu.tr\/file\/JTA6CLJ8T5\/F8EA3563417A4428BBCDC5A2F8342CEC\">ICMJE Potansiyel \u00c7\u0131kar \u00c7at\u0131\u015fmas\u0131 Bildirim Formu<\/a>\u00a0(<a href=\"http:\/\/www.icmje.org\/\">http:\/\/www.icmje.org\/<\/a>) katk\u0131da bulunan t\u00fcm yazarlar taraf\u0131ndan doldurulmal\u0131 ve yaz\u0131yla birlikte g\u00f6nderilmelidir. Edit\u00f6rlerin, yazarlar\u0131n veya hakemlerin olas\u0131 \u00e7\u0131kar \u00e7at\u0131\u015fmas\u0131 vakalar\u0131, Yay\u0131n Kurulu taraf\u0131ndan &lt;astyle=\u201dcolor:blue;\u201d href=\u201dhttps:\/\/publicationethics.org\/resources\/flowcharts\/complete-set-english\u201d&gt;COPE ve\u00a0<a href=\"https:\/\/www.icmje.org\/recommendations\/\">ICMJE<\/a>\u00a0y\u00f6nergeleri kapsam\u0131nda \u00e7\u00f6z\u00fcmlenir.<\/p><p><strong>Finansal Destek Beyan\u0131<\/strong><\/p><p>Ara\u015ft\u0131rman\u0131n y\u00fcr\u00fct\u00fclmesi i\u00e7in al\u0131nan t\u00fcm finansal destek \u00e7al\u0131\u015fma g\u00f6nderilirken beyan edilmelidir. Finansal destek sa\u011flayan\u0131n ara\u015ft\u0131rmadaki rol\u00fc de ayn\u0131 zamanda a\u00e7\u0131klanmal\u0131d\u0131r.<\/p><div id=\"DAA6E3BF_CE21_C35E_EBCE_8E8F6772EF45\">\u00a0<\/div>\t\t\t\t\t\t\t\t<\/div>\n\t\t\t\t<\/div>\n\t\t\t\t\t<\/div>\n\t\t<\/div>\n\t\t\t\t\t<\/div>\n\t\t<\/section>\n\t\t\t\t<\/div>\n\t\t","protected":false},"excerpt":{"rendered":"<p>Atat\u00fcrk \u00dcniversitesi dergileri, en y\u00fcksek yay\u0131n eti\u011fi standartlar\u0131n\u0131 benimser ve yay\u0131nc\u0131l\u0131k faaliyetlerini bu standartlara ba\u011fl\u0131 olarak s\u00fcrd\u00fcr\u00fcr.\u00a0Committee on Publication Ethics (COPE),\u00a0Directory of Open Access Journals (DOAJ), &lt;astyle=\u201dcolor:blue\u201d href=\u201dhttps:\/\/oaspa.org\u201d&gt;Open Access Scholarly Publishers Association (OASPA) ve the\u00a0World Association of Medical Editors (WAME)\u00a0taraf\u0131ndan geli\u015ftirilen bilimsel yay\u0131nc\u0131l\u0131kta \u015feffafl\u0131k ve en iyi uygulama ilkelerini benimser; tavsiye ve klavuzlar\u0131n\u0131 takip eder: [&hellip;]<\/p>\n","protected":false},"author":672,"featured_media":0,"parent":0,"menu_order":0,"comment_status":"closed","ping_status":"closed","template":"","meta":{"footnotes":""},"class_list":["post-9072","page","type-page","status-publish","hentry"],"_links":{"self":[{"href":"https:\/\/atauni.edu.tr\/bilimsel-dergiler-koordinatorlugu\/wp-json\/wp\/v2\/pages\/9072","targetHints":{"allow":["GET"]}}],"collection":[{"href":"https:\/\/atauni.edu.tr\/bilimsel-dergiler-koordinatorlugu\/wp-json\/wp\/v2\/pages"}],"about":[{"href":"https:\/\/atauni.edu.tr\/bilimsel-dergiler-koordinatorlugu\/wp-json\/wp\/v2\/types\/page"}],"author":[{"embeddable":true,"href":"https:\/\/atauni.edu.tr\/bilimsel-dergiler-koordinatorlugu\/wp-json\/wp\/v2\/users\/672"}],"replies":[{"embeddable":true,"href":"https:\/\/atauni.edu.tr\/bilimsel-dergiler-koordinatorlugu\/wp-json\/wp\/v2\/comments?post=9072"}],"version-history":[{"count":4,"href":"https:\/\/atauni.edu.tr\/bilimsel-dergiler-koordinatorlugu\/wp-json\/wp\/v2\/pages\/9072\/revisions"}],"predecessor-version":[{"id":9077,"href":"https:\/\/atauni.edu.tr\/bilimsel-dergiler-koordinatorlugu\/wp-json\/wp\/v2\/pages\/9072\/revisions\/9077"}],"wp:attachment":[{"href":"https:\/\/atauni.edu.tr\/bilimsel-dergiler-koordinatorlugu\/wp-json\/wp\/v2\/media?parent=9072"}],"curies":[{"name":"wp","href":"https:\/\/api.w.org\/{rel}","templated":true}]}}