{"id":9079,"date":"2025-07-23T10:36:44","date_gmt":"2025-07-23T07:36:44","guid":{"rendered":"https:\/\/birimler.atauni.edu.tr\/bilimsel-dergiler-koordinatorlugu\/?page_id=9079"},"modified":"2025-07-23T10:37:31","modified_gmt":"2025-07-23T07:37:31","slug":"acik-erisim-politikasi","status":"publish","type":"page","link":"https:\/\/atauni.edu.tr\/bilimsel-dergiler-koordinatorlugu\/acik-erisim-politikasi\/","title":{"rendered":"A\u00e7\u0131k Eri\u015fim Politikas\u0131"},"content":{"rendered":"\t\t<div data-elementor-type=\"wp-page\" data-elementor-id=\"9079\" class=\"elementor elementor-9079\" data-elementor-post-type=\"page\">\n\t\t\t\t\t\t<section class=\"elementor-section elementor-top-section elementor-element elementor-element-0219bd2 elementor-section-boxed elementor-section-height-default elementor-section-height-default\" data-id=\"0219bd2\" data-element_type=\"section\">\n\t\t\t\t\t\t<div class=\"elementor-container elementor-column-gap-default\">\n\t\t\t\t\t<div class=\"elementor-column elementor-col-100 elementor-top-column elementor-element elementor-element-1b8b600\" data-id=\"1b8b600\" data-element_type=\"column\">\n\t\t\t<div class=\"elementor-widget-wrap elementor-element-populated\">\n\t\t\t\t\t\t<div class=\"elementor-element elementor-element-09ba94f elementor-widget elementor-widget-text-editor\" data-id=\"09ba94f\" data-element_type=\"widget\" data-widget_type=\"text-editor.default\">\n\t\t\t\t<div class=\"elementor-widget-container\">\n\t\t\t\t\t\t\t\t\t<p>T\u00fcm Atat\u00fcrk \u00dcniversitesi yay\u0131nlar\u0131 a\u00e7\u0131k eri\u015fimlidir ve t\u00fcm i\u00e7erik okura ya da okurun dahil oldu\u011fu kuruma \u00fccretsiz olarak sunulur. Okurlar, ticari ama\u00e7 haricinde, yay\u0131nc\u0131 ya da yazardan izin almadan dergi makalelerinin tam metnini okuyabilir, indirebilir, kopyalayabilir, arayabilir ve link sa\u011flayabilir. Bu\u00a0<a href=\"https:\/\/www.budapestopenaccessinitiative.org\/read\/turkish-translation\/\">BOAI<\/a>\u00a0a\u00e7\u0131k eri\u015fim tan\u0131m\u0131yla uyumludur. T\u00fcm dergiler Creative Commons lisans\u0131 alt\u0131nda yay\u0131nlanmaktad\u0131r.<\/p>\t\t\t\t\t\t\t\t<\/div>\n\t\t\t\t<\/div>\n\t\t\t\t\t<\/div>\n\t\t<\/div>\n\t\t\t\t\t<\/div>\n\t\t<\/section>\n\t\t\t\t<\/div>\n\t\t","protected":false},"excerpt":{"rendered":"<p>T\u00fcm Atat\u00fcrk \u00dcniversitesi yay\u0131nlar\u0131 a\u00e7\u0131k eri\u015fimlidir ve t\u00fcm i\u00e7erik okura ya da okurun dahil oldu\u011fu kuruma \u00fccretsiz olarak sunulur. Okurlar, ticari ama\u00e7 haricinde, yay\u0131nc\u0131 ya da yazardan izin almadan dergi makalelerinin tam metnini okuyabilir, indirebilir, kopyalayabilir, arayabilir ve link sa\u011flayabilir. Bu\u00a0BOAI\u00a0a\u00e7\u0131k eri\u015fim tan\u0131m\u0131yla uyumludur. T\u00fcm dergiler Creative Commons lisans\u0131 alt\u0131nda yay\u0131nlanmaktad\u0131r.<\/p>\n","protected":false},"author":672,"featured_media":0,"parent":0,"menu_order":0,"comment_status":"closed","ping_status":"closed","template":"","meta":{"footnotes":""},"class_list":["post-9079","page","type-page","status-publish","hentry"],"_links":{"self":[{"href":"https:\/\/atauni.edu.tr\/bilimsel-dergiler-koordinatorlugu\/wp-json\/wp\/v2\/pages\/9079","targetHints":{"allow":["GET"]}}],"collection":[{"href":"https:\/\/atauni.edu.tr\/bilimsel-dergiler-koordinatorlugu\/wp-json\/wp\/v2\/pages"}],"about":[{"href":"https:\/\/atauni.edu.tr\/bilimsel-dergiler-koordinatorlugu\/wp-json\/wp\/v2\/types\/page"}],"author":[{"embeddable":true,"href":"https:\/\/atauni.edu.tr\/bilimsel-dergiler-koordinatorlugu\/wp-json\/wp\/v2\/users\/672"}],"replies":[{"embeddable":true,"href":"https:\/\/atauni.edu.tr\/bilimsel-dergiler-koordinatorlugu\/wp-json\/wp\/v2\/comments?post=9079"}],"version-history":[{"count":4,"href":"https:\/\/atauni.edu.tr\/bilimsel-dergiler-koordinatorlugu\/wp-json\/wp\/v2\/pages\/9079\/revisions"}],"predecessor-version":[{"id":9084,"href":"https:\/\/atauni.edu.tr\/bilimsel-dergiler-koordinatorlugu\/wp-json\/wp\/v2\/pages\/9079\/revisions\/9084"}],"wp:attachment":[{"href":"https:\/\/atauni.edu.tr\/bilimsel-dergiler-koordinatorlugu\/wp-json\/wp\/v2\/media?parent=9079"}],"curies":[{"name":"wp","href":"https:\/\/api.w.org\/{rel}","templated":true}]}}