{"id":9086,"date":"2025-07-23T10:39:16","date_gmt":"2025-07-23T07:39:16","guid":{"rendered":"https:\/\/birimler.atauni.edu.tr\/bilimsel-dergiler-koordinatorlugu\/?page_id=9086"},"modified":"2025-07-23T10:40:21","modified_gmt":"2025-07-23T07:40:21","slug":"hakem-degerlendirme-politikasi","status":"publish","type":"page","link":"https:\/\/atauni.edu.tr\/bilimsel-dergiler-koordinatorlugu\/hakem-degerlendirme-politikasi\/","title":{"rendered":"Hakem De\u011ferlendirme Politikas\u0131"},"content":{"rendered":"\t\t<div data-elementor-type=\"wp-page\" data-elementor-id=\"9086\" class=\"elementor elementor-9086\" data-elementor-post-type=\"page\">\n\t\t\t\t\t\t<section class=\"elementor-section elementor-top-section elementor-element elementor-element-6937917 elementor-section-boxed elementor-section-height-default elementor-section-height-default\" data-id=\"6937917\" data-element_type=\"section\">\n\t\t\t\t\t\t<div class=\"elementor-container elementor-column-gap-default\">\n\t\t\t\t\t<div class=\"elementor-column elementor-col-100 elementor-top-column elementor-element elementor-element-4330bd2\" data-id=\"4330bd2\" data-element_type=\"column\">\n\t\t\t<div class=\"elementor-widget-wrap elementor-element-populated\">\n\t\t\t\t\t\t<div class=\"elementor-element elementor-element-7f8c4ce elementor-widget elementor-widget-text-editor\" data-id=\"7f8c4ce\" data-element_type=\"widget\" data-widget_type=\"text-editor.default\">\n\t\t\t\t<div class=\"elementor-widget-container\">\n\t\t\t\t\t\t\t\t\t<p>Atat\u00fcrk \u00dcniversitesi yay\u0131nlad\u0131\u011f\u0131 dergi ve kitaplarda \u00e7ift-k\u00f6r hakemlik politikas\u0131n\u0131 benimser. Yay\u0131nlanmak \u00fczere Atat\u00fcrk \u00dcniversitesi dergilerine g\u00f6nderilen t\u00fcm yaz\u0131lar, alan\u0131nda uzman edit\u00f6rler, alan\u0131nda uzman ki\u015filer ve ba\u011f\u0131ms\u0131z d\u0131\u015f hakemler taraf\u0131ndan \u00e7ift-k\u00f6r hakem de\u011ferlendirme s\u00fcrecine uygun olarak de\u011ferlendirilir. Hakem de\u011ferlendirmesi s\u00fcreci ba\u015flamadan \u00f6nce, temel gereksinimler a\u00e7\u0131s\u0131ndan herhangi bir yetersizlik bulunmad\u0131\u011f\u0131ndan emin olmak i\u00e7in \u00f6n kontrole ve iThenticate yaz\u0131l\u0131m\u0131 ile intihal kontrol\u00fcne tabi tutulurlar. Dergilerde nihai karar ba\u015f edit\u00f6rler taraf\u0131ndan verilir.<\/p><p>\u00a0<\/p><p>Hakem s\u00fcreci s\u0131ras\u0131nda hakemlerin a\u015fa\u011f\u0131daki hususlar\u0131 dikkate alarak de\u011ferlendirmelerini yapmalar\u0131 beklenir.<\/p><p>-\u00c7al\u0131\u015fma yeni ve \u00f6nemli bir bilgi i\u00e7eriyor mu?<\/p><p>-Y\u00f6ntem b\u00fct\u00fcnl\u00fckl\u00fc ve anla\u015f\u0131l\u0131r \u015fekilde tan\u0131mlanm\u0131\u015f m\u0131?<\/p><p>-Yap\u0131lan yorum ve var\u0131lan sonu\u00e7lar bulgularla kan\u0131tlan\u0131yor mu?<\/p><p>-Fikirler ve destekleyici noktalar kapsaml\u0131 bir \u015fekilde organize edilmi\u015f mi?<\/p><p>-Dil kalitesi yeterli mi?<\/p><p>\u00a0<\/p><p>Hakemler, g\u00f6nderilen makalelere ili\u015fkin t\u00fcm bilginin, makale yay\u0131nlanana kadar gizli kalmas\u0131n\u0131 sa\u011flamal\u0131 ve yazar taraf\u0131nda herhangi bir telif hakk\u0131 ihlali ve intihal fark ederlerse edit\u00f6re raporlamal\u0131d\u0131rlar.<\/p>\t\t\t\t\t\t\t\t<\/div>\n\t\t\t\t<\/div>\n\t\t\t\t\t<\/div>\n\t\t<\/div>\n\t\t\t\t\t<\/div>\n\t\t<\/section>\n\t\t\t\t<\/div>\n\t\t","protected":false},"excerpt":{"rendered":"<p>Atat\u00fcrk \u00dcniversitesi yay\u0131nlad\u0131\u011f\u0131 dergi ve kitaplarda \u00e7ift-k\u00f6r hakemlik politikas\u0131n\u0131 benimser. Yay\u0131nlanmak \u00fczere Atat\u00fcrk \u00dcniversitesi dergilerine g\u00f6nderilen t\u00fcm yaz\u0131lar, alan\u0131nda uzman edit\u00f6rler, alan\u0131nda uzman ki\u015filer ve ba\u011f\u0131ms\u0131z d\u0131\u015f hakemler taraf\u0131ndan \u00e7ift-k\u00f6r hakem de\u011ferlendirme s\u00fcrecine uygun olarak de\u011ferlendirilir. Hakem de\u011ferlendirmesi s\u00fcreci ba\u015flamadan \u00f6nce, temel gereksinimler a\u00e7\u0131s\u0131ndan herhangi bir yetersizlik bulunmad\u0131\u011f\u0131ndan emin olmak i\u00e7in \u00f6n kontrole ve iThenticate [&hellip;]<\/p>\n","protected":false},"author":672,"featured_media":0,"parent":0,"menu_order":0,"comment_status":"closed","ping_status":"closed","template":"","meta":{"footnotes":""},"class_list":["post-9086","page","type-page","status-publish","hentry"],"_links":{"self":[{"href":"https:\/\/atauni.edu.tr\/bilimsel-dergiler-koordinatorlugu\/wp-json\/wp\/v2\/pages\/9086","targetHints":{"allow":["GET"]}}],"collection":[{"href":"https:\/\/atauni.edu.tr\/bilimsel-dergiler-koordinatorlugu\/wp-json\/wp\/v2\/pages"}],"about":[{"href":"https:\/\/atauni.edu.tr\/bilimsel-dergiler-koordinatorlugu\/wp-json\/wp\/v2\/types\/page"}],"author":[{"embeddable":true,"href":"https:\/\/atauni.edu.tr\/bilimsel-dergiler-koordinatorlugu\/wp-json\/wp\/v2\/users\/672"}],"replies":[{"embeddable":true,"href":"https:\/\/atauni.edu.tr\/bilimsel-dergiler-koordinatorlugu\/wp-json\/wp\/v2\/comments?post=9086"}],"version-history":[{"count":4,"href":"https:\/\/atauni.edu.tr\/bilimsel-dergiler-koordinatorlugu\/wp-json\/wp\/v2\/pages\/9086\/revisions"}],"predecessor-version":[{"id":9091,"href":"https:\/\/atauni.edu.tr\/bilimsel-dergiler-koordinatorlugu\/wp-json\/wp\/v2\/pages\/9086\/revisions\/9091"}],"wp:attachment":[{"href":"https:\/\/atauni.edu.tr\/bilimsel-dergiler-koordinatorlugu\/wp-json\/wp\/v2\/media?parent=9086"}],"curies":[{"name":"wp","href":"https:\/\/api.w.org\/{rel}","templated":true}]}}