{"id":9094,"date":"2025-07-23T10:45:31","date_gmt":"2025-07-23T07:45:31","guid":{"rendered":"https:\/\/birimler.atauni.edu.tr\/bilimsel-dergiler-koordinatorlugu\/?page_id=9094"},"modified":"2025-07-23T10:46:10","modified_gmt":"2025-07-23T07:46:10","slug":"gizlilik-politikasi","status":"publish","type":"page","link":"https:\/\/atauni.edu.tr\/bilimsel-dergiler-koordinatorlugu\/gizlilik-politikasi\/","title":{"rendered":"Gizlilik Politikas\u0131"},"content":{"rendered":"\t\t<div data-elementor-type=\"wp-page\" data-elementor-id=\"9094\" class=\"elementor elementor-9094\" data-elementor-post-type=\"page\">\n\t\t\t\t\t\t<section class=\"elementor-section elementor-top-section elementor-element elementor-element-06888ac elementor-section-boxed elementor-section-height-default elementor-section-height-default\" data-id=\"06888ac\" data-element_type=\"section\">\n\t\t\t\t\t\t<div class=\"elementor-container elementor-column-gap-default\">\n\t\t\t\t\t<div class=\"elementor-column elementor-col-100 elementor-top-column elementor-element elementor-element-16ad3e8\" data-id=\"16ad3e8\" data-element_type=\"column\">\n\t\t\t<div class=\"elementor-widget-wrap elementor-element-populated\">\n\t\t\t\t\t\t<div class=\"elementor-element elementor-element-9dcfa34 elementor-widget elementor-widget-text-editor\" data-id=\"9dcfa34\" data-element_type=\"widget\" data-widget_type=\"text-editor.default\">\n\t\t\t\t<div class=\"elementor-widget-container\">\n\t\t\t\t\t\t\t\t\t<p>Atat\u00fcrk \u00dcniversitesi\u2019nin dergileri ve kitaplar\u0131 i\u00e7in g\u00f6nderilen \u00e7al\u0131\u015fmalar\u0131n \u00f6zel fikri m\u00fclk olarak gizlili\u011fi esast\u0131r. Edit\u00f6r ve hakemler \u00e7al\u0131\u015fmalara bu esasla yakla\u015fmal\u0131d\u0131r.<\/p>\t\t\t\t\t\t\t\t<\/div>\n\t\t\t\t<\/div>\n\t\t\t\t\t<\/div>\n\t\t<\/div>\n\t\t\t\t\t<\/div>\n\t\t<\/section>\n\t\t\t\t<\/div>\n\t\t","protected":false},"excerpt":{"rendered":"<p>Atat\u00fcrk \u00dcniversitesi\u2019nin dergileri ve kitaplar\u0131 i\u00e7in g\u00f6nderilen \u00e7al\u0131\u015fmalar\u0131n \u00f6zel fikri m\u00fclk olarak gizlili\u011fi esast\u0131r. Edit\u00f6r ve hakemler \u00e7al\u0131\u015fmalara bu esasla yakla\u015fmal\u0131d\u0131r.<\/p>\n","protected":false},"author":672,"featured_media":0,"parent":0,"menu_order":0,"comment_status":"closed","ping_status":"closed","template":"","meta":{"footnotes":""},"class_list":["post-9094","page","type-page","status-publish","hentry"],"_links":{"self":[{"href":"https:\/\/atauni.edu.tr\/bilimsel-dergiler-koordinatorlugu\/wp-json\/wp\/v2\/pages\/9094","targetHints":{"allow":["GET"]}}],"collection":[{"href":"https:\/\/atauni.edu.tr\/bilimsel-dergiler-koordinatorlugu\/wp-json\/wp\/v2\/pages"}],"about":[{"href":"https:\/\/atauni.edu.tr\/bilimsel-dergiler-koordinatorlugu\/wp-json\/wp\/v2\/types\/page"}],"author":[{"embeddable":true,"href":"https:\/\/atauni.edu.tr\/bilimsel-dergiler-koordinatorlugu\/wp-json\/wp\/v2\/users\/672"}],"replies":[{"embeddable":true,"href":"https:\/\/atauni.edu.tr\/bilimsel-dergiler-koordinatorlugu\/wp-json\/wp\/v2\/comments?post=9094"}],"version-history":[{"count":4,"href":"https:\/\/atauni.edu.tr\/bilimsel-dergiler-koordinatorlugu\/wp-json\/wp\/v2\/pages\/9094\/revisions"}],"predecessor-version":[{"id":9099,"href":"https:\/\/atauni.edu.tr\/bilimsel-dergiler-koordinatorlugu\/wp-json\/wp\/v2\/pages\/9094\/revisions\/9099"}],"wp:attachment":[{"href":"https:\/\/atauni.edu.tr\/bilimsel-dergiler-koordinatorlugu\/wp-json\/wp\/v2\/media?parent=9094"}],"curies":[{"name":"wp","href":"https:\/\/api.w.org\/{rel}","templated":true}]}}