{"id":9102,"date":"2025-07-23T10:47:34","date_gmt":"2025-07-23T07:47:34","guid":{"rendered":"https:\/\/birimler.atauni.edu.tr\/bilimsel-dergiler-koordinatorlugu\/?page_id=9102"},"modified":"2025-07-23T10:48:21","modified_gmt":"2025-07-23T07:48:21","slug":"reklam-politikasi","status":"publish","type":"page","link":"https:\/\/atauni.edu.tr\/bilimsel-dergiler-koordinatorlugu\/reklam-politikasi\/","title":{"rendered":"Reklam Politikas\u0131"},"content":{"rendered":"\t\t<div data-elementor-type=\"wp-page\" data-elementor-id=\"9102\" class=\"elementor elementor-9102\" data-elementor-post-type=\"page\">\n\t\t\t\t\t\t<section class=\"elementor-section elementor-top-section elementor-element elementor-element-3a9ee10 elementor-section-boxed elementor-section-height-default elementor-section-height-default\" data-id=\"3a9ee10\" data-element_type=\"section\">\n\t\t\t\t\t\t<div class=\"elementor-container elementor-column-gap-default\">\n\t\t\t\t\t<div class=\"elementor-column elementor-col-100 elementor-top-column elementor-element elementor-element-56a341a\" data-id=\"56a341a\" data-element_type=\"column\">\n\t\t\t<div class=\"elementor-widget-wrap elementor-element-populated\">\n\t\t\t\t\t\t<div class=\"elementor-element elementor-element-13e3253 elementor-widget elementor-widget-text-editor\" data-id=\"13e3253\" data-element_type=\"widget\" data-widget_type=\"text-editor.default\">\n\t\t\t\t<div class=\"elementor-widget-container\">\n\t\t\t\t\t\t\t\t\t<p>Yay\u0131nlar\u0131n t\u00fcm giderleri Atat\u00fcrk \u00dcniversitesi taraf\u0131ndan kar\u015f\u0131lanmaktad\u0131r. Atat\u00fcrk \u00dcniversitesi taraf\u0131ndan yay\u0131nlanan dergi ve kitaplarda hi\u00e7bir \u015fekilde reklama izin verilmez.<\/p>\t\t\t\t\t\t\t\t<\/div>\n\t\t\t\t<\/div>\n\t\t\t\t\t<\/div>\n\t\t<\/div>\n\t\t\t\t\t<\/div>\n\t\t<\/section>\n\t\t\t\t<\/div>\n\t\t","protected":false},"excerpt":{"rendered":"<p>Yay\u0131nlar\u0131n t\u00fcm giderleri Atat\u00fcrk \u00dcniversitesi taraf\u0131ndan kar\u015f\u0131lanmaktad\u0131r. Atat\u00fcrk \u00dcniversitesi taraf\u0131ndan yay\u0131nlanan dergi ve kitaplarda hi\u00e7bir \u015fekilde reklama izin verilmez.<\/p>\n","protected":false},"author":672,"featured_media":0,"parent":0,"menu_order":0,"comment_status":"closed","ping_status":"closed","template":"","meta":{"footnotes":""},"class_list":["post-9102","page","type-page","status-publish","hentry"],"_links":{"self":[{"href":"https:\/\/atauni.edu.tr\/bilimsel-dergiler-koordinatorlugu\/wp-json\/wp\/v2\/pages\/9102","targetHints":{"allow":["GET"]}}],"collection":[{"href":"https:\/\/atauni.edu.tr\/bilimsel-dergiler-koordinatorlugu\/wp-json\/wp\/v2\/pages"}],"about":[{"href":"https:\/\/atauni.edu.tr\/bilimsel-dergiler-koordinatorlugu\/wp-json\/wp\/v2\/types\/page"}],"author":[{"embeddable":true,"href":"https:\/\/atauni.edu.tr\/bilimsel-dergiler-koordinatorlugu\/wp-json\/wp\/v2\/users\/672"}],"replies":[{"embeddable":true,"href":"https:\/\/atauni.edu.tr\/bilimsel-dergiler-koordinatorlugu\/wp-json\/wp\/v2\/comments?post=9102"}],"version-history":[{"count":4,"href":"https:\/\/atauni.edu.tr\/bilimsel-dergiler-koordinatorlugu\/wp-json\/wp\/v2\/pages\/9102\/revisions"}],"predecessor-version":[{"id":9107,"href":"https:\/\/atauni.edu.tr\/bilimsel-dergiler-koordinatorlugu\/wp-json\/wp\/v2\/pages\/9102\/revisions\/9107"}],"wp:attachment":[{"href":"https:\/\/atauni.edu.tr\/bilimsel-dergiler-koordinatorlugu\/wp-json\/wp\/v2\/media?parent=9102"}],"curies":[{"name":"wp","href":"https:\/\/api.w.org\/{rel}","templated":true}]}}