{"id":9109,"date":"2025-07-23T10:49:58","date_gmt":"2025-07-23T07:49:58","guid":{"rendered":"https:\/\/birimler.atauni.edu.tr\/bilimsel-dergiler-koordinatorlugu\/?page_id=9109"},"modified":"2025-07-23T10:50:40","modified_gmt":"2025-07-23T07:50:40","slug":"ucretsiz-degerlendirme-politikasi","status":"publish","type":"page","link":"https:\/\/atauni.edu.tr\/bilimsel-dergiler-koordinatorlugu\/ucretsiz-degerlendirme-politikasi\/","title":{"rendered":"\u00dccretsiz De\u011ferlendirme Politikas\u0131"},"content":{"rendered":"\t\t<div data-elementor-type=\"wp-page\" data-elementor-id=\"9109\" class=\"elementor elementor-9109\" data-elementor-post-type=\"page\">\n\t\t\t\t\t\t<section class=\"elementor-section elementor-top-section elementor-element elementor-element-8c98b15 elementor-section-boxed elementor-section-height-default elementor-section-height-default\" data-id=\"8c98b15\" data-element_type=\"section\">\n\t\t\t\t\t\t<div class=\"elementor-container elementor-column-gap-default\">\n\t\t\t\t\t<div class=\"elementor-column elementor-col-100 elementor-top-column elementor-element elementor-element-25b8024\" data-id=\"25b8024\" data-element_type=\"column\">\n\t\t\t<div class=\"elementor-widget-wrap elementor-element-populated\">\n\t\t\t\t\t\t<div class=\"elementor-element elementor-element-3cb91e6 elementor-widget elementor-widget-text-editor\" data-id=\"3cb91e6\" data-element_type=\"widget\" data-widget_type=\"text-editor.default\">\n\t\t\t\t<div class=\"elementor-widget-container\">\n\t\t\t\t\t\t\t\t\t<p>Yay\u0131nlar\u0131n t\u00fcm giderleri Atat\u00fcrk \u00dcniversitesi taraf\u0131ndan kar\u015f\u0131lanmaktad\u0131r. Yay\u0131n ve yay\u0131n s\u00fcre\u00e7lerinin y\u00fcr\u00fct\u00fclmesi \u00fccrete tabi de\u011fildir. G\u00f6nderilen yaz\u0131lar ya da yay\u0131n i\u00e7in kabul edilen yaz\u0131lar i\u00e7in i\u015flemleme \u00fccreti ya da g\u00f6nderim \u00fccreti al\u0131nmaz.<\/p>\t\t\t\t\t\t\t\t<\/div>\n\t\t\t\t<\/div>\n\t\t\t\t\t<\/div>\n\t\t<\/div>\n\t\t\t\t\t<\/div>\n\t\t<\/section>\n\t\t\t\t<\/div>\n\t\t","protected":false},"excerpt":{"rendered":"<p>Yay\u0131nlar\u0131n t\u00fcm giderleri Atat\u00fcrk \u00dcniversitesi taraf\u0131ndan kar\u015f\u0131lanmaktad\u0131r. Yay\u0131n ve yay\u0131n s\u00fcre\u00e7lerinin y\u00fcr\u00fct\u00fclmesi \u00fccrete tabi de\u011fildir. G\u00f6nderilen yaz\u0131lar ya da yay\u0131n i\u00e7in kabul edilen yaz\u0131lar i\u00e7in i\u015flemleme \u00fccreti ya da g\u00f6nderim \u00fccreti al\u0131nmaz.<\/p>\n","protected":false},"author":672,"featured_media":0,"parent":0,"menu_order":0,"comment_status":"closed","ping_status":"closed","template":"","meta":{"footnotes":""},"class_list":["post-9109","page","type-page","status-publish","hentry"],"_links":{"self":[{"href":"https:\/\/atauni.edu.tr\/bilimsel-dergiler-koordinatorlugu\/wp-json\/wp\/v2\/pages\/9109","targetHints":{"allow":["GET"]}}],"collection":[{"href":"https:\/\/atauni.edu.tr\/bilimsel-dergiler-koordinatorlugu\/wp-json\/wp\/v2\/pages"}],"about":[{"href":"https:\/\/atauni.edu.tr\/bilimsel-dergiler-koordinatorlugu\/wp-json\/wp\/v2\/types\/page"}],"author":[{"embeddable":true,"href":"https:\/\/atauni.edu.tr\/bilimsel-dergiler-koordinatorlugu\/wp-json\/wp\/v2\/users\/672"}],"replies":[{"embeddable":true,"href":"https:\/\/atauni.edu.tr\/bilimsel-dergiler-koordinatorlugu\/wp-json\/wp\/v2\/comments?post=9109"}],"version-history":[{"count":4,"href":"https:\/\/atauni.edu.tr\/bilimsel-dergiler-koordinatorlugu\/wp-json\/wp\/v2\/pages\/9109\/revisions"}],"predecessor-version":[{"id":9114,"href":"https:\/\/atauni.edu.tr\/bilimsel-dergiler-koordinatorlugu\/wp-json\/wp\/v2\/pages\/9109\/revisions\/9114"}],"wp:attachment":[{"href":"https:\/\/atauni.edu.tr\/bilimsel-dergiler-koordinatorlugu\/wp-json\/wp\/v2\/media?parent=9109"}],"curies":[{"name":"wp","href":"https:\/\/api.w.org\/{rel}","templated":true}]}}