{"id":9116,"date":"2025-07-23T10:51:44","date_gmt":"2025-07-23T07:51:44","guid":{"rendered":"https:\/\/birimler.atauni.edu.tr\/bilimsel-dergiler-koordinatorlugu\/?page_id=9116"},"modified":"2025-07-23T10:52:27","modified_gmt":"2025-07-23T07:52:27","slug":"duzeltme-geri-cekme-endise-politikasi","status":"publish","type":"page","link":"https:\/\/atauni.edu.tr\/bilimsel-dergiler-koordinatorlugu\/duzeltme-geri-cekme-endise-politikasi\/","title":{"rendered":"D\u00fczeltme, Geri \u00c7ekme, Endi\u015fe Politikas\u0131"},"content":{"rendered":"\t\t<div data-elementor-type=\"wp-page\" data-elementor-id=\"9116\" class=\"elementor elementor-9116\" data-elementor-post-type=\"page\">\n\t\t\t\t\t\t<section class=\"elementor-section elementor-top-section elementor-element elementor-element-2617780 elementor-section-boxed elementor-section-height-default elementor-section-height-default\" data-id=\"2617780\" data-element_type=\"section\">\n\t\t\t\t\t\t<div class=\"elementor-container elementor-column-gap-default\">\n\t\t\t\t\t<div class=\"elementor-column elementor-col-100 elementor-top-column elementor-element elementor-element-561d4d1\" data-id=\"561d4d1\" data-element_type=\"column\">\n\t\t\t<div class=\"elementor-widget-wrap elementor-element-populated\">\n\t\t\t\t\t\t<div class=\"elementor-element elementor-element-2382765 elementor-widget elementor-widget-text-editor\" data-id=\"2382765\" data-element_type=\"widget\" data-widget_type=\"text-editor.default\">\n\t\t\t\t<div class=\"elementor-widget-container\">\n\t\t\t\t\t\t\t\t\t<p>Edit\u00f6rler, yay\u0131nlanan yaz\u0131da, bulgular\u0131, yorumlar\u0131 ve sonu\u00e7lar\u0131 etkilemeyen k\u00fc\u00e7\u00fck hatalar tespit edilirse, d\u00fczeltme yay\u0131nlamay\u0131 d\u00fc\u015f\u00fcnebilirler. Edit\u00f6rler, bulgular\u0131 ve sonu\u00e7lar\u0131 ge\u00e7ersiz k\u0131lan b\u00fcy\u00fck hatalar \/ ihlaller s\u00f6z konusu oldu\u011funda, yaz\u0131y\u0131 geri \u00e7ekmeyi d\u00fc\u015f\u00fcnmelidir. Yazarlar taraf\u0131ndan ara\u015ft\u0131rma veya yay\u0131n\u0131 k\u00f6t\u00fcye kullanmaya y\u00f6nelik olas\u0131l\u0131k s\u00f6z konusu ise; bulgular\u0131n g\u00fcvenilir olmad\u0131\u011f\u0131na ve yazarlar\u0131n kurumlar\u0131n\u0131n olay\u0131 soru\u015fturmad\u0131\u011f\u0131na dair kan\u0131tlar var veya olas\u0131 soru\u015fturma haks\u0131z veya sonu\u00e7suz g\u00f6r\u00fcn\u00fcyor ise, edit\u00f6rler endi\u015fe ifadesi yay\u0131nlamay\u0131 d\u00fc\u015f\u00fcnmelidir. D\u00fczeltme, geri \u00e7ekme veya endi\u015fe ifadesi ile ilgili olarak\u00a0<a href=\"https:\/\/publicationethics.org\/resources\/flowcharts\/complete-set-english\">COPE<\/a>\u00a0ve\u00a0<a href=\"https:\/\/www.icmje.org\/recommendations\/\">ICJME<\/a>\u00a0y\u00f6nergeleri dikkate al\u0131n\u0131r.<\/p>\t\t\t\t\t\t\t\t<\/div>\n\t\t\t\t<\/div>\n\t\t\t\t\t<\/div>\n\t\t<\/div>\n\t\t\t\t\t<\/div>\n\t\t<\/section>\n\t\t\t\t<\/div>\n\t\t","protected":false},"excerpt":{"rendered":"<p>Edit\u00f6rler, yay\u0131nlanan yaz\u0131da, bulgular\u0131, yorumlar\u0131 ve sonu\u00e7lar\u0131 etkilemeyen k\u00fc\u00e7\u00fck hatalar tespit edilirse, d\u00fczeltme yay\u0131nlamay\u0131 d\u00fc\u015f\u00fcnebilirler. Edit\u00f6rler, bulgular\u0131 ve sonu\u00e7lar\u0131 ge\u00e7ersiz k\u0131lan b\u00fcy\u00fck hatalar \/ ihlaller s\u00f6z konusu oldu\u011funda, yaz\u0131y\u0131 geri \u00e7ekmeyi d\u00fc\u015f\u00fcnmelidir. Yazarlar taraf\u0131ndan ara\u015ft\u0131rma veya yay\u0131n\u0131 k\u00f6t\u00fcye kullanmaya y\u00f6nelik olas\u0131l\u0131k s\u00f6z konusu ise; bulgular\u0131n g\u00fcvenilir olmad\u0131\u011f\u0131na ve yazarlar\u0131n kurumlar\u0131n\u0131n olay\u0131 soru\u015fturmad\u0131\u011f\u0131na dair kan\u0131tlar var [&hellip;]<\/p>\n","protected":false},"author":672,"featured_media":0,"parent":0,"menu_order":0,"comment_status":"closed","ping_status":"closed","template":"","meta":{"footnotes":""},"class_list":["post-9116","page","type-page","status-publish","hentry"],"_links":{"self":[{"href":"https:\/\/atauni.edu.tr\/bilimsel-dergiler-koordinatorlugu\/wp-json\/wp\/v2\/pages\/9116","targetHints":{"allow":["GET"]}}],"collection":[{"href":"https:\/\/atauni.edu.tr\/bilimsel-dergiler-koordinatorlugu\/wp-json\/wp\/v2\/pages"}],"about":[{"href":"https:\/\/atauni.edu.tr\/bilimsel-dergiler-koordinatorlugu\/wp-json\/wp\/v2\/types\/page"}],"author":[{"embeddable":true,"href":"https:\/\/atauni.edu.tr\/bilimsel-dergiler-koordinatorlugu\/wp-json\/wp\/v2\/users\/672"}],"replies":[{"embeddable":true,"href":"https:\/\/atauni.edu.tr\/bilimsel-dergiler-koordinatorlugu\/wp-json\/wp\/v2\/comments?post=9116"}],"version-history":[{"count":4,"href":"https:\/\/atauni.edu.tr\/bilimsel-dergiler-koordinatorlugu\/wp-json\/wp\/v2\/pages\/9116\/revisions"}],"predecessor-version":[{"id":9121,"href":"https:\/\/atauni.edu.tr\/bilimsel-dergiler-koordinatorlugu\/wp-json\/wp\/v2\/pages\/9116\/revisions\/9121"}],"wp:attachment":[{"href":"https:\/\/atauni.edu.tr\/bilimsel-dergiler-koordinatorlugu\/wp-json\/wp\/v2\/media?parent=9116"}],"curies":[{"name":"wp","href":"https:\/\/api.w.org\/{rel}","templated":true}]}}