{"id":9133,"date":"2025-07-23T11:00:50","date_gmt":"2025-07-23T08:00:50","guid":{"rendered":"https:\/\/birimler.atauni.edu.tr\/bilimsel-dergiler-koordinatorlugu\/?page_id=9133"},"modified":"2025-07-23T11:01:44","modified_gmt":"2025-07-23T08:01:44","slug":"stratejik-plan","status":"publish","type":"page","link":"https:\/\/atauni.edu.tr\/bilimsel-dergiler-koordinatorlugu\/stratejik-plan\/","title":{"rendered":"Stratejik Plan"},"content":{"rendered":"\t\t<div data-elementor-type=\"wp-page\" data-elementor-id=\"9133\" class=\"elementor elementor-9133\" data-elementor-post-type=\"page\">\n\t\t\t\t\t\t<section class=\"elementor-section elementor-top-section elementor-element elementor-element-52468ef elementor-section-boxed elementor-section-height-default elementor-section-height-default\" data-id=\"52468ef\" data-element_type=\"section\">\n\t\t\t\t\t\t<div class=\"elementor-container elementor-column-gap-default\">\n\t\t\t\t\t<div class=\"elementor-column elementor-col-100 elementor-top-column elementor-element elementor-element-1f8b9c8\" data-id=\"1f8b9c8\" data-element_type=\"column\">\n\t\t\t<div class=\"elementor-widget-wrap elementor-element-populated\">\n\t\t\t\t\t\t<div class=\"elementor-element elementor-element-28faf35 elementor-widget elementor-widget-text-editor\" data-id=\"28faf35\" data-element_type=\"widget\" data-widget_type=\"text-editor.default\">\n\t\t\t\t<div class=\"elementor-widget-container\">\n\t\t\t\t\t\t\t\t\t<p class=\"has-black-color has-text-color has-link-color has-medium-font-size wp-elements-a66e4dcb7271e095d5e0ca8b33188d95\"><a href=\"https:\/\/bilimseldergiler.atauni.edu.tr\/wp-content\/uploads\/2025\/05\/Koordinatorluk_Stratejik_Plan_2024-2028-V2.pdf\" data-type=\"link\" data-id=\"https:\/\/bilimseldergiler.atauni.edu.tr\/wp-content\/uploads\/2025\/05\/Koordinatorluk_Stratejik_Plan_2024-2028-V2.pdf\"><strong>Bilimsel Dergiler Koordinat\u00f6rl\u00fc\u011f\u00fc 2024-2028 Stratejik Plan\u0131<\/strong><\/a>\u00a0&gt;<\/p><p class=\"has-black-color has-text-color has-link-color has-medium-font-size wp-elements-d58eac0aa848873def32d91dc01d3e5d\"><strong><a href=\"https:\/\/bilimseldergiler.atauni.edu.tr\/wp-content\/uploads\/2025\/05\/Paydaslar.pdf\" data-type=\"link\" data-id=\"https:\/\/bilimseldergiler.atauni.edu.tr\/wp-content\/uploads\/2025\/05\/Paydaslar.pdf\">\u0130\u00e7 ve D\u0131\u015f Payda\u015flar\u0131m\u0131z<\/a><\/strong>\u00a0&gt;<\/p>\t\t\t\t\t\t\t\t<\/div>\n\t\t\t\t<\/div>\n\t\t\t\t\t<\/div>\n\t\t<\/div>\n\t\t\t\t\t<\/div>\n\t\t<\/section>\n\t\t\t\t<\/div>\n\t\t","protected":false},"excerpt":{"rendered":"<p>Bilimsel Dergiler Koordinat\u00f6rl\u00fc\u011f\u00fc 2024-2028 Stratejik Plan\u0131\u00a0&gt; \u0130\u00e7 ve D\u0131\u015f Payda\u015flar\u0131m\u0131z\u00a0&gt;<\/p>\n","protected":false},"author":672,"featured_media":0,"parent":0,"menu_order":0,"comment_status":"closed","ping_status":"closed","template":"","meta":{"footnotes":""},"class_list":["post-9133","page","type-page","status-publish","hentry"],"_links":{"self":[{"href":"https:\/\/atauni.edu.tr\/bilimsel-dergiler-koordinatorlugu\/wp-json\/wp\/v2\/pages\/9133","targetHints":{"allow":["GET"]}}],"collection":[{"href":"https:\/\/atauni.edu.tr\/bilimsel-dergiler-koordinatorlugu\/wp-json\/wp\/v2\/pages"}],"about":[{"href":"https:\/\/atauni.edu.tr\/bilimsel-dergiler-koordinatorlugu\/wp-json\/wp\/v2\/types\/page"}],"author":[{"embeddable":true,"href":"https:\/\/atauni.edu.tr\/bilimsel-dergiler-koordinatorlugu\/wp-json\/wp\/v2\/users\/672"}],"replies":[{"embeddable":true,"href":"https:\/\/atauni.edu.tr\/bilimsel-dergiler-koordinatorlugu\/wp-json\/wp\/v2\/comments?post=9133"}],"version-history":[{"count":4,"href":"https:\/\/atauni.edu.tr\/bilimsel-dergiler-koordinatorlugu\/wp-json\/wp\/v2\/pages\/9133\/revisions"}],"predecessor-version":[{"id":9138,"href":"https:\/\/atauni.edu.tr\/bilimsel-dergiler-koordinatorlugu\/wp-json\/wp\/v2\/pages\/9133\/revisions\/9138"}],"wp:attachment":[{"href":"https:\/\/atauni.edu.tr\/bilimsel-dergiler-koordinatorlugu\/wp-json\/wp\/v2\/media?parent=9133"}],"curies":[{"name":"wp","href":"https:\/\/api.w.org\/{rel}","templated":true}]}}