{"id":5762,"date":"2021-07-13T12:55:48","date_gmt":"2021-07-13T09:55:48","guid":{"rendered":"https:\/\/portaltest.atauni.edu.tr\/bilgisayar-muhendisligi\/?page_id=5762"},"modified":"2021-09-13T10:25:33","modified_gmt":"2021-09-13T07:25:33","slug":"lisans-ders-listesi","status":"publish","type":"page","link":"https:\/\/atauni.edu.tr\/bilisim-sistemleri-ve-teknolojileri\/lisans-ders-listesi\/","title":{"rendered":"Ders Listesi"},"content":{"rendered":"\t\t<div data-elementor-type=\"wp-page\" data-elementor-id=\"5762\" class=\"elementor elementor-5762\" data-elementor-post-type=\"page\">\n\t\t\t\t\t\t<section class=\"elementor-section elementor-top-section elementor-element elementor-element-730d320 elementor-section-boxed elementor-section-height-default elementor-section-height-default\" data-id=\"730d320\" data-element_type=\"section\">\n\t\t\t\t\t\t<div class=\"elementor-container elementor-column-gap-default\">\n\t\t\t\t\t<div class=\"elementor-column elementor-col-100 elementor-top-column elementor-element elementor-element-753d0860\" data-id=\"753d0860\" data-element_type=\"column\">\n\t\t\t<div class=\"elementor-widget-wrap\">\n\t\t\t\t\t\t\t<\/div>\n\t\t<\/div>\n\t\t\t\t\t<\/div>\n\t\t<\/section>\n\t\t\t\t<section class=\"elementor-section elementor-top-section elementor-element elementor-element-9be811a elementor-section-boxed elementor-section-height-default elementor-section-height-default\" data-id=\"9be811a\" data-element_type=\"section\">\n\t\t\t\t\t\t<div class=\"elementor-container elementor-column-gap-default\">\n\t\t\t\t\t<div class=\"elementor-column elementor-col-100 elementor-top-column elementor-element elementor-element-1ed847b7\" data-id=\"1ed847b7\" data-element_type=\"column\">\n\t\t\t<div class=\"elementor-widget-wrap elementor-element-populated\">\n\t\t\t\t\t\t<div class=\"elementor-element elementor-element-4ce0d07f elementor-widget elementor-widget-heading\" data-id=\"4ce0d07f\" data-element_type=\"widget\" data-widget_type=\"heading.default\">\n\t\t\t\t<div class=\"elementor-widget-container\">\n\t\t\t\t\t<h2 class=\"elementor-heading-title elementor-size-default\">Lisans Ders Listesi<\/h2>\t\t\t\t<\/div>\n\t\t\t\t<\/div>\n\t\t\t\t<div class=\"elementor-element elementor-element-63260862 elementor-widget-divider--view-line elementor-widget elementor-widget-divider\" data-id=\"63260862\" data-element_type=\"widget\" data-widget_type=\"divider.default\">\n\t\t\t\t<div class=\"elementor-widget-container\">\n\t\t\t\t\t\t\t<div class=\"elementor-divider\">\n\t\t\t<span class=\"elementor-divider-separator\">\n\t\t\t\t\t\t<\/span>\n\t\t<\/div>\n\t\t\t\t\t\t<\/div>\n\t\t\t\t<\/div>\n\t\t\t\t\t<\/div>\n\t\t<\/div>\n\t\t\t\t\t<\/div>\n\t\t<\/section>\n\t\t\t\t<section class=\"elementor-section elementor-top-section elementor-element elementor-element-ff12562 elementor-section-boxed elementor-section-height-default elementor-section-height-default\" data-id=\"ff12562\" data-element_type=\"section\">\n\t\t\t\t\t\t<div class=\"elementor-container elementor-column-gap-default\">\n\t\t\t\t\t<div class=\"elementor-column elementor-col-100 elementor-top-column elementor-element elementor-element-2aa5f38\" data-id=\"2aa5f38\" data-element_type=\"column\">\n\t\t\t<div class=\"elementor-widget-wrap elementor-element-populated\">\n\t\t\t\t\t\t<div class=\"elementor-element elementor-element-3f6c81d elementor-widget elementor-widget-text-editor\" data-id=\"3f6c81d\" data-element_type=\"widget\" data-widget_type=\"text-editor.default\">\n\t\t\t\t<div class=\"elementor-widget-container\">\n\t\t\t\t\t\t\t\t\t<html>\n<p>Atat\u00fcrk \u00dcniversitesi Bili\u015fim Sistemleri ve Teknolojileri b\u00f6l\u00fcm\u00fcn\u00fcn sundu\u011fu e\u011fitim olanaklar\u0131, \u00f6\u011frencilere geni\u015f bir yelpazede uzmanla\u015fmalar\u0131 i\u00e7in ph\u00f9rsatlar sunar. B\u00f6l\u00fcm\u00fcn ders listesi i\u00e7erisinde farkl\u0131 seviyelerde ve konularda \u00e7e\u015fitli kurslar yer al\u0131r.<\/p>\n<p>Dersler, \u00f6\u011frencilerin bili\u015fim sistemleri ve teknolojileri alan\u0131ndaki teorik ve pratik bilgilerini geli\u015ftirmeye y\u00f6nelik olarak tasarlan\u0131r. \u00d6\u011frenciler, b\u00f6l\u00fcm\u00fcn sundu\u011fu geni\u015f kapsaml\u0131 m\u00fcfredat i\u00e7erisinde temel bilgisayar bilimleri, yaz\u0131l\u0131m geli\u015ftirme, veri taban\u0131 y\u00f6netimi, a\u011f ve g\u00fcvenlik gibi konularda derinlemesine bilgi sahibi olma f\u0131rsat\u0131 bulurlar.<\/p>\n<p>Bunun yan\u0131 s\u0131ra, b\u00f6l\u00fcm\u00fcn ders listesinde yer alan se\u00e7meli dersler sayesinde \u00f6\u011frenciler ilgi duyduklar\u0131 espec\u00edfik alanlarda uzmanla\u015fabilirler. Bu se\u00e7meli dersler aras\u0131nda veri biliminden yapay zekaya, siber g\u00fcvenekten bulut bili\u015fimine kadar \u00e7e\u015fitli konular bulunabilir.<\/p>\n<p>Atat\u00fcrk \u00dcniversitesi Bili\u015fim Sistemleri ve Teknolojileri b\u00f6l\u00fcm\u00fc, \u00f6\u011frencilerine teorik bilgiyi prati\u011fe d\u00f6n\u00fc\u015ft\u00fcrme imkan\u0131 tan\u0131yarak sekt\u00f6r\u00fcn gereksinimlerine cevap verebilecek \u015fekilde e\u011fitim verir. \u00d6\u011frenciler, proje bazl\u0131 \u00e7al\u0131\u015fmalar\u0131 ve staj olanaklar\u0131 ile ger\u00e7ek d\u00fcnya uygulamalar\u0131na do\u011frudan katk\u0131da bulunma \u015fans\u0131na sahip olurlar.<\/p>\n<p>Bu b\u00f6l\u00fcmde verilen e\u011fitimin amac\u0131, mezunlar\u0131n bili\u015fim sekt\u00f6r\u00fcnde liderlik yapabilecek, teknolojik geli\u015fmeleri takip edebilecek ve kendi projelerini hayata ge\u00e7irebilecek yetkinlikte olmalar\u0131n\u0131 sa\u011flamakt\u0131r. Atat\u00fcrk \u00dcniversitesi Bili\u015fim Sistemleri ve Teknolojileri b\u00f6l\u00fcm\u00fcn\u00fcn sundu\u011fu kapsaml\u0131 ders listesi ve e\u011fitim olanaklar\u0131 ile \u00f6\u011frenciler, kendilerini h\u0131zl\u0131 de\u011fi\u015fen bili\u015fim d\u00fcnyas\u0131na haz\u0131rlayarak ba\u015far\u0131l\u0131 bir kariyer i\u00e7in gerekli temelleri atarlar.<\/p>\n<\/html>\t\t\t\t\t\t\t\t<\/div>\n\t\t\t\t<\/div>\n\t\t\t\t\t<\/div>\n\t\t<\/div>\n\t\t\t\t\t<\/div>\n\t\t<\/section>\n\t\t\t\t<\/div>\n\t\t","protected":false},"excerpt":{"rendered":"<p>Lisans Ders Listesi Lorem Ipsum Nedir? Lorem Ipsum, dizgi ve bask\u0131 end\u00fcstrisinde kullan\u0131lan m\u0131g\u0131r metinlerdir. Lorem Ipsum, ad\u0131 bilinmeyen bir matbaac\u0131n\u0131n bir hurufat numune kitab\u0131 olu\u015fturmak \u00fczere bir yaz\u0131 galerisini alarak kar\u0131\u015ft\u0131rd\u0131\u011f\u0131 1500&#8217;lerden beri end\u00fcstri standard\u0131 sahte metinler olarak kullan\u0131lm\u0131\u015ft\u0131r. Be\u015fy\u00fcz y\u0131l boyunca varl\u0131\u011f\u0131n\u0131 s\u00fcrd\u00fcrmekle kalmam\u0131\u015f, ayn\u0131 zamanda pek de\u011fi\u015fmeden elektronik dizgiye de s\u0131\u00e7ram\u0131\u015ft\u0131r. 1960&#8217;larda [&hellip;]<\/p>\n","protected":false},"author":1,"featured_media":0,"parent":0,"menu_order":0,"comment_status":"closed","ping_status":"closed","template":"elementor_header_footer","meta":{"footnotes":""},"class_list":["post-5762","page","type-page","status-publish","hentry"],"_links":{"self":[{"href":"https:\/\/atauni.edu.tr\/bilisim-sistemleri-ve-teknolojileri\/wp-json\/wp\/v2\/pages\/5762","targetHints":{"allow":["GET"]}}],"collection":[{"href":"https:\/\/atauni.edu.tr\/bilisim-sistemleri-ve-teknolojileri\/wp-json\/wp\/v2\/pages"}],"about":[{"href":"https:\/\/atauni.edu.tr\/bilisim-sistemleri-ve-teknolojileri\/wp-json\/wp\/v2\/types\/page"}],"author":[{"embeddable":true,"href":"https:\/\/atauni.edu.tr\/bilisim-sistemleri-ve-teknolojileri\/wp-json\/wp\/v2\/users\/1"}],"replies":[{"embeddable":true,"href":"https:\/\/atauni.edu.tr\/bilisim-sistemleri-ve-teknolojileri\/wp-json\/wp\/v2\/comments?post=5762"}],"version-history":[{"count":11,"href":"https:\/\/atauni.edu.tr\/bilisim-sistemleri-ve-teknolojileri\/wp-json\/wp\/v2\/pages\/5762\/revisions"}],"predecessor-version":[{"id":6123,"href":"https:\/\/atauni.edu.tr\/bilisim-sistemleri-ve-teknolojileri\/wp-json\/wp\/v2\/pages\/5762\/revisions\/6123"}],"wp:attachment":[{"href":"https:\/\/atauni.edu.tr\/bilisim-sistemleri-ve-teknolojileri\/wp-json\/wp\/v2\/media?parent=5762"}],"curies":[{"name":"wp","href":"https:\/\/api.w.org\/{rel}","templated":true}]}}