{"id":5638,"date":"2021-07-13T09:49:25","date_gmt":"2021-07-13T06:49:25","guid":{"rendered":"https:\/\/portaltest.atauni.edu.tr\/bilgisayar-muhendisligi\/?page_id=5638"},"modified":"2021-09-13T13:54:39","modified_gmt":"2021-09-13T10:54:39","slug":"tarihce","status":"publish","type":"page","link":"https:\/\/atauni.edu.tr\/birim\/tarihce\/","title":{"rendered":"Tarih\u00e7e"},"content":{"rendered":"\t\t<div data-elementor-type=\"wp-page\" data-elementor-id=\"5638\" class=\"elementor elementor-5638\" data-elementor-post-type=\"page\">\n\t\t\t\t\t\t<section class=\"elementor-section elementor-top-section elementor-element elementor-element-730d320 elementor-section-boxed elementor-section-height-default elementor-section-height-default\" data-id=\"730d320\" data-element_type=\"section\">\n\t\t\t\t\t\t<div class=\"elementor-container elementor-column-gap-default\">\n\t\t\t\t\t<div class=\"elementor-column elementor-col-100 elementor-top-column elementor-element elementor-element-753d0860\" data-id=\"753d0860\" data-element_type=\"column\">\n\t\t\t<div class=\"elementor-widget-wrap\">\n\t\t\t\t\t\t\t<\/div>\n\t\t<\/div>\n\t\t\t\t\t<\/div>\n\t\t<\/section>\n\t\t\t\t<section class=\"elementor-section elementor-top-section elementor-element elementor-element-9be811a elementor-section-boxed elementor-section-height-default elementor-section-height-default\" data-id=\"9be811a\" data-element_type=\"section\">\n\t\t\t\t\t\t<div class=\"elementor-container elementor-column-gap-default\">\n\t\t\t\t\t<div class=\"elementor-column elementor-col-100 elementor-top-column elementor-element elementor-element-1ed847b7\" data-id=\"1ed847b7\" data-element_type=\"column\">\n\t\t\t<div class=\"elementor-widget-wrap elementor-element-populated\">\n\t\t\t\t\t\t<div class=\"elementor-element elementor-element-4ce0d07f elementor-widget elementor-widget-heading\" data-id=\"4ce0d07f\" data-element_type=\"widget\" data-widget_type=\"heading.default\">\n\t\t\t\t<div class=\"elementor-widget-container\">\n\t\t\t\t\t<h2 class=\"elementor-heading-title elementor-size-default\">Tarih\u00e7e<\/h2>\t\t\t\t<\/div>\n\t\t\t\t<\/div>\n\t\t\t\t<div class=\"elementor-element elementor-element-63260862 elementor-widget-divider--view-line elementor-widget elementor-widget-divider\" data-id=\"63260862\" data-element_type=\"widget\" data-widget_type=\"divider.default\">\n\t\t\t\t<div class=\"elementor-widget-container\">\n\t\t\t\t\t\t\t<div class=\"elementor-divider\">\n\t\t\t<span class=\"elementor-divider-separator\">\n\t\t\t\t\t\t<\/span>\n\t\t<\/div>\n\t\t\t\t\t\t<\/div>\n\t\t\t\t<\/div>\n\t\t\t\t\t<\/div>\n\t\t<\/div>\n\t\t\t\t\t<\/div>\n\t\t<\/section>\n\t\t\t\t<section class=\"elementor-section elementor-top-section elementor-element elementor-element-681db8b elementor-section-boxed elementor-section-height-default elementor-section-height-default\" data-id=\"681db8b\" data-element_type=\"section\">\n\t\t\t\t\t\t<div class=\"elementor-container elementor-column-gap-default\">\n\t\t\t\t\t<div class=\"elementor-column elementor-col-100 elementor-top-column elementor-element elementor-element-ad4dac5\" data-id=\"ad4dac5\" data-element_type=\"column\">\n\t\t\t<div class=\"elementor-widget-wrap elementor-element-populated\">\n\t\t\t\t\t\t<div class=\"elementor-element elementor-element-2f96b3d elementor-widget elementor-widget-text-editor\" data-id=\"2f96b3d\" data-element_type=\"widget\" data-widget_type=\"text-editor.default\">\n\t\t\t\t<div class=\"elementor-widget-container\">\n\t\t\t\t\t\t\t\t\t<p>Tarih\u00e7e<\/p>\n<p>Birimin tarih\u00e7esi, kurulu\u015f amac\u0131n\u0131 ve bug\u00fcne kadar gelen s\u00fcreci i\u00e7erir. Birim, belirli bir alanda uzmanla\u015fm\u0131\u015f ve bu alanda hizmet vermeye ba\u015flam\u0131\u015f bir kurulu\u015ftur.<\/p>\n<p>Birim, ilk kuruldu\u011fu zamanlarda k\u00fc\u00e7\u00fck bir ekip ile faaliyetlerine ba\u015flam\u0131\u015ft\u0131r. Zaman i\u00e7inde b\u00fcy\u00fcyen birim, yeni \u00fcyeler kazanm\u0131\u015f ve hizmetlerini geni\u015fletmi\u015ftir. Bug\u00fcn, birlik i\u00e7erisinde \u00f6nemli bir rol \u00fcstlenmektedir.<\/p>\n<p>Birimin temel amac\u0131, belirli bir alanda uzmanl\u0131k sa\u011flamak ve bu alanlarda hizmet vermektir. Birim, \u00e7al\u0131\u015fmalar\u0131n\u0131 s\u00fcrekli geli\u015ftirerek ve yenileyerek devam ettirmektedir. Birimin tarihi s\u00fcreci i\u00e7inde, \u00e7e\u015fitli \u00f6nemli olaylar ve d\u00f6neme\u00e7ler ya\u015fanm\u0131\u015ft\u0131r.<\/p>\n<p>Birim, tarihinde bir\u00e7ok ba\u015far\u0131l\u0131 proje ve \u00e7al\u0131\u015fmaya imza atm\u0131\u015ft\u0131r. Bu projeler, birimin uzmanl\u0131k alan\u0131na katk\u0131da bulunmu\u015f ve birimin ad\u0131n\u0131 duyurmu\u015ftur. Birim, bu \u00e7al\u0131\u015fmalar\u0131 ile birlikte, toplumsal fayda sa\u011flama amac\u0131n\u0131 da g\u00fctmektedir.<\/p>\n<p>Bug\u00fcn, birim bir\u00e7ok alanda aktif olarak faaliyetlerini s\u00fcrd\u00fcrmektedir. Birimin gelecekteki hedefleri, hizmetlerini daha da geni\u015fletmek ve toplum i\u00e7in daha fazla katk\u0131da bulunmakt\u0131r.<\/p>\t\t\t\t\t\t\t\t<\/div>\n\t\t\t\t<\/div>\n\t\t\t\t\t<\/div>\n\t\t<\/div>\n\t\t\t\t\t<\/div>\n\t\t<\/section>\n\t\t\t\t<\/div>\n\t\t","protected":false},"excerpt":{"rendered":"<p>Tarih\u00e7e Kurulu\u015fumuzun tarihi olduk\u00e7a eskiye dayanmaktad\u0131r. K\u00f6kenlerimiz, cumhuriyetin ilk y\u0131llar\u0131na kadar uzanmaktad\u0131r. O d\u00f6nemden beri s\u00fcrekli olarak geli\u015fen ve b\u00fcy\u00fcyen bir kurulu\u015f olarak varl\u0131\u011f\u0131m\u0131z\u0131 s\u00fcrd\u00fcrmekteyiz. Kuruldu\u011fumuz ilk y\u0131llarda, temel amac\u0131m\u0131z toplumun ihtiya\u00e7lar\u0131n\u0131 kar\u015f\u0131lamak ve halka hizmet etmekti. Bu ama\u00e7 do\u011frultusunda \u00e7e\u015fitli faaliyetler d\u00fczenlemi\u015f, toplumsal sorunlara \u00e7\u00f6z\u00fcmler \u00fcretmeye \u00e7al\u0131\u015fm\u0131\u015f ve insanlar\u0131m\u0131z\u0131n ya\u015fam kalitesini y\u00fckseltmeyi hedeflemi\u015fizdir. Zaman [&hellip;]<\/p>\n","protected":false},"author":1,"featured_media":0,"parent":0,"menu_order":0,"comment_status":"closed","ping_status":"closed","template":"","meta":{"footnotes":""},"class_list":["post-5638","page","type-page","status-publish","hentry"],"_links":{"self":[{"href":"https:\/\/atauni.edu.tr\/birim\/wp-json\/wp\/v2\/pages\/5638","targetHints":{"allow":["GET"]}}],"collection":[{"href":"https:\/\/atauni.edu.tr\/birim\/wp-json\/wp\/v2\/pages"}],"about":[{"href":"https:\/\/atauni.edu.tr\/birim\/wp-json\/wp\/v2\/types\/page"}],"author":[{"embeddable":true,"href":"https:\/\/atauni.edu.tr\/birim\/wp-json\/wp\/v2\/users\/1"}],"replies":[{"embeddable":true,"href":"https:\/\/atauni.edu.tr\/birim\/wp-json\/wp\/v2\/comments?post=5638"}],"version-history":[{"count":22,"href":"https:\/\/atauni.edu.tr\/birim\/wp-json\/wp\/v2\/pages\/5638\/revisions"}],"predecessor-version":[{"id":6127,"href":"https:\/\/atauni.edu.tr\/birim\/wp-json\/wp\/v2\/pages\/5638\/revisions\/6127"}],"wp:attachment":[{"href":"https:\/\/atauni.edu.tr\/birim\/wp-json\/wp\/v2\/media?parent=5638"}],"curies":[{"name":"wp","href":"https:\/\/api.w.org\/{rel}","templated":true}]}}