{"id":5638,"date":"2021-07-13T09:49:25","date_gmt":"2021-07-13T06:49:25","guid":{"rendered":"https:\/\/portaltest.atauni.edu.tr\/bilgisayar-muhendisligi\/?page_id=5638"},"modified":"2023-10-30T21:42:09","modified_gmt":"2023-10-30T18:42:09","slug":"tarihce","status":"publish","type":"page","link":"https:\/\/atauni.edu.tr\/bitki-koruma-bolumu\/tarihce\/","title":{"rendered":"Tarih\u00e7e"},"content":{"rendered":"\t\t<div data-elementor-type=\"wp-page\" data-elementor-id=\"5638\" class=\"elementor elementor-5638\" data-elementor-post-type=\"page\">\n\t\t\t\t\t\t<section class=\"elementor-section elementor-top-section elementor-element elementor-element-730d320 elementor-section-boxed elementor-section-height-default elementor-section-height-default\" data-id=\"730d320\" data-element_type=\"section\">\n\t\t\t\t\t\t<div class=\"elementor-container elementor-column-gap-default\">\n\t\t\t\t\t<div class=\"elementor-column elementor-col-100 elementor-top-column elementor-element elementor-element-753d0860\" data-id=\"753d0860\" data-element_type=\"column\">\n\t\t\t<div class=\"elementor-widget-wrap\">\n\t\t\t\t\t\t\t<\/div>\n\t\t<\/div>\n\t\t\t\t\t<\/div>\n\t\t<\/section>\n\t\t\t\t<section class=\"elementor-section elementor-top-section elementor-element elementor-element-9be811a elementor-section-boxed elementor-section-height-default elementor-section-height-default\" data-id=\"9be811a\" data-element_type=\"section\">\n\t\t\t\t\t\t<div class=\"elementor-container elementor-column-gap-default\">\n\t\t\t\t\t<div class=\"elementor-column elementor-col-100 elementor-top-column elementor-element elementor-element-1ed847b7\" data-id=\"1ed847b7\" data-element_type=\"column\">\n\t\t\t<div class=\"elementor-widget-wrap elementor-element-populated\">\n\t\t\t\t\t\t<div class=\"elementor-element elementor-element-4ce0d07f elementor-widget elementor-widget-heading\" data-id=\"4ce0d07f\" data-element_type=\"widget\" data-widget_type=\"heading.default\">\n\t\t\t\t<div class=\"elementor-widget-container\">\n\t\t\t\t\t<h2 class=\"elementor-heading-title elementor-size-default\">Tarih\u00e7e<\/h2>\t\t\t\t<\/div>\n\t\t\t\t<\/div>\n\t\t\t\t<div class=\"elementor-element elementor-element-63260862 elementor-widget-divider--view-line elementor-widget elementor-widget-divider\" data-id=\"63260862\" data-element_type=\"widget\" data-widget_type=\"divider.default\">\n\t\t\t\t<div class=\"elementor-widget-container\">\n\t\t\t\t\t\t\t<div class=\"elementor-divider\">\n\t\t\t<span class=\"elementor-divider-separator\">\n\t\t\t\t\t\t<\/span>\n\t\t<\/div>\n\t\t\t\t\t\t<\/div>\n\t\t\t\t<\/div>\n\t\t\t\t\t<\/div>\n\t\t<\/div>\n\t\t\t\t\t<\/div>\n\t\t<\/section>\n\t\t\t\t<section class=\"elementor-section elementor-top-section elementor-element elementor-element-681db8b elementor-section-boxed elementor-section-height-default elementor-section-height-default\" data-id=\"681db8b\" data-element_type=\"section\">\n\t\t\t\t\t\t<div class=\"elementor-container elementor-column-gap-default\">\n\t\t\t\t\t<div class=\"elementor-column elementor-col-100 elementor-top-column elementor-element elementor-element-ad4dac5\" data-id=\"ad4dac5\" data-element_type=\"column\">\n\t\t\t<div class=\"elementor-widget-wrap elementor-element-populated\">\n\t\t\t\t\t\t<div class=\"elementor-element elementor-element-2f96b3d elementor-widget elementor-widget-text-editor\" data-id=\"2f96b3d\" data-element_type=\"widget\" data-widget_type=\"text-editor.default\">\n\t\t\t\t<div class=\"elementor-widget-container\">\n\t\t\t\t\t\t\t\t\t<p><strong>Bitki Koruma B\u00f6l\u00fcm\u00fc<\/strong>, 1957 y\u0131l\u0131nda 6990 say\u0131l\u0131 kanun ile Kurulan Atat\u00fcrk \u00dcniversitesi\u2019nin kurulu\u015funda yer alan iki Fak\u00fclteden birisi durumundaki Ziraat Fak\u00fcltesi\u2019nin \u201cFitotekni B\u00f6l\u00fcm\u00fc\u201d i\u00e7erisinde e\u011fitim, \u00f6\u011fretim ve ara\u015ft\u0131rma faaliyetlerine ba\u015flam\u0131\u015ft\u0131r. Milli E\u011fitim Bakanl\u0131\u011f\u0131\u2019n\u0131n 26.03.1968 g\u00fcn ve 6318 say\u0131l\u0131 onay\u0131 ile Fitotekni B\u00f6l\u00fcm\u00fc i\u00e7erisinde Bitki Koruma K\u00fcrs\u00fcs\u00fcne, takiben Fak\u00fclte Kurulunun 13.05.1977 g\u00fcn ve 16\/3 say\u0131l\u0131 karar\u0131 ve \u00dcniversite Senatosunun 09.06.1977 g\u00fcn ve 17\/13 say\u0131l\u0131 onay\u0131 ile de b\u00f6l\u00fcm \u015fekline d\u00f6n\u00fc\u015ft\u00fcr\u00fclm\u00fc\u015ft\u00fcr. B\u00f6l\u00fcmde lisans e\u011fitimi 1979-1980 e\u011fitim-\u00f6\u011fretim y\u0131l\u0131nda ba\u015flam\u0131\u015f, 1982-1983 e\u011fitim-\u00f6\u011fretim y\u0131l\u0131nda da ilk mezunlar\u0131n\u0131 vermi\u015ftir. Lisans e\u011fitimi ile birlikte Entomoloji ve Fitopatoloji alanlar\u0131nda Y\u00fcksek Lisans ve Doktora e\u011fitimi de s\u00fcrd\u00fcr\u00fclmektedir.<\/p>\t\t\t\t\t\t\t\t<\/div>\n\t\t\t\t<\/div>\n\t\t\t\t\t<\/div>\n\t\t<\/div>\n\t\t\t\t\t<\/div>\n\t\t<\/section>\n\t\t\t\t<\/div>\n\t\t","protected":false},"excerpt":{"rendered":"<p>Tarih\u00e7e Bitki Koruma B\u00f6l\u00fcm\u00fc, 1957 y\u0131l\u0131nda 6990 say\u0131l\u0131 kanun ile Kurulan Atat\u00fcrk \u00dcniversitesi\u2019nin kurulu\u015funda yer alan iki Fak\u00fclteden birisi durumundaki Ziraat Fak\u00fcltesi\u2019nin \u201cFitotekni B\u00f6l\u00fcm\u00fc\u201d i\u00e7erisinde e\u011fitim, \u00f6\u011fretim ve ara\u015ft\u0131rma faaliyetlerine ba\u015flam\u0131\u015ft\u0131r. Milli E\u011fitim Bakanl\u0131\u011f\u0131\u2019n\u0131n 26.03.1968 g\u00fcn ve 6318 say\u0131l\u0131 onay\u0131 ile Fitotekni B\u00f6l\u00fcm\u00fc i\u00e7erisinde Bitki Koruma K\u00fcrs\u00fcs\u00fcne, takiben Fak\u00fclte Kurulunun 13.05.1977 g\u00fcn ve 16\/3 say\u0131l\u0131 [&hellip;]<\/p>\n","protected":false},"author":1,"featured_media":0,"parent":0,"menu_order":0,"comment_status":"closed","ping_status":"closed","template":"","meta":{"footnotes":""},"class_list":["post-5638","page","type-page","status-publish","hentry"],"_links":{"self":[{"href":"https:\/\/atauni.edu.tr\/bitki-koruma-bolumu\/wp-json\/wp\/v2\/pages\/5638","targetHints":{"allow":["GET"]}}],"collection":[{"href":"https:\/\/atauni.edu.tr\/bitki-koruma-bolumu\/wp-json\/wp\/v2\/pages"}],"about":[{"href":"https:\/\/atauni.edu.tr\/bitki-koruma-bolumu\/wp-json\/wp\/v2\/types\/page"}],"author":[{"embeddable":true,"href":"https:\/\/atauni.edu.tr\/bitki-koruma-bolumu\/wp-json\/wp\/v2\/users\/1"}],"replies":[{"embeddable":true,"href":"https:\/\/atauni.edu.tr\/bitki-koruma-bolumu\/wp-json\/wp\/v2\/comments?post=5638"}],"version-history":[{"count":27,"href":"https:\/\/atauni.edu.tr\/bitki-koruma-bolumu\/wp-json\/wp\/v2\/pages\/5638\/revisions"}],"predecessor-version":[{"id":7349,"href":"https:\/\/atauni.edu.tr\/bitki-koruma-bolumu\/wp-json\/wp\/v2\/pages\/5638\/revisions\/7349"}],"wp:attachment":[{"href":"https:\/\/atauni.edu.tr\/bitki-koruma-bolumu\/wp-json\/wp\/v2\/media?parent=5638"}],"curies":[{"name":"wp","href":"https:\/\/api.w.org\/{rel}","templated":true}]}}