{"id":7023,"date":"2022-11-04T19:21:12","date_gmt":"2022-11-04T16:21:12","guid":{"rendered":"https:\/\/birimler.atauni.edu.tr\/bitki-koruma-bolumu\/?page_id=7023"},"modified":"2024-04-29T09:24:57","modified_gmt":"2024-04-29T06:24:57","slug":"programin-amaci-ve-egitimi-3","status":"publish","type":"page","link":"https:\/\/atauni.edu.tr\/bitki-koruma-bolumu\/programin-amaci-ve-egitimi-3\/","title":{"rendered":"Program E\u011fitim Ama\u00e7lar\u0131"},"content":{"rendered":"\t\t<div data-elementor-type=\"wp-page\" data-elementor-id=\"7023\" class=\"elementor elementor-7023\" data-elementor-post-type=\"page\">\n\t\t\t\t\t\t<section class=\"elementor-section elementor-top-section elementor-element elementor-element-cd54d3b elementor-section-boxed elementor-section-height-default elementor-section-height-default\" data-id=\"cd54d3b\" data-element_type=\"section\">\n\t\t\t\t\t\t<div class=\"elementor-container elementor-column-gap-default\">\n\t\t\t\t\t<div class=\"elementor-column elementor-col-100 elementor-top-column elementor-element elementor-element-9571aec\" data-id=\"9571aec\" data-element_type=\"column\">\n\t\t\t<div class=\"elementor-widget-wrap elementor-element-populated\">\n\t\t\t\t\t\t<div class=\"elementor-element elementor-element-d298b8b elementor-widget elementor-widget-text-editor\" data-id=\"d298b8b\" data-element_type=\"widget\" data-widget_type=\"text-editor.default\">\n\t\t\t\t<div class=\"elementor-widget-container\">\n\t\t\t\t\t\t\t\t\t<p><strong>PEA1-<\/strong> Kariyer yapabilmeleri i\u00e7in lisans\u00fcst\u00fc e\u011fitim almalar\u0131n\u0131n yan\u0131nda \u00fcniversitelerde \u00f6\u011fretim eleman\u0131\/\u00fcyesi olarak g\u00f6rev yapabilirler.<\/p><p><strong>PEA2-<\/strong> Kamu kurum ve kurulu\u015flar\u0131nda \u00f6zellikle de Tar\u0131m ve Orman Bakanl\u0131\u011f\u0131\u2019na ba\u011fl\u0131 Zirai M\u00fccadele Ara\u015ft\u0131rma Enstit\u00fcleri ile Zirai Karantina M\u00fcd\u00fcrl\u00fcklerinde g\u00f6rev alabilmektedirler.<\/p><p><strong>PEA3-<\/strong> Tar\u0131m sekt\u00f6r\u00fcnde faaliyet g\u00f6steren bir\u00e7ok ulusal ve uluslararas\u0131 firmada ziraat m\u00fchendisi olarak i\u015f bulabildikleri gibi, serbest ziraat m\u00fchendisi olarak kendi zirai ila\u00e7 bayiliklerini a\u00e7abilmekte ve \u00f6zel \u00e7iftlikler, serac\u0131l\u0131k i\u015fletmeleri vb. tar\u0131msal i\u015fletmelerde dan\u0131\u015fmanl\u0131k yapabilmektedirler.<\/p><p>\u00a0<\/p>\t\t\t\t\t\t\t\t<\/div>\n\t\t\t\t<\/div>\n\t\t\t\t\t<\/div>\n\t\t<\/div>\n\t\t\t\t\t<\/div>\n\t\t<\/section>\n\t\t\t\t<\/div>\n\t\t","protected":false},"excerpt":{"rendered":"<p>PEA1- Kariyer yapabilmeleri i\u00e7in lisans\u00fcst\u00fc e\u011fitim almalar\u0131n\u0131n yan\u0131nda \u00fcniversitelerde \u00f6\u011fretim eleman\u0131\/\u00fcyesi olarak g\u00f6rev yapabilirler. PEA2- Kamu kurum ve kurulu\u015flar\u0131nda \u00f6zellikle de Tar\u0131m ve Orman Bakanl\u0131\u011f\u0131\u2019na ba\u011fl\u0131 Zirai M\u00fccadele Ara\u015ft\u0131rma Enstit\u00fcleri ile Zirai Karantina M\u00fcd\u00fcrl\u00fcklerinde g\u00f6rev alabilmektedirler. PEA3- Tar\u0131m sekt\u00f6r\u00fcnde faaliyet g\u00f6steren bir\u00e7ok ulusal ve uluslararas\u0131 firmada ziraat m\u00fchendisi olarak i\u015f bulabildikleri gibi, serbest ziraat m\u00fchendisi [&hellip;]<\/p>\n","protected":false},"author":443,"featured_media":0,"parent":0,"menu_order":0,"comment_status":"closed","ping_status":"closed","template":"","meta":{"footnotes":""},"class_list":["post-7023","page","type-page","status-publish","hentry"],"_links":{"self":[{"href":"https:\/\/atauni.edu.tr\/bitki-koruma-bolumu\/wp-json\/wp\/v2\/pages\/7023","targetHints":{"allow":["GET"]}}],"collection":[{"href":"https:\/\/atauni.edu.tr\/bitki-koruma-bolumu\/wp-json\/wp\/v2\/pages"}],"about":[{"href":"https:\/\/atauni.edu.tr\/bitki-koruma-bolumu\/wp-json\/wp\/v2\/types\/page"}],"author":[{"embeddable":true,"href":"https:\/\/atauni.edu.tr\/bitki-koruma-bolumu\/wp-json\/wp\/v2\/users\/443"}],"replies":[{"embeddable":true,"href":"https:\/\/atauni.edu.tr\/bitki-koruma-bolumu\/wp-json\/wp\/v2\/comments?post=7023"}],"version-history":[{"count":35,"href":"https:\/\/atauni.edu.tr\/bitki-koruma-bolumu\/wp-json\/wp\/v2\/pages\/7023\/revisions"}],"predecessor-version":[{"id":8256,"href":"https:\/\/atauni.edu.tr\/bitki-koruma-bolumu\/wp-json\/wp\/v2\/pages\/7023\/revisions\/8256"}],"wp:attachment":[{"href":"https:\/\/atauni.edu.tr\/bitki-koruma-bolumu\/wp-json\/wp\/v2\/media?parent=7023"}],"curies":[{"name":"wp","href":"https:\/\/api.w.org\/{rel}","templated":true}]}}