{"id":7060,"date":"2022-11-08T13:37:16","date_gmt":"2022-11-08T10:37:16","guid":{"rendered":"https:\/\/birimler.atauni.edu.tr\/bitki-koruma-bolumu\/?page_id=7060"},"modified":"2023-10-30T21:42:59","modified_gmt":"2023-10-30T18:42:59","slug":"toplumsal-duyarlilik-projeleri","status":"publish","type":"page","link":"https:\/\/atauni.edu.tr\/bitki-koruma-bolumu\/toplumsal-duyarlilik-projeleri\/","title":{"rendered":"Toplumsal Duyarl\u0131l\u0131k Projeleri"},"content":{"rendered":"\t\t<div data-elementor-type=\"wp-page\" data-elementor-id=\"7060\" class=\"elementor elementor-7060\" data-elementor-post-type=\"page\">\n\t\t\t\t\t\t<section class=\"elementor-section elementor-top-section elementor-element elementor-element-132f58f elementor-section-boxed elementor-section-height-default elementor-section-height-default\" data-id=\"132f58f\" data-element_type=\"section\">\n\t\t\t\t\t\t<div class=\"elementor-container elementor-column-gap-default\">\n\t\t\t\t\t<div class=\"elementor-column elementor-col-100 elementor-top-column elementor-element elementor-element-11d196a\" data-id=\"11d196a\" data-element_type=\"column\">\n\t\t\t<div class=\"elementor-widget-wrap elementor-element-populated\">\n\t\t\t\t\t\t<div class=\"elementor-element elementor-element-ebca1f8 elementor-widget elementor-widget-text-editor\" data-id=\"ebca1f8\" data-element_type=\"widget\" data-widget_type=\"text-editor.default\">\n\t\t\t\t<div class=\"elementor-widget-container\">\n\t\t\t\t\t\t\t\t\t<h2><strong>Hayallere Ortak Olal\u0131m<\/strong><\/h2><p>Y\u00fcr\u00fct\u00fcc\u00fcl\u00fc\u011f\u00fcn\u00fc Prof. Dr. Erol YILDIRIM\u2019\u0131n yapt\u0131\u011f\u0131 \u201cHayallere Ortak Olal\u0131m\u201d isimli proje kapsam\u0131nda; dijitalle\u015fen D\u00fcnya ile birlikte kitaplara eri\u015fim belli bir kesim i\u00e7in kolayla\u015f\u0131rken, belli bir kesim i\u00e7in ise hala zordur. Evinde interneti olmayan bir\u00e7ok \u00e7ocuk bu dijitalle\u015fen d\u00fcnyaya eri\u015fememektedir. Bilindi\u011fi \u00fczere \u00e7ocukluk d\u00f6nemi t\u00fcm al\u0131\u015fkanl\u0131klar\u0131n kazan\u0131ld\u0131\u011f\u0131 k\u0131sa bir d\u00f6nemi kapsamakta ve bir\u00e7ok temel al\u0131\u015fkanl\u0131kta bu d\u00f6nemde kazan\u0131lmaktad\u0131r. Bu ama\u00e7 do\u011frultusunda, maddi imk\u00e2ns\u0131zl\u0131klar sebebiyle dijital kitaplara eri\u015femeyen ikinci s\u0131n\u0131f \u00f6\u011frencilerine s\u0131n\u0131f k\u00fct\u00fcphanesi kurmak, al\u0131nan bu kitaplar sayesinde \u00f6\u011frencilerin d\u00fczenli okuma al\u0131\u015fkanl\u0131\u011f\u0131 kazanmas\u0131, kelime hazinelerinin artmas\u0131, okuma- anlama h\u0131zlar\u0131n\u0131n geli\u015fmesi ve hayal g\u00fc\u00e7lerinin zenginle\u015fmesine katk\u0131 sa\u011flamak ama\u00e7lanm\u0131\u015ft\u0131r.<\/p><p>Al\u0131nan kitaplarla \u00f6\u011frenciler aras\u0131nda bir okuma etkinli\u011fi d\u00fczenlenmi\u015f ve \u00f6\u011frencileri bir okuma yar\u0131\u015f\u0131na sokulup bu \u00f6\u011frenciler aras\u0131nda kitap okuma yar\u0131\u015fmalar\u0131 yap\u0131lm\u0131\u015ft\u0131r. Ayr\u0131ca, her kitab\u0131n i\u00e7erisinden \u00e7\u0131kan sorular \u00f6\u011frenci mevcuduna g\u00f6re fotokopileri \u00e7ekilip \u00f6\u011frenciler bu okuduklar\u0131 kitaptan bu sorularla s\u0131nav yap\u0131lm\u0131\u015flard\u0131r. B\u00f6ylece, ba\u015far\u0131l\u0131 \u00f6\u011frenciler saptanarak ba\u015far\u0131 belgesi d\u00fczenlenip ba\u015far\u0131l\u0131 derecesi de belirtilerek her bir \u00f6\u011frenciye verilmi\u015ftir<\/p><p>Projemizi destekleyerek \u00f6\u011frencilere kitap okuma al\u0131\u015fkanl\u0131\u011f\u0131 kazand\u0131rmam\u0131za imk\u00e2n veren Atat\u00fcrk \u00dcniversitesi Toplumsal Duyarl\u0131l\u0131k Projeleri Uygulama ve Merkezi\u2019ne te\u015fekk\u00fcr ederiz.<\/p><p><a href=\"http:\/\/birimler.atauni.edu.tr\/bitki-koruma-bolumu\/wp-content\/uploads\/sites\/88\/2020\/07\/10.jpg\"><img fetchpriority=\"high\" decoding=\"async\" class=\"alignnone size-medium wp-image-7094\" src=\"http:\/\/birimler.atauni.edu.tr\/bitki-koruma-bolumu\/wp-content\/uploads\/sites\/88\/2020\/07\/10-300x169.jpg\" alt=\"\" width=\"300\" height=\"169\" srcset=\"https:\/\/atauni.edu.tr\/bitki-koruma-bolumu\/wp-content\/uploads\/sites\/88\/2020\/07\/10-300x169.jpg 300w, https:\/\/atauni.edu.tr\/bitki-koruma-bolumu\/wp-content\/uploads\/sites\/88\/2020\/07\/10-1024x576.jpg 1024w, https:\/\/atauni.edu.tr\/bitki-koruma-bolumu\/wp-content\/uploads\/sites\/88\/2020\/07\/10-768x432.jpg 768w, https:\/\/atauni.edu.tr\/bitki-koruma-bolumu\/wp-content\/uploads\/sites\/88\/2020\/07\/10-1536x864.jpg 1536w, https:\/\/atauni.edu.tr\/bitki-koruma-bolumu\/wp-content\/uploads\/sites\/88\/2020\/07\/10-600x338.jpg 600w, https:\/\/atauni.edu.tr\/bitki-koruma-bolumu\/wp-content\/uploads\/sites\/88\/2020\/07\/10-560x315.jpg 560w, https:\/\/atauni.edu.tr\/bitki-koruma-bolumu\/wp-content\/uploads\/sites\/88\/2020\/07\/10.jpg 1600w\" sizes=\"(max-width: 300px) 100vw, 300px\" \/><\/a> <a href=\"http:\/\/birimler.atauni.edu.tr\/bitki-koruma-bolumu\/wp-content\/uploads\/sites\/88\/2020\/07\/11.png\"><img decoding=\"async\" class=\"alignnone size-medium wp-image-7095\" src=\"http:\/\/birimler.atauni.edu.tr\/bitki-koruma-bolumu\/wp-content\/uploads\/sites\/88\/2020\/07\/11-300x169.png\" alt=\"\" width=\"300\" height=\"169\" srcset=\"https:\/\/atauni.edu.tr\/bitki-koruma-bolumu\/wp-content\/uploads\/sites\/88\/2020\/07\/11-300x169.png 300w, https:\/\/atauni.edu.tr\/bitki-koruma-bolumu\/wp-content\/uploads\/sites\/88\/2020\/07\/11-768x432.png 768w, https:\/\/atauni.edu.tr\/bitki-koruma-bolumu\/wp-content\/uploads\/sites\/88\/2020\/07\/11-600x337.png 600w, https:\/\/atauni.edu.tr\/bitki-koruma-bolumu\/wp-content\/uploads\/sites\/88\/2020\/07\/11-560x315.png 560w, https:\/\/atauni.edu.tr\/bitki-koruma-bolumu\/wp-content\/uploads\/sites\/88\/2020\/07\/11.png 978w\" sizes=\"(max-width: 300px) 100vw, 300px\" \/><\/a><\/p><p><a href=\"http:\/\/birimler.atauni.edu.tr\/bitki-koruma-bolumu\/wp-content\/uploads\/sites\/88\/2020\/07\/12.jpg\"><img decoding=\"async\" class=\"alignnone size-medium wp-image-7096\" src=\"http:\/\/birimler.atauni.edu.tr\/bitki-koruma-bolumu\/wp-content\/uploads\/sites\/88\/2020\/07\/12-300x225.jpg\" alt=\"\" width=\"300\" height=\"225\" srcset=\"https:\/\/atauni.edu.tr\/bitki-koruma-bolumu\/wp-content\/uploads\/sites\/88\/2020\/07\/12-300x225.jpg 300w, https:\/\/atauni.edu.tr\/bitki-koruma-bolumu\/wp-content\/uploads\/sites\/88\/2020\/07\/12-768x576.jpg 768w, https:\/\/atauni.edu.tr\/bitki-koruma-bolumu\/wp-content\/uploads\/sites\/88\/2020\/07\/12-600x450.jpg 600w, https:\/\/atauni.edu.tr\/bitki-koruma-bolumu\/wp-content\/uploads\/sites\/88\/2020\/07\/12-560x420.jpg 560w, https:\/\/atauni.edu.tr\/bitki-koruma-bolumu\/wp-content\/uploads\/sites\/88\/2020\/07\/12.jpg 1024w\" sizes=\"(max-width: 300px) 100vw, 300px\" \/><\/a> <a href=\"http:\/\/birimler.atauni.edu.tr\/bitki-koruma-bolumu\/wp-content\/uploads\/sites\/88\/2020\/07\/13.png\"><img loading=\"lazy\" decoding=\"async\" class=\"alignnone size-medium wp-image-7097\" src=\"http:\/\/birimler.atauni.edu.tr\/bitki-koruma-bolumu\/wp-content\/uploads\/sites\/88\/2020\/07\/13-225x300.png\" alt=\"\" width=\"225\" height=\"300\" srcset=\"https:\/\/atauni.edu.tr\/bitki-koruma-bolumu\/wp-content\/uploads\/sites\/88\/2020\/07\/13-225x300.png 225w, https:\/\/atauni.edu.tr\/bitki-koruma-bolumu\/wp-content\/uploads\/sites\/88\/2020\/07\/13-768x1024.png 768w, https:\/\/atauni.edu.tr\/bitki-koruma-bolumu\/wp-content\/uploads\/sites\/88\/2020\/07\/13-450x600.png 450w, https:\/\/atauni.edu.tr\/bitki-koruma-bolumu\/wp-content\/uploads\/sites\/88\/2020\/07\/13-420x560.png 420w, https:\/\/atauni.edu.tr\/bitki-koruma-bolumu\/wp-content\/uploads\/sites\/88\/2020\/07\/13.png 978w\" sizes=\"(max-width: 225px) 100vw, 225px\" \/><\/a><\/p>\t\t\t\t\t\t\t\t<\/div>\n\t\t\t\t<\/div>\n\t\t\t\t\t<\/div>\n\t\t<\/div>\n\t\t\t\t\t<\/div>\n\t\t<\/section>\n\t\t\t\t<section class=\"elementor-section elementor-top-section elementor-element elementor-element-ddded13 elementor-section-boxed elementor-section-height-default elementor-section-height-default\" data-id=\"ddded13\" data-element_type=\"section\">\n\t\t\t\t\t\t<div class=\"elementor-container elementor-column-gap-default\">\n\t\t\t\t\t<div class=\"elementor-column elementor-col-100 elementor-top-column elementor-element elementor-element-279f72d\" data-id=\"279f72d\" data-element_type=\"column\">\n\t\t\t<div class=\"elementor-widget-wrap elementor-element-populated\">\n\t\t\t\t\t\t<div class=\"elementor-element elementor-element-0b9b3be elementor-widget elementor-widget-text-editor\" data-id=\"0b9b3be\" data-element_type=\"widget\" data-widget_type=\"text-editor.default\">\n\t\t\t\t<div class=\"elementor-widget-container\">\n\t\t\t\t\t\t\t\t\t<p>\u00a0<\/p><h2><strong>B\u00f6ceklerden Korkmuyorum<br \/><\/strong><\/h2><p>Dr. \u00d6\u011fr. \u00dcyesi Ye\u015fim BULAK KORKMAZ taraf\u0131ndan haz\u0131rlanan proje kapsam\u0131nda, b\u00f6cekleri zararl\u0131 olarak g\u00f6ren ilkokul \u00e7a\u011f\u0131ndaki \u00e7ocuklara b\u00f6ceklerin yararlar\u0131n\u0131n zarar\u0131ndan daha fazla oldu\u011funu anlat\u0131lm\u0131\u015f ve \u00e7ocuklar\u0131n b\u00f6ceklere kar\u015f\u0131 bak\u0131\u015f a\u00e7\u0131s\u0131n\u0131n olumlu y\u00f6nde de\u011fi\u015fmesine ve b\u00f6ceklerin korkulacak canl\u0131lar olmad\u0131\u011f\u0131 aksine korumam\u0131z gereken canl\u0131lar oldu\u011fu konusunda bir fark\u0131ndal\u0131k olu\u015fmas\u0131na imkan sa\u011flam\u0131\u015ft\u0131r.<\/p><p>Ayr\u0131ca her bir \u00f6\u011frenciye Atat\u00fcrk \u00dcniversitesi ad\u0131na hediye edilen kitaplar sayesinde de b\u00f6cekler hakk\u0131nda daha fazla bilgi edinebilme imk\u00e2n\u0131 sunulmu\u015ftur.<\/p><p>Projemizi destekleyerek \u00f6\u011frencilere b\u00f6cek fark\u0131ndal\u0131\u011f\u0131 kazand\u0131rmam\u0131za yard\u0131mc\u0131 olan ve bizleri de \u00f6\u011frencilerle bulu\u015fturarak farkl\u0131 bir deneyim kazanmam\u0131za imkan veren Atat\u00fcrk \u00dcniversitesi Toplumsal Duyarl\u0131l\u0131k Projeleri Uygulama ve Merkezi\u2019ne te\u015fekk\u00fcr ederiz.<\/p><p><a href=\"http:\/\/birimler.atauni.edu.tr\/bitki-koruma-bolumu\/wp-content\/uploads\/sites\/88\/2020\/07\/444.png\"><img loading=\"lazy\" decoding=\"async\" class=\"alignnone size-medium wp-image-7065\" src=\"http:\/\/birimler.atauni.edu.tr\/bitki-koruma-bolumu\/wp-content\/uploads\/sites\/88\/2020\/07\/444-300x205.png\" alt=\"\" width=\"300\" height=\"205\" srcset=\"https:\/\/atauni.edu.tr\/bitki-koruma-bolumu\/wp-content\/uploads\/sites\/88\/2020\/07\/444-300x205.png 300w, https:\/\/atauni.edu.tr\/bitki-koruma-bolumu\/wp-content\/uploads\/sites\/88\/2020\/07\/444-768x524.png 768w, https:\/\/atauni.edu.tr\/bitki-koruma-bolumu\/wp-content\/uploads\/sites\/88\/2020\/07\/444-600x409.png 600w, https:\/\/atauni.edu.tr\/bitki-koruma-bolumu\/wp-content\/uploads\/sites\/88\/2020\/07\/444-560x382.png 560w, https:\/\/atauni.edu.tr\/bitki-koruma-bolumu\/wp-content\/uploads\/sites\/88\/2020\/07\/444.png 891w\" sizes=\"(max-width: 300px) 100vw, 300px\" \/>\u00a0\u00a0 <\/a><a href=\"http:\/\/birimler.atauni.edu.tr\/bitki-koruma-bolumu\/wp-content\/uploads\/sites\/88\/2020\/07\/333.jpg\"><img loading=\"lazy\" decoding=\"async\" class=\"alignnone size-medium wp-image-7064\" src=\"http:\/\/birimler.atauni.edu.tr\/bitki-koruma-bolumu\/wp-content\/uploads\/sites\/88\/2020\/07\/333-300x168.jpg\" alt=\"\" width=\"300\" height=\"168\" srcset=\"https:\/\/atauni.edu.tr\/bitki-koruma-bolumu\/wp-content\/uploads\/sites\/88\/2020\/07\/333-300x168.jpg 300w, https:\/\/atauni.edu.tr\/bitki-koruma-bolumu\/wp-content\/uploads\/sites\/88\/2020\/07\/333-600x337.jpg 600w, https:\/\/atauni.edu.tr\/bitki-koruma-bolumu\/wp-content\/uploads\/sites\/88\/2020\/07\/333-560x314.jpg 560w, https:\/\/atauni.edu.tr\/bitki-koruma-bolumu\/wp-content\/uploads\/sites\/88\/2020\/07\/333.jpg 675w\" sizes=\"(max-width: 300px) 100vw, 300px\" \/><\/a><\/p><p><a href=\"http:\/\/birimler.atauni.edu.tr\/bitki-koruma-bolumu\/wp-content\/uploads\/sites\/88\/2020\/07\/111.jpg\"><img loading=\"lazy\" decoding=\"async\" class=\"alignnone size-medium wp-image-7062\" src=\"http:\/\/birimler.atauni.edu.tr\/bitki-koruma-bolumu\/wp-content\/uploads\/sites\/88\/2020\/07\/111-300x224.jpg\" alt=\"\" width=\"300\" height=\"224\" srcset=\"https:\/\/atauni.edu.tr\/bitki-koruma-bolumu\/wp-content\/uploads\/sites\/88\/2020\/07\/111-300x224.jpg 300w, https:\/\/atauni.edu.tr\/bitki-koruma-bolumu\/wp-content\/uploads\/sites\/88\/2020\/07\/111-1024x764.jpg 1024w, https:\/\/atauni.edu.tr\/bitki-koruma-bolumu\/wp-content\/uploads\/sites\/88\/2020\/07\/111-768x573.jpg 768w, https:\/\/atauni.edu.tr\/bitki-koruma-bolumu\/wp-content\/uploads\/sites\/88\/2020\/07\/111-600x448.jpg 600w, https:\/\/atauni.edu.tr\/bitki-koruma-bolumu\/wp-content\/uploads\/sites\/88\/2020\/07\/111-560x418.jpg 560w, https:\/\/atauni.edu.tr\/bitki-koruma-bolumu\/wp-content\/uploads\/sites\/88\/2020\/07\/111.jpg 1389w\" sizes=\"(max-width: 300px) 100vw, 300px\" \/>\u00a0 <\/a><a href=\"http:\/\/birimler.atauni.edu.tr\/bitki-koruma-bolumu\/wp-content\/uploads\/sites\/88\/2020\/07\/222.png\"><img loading=\"lazy\" decoding=\"async\" class=\"alignnone size-medium wp-image-7063\" src=\"http:\/\/birimler.atauni.edu.tr\/bitki-koruma-bolumu\/wp-content\/uploads\/sites\/88\/2020\/07\/222-225x300.png\" alt=\"\" width=\"225\" height=\"300\" srcset=\"https:\/\/atauni.edu.tr\/bitki-koruma-bolumu\/wp-content\/uploads\/sites\/88\/2020\/07\/222-225x300.png 225w, https:\/\/atauni.edu.tr\/bitki-koruma-bolumu\/wp-content\/uploads\/sites\/88\/2020\/07\/222-420x560.png 420w, https:\/\/atauni.edu.tr\/bitki-koruma-bolumu\/wp-content\/uploads\/sites\/88\/2020\/07\/222.png 428w\" sizes=\"(max-width: 225px) 100vw, 225px\" \/><\/a><\/p>\t\t\t\t\t\t\t\t<\/div>\n\t\t\t\t<\/div>\n\t\t\t\t\t<\/div>\n\t\t<\/div>\n\t\t\t\t\t<\/div>\n\t\t<\/section>\n\t\t\t\t<section class=\"elementor-section elementor-top-section elementor-element elementor-element-d02e2ab elementor-section-boxed elementor-section-height-default elementor-section-height-default\" data-id=\"d02e2ab\" data-element_type=\"section\">\n\t\t\t\t\t\t<div class=\"elementor-container elementor-column-gap-default\">\n\t\t\t\t\t<div class=\"elementor-column elementor-col-100 elementor-top-column elementor-element elementor-element-a14864a\" data-id=\"a14864a\" data-element_type=\"column\">\n\t\t\t<div class=\"elementor-widget-wrap elementor-element-populated\">\n\t\t\t\t\t\t<div class=\"elementor-element elementor-element-e640795 elementor-widget elementor-widget-text-editor\" data-id=\"e640795\" data-element_type=\"widget\" data-widget_type=\"text-editor.default\">\n\t\t\t\t<div class=\"elementor-widget-container\">\n\t\t\t\t\t\t\t\t\t<h2><strong>Gen\u00e7 Bitki Korumac\u0131lar<\/strong><\/h2><p>Bitki Koruma son s\u0131n\u0131f \u00f6\u011frencileri taraf\u0131ndan haz\u0131rlanan ve Dr. \u00d6\u011fr. \u00dcyesi Ye\u015fim BULAK KORKMAZ\u2019\u0131n dan\u0131\u015fman oldu\u011fu proje kapsam\u0131nda, Ziraat Fak\u00fcltesi Bitki Koruma B\u00f6l\u00fcm\u00fc son s\u0131n\u0131f \u00f6\u011frencilerinin mesleklerine farkl\u0131 bir bak\u0131\u015f a\u00e7\u0131s\u0131 kazanmalar\u0131na bir nebzede olsa da katk\u0131 sa\u011flanm\u0131\u015ft\u0131r. B\u00f6l\u00fcm mezunlar\u0131n\u0131n \u00f6zellikle \u00f6zel sekt\u00f6rde hangi alanlarda aktif olarak rol alabilecekleri kamuda hangi kurum ve kurulu\u015flarda \u00e7al\u0131\u015fabilecekleri ve mezun olunca al\u0131nacak olan lisans diplomas\u0131 ile her kap\u0131n\u0131n kilidinin a\u00e7\u0131lmas\u0131n\u0131 sa\u011flayan bir anahtar oldu\u011funu vurgulam\u0131\u015ft\u0131r.<\/p><p>Projemizi destekleyerek \u00f6\u011frencileri sekt\u00f6rden birileriyle bulu\u015fturmam\u0131za imkan veren Atat\u00fcrk \u00dcniversitesi Toplumsal Duyarl\u0131l\u0131k Projeleri Uygulama ve Merkezi\u2019ne te\u015fekk\u00fcr ederiz.<\/p><p><a href=\"http:\/\/birimler.atauni.edu.tr\/bitki-koruma-bolumu\/wp-content\/uploads\/sites\/88\/2020\/07\/555.png\"><img loading=\"lazy\" decoding=\"async\" class=\"alignnone size-medium wp-image-7069\" src=\"http:\/\/birimler.atauni.edu.tr\/bitki-koruma-bolumu\/wp-content\/uploads\/sites\/88\/2020\/07\/555-300x225.png\" alt=\"\" width=\"300\" height=\"225\" srcset=\"https:\/\/atauni.edu.tr\/bitki-koruma-bolumu\/wp-content\/uploads\/sites\/88\/2020\/07\/555-300x225.png 300w, https:\/\/atauni.edu.tr\/bitki-koruma-bolumu\/wp-content\/uploads\/sites\/88\/2020\/07\/555-768x575.png 768w, https:\/\/atauni.edu.tr\/bitki-koruma-bolumu\/wp-content\/uploads\/sites\/88\/2020\/07\/555-600x450.png 600w, https:\/\/atauni.edu.tr\/bitki-koruma-bolumu\/wp-content\/uploads\/sites\/88\/2020\/07\/555-560x420.png 560w, https:\/\/atauni.edu.tr\/bitki-koruma-bolumu\/wp-content\/uploads\/sites\/88\/2020\/07\/555.png 941w\" sizes=\"(max-width: 300px) 100vw, 300px\" \/><\/a> <a href=\"http:\/\/birimler.atauni.edu.tr\/bitki-koruma-bolumu\/wp-content\/uploads\/sites\/88\/2020\/07\/666.jpg\"><img loading=\"lazy\" decoding=\"async\" class=\"alignnone size-medium wp-image-7070\" src=\"http:\/\/birimler.atauni.edu.tr\/bitki-koruma-bolumu\/wp-content\/uploads\/sites\/88\/2020\/07\/666-300x225.jpg\" alt=\"\" width=\"300\" height=\"225\" srcset=\"https:\/\/atauni.edu.tr\/bitki-koruma-bolumu\/wp-content\/uploads\/sites\/88\/2020\/07\/666-300x225.jpg 300w, https:\/\/atauni.edu.tr\/bitki-koruma-bolumu\/wp-content\/uploads\/sites\/88\/2020\/07\/666-768x576.jpg 768w, https:\/\/atauni.edu.tr\/bitki-koruma-bolumu\/wp-content\/uploads\/sites\/88\/2020\/07\/666-600x450.jpg 600w, https:\/\/atauni.edu.tr\/bitki-koruma-bolumu\/wp-content\/uploads\/sites\/88\/2020\/07\/666-560x420.jpg 560w, https:\/\/atauni.edu.tr\/bitki-koruma-bolumu\/wp-content\/uploads\/sites\/88\/2020\/07\/666.jpg 1024w\" sizes=\"(max-width: 300px) 100vw, 300px\" \/><\/a><\/p>\t\t\t\t\t\t\t\t<\/div>\n\t\t\t\t<\/div>\n\t\t\t\t\t<\/div>\n\t\t<\/div>\n\t\t\t\t\t<\/div>\n\t\t<\/section>\n\t\t\t\t<section class=\"elementor-section elementor-top-section elementor-element elementor-element-475645d elementor-section-boxed elementor-section-height-default elementor-section-height-default\" data-id=\"475645d\" data-element_type=\"section\">\n\t\t\t\t\t\t<div class=\"elementor-container elementor-column-gap-default\">\n\t\t\t\t\t<div class=\"elementor-column elementor-col-100 elementor-top-column elementor-element elementor-element-7b69904\" data-id=\"7b69904\" data-element_type=\"column\">\n\t\t\t<div class=\"elementor-widget-wrap elementor-element-populated\">\n\t\t\t\t\t\t<div class=\"elementor-element elementor-element-cc7fa92 elementor-widget elementor-widget-text-editor\" data-id=\"cc7fa92\" data-element_type=\"widget\" data-widget_type=\"text-editor.default\">\n\t\t\t\t<div class=\"elementor-widget-container\">\n\t\t\t\t\t\t\t\t\t<h2><strong>Hayat Bayram Olsa<\/strong><\/h2><p>Gelece\u011fimiz olan \u00e7ocuklar\u0131n, 23 Nisan Ulusal Egemenlik ve \u00c7ocuk Bayram\u0131 kapsam\u0131nda bir g\u00f6steri sunmalar\u0131na yard\u0131mc\u0131 olunmu\u015ftur. Maddi imkans\u0131zl\u0131klar sebebiyle kutlama programlar\u0131nda yer alamayan \u00f6\u011frencilerin bu mutsuzlu\u011funu, mutlulu\u011fa \u00e7evirip onlar\u0131n kendi g\u00fcnlerini e\u011flenceli bir g\u00f6steri yaparak ge\u00e7irmeleri sa\u011flanm\u0131\u015ft\u0131r. Ayr\u0131ca Atat\u00fcrk \u00dcniversitesi ad\u0131na, g\u00f6steride kullan\u0131lmak \u00fczere 23 Nisan temas\u0131na uygun k\u0131rm\u0131z\u0131 beyaz giyisiler al\u0131nm\u0131\u015ft\u0131r.<\/p><p>Projemizi destekleyerek \u00f6\u011frencilere bu mutlulu\u011fu ya\u015famas\u0131na yard\u0131mc\u0131 olan ve bizleri de \u00f6\u011frencilerle bulu\u015fturarak farkl\u0131 bir deneyim kazanmam\u0131za imkan veren Atat\u00fcrk \u00dcniversitesi Toplumsal Duyarl\u0131l\u0131k Projeleri Uygulama ve Merkezi\u2019ne te\u015fekk\u00fcr ederiz.<\/p><p><a href=\"http:\/\/birimler.atauni.edu.tr\/bitki-koruma-bolumu\/wp-content\/uploads\/sites\/88\/2020\/07\/777.png\"><img loading=\"lazy\" decoding=\"async\" class=\"alignnone size-medium wp-image-7080\" src=\"http:\/\/birimler.atauni.edu.tr\/bitki-koruma-bolumu\/wp-content\/uploads\/sites\/88\/2020\/07\/777-300x225.png\" alt=\"\" width=\"300\" height=\"225\" srcset=\"https:\/\/atauni.edu.tr\/bitki-koruma-bolumu\/wp-content\/uploads\/sites\/88\/2020\/07\/777-300x225.png 300w, https:\/\/atauni.edu.tr\/bitki-koruma-bolumu\/wp-content\/uploads\/sites\/88\/2020\/07\/777-768x576.png 768w, https:\/\/atauni.edu.tr\/bitki-koruma-bolumu\/wp-content\/uploads\/sites\/88\/2020\/07\/777-600x450.png 600w, https:\/\/atauni.edu.tr\/bitki-koruma-bolumu\/wp-content\/uploads\/sites\/88\/2020\/07\/777-560x420.png 560w, https:\/\/atauni.edu.tr\/bitki-koruma-bolumu\/wp-content\/uploads\/sites\/88\/2020\/07\/777.png 1014w\" sizes=\"(max-width: 300px) 100vw, 300px\" \/><\/a> <a href=\"http:\/\/birimler.atauni.edu.tr\/bitki-koruma-bolumu\/wp-content\/uploads\/sites\/88\/2020\/07\/888.png\"><img loading=\"lazy\" decoding=\"async\" class=\"alignnone size-medium wp-image-7081\" src=\"http:\/\/birimler.atauni.edu.tr\/bitki-koruma-bolumu\/wp-content\/uploads\/sites\/88\/2020\/07\/888-300x225.png\" alt=\"\" width=\"300\" height=\"225\" srcset=\"https:\/\/atauni.edu.tr\/bitki-koruma-bolumu\/wp-content\/uploads\/sites\/88\/2020\/07\/888-300x225.png 300w, https:\/\/atauni.edu.tr\/bitki-koruma-bolumu\/wp-content\/uploads\/sites\/88\/2020\/07\/888-768x576.png 768w, https:\/\/atauni.edu.tr\/bitki-koruma-bolumu\/wp-content\/uploads\/sites\/88\/2020\/07\/888-600x450.png 600w, https:\/\/atauni.edu.tr\/bitki-koruma-bolumu\/wp-content\/uploads\/sites\/88\/2020\/07\/888-560x420.png 560w, https:\/\/atauni.edu.tr\/bitki-koruma-bolumu\/wp-content\/uploads\/sites\/88\/2020\/07\/888.png 956w\" sizes=\"(max-width: 300px) 100vw, 300px\" \/><\/a><\/p>\t\t\t\t\t\t\t\t<\/div>\n\t\t\t\t<\/div>\n\t\t\t\t\t<\/div>\n\t\t<\/div>\n\t\t\t\t\t<\/div>\n\t\t<\/section>\n\t\t\t\t<section class=\"elementor-section elementor-top-section elementor-element elementor-element-a2ef4c6 elementor-section-boxed elementor-section-height-default elementor-section-height-default\" data-id=\"a2ef4c6\" data-element_type=\"section\">\n\t\t\t\t\t\t<div class=\"elementor-container elementor-column-gap-default\">\n\t\t\t\t\t<div class=\"elementor-column elementor-col-100 elementor-top-column elementor-element elementor-element-815dfc7\" data-id=\"815dfc7\" data-element_type=\"column\">\n\t\t\t<div class=\"elementor-widget-wrap elementor-element-populated\">\n\t\t\t\t\t\t<div class=\"elementor-element elementor-element-442d8ec elementor-widget elementor-widget-text-editor\" data-id=\"442d8ec\" data-element_type=\"widget\" data-widget_type=\"text-editor.default\">\n\t\t\t\t<div class=\"elementor-widget-container\">\n\t\t\t\t\t\t\t\t\t<h2><strong>Suyunu Koru D\u00fcnyan\u0131 Koru<\/strong><\/h2><p>D\u00fcnyam\u0131z k\u00fcresel \u0131s\u0131nman\u0131n etkileriyle birlikte her ge\u00e7en g\u00fcn de\u011fi\u015fmekte ve eldeki mevcut kaynaklar h\u0131zla azalmaktad\u0131r. \u0130nsanlar\u0131n mevcut kaynaklar\u0131 korumas\u0131 ad\u0131na ilk olarak bilin\u00e7li bir t\u00fcketici toplulu\u011fu fark\u0131ndal\u0131\u011f\u0131n\u0131 olu\u015fturulmas\u0131 gerekmektedir. Atalar\u0131m\u0131z\u0131n s\u00f6yledi\u011fi \u201cA\u011fa\u00e7 ya\u015fken e\u011filir\u201d \u00f6\u011f\u00fctten yola \u00e7\u0131karak \u00f6zellikle okul \u00f6ncesi e\u011fitimi alan anas\u0131n\u0131f\u0131 \u00e7a\u011f\u0131ndaki \u00e7ocuklarda su fark\u0131ndal\u0131\u011f\u0131 olu\u015fturmak ama\u00e7lanm\u0131\u015ft\u0131r.<\/p><p>D\u00fcnya\u2019 da g\u00fcvenli suya eri\u015fimin ne kadar \u00f6nemli oldu\u011fu ve \u00dclkemizin su kaynaklar\u0131n\u0131n da giderek azald\u0131\u011f\u0131 ve su israf\u0131n\u0131n \u00f6n\u00fcne nas\u0131l ge\u00e7ebilece\u011fimiz konusunda bilgiler verilerek \u00f6\u011frencilerin su konusunda bir fark\u0131ndal\u0131k kazanmalar\u0131 sa\u011flanm\u0131\u015ft\u0131r.<\/p><p>Projemizi destekleyerek \u00f6\u011frencilere suyun \u00f6nemini anlatmam\u0131za ve \u00e7ocuklar\u0131n su fark\u0131ndal\u0131\u011f\u0131 kazanmalar\u0131na yard\u0131mc\u0131 olan ve bizleri de \u00f6\u011frencilerle bulu\u015fturarak farkl\u0131 bir deneyim kazanmam\u0131za imkan veren Atat\u00fcrk \u00dcniversitesi Toplumsal Duyarl\u0131l\u0131k Projeleri Uygulama ve Merkezi\u2019ne te\u015fekk\u00fcr ederiz.<\/p><p><a href=\"http:\/\/birimler.atauni.edu.tr\/bitki-koruma-bolumu\/wp-content\/uploads\/sites\/88\/2020\/07\/999.png\"><img loading=\"lazy\" decoding=\"async\" class=\"alignnone size-medium wp-image-7085\" src=\"http:\/\/birimler.atauni.edu.tr\/bitki-koruma-bolumu\/wp-content\/uploads\/sites\/88\/2020\/07\/999-300x225.png\" alt=\"\" width=\"300\" height=\"225\" srcset=\"https:\/\/atauni.edu.tr\/bitki-koruma-bolumu\/wp-content\/uploads\/sites\/88\/2020\/07\/999-300x225.png 300w, https:\/\/atauni.edu.tr\/bitki-koruma-bolumu\/wp-content\/uploads\/sites\/88\/2020\/07\/999-768x576.png 768w, https:\/\/atauni.edu.tr\/bitki-koruma-bolumu\/wp-content\/uploads\/sites\/88\/2020\/07\/999-600x450.png 600w, https:\/\/atauni.edu.tr\/bitki-koruma-bolumu\/wp-content\/uploads\/sites\/88\/2020\/07\/999-560x420.png 560w, https:\/\/atauni.edu.tr\/bitki-koruma-bolumu\/wp-content\/uploads\/sites\/88\/2020\/07\/999.png 906w\" sizes=\"(max-width: 300px) 100vw, 300px\" \/><\/a><\/p>\t\t\t\t\t\t\t\t<\/div>\n\t\t\t\t<\/div>\n\t\t\t\t\t<\/div>\n\t\t<\/div>\n\t\t\t\t\t<\/div>\n\t\t<\/section>\n\t\t\t\t<\/div>\n\t\t","protected":false},"excerpt":{"rendered":"<p>Hayallere Ortak Olal\u0131m Y\u00fcr\u00fct\u00fcc\u00fcl\u00fc\u011f\u00fcn\u00fc Prof. Dr. Erol YILDIRIM\u2019\u0131n yapt\u0131\u011f\u0131 \u201cHayallere Ortak Olal\u0131m\u201d isimli proje kapsam\u0131nda; dijitalle\u015fen D\u00fcnya ile birlikte kitaplara eri\u015fim belli bir kesim i\u00e7in kolayla\u015f\u0131rken, belli bir kesim i\u00e7in ise hala zordur. Evinde interneti olmayan bir\u00e7ok \u00e7ocuk bu dijitalle\u015fen d\u00fcnyaya eri\u015fememektedir. Bilindi\u011fi \u00fczere \u00e7ocukluk d\u00f6nemi t\u00fcm al\u0131\u015fkanl\u0131klar\u0131n kazan\u0131ld\u0131\u011f\u0131 k\u0131sa bir d\u00f6nemi kapsamakta ve bir\u00e7ok [&hellip;]<\/p>\n","protected":false},"author":443,"featured_media":0,"parent":0,"menu_order":0,"comment_status":"closed","ping_status":"closed","template":"","meta":{"footnotes":""},"class_list":["post-7060","page","type-page","status-publish","hentry"],"_links":{"self":[{"href":"https:\/\/atauni.edu.tr\/bitki-koruma-bolumu\/wp-json\/wp\/v2\/pages\/7060","targetHints":{"allow":["GET"]}}],"collection":[{"href":"https:\/\/atauni.edu.tr\/bitki-koruma-bolumu\/wp-json\/wp\/v2\/pages"}],"about":[{"href":"https:\/\/atauni.edu.tr\/bitki-koruma-bolumu\/wp-json\/wp\/v2\/types\/page"}],"author":[{"embeddable":true,"href":"https:\/\/atauni.edu.tr\/bitki-koruma-bolumu\/wp-json\/wp\/v2\/users\/443"}],"replies":[{"embeddable":true,"href":"https:\/\/atauni.edu.tr\/bitki-koruma-bolumu\/wp-json\/wp\/v2\/comments?post=7060"}],"version-history":[{"count":30,"href":"https:\/\/atauni.edu.tr\/bitki-koruma-bolumu\/wp-json\/wp\/v2\/pages\/7060\/revisions"}],"predecessor-version":[{"id":7371,"href":"https:\/\/atauni.edu.tr\/bitki-koruma-bolumu\/wp-json\/wp\/v2\/pages\/7060\/revisions\/7371"}],"wp:attachment":[{"href":"https:\/\/atauni.edu.tr\/bitki-koruma-bolumu\/wp-json\/wp\/v2\/media?parent=7060"}],"curies":[{"name":"wp","href":"https:\/\/api.w.org\/{rel}","templated":true}]}}