{"id":7132,"date":"2022-11-11T14:47:17","date_gmt":"2022-11-11T11:47:17","guid":{"rendered":"https:\/\/birimler.atauni.edu.tr\/bitki-koruma-bolumu\/?page_id=7132"},"modified":"2023-10-30T21:43:03","modified_gmt":"2023-10-30T18:43:03","slug":"formlar-2","status":"publish","type":"page","link":"https:\/\/atauni.edu.tr\/bitki-koruma-bolumu\/formlar-2\/","title":{"rendered":"Formlar"},"content":{"rendered":"\t\t<div data-elementor-type=\"wp-page\" data-elementor-id=\"7132\" class=\"elementor elementor-7132\" data-elementor-post-type=\"page\">\n\t\t\t\t\t\t<section class=\"elementor-section elementor-top-section elementor-element elementor-element-2215eff elementor-section-boxed elementor-section-height-default elementor-section-height-default\" data-id=\"2215eff\" data-element_type=\"section\">\n\t\t\t\t\t\t<div class=\"elementor-container elementor-column-gap-default\">\n\t\t\t\t\t<div class=\"elementor-column elementor-col-100 elementor-top-column elementor-element elementor-element-96c3552\" data-id=\"96c3552\" data-element_type=\"column\">\n\t\t\t<div class=\"elementor-widget-wrap elementor-element-populated\">\n\t\t\t\t\t\t<div class=\"elementor-element elementor-element-de54465 elementor-widget elementor-widget-text-editor\" data-id=\"de54465\" data-element_type=\"widget\" data-widget_type=\"text-editor.default\">\n\t\t\t\t<div class=\"elementor-widget-container\">\n\t\t\t\t\t\t\t\t\t<p><a href=\"http:\/\/birimler.atauni.edu.tr\/bitki-koruma-bolumu\/wp-content\/uploads\/sites\/88\/2020\/07\/Ogrenciler-icin-dilekce-duzenleme-kilavuzu.pdf\"><span style=\"color: #ff0000\">\u00d6\u011frenciler i\u00e7in dilek\u00e7e d\u00fczenleme k\u0131lavuzu<\/span><\/a><\/p>\n<p><a href=\"http:\/\/birimler.atauni.edu.tr\/bitki-koruma-bolumu\/wp-content\/uploads\/sites\/88\/2020\/07\/Azami-Sure-Sonu-Ek-Sinav-Basvuru-Dilekcesi.docx\">Azami S\u00fcre Sonu Ek S\u0131nav Ba\u015fvuru Dilek\u00e7esi<\/a><\/p>\n<p><a href=\"http:\/\/birimler.atauni.edu.tr\/bitki-koruma-bolumu\/wp-content\/uploads\/sites\/88\/2020\/07\/Basari-Belgesi-Basvuru-Dilekcesi.doc\">Ba\u015far\u0131 Belgesi Ba\u015fvuru Dilek\u00e7esi<\/a>&nbsp;<\/p><p><a href=\"http:\/\/birimler.atauni.edu.tr\/bitki-koruma-bolumu\/wp-content\/uploads\/sites\/88\/2020\/07\/Ders-Muafiyeti-Basvuru-Dilekcesi.doc\">Ders Muafiyeti Ba\u015fvuru Dilek\u00e7esi<\/a>&nbsp;<\/p><p><a href=\"http:\/\/birimler.atauni.edu.tr\/bitki-koruma-bolumu\/wp-content\/uploads\/sites\/88\/2020\/07\/Kayit-Dondurma-Basvuru-Dilekcesi.doc\">Kay\u0131t Dondurma Ba\u015fvuru Dilek\u00e7esi<\/a>&nbsp;<\/p><p><a href=\"http:\/\/birimler.atauni.edu.tr\/bitki-koruma-bolumu\/wp-content\/uploads\/sites\/88\/2020\/07\/Mazeret-Sinavi-Basvuru-Dilekcesi-Diger-haller.doc\">Mazeret S\u0131nav\u0131 Ba\u015fvuru Dilek\u00e7esi (Di\u011fer haller)<\/a> <br><\/p><p><a href=\"http:\/\/birimler.atauni.edu.tr\/bitki-koruma-bolumu\/wp-content\/uploads\/sites\/88\/2020\/07\/Mazeret-Sinavi-Basvuru-Dilekcesi-Hastalik.doc\">Mazeret S\u0131nav\u0131 Ba\u015fvuru Dilek\u00e7esi (Hastal\u0131k)<\/a>&nbsp;<\/p><p><a href=\"http:\/\/birimler.atauni.edu.tr\/bitki-koruma-bolumu\/wp-content\/uploads\/sites\/88\/2020\/07\/Mezuniyet-Islemleri-ve-Ilisik-Kesme-Belgesi.doc\">Mezuniyet \u0130\u015flemleri ve \u0130li\u015fik Kesme Belgesi<\/a>&nbsp;<\/p><p><a href=\"http:\/\/birimler.atauni.edu.tr\/bitki-koruma-bolumu\/wp-content\/uploads\/sites\/88\/2020\/07\/Mezuniyet-Tek-Ders-Sinav-Dilekcesi.doc\">Mezuniyet Tek Ders S\u0131nav Dilek\u00e7esi<\/a> <br><\/p><p><a href=\"http:\/\/birimler.atauni.edu.tr\/bitki-koruma-bolumu\/wp-content\/uploads\/sites\/88\/2020\/07\/Sinav-Notu-Itiraz-Dilekcesi.doc\">S\u0131nav Notu \u0130tiraz Dilek\u00e7esi<\/a>&nbsp;<\/p><p><a href=\"http:\/\/birimler.atauni.edu.tr\/bitki-koruma-bolumu\/wp-content\/uploads\/sites\/88\/2020\/07\/Temel-Bilisim-Teknolojileri-Dersi-Muafiyet-Sinavi-Basvuru-Dilekcesi.docx\">Temel Bili\u015fim Teknolojileri Dersi Muafiyet S\u0131nav\u0131 Ba\u015fvuru Dilek\u00e7esi<\/a>&nbsp;<\/p><p><a href=\"http:\/\/birimler.atauni.edu.tr\/bitki-koruma-bolumu\/wp-content\/uploads\/sites\/88\/2020\/07\/Yaz-Okulu-Ders-Alma-Dilekcesi-Ziraat-Fakultesi-Ogrencileri-Icin.docx\">Yaz Okulu Ders Alma Dilek\u00e7esi &#8211; Ziraat Fak\u00fcltesi \u00d6\u011frencileri \u0130\u00e7in<\/a><\/p>\t\t\t\t\t\t\t\t<\/div>\n\t\t\t\t<\/div>\n\t\t\t\t\t<\/div>\n\t\t<\/div>\n\t\t\t\t\t<\/div>\n\t\t<\/section>\n\t\t\t\t<\/div>\n\t\t","protected":false},"excerpt":{"rendered":"<p>\u00d6\u011frenciler i\u00e7in dilek\u00e7e d\u00fczenleme k\u0131lavuzu Azami S\u00fcre Sonu Ek S\u0131nav Ba\u015fvuru Dilek\u00e7esi Ba\u015far\u0131 Belgesi Ba\u015fvuru Dilek\u00e7esi&nbsp; Ders Muafiyeti Ba\u015fvuru Dilek\u00e7esi&nbsp; Kay\u0131t Dondurma Ba\u015fvuru Dilek\u00e7esi&nbsp; Mazeret S\u0131nav\u0131 Ba\u015fvuru Dilek\u00e7esi (Di\u011fer haller) Mazeret S\u0131nav\u0131 Ba\u015fvuru Dilek\u00e7esi (Hastal\u0131k)&nbsp; Mezuniyet \u0130\u015flemleri ve \u0130li\u015fik Kesme Belgesi&nbsp; Mezuniyet Tek Ders S\u0131nav Dilek\u00e7esi S\u0131nav Notu \u0130tiraz Dilek\u00e7esi&nbsp; Temel Bili\u015fim Teknolojileri Dersi Muafiyet [&hellip;]<\/p>\n","protected":false},"author":443,"featured_media":0,"parent":0,"menu_order":0,"comment_status":"closed","ping_status":"closed","template":"","meta":{"footnotes":""},"class_list":["post-7132","page","type-page","status-publish","hentry"],"_links":{"self":[{"href":"https:\/\/atauni.edu.tr\/bitki-koruma-bolumu\/wp-json\/wp\/v2\/pages\/7132","targetHints":{"allow":["GET"]}}],"collection":[{"href":"https:\/\/atauni.edu.tr\/bitki-koruma-bolumu\/wp-json\/wp\/v2\/pages"}],"about":[{"href":"https:\/\/atauni.edu.tr\/bitki-koruma-bolumu\/wp-json\/wp\/v2\/types\/page"}],"author":[{"embeddable":true,"href":"https:\/\/atauni.edu.tr\/bitki-koruma-bolumu\/wp-json\/wp\/v2\/users\/443"}],"replies":[{"embeddable":true,"href":"https:\/\/atauni.edu.tr\/bitki-koruma-bolumu\/wp-json\/wp\/v2\/comments?post=7132"}],"version-history":[{"count":12,"href":"https:\/\/atauni.edu.tr\/bitki-koruma-bolumu\/wp-json\/wp\/v2\/pages\/7132\/revisions"}],"predecessor-version":[{"id":7373,"href":"https:\/\/atauni.edu.tr\/bitki-koruma-bolumu\/wp-json\/wp\/v2\/pages\/7132\/revisions\/7373"}],"wp:attachment":[{"href":"https:\/\/atauni.edu.tr\/bitki-koruma-bolumu\/wp-json\/wp\/v2\/media?parent=7132"}],"curies":[{"name":"wp","href":"https:\/\/api.w.org\/{rel}","templated":true}]}}