{"id":7399,"date":"2023-11-08T23:12:40","date_gmt":"2023-11-08T20:12:40","guid":{"rendered":"https:\/\/birimler.atauni.edu.tr\/bitki-koruma-bolumu\/?page_id=7399"},"modified":"2023-11-08T23:12:47","modified_gmt":"2023-11-08T20:12:47","slug":"egitim-ogretim","status":"publish","type":"page","link":"https:\/\/atauni.edu.tr\/bitki-koruma-bolumu\/egitim-ogretim\/","title":{"rendered":"E\u011fitim-\u00d6\u011fretim"},"content":{"rendered":"","protected":false},"excerpt":{"rendered":"","protected":false},"author":443,"featured_media":0,"parent":0,"menu_order":0,"comment_status":"closed","ping_status":"closed","template":"","meta":{"footnotes":""},"class_list":["post-7399","page","type-page","status-publish","hentry"],"_links":{"self":[{"href":"https:\/\/atauni.edu.tr\/bitki-koruma-bolumu\/wp-json\/wp\/v2\/pages\/7399","targetHints":{"allow":["GET"]}}],"collection":[{"href":"https:\/\/atauni.edu.tr\/bitki-koruma-bolumu\/wp-json\/wp\/v2\/pages"}],"about":[{"href":"https:\/\/atauni.edu.tr\/bitki-koruma-bolumu\/wp-json\/wp\/v2\/types\/page"}],"author":[{"embeddable":true,"href":"https:\/\/atauni.edu.tr\/bitki-koruma-bolumu\/wp-json\/wp\/v2\/users\/443"}],"replies":[{"embeddable":true,"href":"https:\/\/atauni.edu.tr\/bitki-koruma-bolumu\/wp-json\/wp\/v2\/comments?post=7399"}],"version-history":[{"count":4,"href":"https:\/\/atauni.edu.tr\/bitki-koruma-bolumu\/wp-json\/wp\/v2\/pages\/7399\/revisions"}],"predecessor-version":[{"id":7403,"href":"https:\/\/atauni.edu.tr\/bitki-koruma-bolumu\/wp-json\/wp\/v2\/pages\/7399\/revisions\/7403"}],"wp:attachment":[{"href":"https:\/\/atauni.edu.tr\/bitki-koruma-bolumu\/wp-json\/wp\/v2\/media?parent=7399"}],"curies":[{"name":"wp","href":"https:\/\/api.w.org\/{rel}","templated":true}]}}