{"id":7411,"date":"2023-11-10T09:10:30","date_gmt":"2023-11-10T06:10:30","guid":{"rendered":"https:\/\/birimler.atauni.edu.tr\/bitki-koruma-bolumu\/?page_id=7411"},"modified":"2024-06-27T01:22:29","modified_gmt":"2024-06-26T22:22:29","slug":"program-ciktilari","status":"publish","type":"page","link":"https:\/\/atauni.edu.tr\/bitki-koruma-bolumu\/program-ciktilari\/","title":{"rendered":"Program \u00c7\u0131kt\u0131lar\u0131"},"content":{"rendered":"\t\t<div data-elementor-type=\"wp-page\" data-elementor-id=\"7411\" class=\"elementor elementor-7411\" data-elementor-post-type=\"page\">\n\t\t\t\t\t\t<section class=\"elementor-section elementor-top-section elementor-element elementor-element-7eb7c81 elementor-section-boxed elementor-section-height-default elementor-section-height-default\" data-id=\"7eb7c81\" data-element_type=\"section\">\n\t\t\t\t\t\t<div class=\"elementor-container elementor-column-gap-default\">\n\t\t\t\t\t<div class=\"elementor-column elementor-col-100 elementor-top-column elementor-element elementor-element-745903f\" data-id=\"745903f\" data-element_type=\"column\">\n\t\t\t<div class=\"elementor-widget-wrap elementor-element-populated\">\n\t\t\t\t\t\t\t<\/div>\n\t\t<\/div>\n\t\t\t\t\t<\/div>\n\t\t<\/section>\n\t\t\t\t<section class=\"elementor-section elementor-top-section elementor-element elementor-element-437406e elementor-section-boxed elementor-section-height-default elementor-section-height-default\" data-id=\"437406e\" data-element_type=\"section\">\n\t\t\t\t\t\t<div class=\"elementor-container elementor-column-gap-default\">\n\t\t\t\t\t<div class=\"elementor-column elementor-col-100 elementor-top-column elementor-element elementor-element-7d35458\" data-id=\"7d35458\" data-element_type=\"column\">\n\t\t\t<div class=\"elementor-widget-wrap elementor-element-populated\">\n\t\t\t\t\t\t<div class=\"elementor-element elementor-element-f3ad568 elementor-widget elementor-widget-text-editor\" data-id=\"f3ad568\" data-element_type=\"widget\" data-widget_type=\"text-editor.default\">\n\t\t\t\t<div class=\"elementor-widget-container\">\n\t\t\t\t\t\t\t\t\t<p class=\"MsoNormal\" style=\"text-align: justify;margin: 0px\"><span style=\"font-size: 12pt;line-height: 107%;font-family: 'times new roman', serif\">P\u00c71- M\u00fchendisli\u011fin temelini olu\u015fturan matematik, temel bili\u015fim, fen bilimleri ve alandaki m\u00fchendislik derslerinden kazand\u0131klar\u0131 teorik ve uygulama bilgi ve becerilerini m\u00fchendislik problemlerinde kullanabilme becerisine sahip olur.<\/span><\/p><p class=\"MsoNormal\" style=\"text-align: justify;margin: 0px\"><span style=\"font-size: 12pt;line-height: 107%;font-family: 'times new roman', serif\">P\u00c72- Bitki Koruma alan\u0131ndaki kavramlar\u0131, fikirleri ve verileri bilimsel y\u00f6ntemlerle de\u011ferlendirmek, bu alandaki problemleri \u00e7\u00f6zmeye y\u00f6nelik \u00f6neriler geli\u015ftirebilme becerisine sahip olur.<\/span><\/p><p class=\"MsoNormal\" style=\"text-align: justify;margin: 0px\"><span style=\"font-size: 12pt;line-height: 107%;font-family: 'times new roman', serif\">P\u00c73- Bireysel ve \u00e7ok disiplinli tak\u0131mlarda etkin \u00e7al\u0131\u015fabilme becerisi ve sorumluluk alma \u00f6zg\u00fcvenini kazanma becerisine sahip olur.<\/span><\/p><p class=\"MsoNormal\" style=\"text-align: justify;margin: 0px\"><span style=\"font-size: 12pt;line-height: 107%;font-family: 'times new roman', serif\">P\u00c74- Bitki Koruma alan\u0131ndaki bilgi ve uygulamalar\u0131 takip edip, kullanabilecek ve meslekta\u015flar\u0131 ile ileti\u015fim kurabilecek d\u00fczeyde mesleki bilgiye sahip olur.<\/span><\/p><p class=\"MsoNormal\" style=\"text-align: justify;margin: 0px\"><span style=\"font-size: 12pt;line-height: 107%;font-family: 'times new roman', serif\">P\u00c75- Ya\u015fam boyu \u00f6\u011frenmenin gereklili\u011fi bilinci; bilim ve teknolojideki geli\u015fmeleri izleme ve kendini s\u00fcrekli yenileme becerisine sahip olur.<\/span><\/p><p class=\"MsoNormal\" style=\"text-align: justify;margin: 0px\"><span style=\"font-size: 12pt;line-height: 107%;font-family: 'times new roman', serif\">P\u00c76- Bitki zararl\u0131lar\u0131, hastal\u0131klar\u0131 ve yabanc\u0131 otlar\u0131n te\u015fhisi, biyolojileri, zararlar\u0131 ve m\u00fccadeleleri ile ilgili bilgileri aktarabilme becerisine sahip olur.<\/span><\/p><p class=\"MsoNormal\" style=\"text-align: justify;margin: 0px\"><span style=\"font-size: 12pt;line-height: 107%;font-family: 'times new roman', serif\">P\u00c77- Bitki Koruma alan\u0131 ile ilgili verilerin toplanmas\u0131, yorumlanmas\u0131, duyurulmas\u0131 a\u015famalar\u0131nda toplumsal, bilimsel ve etik de\u011ferleri g\u00f6zetme yeterlili\u011fine sahip olur.<\/span><\/p><p class=\"MsoNormal\" style=\"text-align: justify;margin: 0px\"><span style=\"font-size: 12pt;line-height: 107%;font-family: 'times new roman', serif\">P\u00c78- Do\u011fal kaynaklar\u0131n korunmas\u0131, s\u00fcrd\u00fcr\u00fclebilir kullan\u0131m\u0131 ve g\u0131da g\u00fcvenli\u011fi i\u00e7in tar\u0131msal m\u00fccadelede hangi y\u00f6ntemlerin nas\u0131l kullan\u0131lmas\u0131 gerekti\u011fi bilgisine sahip olur.<\/span><\/p><p class=\"MsoNormal\" style=\"margin: 0px;text-align: justify\"><span style=\"font-size: 12pt;line-height: 107%;font-family: 'times new roman', serif\">P\u00c79- Bitki Koruma uygulamalar\u0131n\u0131n evrensel ve toplumsal boyutlarda <span id=\"OBJ_PREFIX_DWT62_com_zimbra_date\" class=\"Object\" role=\"link\">sa<\/span>\u011fl\u0131k, \u00e7evre ve g\u00fcvenlik \u00fczerindeki etkileri ve \u00e7a\u011f\u0131n Bitki Koruma alan\u0131na yans\u0131yan sorunlar\u0131 hakk\u0131nda bilgi sahibi olur.<\/span><\/p><p class=\"MsoNormal\" style=\"margin: 0px;text-align: justify\"><span style=\"font-size: 12pt;line-height: 107%;font-family: 'times new roman', serif\">P\u00c710- Bitki Koruma ile ilgili proje y\u00f6netimi, risk analizi yapma ve m\u00fccadele \u015fekline karar verme gibi, meslek hayat\u0131ndaki uygulamalar hakk\u0131nda bilgi; giri\u015fimcilik, yenilik\u00e7ilik ve s\u00fcrd\u00fcr\u00fclebilir kalk\u0131nma hakk\u0131nda fark\u0131ndal\u0131k sahibi olur. <\/span><\/p><p class=\"MsoNormal\" style=\"text-align: justify;margin: 0px\"><span style=\"font-size: 12pt;line-height: 107%;font-family: 'times new roman', serif\">P\u00c711- M\u00fchendislik bilgilerinin yan\u0131nda, toplum i\u00e7inde aktif rol alabilme, sanatsal ve k\u00fclt\u00fcrel y\u00f6nlerini s\u00fcrekli geli\u015ftirebilme ve topluma faydal\u0131 olabilme bilincine sahip olabilme becerisine sahip olur.<\/span><\/p><p>\u00a0<\/p>\t\t\t\t\t\t\t\t<\/div>\n\t\t\t\t<\/div>\n\t\t\t\t\t<\/div>\n\t\t<\/div>\n\t\t\t\t\t<\/div>\n\t\t<\/section>\n\t\t\t\t<\/div>\n\t\t","protected":false},"excerpt":{"rendered":"<p>P\u00c71- M\u00fchendisli\u011fin temelini olu\u015fturan matematik, temel bili\u015fim, fen bilimleri ve alandaki m\u00fchendislik derslerinden kazand\u0131klar\u0131 teorik ve uygulama bilgi ve becerilerini m\u00fchendislik problemlerinde kullanabilme becerisine sahip olur. P\u00c72- Bitki Koruma alan\u0131ndaki kavramlar\u0131, fikirleri ve verileri bilimsel y\u00f6ntemlerle de\u011ferlendirmek, bu alandaki problemleri \u00e7\u00f6zmeye y\u00f6nelik \u00f6neriler geli\u015ftirebilme becerisine sahip olur. P\u00c73- Bireysel ve \u00e7ok disiplinli tak\u0131mlarda etkin \u00e7al\u0131\u015fabilme [&hellip;]<\/p>\n","protected":false},"author":443,"featured_media":0,"parent":0,"menu_order":0,"comment_status":"closed","ping_status":"closed","template":"","meta":{"footnotes":""},"class_list":["post-7411","page","type-page","status-publish","hentry"],"_links":{"self":[{"href":"https:\/\/atauni.edu.tr\/bitki-koruma-bolumu\/wp-json\/wp\/v2\/pages\/7411","targetHints":{"allow":["GET"]}}],"collection":[{"href":"https:\/\/atauni.edu.tr\/bitki-koruma-bolumu\/wp-json\/wp\/v2\/pages"}],"about":[{"href":"https:\/\/atauni.edu.tr\/bitki-koruma-bolumu\/wp-json\/wp\/v2\/types\/page"}],"author":[{"embeddable":true,"href":"https:\/\/atauni.edu.tr\/bitki-koruma-bolumu\/wp-json\/wp\/v2\/users\/443"}],"replies":[{"embeddable":true,"href":"https:\/\/atauni.edu.tr\/bitki-koruma-bolumu\/wp-json\/wp\/v2\/comments?post=7411"}],"version-history":[{"count":19,"href":"https:\/\/atauni.edu.tr\/bitki-koruma-bolumu\/wp-json\/wp\/v2\/pages\/7411\/revisions"}],"predecessor-version":[{"id":8422,"href":"https:\/\/atauni.edu.tr\/bitki-koruma-bolumu\/wp-json\/wp\/v2\/pages\/7411\/revisions\/8422"}],"wp:attachment":[{"href":"https:\/\/atauni.edu.tr\/bitki-koruma-bolumu\/wp-json\/wp\/v2\/media?parent=7411"}],"curies":[{"name":"wp","href":"https:\/\/api.w.org\/{rel}","templated":true}]}}