{"id":8335,"date":"2024-05-16T14:08:36","date_gmt":"2024-05-16T11:08:36","guid":{"rendered":"https:\/\/birimler.atauni.edu.tr\/bitki-koruma-bolumu\/?page_id=8335"},"modified":"2024-05-21T16:31:58","modified_gmt":"2024-05-21T13:31:58","slug":"paydaslarimiz","status":"publish","type":"page","link":"https:\/\/atauni.edu.tr\/bitki-koruma-bolumu\/paydaslarimiz\/","title":{"rendered":"Payda\u015flar\u0131m\u0131z"},"content":{"rendered":"\t\t<div data-elementor-type=\"wp-page\" data-elementor-id=\"8335\" class=\"elementor elementor-8335\" data-elementor-post-type=\"page\">\n\t\t\t\t\t\t<section class=\"elementor-section elementor-top-section elementor-element elementor-element-9f00458 elementor-section-boxed elementor-section-height-default elementor-section-height-default\" data-id=\"9f00458\" data-element_type=\"section\">\n\t\t\t\t\t\t<div class=\"elementor-container elementor-column-gap-default\">\n\t\t\t\t\t<div class=\"elementor-column elementor-col-100 elementor-top-column elementor-element elementor-element-5f72741\" data-id=\"5f72741\" data-element_type=\"column\">\n\t\t\t<div class=\"elementor-widget-wrap elementor-element-populated\">\n\t\t\t\t\t\t<div class=\"elementor-element elementor-element-d3fad07 elementor-widget elementor-widget-text-editor\" data-id=\"d3fad07\" data-element_type=\"widget\" data-widget_type=\"text-editor.default\">\n\t\t\t\t<div class=\"elementor-widget-container\">\n\t\t\t\t\t\t\t\t\t<table width=\"606\">\n<tbody>\n<tr>\n<td width=\"64\"><strong>No<\/strong><\/td>\n<td width=\"220\"><strong>Ad\u0131 Soyad\u0131<\/strong><\/td>\n<td width=\"322\"><strong>\u00c7al\u0131\u015ft\u0131\u011f\u0131 Kurum<\/strong><\/td>\n<\/tr>\n<tr>\n<td width=\"64\">1<\/td>\n<td width=\"220\">Ya***** Es** Ka**<\/td>\n<td width=\"322\">Artvin \u00c7oruh \u00dcniversitesi Yusufeli Meslek Y\u00fcksekokulu\/Artvin<\/td>\n<\/tr>\n<tr>\n<td width=\"64\">2<\/td>\n<td width=\"220\">Mu****** Ta***<\/td>\n<td width=\"322\">Sivas Bilim ve Teknoloji \u00dcniversitesi\/Sivas<\/td>\n<\/tr>\n<tr>\n<td width=\"64\">3<\/td>\n<td width=\"220\">\u0130b***** Ay*******<\/td>\n<td width=\"322\">Bayer T\u00fcrk Kimya\/Manisa<\/td>\n<\/tr>\n<tr>\n<td width=\"64\">4<\/td>\n<td width=\"220\">Me**** Da***<\/td>\n<td width=\"322\">Erzurum \u00c7evre, \u015eehircilik ve \u0130klim De\u011fi\u015fikli\u011fi \u0130l M\u00fcd\u00fcrl\u00fc\u011f\u00fc\/Erzurum<\/td>\n<\/tr>\n<tr>\n<td width=\"64\">5<\/td>\n<td width=\"220\">Ay*** Ka*******<\/td>\n<td width=\"322\">Biyomarket\/Antalya<\/td>\n<\/tr>\n<tr>\n<td width=\"64\">6<\/td>\n<td width=\"220\">Os*** Di*****<\/td>\n<td width=\"322\">Merkez Anadolu Kimya\/Antalya<\/td>\n<\/tr>\n<tr>\n<td width=\"64\">7<\/td>\n<td width=\"220\">Ka*** Ar****<\/td>\n<td width=\"322\">Bayi-Serik\/Antalya<\/td>\n<\/tr>\n<tr>\n<td width=\"64\">8<\/td>\n<td width=\"220\">G\u00f6**** Er******<\/td>\n<td width=\"322\">S\u00fcpersol Organik\/\u0130zmir<\/td>\n<\/tr>\n<tr>\n<td width=\"64\">9<\/td>\n<td width=\"220\">Bi**** G\u00fc*<\/td>\n<td width=\"322\">Elmal\u0131 Tar\u0131m ve Orman \u0130l\u00e7e M\u00fcd\u00fcrl\u00fc\u011f\u00fc\/Antalya<\/td>\n<\/tr>\n<tr>\n<td width=\"64\">10<\/td>\n<td width=\"220\">G\u00fc*** \u00c7a***<\/td>\n<td width=\"322\">Bayi-Salihli\/Manisa<\/td>\n<\/tr>\n<tr>\n<td width=\"64\">11<\/td>\n<td width=\"220\">En** \u015ea*******<\/td>\n<td width=\"322\">A\u015fkale \u0130l\u00e7e Tar\u0131m ve Orman M\u00fcd\u00fcrl\u00fc\u011f\u00fc\/Erzurum<\/td>\n<\/tr>\n<tr>\n<td width=\"64\">12<\/td>\n<td width=\"220\">Se*** Ak***<\/td>\n<td width=\"322\">\u0130stanbul Belediyesi\/\u0130stanbul<\/td>\n<\/tr>\n<tr>\n<td width=\"64\">13<\/td>\n<td width=\"220\">\u015e\u00fc***** Me**<\/td>\n<td width=\"322\">A\u011fr\u0131 Tar\u0131m ve Orman \u0130l M\u00fcd\u00fcrl\u00fc\u011f\u00fc\/A\u011fr\u0131<\/td>\n<\/tr>\n<tr>\n<td width=\"64\">14<\/td>\n<td width=\"220\">\u015ee**** F\u0131***<\/td>\n<td width=\"322\">S\u00fcpersol Organik\/\u0130zmir<\/td>\n<\/tr>\n<tr>\n<td width=\"64\">15<\/td>\n<td width=\"220\">Ke*** Ka**<\/td>\n<td width=\"322\">Sukkar \u015eeker \u00dcretim A.\u015e.\/Erzurum<\/td>\n<\/tr>\n<tr>\n<td width=\"64\">16<\/td>\n<td width=\"220\">M. Ya*** \u00c7a******<\/td>\n<td width=\"322\">Growbery Tar\u0131m-Silifke\/Mersin<\/td>\n<\/tr>\n<tr>\n<td width=\"64\">17<\/td>\n<td width=\"220\">\u015ee*** Ka******<\/td>\n<td width=\"322\">Zirai Karantina M\u00fcd\u00fcrl\u00fc\u011f\u00fc\/Mersin<\/td>\n<\/tr>\n<tr>\n<td width=\"64\">18<\/td>\n<td width=\"220\">\u0130. Fa*** G\u00fc****<\/td>\n<td width=\"322\">Demagro Tar\u0131m\/Antalya<\/td>\n<\/tr>\n<tr>\n<td width=\"64\">19<\/td>\n<td width=\"220\">Er*** Ya****<\/td>\n<td width=\"322\">Bayi\/Antalya<\/td>\n<\/tr>\n<tr>\n<td width=\"64\">20<\/td>\n<td width=\"220\">F Ef**<\/td>\n<td width=\"322\">Tar\u0131m ve Orman \u0130l M\u00fcd\u00fcrl\u00fc\u011f\u00fc\/\u00c7anakkale<\/td>\n<\/tr>\n<tr>\n<td width=\"64\">21<\/td>\n<td width=\"220\">Ab*********** \u00d6z*****<\/td>\n<td width=\"322\">TMO\/Aksaray<\/td>\n<\/tr>\n<tr>\n<td width=\"64\">22<\/td>\n<td width=\"220\">G\u00fc*** Ak*******<\/td>\n<td width=\"322\">Paland\u00f6ken Tar\u0131m ve Orman \u0130l\u00e7e M\u00fcd\u00fcrl\u00fc\u011f\u00fc\/Erzurum<\/td>\n<\/tr>\n<tr>\n<td width=\"64\">23<\/td>\n<td width=\"220\">Ab****** Da******<\/td>\n<td width=\"322\">Sukkar \u015eeker \u00dcretim A.\u015e.\/Bayburt<\/td>\n<\/tr>\n<tr>\n<td width=\"64\">24<\/td>\n<td width=\"220\">Ok*** \u00d6z***<\/td>\n<td width=\"322\">Sukkar \u015eeker \u00dcretim A.\u015e.\/Bayburt<\/td>\n<\/tr>\n<tr>\n<td width=\"64\">25<\/td>\n<td width=\"220\">H\u00fc***** \u0130l***<\/td>\n<td width=\"322\">Paland\u00f6ken Tar\u0131m ve Orman \u0130l\u00e7e M\u00fcd\u00fcrl\u00fc\u011f\u00fc\/Erzurum<\/td>\n<\/tr>\n<tr>\n<td width=\"64\">26<\/td>\n<td width=\"220\">Ce**** Su***<\/td>\n<td width=\"322\">Tar\u0131m ve Orman \u0130l M\u00fcd\u00fcrl\u00fc\u011f\u00fc\/Erzurum<\/td>\n<\/tr>\n<tr>\n<td width=\"64\">27<\/td>\n<td width=\"220\">Me**** Ge*****<\/td>\n<td width=\"322\">Karaman Tar\u0131m ve Orman \u0130l M\u00fcd\u00fcrl\u00fc\u011f\u00fc\/Karaman<\/td>\n<\/tr>\n<tr>\n<td width=\"64\">28<\/td>\n<td width=\"220\">Ba**** G\u00fc*<\/td>\n<td width=\"322\">Tar\u0131m ve Orman \u0130l M\u00fcd\u00fcrl\u00fc\u011f\u00fc\/Denizli<\/td>\n<\/tr>\n<tr>\n<td width=\"64\">29<\/td>\n<td width=\"220\">\u00d6n** De***<\/td>\n<td width=\"322\">Bayi\/Manisa&nbsp;<\/td>\n<\/tr>\n<tr>\n<td width=\"64\">30<\/td>\n<td width=\"220\">Fa*** Ay***<\/td>\n<td width=\"322\">Bayi\/Konya<\/td>\n<\/tr>\n<tr>\n<td width=\"64\">31<\/td>\n<td width=\"220\">G\u00f6***** K\u0131*******<\/td>\n<td width=\"322\">Ata-Bey M\u00fchendislik\/Erzurum<\/td>\n<\/tr>\n<tr>\n<td width=\"64\">32<\/td>\n<td width=\"220\">E*** A***<\/td>\n<td width=\"322\">Tar\u0131m ve Orman \u0130l M\u00fcd\u00fcrl\u00fc\u011f\u00fc\/Bayburt<\/td>\n<\/tr>\n<tr>\n<td width=\"64\">33<\/td>\n<td width=\"220\">Ra***** Du****<\/td>\n<td width=\"322\">\u015eenkaya Tar\u0131m ve Orman \u0130l\u00e7e M\u00fcd\u00fcrl\u00fc\u011f\u00fc\/Erzurum<\/td>\n<\/tr>\n<tr>\n<td width=\"64\">34<\/td>\n<td width=\"220\">Al**** No*****<\/td>\n<td width=\"322\">Lisans\u00fcst\u00fc E\u011fitim<\/td>\n<\/tr>\n<tr>\n<td width=\"64\">35<\/td>\n<td width=\"220\">Me**** Du****<\/td>\n<td width=\"322\">Lisans\u00fcst\u00fc E\u011fitim<\/td>\n<\/tr>\n<tr>\n<td width=\"64\">36<\/td>\n<td width=\"220\">Tu*** De*****<\/td>\n<td width=\"322\">Lisans\u00fcst\u00fc E\u011fitim<\/td>\n<\/tr>\n<tr>\n<td width=\"64\">37<\/td>\n<td width=\"220\">Ah*** G\u00fc****<\/td>\n<td width=\"322\">Lisans\u00fcst\u00fc E\u011fitim<\/td>\n<\/tr>\n<tr>\n<td width=\"64\">38<\/td>\n<td width=\"220\">Em** Er***<\/td>\n<td width=\"322\">Lisans\u00fcst\u00fc E\u011fitim<\/td>\n<\/tr>\n<tr>\n<td width=\"64\">39<\/td>\n<td width=\"220\">Ek*** Ka*** \u00d6z****<\/td>\n<td width=\"322\">Lisans\u00fcst\u00fc E\u011fitim<\/td>\n<\/tr>\n<tr>\n<td width=\"64\">40<\/td>\n<td width=\"220\">\u00d6m** Mu*********<\/td>\n<td width=\"322\">Lisans\u00fcst\u00fc E\u011fitim<\/td>\n<\/tr>\n<tr>\n<td width=\"64\">41<\/td>\n<td width=\"220\">Re*** To*** Es**<\/td>\n<td width=\"322\">Lisans\u00fcst\u00fc E\u011fitim<\/td>\n<\/tr>\n<tr>\n<td width=\"64\">42<\/td>\n<td width=\"220\">G\u00fc**** Ba***<\/td>\n<td width=\"322\">Lisans\u00fcst\u00fc E\u011fitim<\/td>\n<\/tr>\n<tr>\n<td width=\"64\">43<\/td>\n<td width=\"220\">Em*** Da****<\/td>\n<td width=\"322\">Lisans\u00fcst\u00fc E\u011fitim<\/td>\n<\/tr>\n<tr>\n<td width=\"64\">44<\/td>\n<td width=\"220\">R\u0131*** Ta*** Uz*****<\/td>\n<td width=\"322\">Uzundere Tar\u0131m ve Orman \u0130l\u00e7e M\u00fcd\u00fcrl\u00fc\u011f\u00fc\/Erzurum<\/td>\n<\/tr>\n<\/tbody>\n<\/table>\t\t\t\t\t\t\t\t<\/div>\n\t\t\t\t<\/div>\n\t\t\t\t\t<\/div>\n\t\t<\/div>\n\t\t\t\t\t<\/div>\n\t\t<\/section>\n\t\t\t\t<\/div>\n\t\t","protected":false},"excerpt":{"rendered":"<p>No Ad\u0131 Soyad\u0131 \u00c7al\u0131\u015ft\u0131\u011f\u0131 Kurum 1 Ya***** Es** Ka** Artvin \u00c7oruh \u00dcniversitesi Yusufeli Meslek Y\u00fcksekokulu\/Artvin 2 Mu****** Ta*** Sivas Bilim ve Teknoloji \u00dcniversitesi\/Sivas 3 \u0130b***** Ay******* Bayer T\u00fcrk Kimya\/Manisa 4 Me**** Da*** Erzurum \u00c7evre, \u015eehircilik ve \u0130klim De\u011fi\u015fikli\u011fi \u0130l M\u00fcd\u00fcrl\u00fc\u011f\u00fc\/Erzurum 5 Ay*** Ka******* Biyomarket\/Antalya 6 Os*** Di***** Merkez Anadolu Kimya\/Antalya 7 Ka*** Ar**** Bayi-Serik\/Antalya 8 [&hellip;]<\/p>\n","protected":false},"author":443,"featured_media":0,"parent":0,"menu_order":0,"comment_status":"closed","ping_status":"closed","template":"","meta":{"footnotes":""},"class_list":["post-8335","page","type-page","status-publish","hentry"],"_links":{"self":[{"href":"https:\/\/atauni.edu.tr\/bitki-koruma-bolumu\/wp-json\/wp\/v2\/pages\/8335","targetHints":{"allow":["GET"]}}],"collection":[{"href":"https:\/\/atauni.edu.tr\/bitki-koruma-bolumu\/wp-json\/wp\/v2\/pages"}],"about":[{"href":"https:\/\/atauni.edu.tr\/bitki-koruma-bolumu\/wp-json\/wp\/v2\/types\/page"}],"author":[{"embeddable":true,"href":"https:\/\/atauni.edu.tr\/bitki-koruma-bolumu\/wp-json\/wp\/v2\/users\/443"}],"replies":[{"embeddable":true,"href":"https:\/\/atauni.edu.tr\/bitki-koruma-bolumu\/wp-json\/wp\/v2\/comments?post=8335"}],"version-history":[{"count":10,"href":"https:\/\/atauni.edu.tr\/bitki-koruma-bolumu\/wp-json\/wp\/v2\/pages\/8335\/revisions"}],"predecessor-version":[{"id":8393,"href":"https:\/\/atauni.edu.tr\/bitki-koruma-bolumu\/wp-json\/wp\/v2\/pages\/8335\/revisions\/8393"}],"wp:attachment":[{"href":"https:\/\/atauni.edu.tr\/bitki-koruma-bolumu\/wp-json\/wp\/v2\/media?parent=8335"}],"curies":[{"name":"wp","href":"https:\/\/api.w.org\/{rel}","templated":true}]}}