{"id":8497,"date":"2025-06-25T14:25:04","date_gmt":"2025-06-25T11:25:04","guid":{"rendered":"https:\/\/birimler.atauni.edu.tr\/bitki-koruma-bolumu\/?page_id=8497"},"modified":"2025-07-30T10:48:05","modified_gmt":"2025-07-30T07:48:05","slug":"etkinlikler","status":"publish","type":"page","link":"https:\/\/atauni.edu.tr\/bitki-koruma-bolumu\/etkinlikler\/","title":{"rendered":"Etkinlikler"},"content":{"rendered":"<form method=\"get\" class=\"row g-3\" style=\"margin-bottom: 20px;\"><div class=\"col-md-3\"><input type=\"text\" name=\"etkinlik_ara\" class=\"form-control\" placeholder=\"Etkinlik ara...\" value=\"\"><\/div><div class=\"col-md-3\"><input type=\"date\" name=\"baslangic_tarihi\" class=\"form-control\" value=\"\"><\/div><div class=\"col-md-3\"><input type=\"date\" name=\"bitis_tarihi\" class=\"form-control\" value=\"\"><\/div><div class=\"col-md-3\"><button type=\"submit\" class=\"btn btn-secondary w-50\">Filtrele<\/button><\/div><\/form><div class=\"etkinlikler-grid-container\" style=\"display: grid; grid-template-columns: repeat(3, 1fr); gap: 20px;\"><div class=\"etkinlik-grid-item\"><div class=\"etkinlik-thumbnail\"><img fetchpriority=\"high\" decoding=\"async\" width=\"300\" height=\"231\" src=\"https:\/\/atauni.edu.tr\/bitki-koruma-bolumu\/wp-content\/uploads\/sites\/88\/2021\/07\/Duyuru-300x231.jpg\" class=\"img-fluid wp-post-image\" alt=\"\" srcset=\"https:\/\/atauni.edu.tr\/bitki-koruma-bolumu\/wp-content\/uploads\/sites\/88\/2021\/07\/Duyuru-300x231.jpg 300w, https:\/\/atauni.edu.tr\/bitki-koruma-bolumu\/wp-content\/uploads\/sites\/88\/2021\/07\/Duyuru-768x591.jpg 768w, https:\/\/atauni.edu.tr\/bitki-koruma-bolumu\/wp-content\/uploads\/sites\/88\/2021\/07\/Duyuru-600x462.jpg 600w, https:\/\/atauni.edu.tr\/bitki-koruma-bolumu\/wp-content\/uploads\/sites\/88\/2021\/07\/Duyuru-560x431.jpg 560w, https:\/\/atauni.edu.tr\/bitki-koruma-bolumu\/wp-content\/uploads\/sites\/88\/2021\/07\/Duyuru.jpg 780w\" sizes=\"(max-width: 300px) 100vw, 300px\" \/><\/div><div class=\"etkinlik-datee\"><span class=\"day\">22<\/span><span class=\"month\">Ocak<\/span><span class=\"year\">2026<\/span><\/div><a href=\"https:\/\/atauni.edu.tr\/bitki-koruma-bolumu\/2026\/01\/22\/yuksek-lisans-tez-savunmasi-4\/\" class=\"etkinlik-titlee\">Y\u00fcksek Lisans Tez Savunmas\u0131<\/a><\/div><div class=\"etkinlik-grid-item\"><div class=\"etkinlik-thumbnail\"><img fetchpriority=\"high\" decoding=\"async\" width=\"300\" height=\"231\" src=\"https:\/\/atauni.edu.tr\/bitki-koruma-bolumu\/wp-content\/uploads\/sites\/88\/2021\/07\/Duyuru-300x231.jpg\" class=\"img-fluid wp-post-image\" alt=\"\" srcset=\"https:\/\/atauni.edu.tr\/bitki-koruma-bolumu\/wp-content\/uploads\/sites\/88\/2021\/07\/Duyuru-300x231.jpg 300w, https:\/\/atauni.edu.tr\/bitki-koruma-bolumu\/wp-content\/uploads\/sites\/88\/2021\/07\/Duyuru-768x591.jpg 768w, https:\/\/atauni.edu.tr\/bitki-koruma-bolumu\/wp-content\/uploads\/sites\/88\/2021\/07\/Duyuru-600x462.jpg 600w, https:\/\/atauni.edu.tr\/bitki-koruma-bolumu\/wp-content\/uploads\/sites\/88\/2021\/07\/Duyuru-560x431.jpg 560w, https:\/\/atauni.edu.tr\/bitki-koruma-bolumu\/wp-content\/uploads\/sites\/88\/2021\/07\/Duyuru.jpg 780w\" sizes=\"(max-width: 300px) 100vw, 300px\" \/><\/div><div class=\"etkinlik-datee\"><span class=\"day\">16<\/span><span class=\"month\">Ocak<\/span><span class=\"year\">2026<\/span><\/div><a href=\"https:\/\/atauni.edu.tr\/bitki-koruma-bolumu\/2026\/01\/16\/yuksek-lisans-tez-savunmasi-3\/\" class=\"etkinlik-titlee\">Y\u00fcksek Lisans Tez Savunmas\u0131<\/a><\/div><div class=\"etkinlik-grid-item\"><div class=\"etkinlik-thumbnail\"><img fetchpriority=\"high\" decoding=\"async\" width=\"300\" height=\"231\" src=\"https:\/\/atauni.edu.tr\/bitki-koruma-bolumu\/wp-content\/uploads\/sites\/88\/2021\/07\/Duyuru-300x231.jpg\" class=\"img-fluid wp-post-image\" alt=\"\" srcset=\"https:\/\/atauni.edu.tr\/bitki-koruma-bolumu\/wp-content\/uploads\/sites\/88\/2021\/07\/Duyuru-300x231.jpg 300w, https:\/\/atauni.edu.tr\/bitki-koruma-bolumu\/wp-content\/uploads\/sites\/88\/2021\/07\/Duyuru-768x591.jpg 768w, https:\/\/atauni.edu.tr\/bitki-koruma-bolumu\/wp-content\/uploads\/sites\/88\/2021\/07\/Duyuru-600x462.jpg 600w, https:\/\/atauni.edu.tr\/bitki-koruma-bolumu\/wp-content\/uploads\/sites\/88\/2021\/07\/Duyuru-560x431.jpg 560w, https:\/\/atauni.edu.tr\/bitki-koruma-bolumu\/wp-content\/uploads\/sites\/88\/2021\/07\/Duyuru.jpg 780w\" sizes=\"(max-width: 300px) 100vw, 300px\" \/><\/div><div class=\"etkinlik-datee\"><span class=\"day\">28<\/span><span class=\"month\">May\u0131s<\/span><span class=\"year\">2024<\/span><\/div><a href=\"https:\/\/atauni.edu.tr\/bitki-koruma-bolumu\/2024\/05\/28\/2023-2024-yili-mezuniyet-toreni\/\" class=\"etkinlik-titlee\">2023-2024 Y\u0131l\u0131 Mezuniyet T\u00f6reni<\/a><\/div><div class=\"etkinlik-grid-item\"><div class=\"etkinlik-thumbnail\"><img decoding=\"async\" width=\"300\" height=\"225\" src=\"https:\/\/atauni.edu.tr\/bitki-koruma-bolumu\/wp-content\/uploads\/sites\/88\/2020\/07\/WhatsApp-Image-2024-05-09-at-09.49.061-300x225.jpeg\" class=\"img-fluid wp-post-image\" alt=\"\" srcset=\"https:\/\/atauni.edu.tr\/bitki-koruma-bolumu\/wp-content\/uploads\/sites\/88\/2020\/07\/WhatsApp-Image-2024-05-09-at-09.49.061-300x225.jpeg 300w, https:\/\/atauni.edu.tr\/bitki-koruma-bolumu\/wp-content\/uploads\/sites\/88\/2020\/07\/WhatsApp-Image-2024-05-09-at-09.49.061-1024x768.jpeg 1024w, https:\/\/atauni.edu.tr\/bitki-koruma-bolumu\/wp-content\/uploads\/sites\/88\/2020\/07\/WhatsApp-Image-2024-05-09-at-09.49.061-768x576.jpeg 768w, https:\/\/atauni.edu.tr\/bitki-koruma-bolumu\/wp-content\/uploads\/sites\/88\/2020\/07\/WhatsApp-Image-2024-05-09-at-09.49.061-1536x1152.jpeg 1536w, https:\/\/atauni.edu.tr\/bitki-koruma-bolumu\/wp-content\/uploads\/sites\/88\/2020\/07\/WhatsApp-Image-2024-05-09-at-09.49.061-2048x1536.jpeg 2048w, https:\/\/atauni.edu.tr\/bitki-koruma-bolumu\/wp-content\/uploads\/sites\/88\/2020\/07\/WhatsApp-Image-2024-05-09-at-09.49.061-600x450.jpeg 600w, https:\/\/atauni.edu.tr\/bitki-koruma-bolumu\/wp-content\/uploads\/sites\/88\/2020\/07\/WhatsApp-Image-2024-05-09-at-09.49.061-560x420.jpeg 560w\" sizes=\"(max-width: 300px) 100vw, 300px\" \/><\/div><div class=\"etkinlik-datee\"><span class=\"day\">09<\/span><span class=\"month\">May\u0131s<\/span><span class=\"year\">2024<\/span><\/div><a href=\"https:\/\/atauni.edu.tr\/bitki-koruma-bolumu\/2024\/05\/09\/mesleki-tanitim-toplantisi\/\" class=\"etkinlik-titlee\">Mesleki Tan\u0131t\u0131m Toplant\u0131s\u0131<\/a><\/div><div class=\"etkinlik-grid-item\"><div class=\"etkinlik-thumbnail\"><img decoding=\"async\" width=\"300\" height=\"199\" src=\"https:\/\/atauni.edu.tr\/bitki-koruma-bolumu\/wp-content\/uploads\/sites\/88\/2023\/11\/387181439_708191848022090_188932738486459802_n-1.jpg\" class=\"img-fluid wp-post-image\" alt=\"\" \/><\/div><div class=\"etkinlik-datee\"><span class=\"day\">14<\/span><span class=\"month\">Kas\u0131m<\/span><span class=\"year\">2023<\/span><\/div><a href=\"https:\/\/atauni.edu.tr\/bitki-koruma-bolumu\/2023\/11\/14\/oryantasyon-programi\/\" class=\"etkinlik-titlee\">Oryantasyon Program\u0131<\/a><\/div><div class=\"etkinlik-grid-item\"><div class=\"etkinlik-thumbnail\"><img fetchpriority=\"high\" decoding=\"async\" width=\"300\" height=\"231\" src=\"https:\/\/atauni.edu.tr\/bitki-koruma-bolumu\/wp-content\/uploads\/sites\/88\/2021\/07\/Duyuru-300x231.jpg\" class=\"img-fluid wp-post-image\" alt=\"\" srcset=\"https:\/\/atauni.edu.tr\/bitki-koruma-bolumu\/wp-content\/uploads\/sites\/88\/2021\/07\/Duyuru-300x231.jpg 300w, https:\/\/atauni.edu.tr\/bitki-koruma-bolumu\/wp-content\/uploads\/sites\/88\/2021\/07\/Duyuru-768x591.jpg 768w, https:\/\/atauni.edu.tr\/bitki-koruma-bolumu\/wp-content\/uploads\/sites\/88\/2021\/07\/Duyuru-600x462.jpg 600w, https:\/\/atauni.edu.tr\/bitki-koruma-bolumu\/wp-content\/uploads\/sites\/88\/2021\/07\/Duyuru-560x431.jpg 560w, https:\/\/atauni.edu.tr\/bitki-koruma-bolumu\/wp-content\/uploads\/sites\/88\/2021\/07\/Duyuru.jpg 780w\" sizes=\"(max-width: 300px) 100vw, 300px\" \/><\/div><div class=\"etkinlik-datee\"><span class=\"day\">18<\/span><span class=\"month\">Ocak<\/span><span class=\"year\">2023<\/span><\/div><a href=\"https:\/\/atauni.edu.tr\/bitki-koruma-bolumu\/2023\/01\/18\/2022-2023-egitim-ogretim-yili-lisansustu-ogrenci-seminer\/\" class=\"etkinlik-titlee\">2022-2023 E\u011fitim-\u00d6\u011fretim Y\u0131l\u0131 Lisans\u00fcst\u00fc \u00d6\u011frenci Seminerleri<\/a><\/div><div class=\"etkinlik-grid-item\"><div class=\"etkinlik-thumbnail\"><img loading=\"lazy\" decoding=\"async\" width=\"300\" height=\"225\" src=\"https:\/\/atauni.edu.tr\/bitki-koruma-bolumu\/wp-content\/uploads\/sites\/88\/2020\/07\/WhatsApp-Image-2022-10-18-at-14.57.38-300x225.jpeg\" class=\"img-fluid wp-post-image\" alt=\"\" srcset=\"https:\/\/atauni.edu.tr\/bitki-koruma-bolumu\/wp-content\/uploads\/sites\/88\/2020\/07\/WhatsApp-Image-2022-10-18-at-14.57.38-300x225.jpeg 300w, https:\/\/atauni.edu.tr\/bitki-koruma-bolumu\/wp-content\/uploads\/sites\/88\/2020\/07\/WhatsApp-Image-2022-10-18-at-14.57.38-1024x768.jpeg 1024w, https:\/\/atauni.edu.tr\/bitki-koruma-bolumu\/wp-content\/uploads\/sites\/88\/2020\/07\/WhatsApp-Image-2022-10-18-at-14.57.38-768x576.jpeg 768w, https:\/\/atauni.edu.tr\/bitki-koruma-bolumu\/wp-content\/uploads\/sites\/88\/2020\/07\/WhatsApp-Image-2022-10-18-at-14.57.38-1536x1152.jpeg 1536w, https:\/\/atauni.edu.tr\/bitki-koruma-bolumu\/wp-content\/uploads\/sites\/88\/2020\/07\/WhatsApp-Image-2022-10-18-at-14.57.38-600x450.jpeg 600w, https:\/\/atauni.edu.tr\/bitki-koruma-bolumu\/wp-content\/uploads\/sites\/88\/2020\/07\/WhatsApp-Image-2022-10-18-at-14.57.38-560x420.jpeg 560w, https:\/\/atauni.edu.tr\/bitki-koruma-bolumu\/wp-content\/uploads\/sites\/88\/2020\/07\/WhatsApp-Image-2022-10-18-at-14.57.38.jpeg 2016w\" sizes=\"(max-width: 300px) 100vw, 300px\" \/><\/div><div class=\"etkinlik-datee\"><span class=\"day\">20<\/span><span class=\"month\">Ekim<\/span><span class=\"year\">2022<\/span><\/div><a href=\"https:\/\/atauni.edu.tr\/bitki-koruma-bolumu\/2022\/10\/20\/oryantasyon-etkinligi\/\" class=\"etkinlik-titlee\">Oryantasyon Etkinli\u011fi<\/a><\/div><div class=\"etkinlik-grid-item\"><div class=\"etkinlik-thumbnail\"><img fetchpriority=\"high\" decoding=\"async\" width=\"300\" height=\"231\" src=\"https:\/\/atauni.edu.tr\/bitki-koruma-bolumu\/wp-content\/uploads\/sites\/88\/2021\/07\/Duyuru-300x231.jpg\" class=\"img-fluid wp-post-image\" alt=\"\" srcset=\"https:\/\/atauni.edu.tr\/bitki-koruma-bolumu\/wp-content\/uploads\/sites\/88\/2021\/07\/Duyuru-300x231.jpg 300w, https:\/\/atauni.edu.tr\/bitki-koruma-bolumu\/wp-content\/uploads\/sites\/88\/2021\/07\/Duyuru-768x591.jpg 768w, https:\/\/atauni.edu.tr\/bitki-koruma-bolumu\/wp-content\/uploads\/sites\/88\/2021\/07\/Duyuru-600x462.jpg 600w, https:\/\/atauni.edu.tr\/bitki-koruma-bolumu\/wp-content\/uploads\/sites\/88\/2021\/07\/Duyuru-560x431.jpg 560w, https:\/\/atauni.edu.tr\/bitki-koruma-bolumu\/wp-content\/uploads\/sites\/88\/2021\/07\/Duyuru.jpg 780w\" sizes=\"(max-width: 300px) 100vw, 300px\" \/><\/div><div class=\"etkinlik-datee\"><span class=\"day\">02<\/span><span class=\"month\">\u015eubat<\/span><span class=\"year\">2022<\/span><\/div><a href=\"https:\/\/atauni.edu.tr\/bitki-koruma-bolumu\/2022\/02\/02\/doktora-tez-savunmasi-3\/\" class=\"etkinlik-titlee\">DAKAF&#8217;22 Duyurusu<\/a><\/div><\/div><div class=\"pagination\" style=\"margin-top: 20px;\"><\/div>\n\n\n\n<p><\/p>\n","protected":false},"excerpt":{"rendered":"","protected":false},"author":8,"featured_media":0,"parent":0,"menu_order":0,"comment_status":"closed","ping_status":"closed","template":"","meta":{"footnotes":""},"class_list":["post-8497","page","type-page","status-publish","hentry"],"_links":{"self":[{"href":"https:\/\/atauni.edu.tr\/bitki-koruma-bolumu\/wp-json\/wp\/v2\/pages\/8497","targetHints":{"allow":["GET"]}}],"collection":[{"href":"https:\/\/atauni.edu.tr\/bitki-koruma-bolumu\/wp-json\/wp\/v2\/pages"}],"about":[{"href":"https:\/\/atauni.edu.tr\/bitki-koruma-bolumu\/wp-json\/wp\/v2\/types\/page"}],"author":[{"embeddable":true,"href":"https:\/\/atauni.edu.tr\/bitki-koruma-bolumu\/wp-json\/wp\/v2\/users\/8"}],"replies":[{"embeddable":true,"href":"https:\/\/atauni.edu.tr\/bitki-koruma-bolumu\/wp-json\/wp\/v2\/comments?post=8497"}],"version-history":[{"count":2,"href":"https:\/\/atauni.edu.tr\/bitki-koruma-bolumu\/wp-json\/wp\/v2\/pages\/8497\/revisions"}],"predecessor-version":[{"id":8510,"href":"https:\/\/atauni.edu.tr\/bitki-koruma-bolumu\/wp-json\/wp\/v2\/pages\/8497\/revisions\/8510"}],"wp:attachment":[{"href":"https:\/\/atauni.edu.tr\/bitki-koruma-bolumu\/wp-json\/wp\/v2\/media?parent=8497"}],"curies":[{"name":"wp","href":"https:\/\/api.w.org\/{rel}","templated":true}]}}