{"id":8499,"date":"2025-06-25T14:25:43","date_gmt":"2025-06-25T11:25:43","guid":{"rendered":"https:\/\/birimler.atauni.edu.tr\/bitki-koruma-bolumu\/?page_id=8499"},"modified":"2025-07-30T10:47:52","modified_gmt":"2025-07-30T07:47:52","slug":"duyurular","status":"publish","type":"page","link":"https:\/\/atauni.edu.tr\/bitki-koruma-bolumu\/duyurular\/","title":{"rendered":"Duyurular"},"content":{"rendered":"<form method=\"get\" class=\"row g-3\" style=\"margin-bottom: 20px;\"><div class=\"col-md-3\"><input type=\"text\" name=\"Duyuru_ara\" class=\"form-control\" placeholder=\"Duyuru ara...\" value=\"\"><\/div><div class=\"col-md-3\"><input type=\"date\" name=\"baslangic_tarihi\" class=\"form-control\" value=\"\"><\/div><div class=\"col-md-3\"><input type=\"date\" name=\"bitis_tarihi\" class=\"form-control\" value=\"\"><\/div><div class=\"col-md-3\"><button type=\"submit\" class=\"btn btn-secondary w-50\">Filtrele<\/button><\/div><\/form><ul class=\"kategori-yazilari-liste\"><li style=\"display: flex; margin-bottom: 10px; align-items: center;\"><div class=\"post-content\" style=\"flex-grow: 1;\"><span class=\"post-date Duyurutarih\" style=\"display: block; font-weight: bold; margin-bottom: 5px;\">22 Nisan 2026<\/span><a class=\"Duyurubaslik\" href=\"https:\/\/atauni.edu.tr\/bitki-koruma-bolumu\/2026\/04\/22\/mazeret-ara-sinavi\/\">Mazeret Ara S\u0131nav\u0131<\/a><\/div><\/li><li style=\"display: flex; margin-bottom: 10px; align-items: center;\"><div class=\"post-content\" style=\"flex-grow: 1;\"><span class=\"post-date Duyurutarih\" style=\"display: block; font-weight: bold; margin-bottom: 5px;\">15 Nisan 2026<\/span><a class=\"Duyurubaslik\" href=\"https:\/\/atauni.edu.tr\/bitki-koruma-bolumu\/2026\/04\/15\/2025-2026-bahar-yariyili-ders-programi\/\">2025-2026 Bahar Yar\u0131y\u0131l\u0131 Ara S\u0131nav Program\u0131<\/a><\/div><\/li><li style=\"display: flex; margin-bottom: 10px; align-items: center;\"><div class=\"post-content\" style=\"flex-grow: 1;\"><span class=\"post-date Duyurutarih\" style=\"display: block; font-weight: bold; margin-bottom: 5px;\">16 Ocak 2026<\/span><a class=\"Duyurubaslik\" href=\"https:\/\/atauni.edu.tr\/bitki-koruma-bolumu\/2026\/01\/16\/guz-donemi-final-ve-butunleme-sinav-programi-kesinlesmis\/\">G\u00fcz D\u00f6nemi Final ve B\u00fct\u00fcnleme S\u0131nav Program\u0131 (KES\u0130NLE\u015eM\u0130\u015e)<\/a><\/div><\/li><li style=\"display: flex; margin-bottom: 10px; align-items: center;\"><div class=\"post-content\" style=\"flex-grow: 1;\"><span class=\"post-date Duyurutarih\" style=\"display: block; font-weight: bold; margin-bottom: 5px;\">7 Kas\u0131m 2025<\/span><a class=\"Duyurubaslik\" href=\"https:\/\/atauni.edu.tr\/bitki-koruma-bolumu\/2025\/11\/07\/2025-2026-egitim-ogretim-yili-guz-donemi-ara-sinav-programi\/\">2025-2026 G\u00fcz D\u00f6nemi Ara S\u0131nav Program\u0131 -KES\u0130NLE\u015eM\u0130\u015e-<\/a><\/div><\/li><li style=\"display: flex; margin-bottom: 10px; align-items: center;\"><div class=\"post-content\" style=\"flex-grow: 1;\"><span class=\"post-date Duyurutarih\" style=\"display: block; font-weight: bold; margin-bottom: 5px;\">4 Kas\u0131m 2025<\/span><a class=\"Duyurubaslik\" href=\"https:\/\/atauni.edu.tr\/bitki-koruma-bolumu\/2025\/11\/04\/2025-2026-guz-donemi-ara-sinav-programi-taslak\/\">2025-2026 G\u00fcz D\u00f6nemi Ara S\u0131nav Program\u0131 -TASLAK-<\/a><\/div><\/li><li style=\"display: flex; margin-bottom: 10px; align-items: center;\"><div class=\"post-content\" style=\"flex-grow: 1;\"><span class=\"post-date Duyurutarih\" style=\"display: block; font-weight: bold; margin-bottom: 5px;\">3 Kas\u0131m 2025<\/span><a class=\"Duyurubaslik\" href=\"https:\/\/atauni.edu.tr\/bitki-koruma-bolumu\/2025\/11\/03\/2025-2026-guz-yariyili-ders-programi\/\">2025-2026 G\u00fcz Yar\u0131y\u0131l\u0131 Ders Program\u0131<\/a><\/div><\/li><li style=\"display: flex; margin-bottom: 10px; align-items: center;\"><div class=\"post-content\" style=\"flex-grow: 1;\"><span class=\"post-date Duyurutarih\" style=\"display: block; font-weight: bold; margin-bottom: 5px;\">20 May\u0131s 2024<\/span><a class=\"Duyurubaslik\" href=\"https:\/\/atauni.edu.tr\/bitki-koruma-bolumu\/2024\/05\/20\/final-ve-but-sinav-programi-taslak\/\">Final ve B\u00fct. S\u0131nav Program\u0131 (Taslak)<\/a><\/div><\/li><li style=\"display: flex; margin-bottom: 10px; align-items: center;\"><div class=\"post-content\" style=\"flex-grow: 1;\"><span class=\"post-date Duyurutarih\" style=\"display: block; font-weight: bold; margin-bottom: 5px;\">9 May\u0131s 2024<\/span><a class=\"Duyurubaslik\" href=\"https:\/\/atauni.edu.tr\/bitki-koruma-bolumu\/2024\/05\/09\/akademik-danisman-listesi\/\">Akademik Dan\u0131\u015fman Listesi<\/a><\/div><\/li><li style=\"display: flex; margin-bottom: 10px; align-items: center;\"><div class=\"post-content\" style=\"flex-grow: 1;\"><span class=\"post-date Duyurutarih\" style=\"display: block; font-weight: bold; margin-bottom: 5px;\">11 Kas\u0131m 2022<\/span><a class=\"Duyurubaslik\" href=\"https:\/\/atauni.edu.tr\/bitki-koruma-bolumu\/2022\/11\/11\/2022-2023-guz-donemi-kesinlesmis-vize-sinav-programi\/\">2022-2023 G\u00fcz D\u00f6nemi Kesinle\u015fmi\u015f Vize S\u0131nav Program\u0131<\/a><\/div><\/li><li style=\"display: flex; margin-bottom: 10px; align-items: center;\"><div class=\"post-content\" style=\"flex-grow: 1;\"><span class=\"post-date Duyurutarih\" style=\"display: block; font-weight: bold; margin-bottom: 5px;\">7 Kas\u0131m 2022<\/span><a class=\"Duyurubaslik\" href=\"https:\/\/atauni.edu.tr\/bitki-koruma-bolumu\/2022\/11\/07\/2022-2023-guz-donemi-taslak-vize-sinav-programi\/\">2022-2023 G\u00fcz D\u00f6nemi Taslak Vize S\u0131nav Program\u0131<\/a><\/div><\/li><\/ul><nav class=\"pagination\" style=\"margin-top: 20px;\"><ul class='page-numbers'>\n\t<li><span aria-current=\"page\" class=\"page-numbers current\">1<\/span><\/li>\n\t<li><a class=\"page-numbers\" href=\"https:\/\/atauni.edu.tr\/bitki-koruma-bolumu\/wp-json\/wp\/v2\/pages\/8499\/page\/2\/\">2<\/a><\/li>\n\t<li><a class=\"next page-numbers\" href=\"https:\/\/atauni.edu.tr\/bitki-koruma-bolumu\/wp-json\/wp\/v2\/pages\/8499\/page\/2\/\">Sonraki &raquo;<\/a><\/li>\n<\/ul>\n<\/nav>\n\n\n\n<p><\/p>\n","protected":false},"excerpt":{"rendered":"","protected":false},"author":8,"featured_media":0,"parent":0,"menu_order":0,"comment_status":"closed","ping_status":"closed","template":"","meta":{"footnotes":""},"class_list":["post-8499","page","type-page","status-publish","hentry"],"_links":{"self":[{"href":"https:\/\/atauni.edu.tr\/bitki-koruma-bolumu\/wp-json\/wp\/v2\/pages\/8499","targetHints":{"allow":["GET"]}}],"collection":[{"href":"https:\/\/atauni.edu.tr\/bitki-koruma-bolumu\/wp-json\/wp\/v2\/pages"}],"about":[{"href":"https:\/\/atauni.edu.tr\/bitki-koruma-bolumu\/wp-json\/wp\/v2\/types\/page"}],"author":[{"embeddable":true,"href":"https:\/\/atauni.edu.tr\/bitki-koruma-bolumu\/wp-json\/wp\/v2\/users\/8"}],"replies":[{"embeddable":true,"href":"https:\/\/atauni.edu.tr\/bitki-koruma-bolumu\/wp-json\/wp\/v2\/comments?post=8499"}],"version-history":[{"count":2,"href":"https:\/\/atauni.edu.tr\/bitki-koruma-bolumu\/wp-json\/wp\/v2\/pages\/8499\/revisions"}],"predecessor-version":[{"id":8509,"href":"https:\/\/atauni.edu.tr\/bitki-koruma-bolumu\/wp-json\/wp\/v2\/pages\/8499\/revisions\/8509"}],"wp:attachment":[{"href":"https:\/\/atauni.edu.tr\/bitki-koruma-bolumu\/wp-json\/wp\/v2\/media?parent=8499"}],"curies":[{"name":"wp","href":"https:\/\/api.w.org\/{rel}","templated":true}]}}