{"id":5638,"date":"2021-07-13T09:49:25","date_gmt":"2021-07-13T06:49:25","guid":{"rendered":"https:\/\/portaltest.atauni.edu.tr\/bilgisayar-muhendisligi\/?page_id=5638"},"modified":"2022-05-09T12:37:49","modified_gmt":"2022-05-09T09:37:49","slug":"tarihce","status":"publish","type":"page","link":"https:\/\/atauni.edu.tr\/bitkisel-uretim-uygulama-ve-arastirma-merkezi\/tarihce\/","title":{"rendered":"Tarih\u00e7e"},"content":{"rendered":"\t\t<div data-elementor-type=\"wp-page\" data-elementor-id=\"5638\" class=\"elementor elementor-5638\" data-elementor-post-type=\"page\">\n\t\t\t\t\t\t<section class=\"elementor-section elementor-top-section elementor-element elementor-element-730d320 elementor-section-boxed elementor-section-height-default elementor-section-height-default\" data-id=\"730d320\" data-element_type=\"section\">\n\t\t\t\t\t\t<div class=\"elementor-container elementor-column-gap-default\">\n\t\t\t\t\t<div class=\"elementor-column elementor-col-100 elementor-top-column elementor-element elementor-element-753d0860\" data-id=\"753d0860\" data-element_type=\"column\">\n\t\t\t<div class=\"elementor-widget-wrap\">\n\t\t\t\t\t\t\t<\/div>\n\t\t<\/div>\n\t\t\t\t\t<\/div>\n\t\t<\/section>\n\t\t\t\t<section class=\"elementor-section elementor-top-section elementor-element elementor-element-9be811a elementor-section-boxed elementor-section-height-default elementor-section-height-default\" data-id=\"9be811a\" data-element_type=\"section\">\n\t\t\t\t\t\t<div class=\"elementor-container elementor-column-gap-default\">\n\t\t\t\t\t<div class=\"elementor-column elementor-col-100 elementor-top-column elementor-element elementor-element-1ed847b7\" data-id=\"1ed847b7\" data-element_type=\"column\">\n\t\t\t<div class=\"elementor-widget-wrap elementor-element-populated\">\n\t\t\t\t\t\t<div class=\"elementor-element elementor-element-4ce0d07f elementor-widget elementor-widget-heading\" data-id=\"4ce0d07f\" data-element_type=\"widget\" data-widget_type=\"heading.default\">\n\t\t\t\t<div class=\"elementor-widget-container\">\n\t\t\t\t\t<h2 class=\"elementor-heading-title elementor-size-default\">Tarih\u00e7e<\/h2>\t\t\t\t<\/div>\n\t\t\t\t<\/div>\n\t\t\t\t<div class=\"elementor-element elementor-element-63260862 elementor-widget-divider--view-line elementor-widget elementor-widget-divider\" data-id=\"63260862\" data-element_type=\"widget\" data-widget_type=\"divider.default\">\n\t\t\t\t<div class=\"elementor-widget-container\">\n\t\t\t\t\t\t\t<div class=\"elementor-divider\">\n\t\t\t<span class=\"elementor-divider-separator\">\n\t\t\t\t\t\t<\/span>\n\t\t<\/div>\n\t\t\t\t\t\t<\/div>\n\t\t\t\t<\/div>\n\t\t\t\t\t<\/div>\n\t\t<\/div>\n\t\t\t\t\t<\/div>\n\t\t<\/section>\n\t\t\t\t<section class=\"elementor-section elementor-top-section elementor-element elementor-element-681db8b elementor-section-boxed elementor-section-height-default elementor-section-height-default\" data-id=\"681db8b\" data-element_type=\"section\">\n\t\t\t\t\t\t<div class=\"elementor-container elementor-column-gap-default\">\n\t\t\t\t\t<div class=\"elementor-column elementor-col-100 elementor-top-column elementor-element elementor-element-ad4dac5\" data-id=\"ad4dac5\" data-element_type=\"column\">\n\t\t\t<div class=\"elementor-widget-wrap elementor-element-populated\">\n\t\t\t\t\t\t<div class=\"elementor-element elementor-element-2f96b3d elementor-widget elementor-widget-text-editor\" data-id=\"2f96b3d\" data-element_type=\"widget\" data-widget_type=\"text-editor.default\">\n\t\t\t\t<div class=\"elementor-widget-container\">\n\t\t\t\t\t\t\t\t\t<p>Bitkisel \u00dcretim Uygulama ve Ara\u015ft\u0131rma Merkezi M\u00fcd\u00fcrl\u00fc\u011f\u00fc (ATA-BUAM),\u00a0<em>19 Nisan \u00a02017 Tarih ve 30043<\/em>\u00a0Say\u0131l\u0131 Resmi Gazete\u2019de yay\u0131mlanarak, Atat\u00fcrk \u00dcniversitesi b\u00fcnyesinde kurulmu\u015ftur.<\/p>\t\t\t\t\t\t\t\t<\/div>\n\t\t\t\t<\/div>\n\t\t\t\t\t<\/div>\n\t\t<\/div>\n\t\t\t\t\t<\/div>\n\t\t<\/section>\n\t\t\t\t<section class=\"elementor-section elementor-top-section elementor-element elementor-element-14cd36e elementor-section-boxed elementor-section-height-default elementor-section-height-default\" data-id=\"14cd36e\" data-element_type=\"section\">\n\t\t\t\t\t\t<div class=\"elementor-container elementor-column-gap-default\">\n\t\t\t\t\t<div class=\"elementor-column elementor-col-100 elementor-top-column elementor-element elementor-element-5542084\" data-id=\"5542084\" data-element_type=\"column\">\n\t\t\t<div class=\"elementor-widget-wrap elementor-element-populated\">\n\t\t\t\t\t\t<div class=\"elementor-element elementor-element-5e27263 elementor-widget elementor-widget-heading\" data-id=\"5e27263\" data-element_type=\"widget\" data-widget_type=\"heading.default\">\n\t\t\t\t<div class=\"elementor-widget-container\">\n\t\t\t\t\t<h2 class=\"elementor-heading-title elementor-size-default\">Misyon<\/h2>\t\t\t\t<\/div>\n\t\t\t\t<\/div>\n\t\t\t\t<div class=\"elementor-element elementor-element-fdc4f7e elementor-widget-divider--view-line elementor-widget elementor-widget-divider\" data-id=\"fdc4f7e\" data-element_type=\"widget\" data-widget_type=\"divider.default\">\n\t\t\t\t<div class=\"elementor-widget-container\">\n\t\t\t\t\t\t\t<div class=\"elementor-divider\">\n\t\t\t<span class=\"elementor-divider-separator\">\n\t\t\t\t\t\t<\/span>\n\t\t<\/div>\n\t\t\t\t\t\t<\/div>\n\t\t\t\t<\/div>\n\t\t\t\t\t<\/div>\n\t\t<\/div>\n\t\t\t\t\t<\/div>\n\t\t<\/section>\n\t\t\t\t<section class=\"elementor-section elementor-top-section elementor-element elementor-element-33af256 elementor-section-boxed elementor-section-height-default elementor-section-height-default\" data-id=\"33af256\" data-element_type=\"section\">\n\t\t\t\t\t\t<div class=\"elementor-container elementor-column-gap-default\">\n\t\t\t\t\t<div class=\"elementor-column elementor-col-100 elementor-top-column elementor-element elementor-element-854e639\" data-id=\"854e639\" data-element_type=\"column\">\n\t\t\t<div class=\"elementor-widget-wrap elementor-element-populated\">\n\t\t\t\t\t\t<div class=\"elementor-element elementor-element-ecc6cab elementor-widget elementor-widget-text-editor\" data-id=\"ecc6cab\" data-element_type=\"widget\" data-widget_type=\"text-editor.default\">\n\t\t\t\t<div class=\"elementor-widget-container\">\n\t\t\t\t\t\t\t\t\t<ul><li>\u00dcniversite b\u00fcnyesinde bitkisel \u00fcretim alan\u0131nda y\u00fcr\u00fct\u00fclecek \u00fcretim, uygulama, ara\u015ft\u0131rma, yay\u0131m ve e\u011fitim gibi konularda gerekli organizasyonlar\u0131 sa\u011flamak.<\/li><li>Ba\u015fta b\u00f6lge tar\u0131m\u0131 olmak \u00fczere \u00fclkemizde tar\u0131msal ve ekolojik kaynaklar\u0131n s\u00fcrd\u00fcr\u00fclebilirli\u011fine katk\u0131 sunmak.<\/li><li>Gelecek tar\u0131mda, tar\u0131m\u0131n gelece\u011fi gen\u00e7lerde prensibi ile yeni nesilin tar\u0131mla entegrasyonunu sa\u011flamak.<\/li><li>Merkezimizi s\u00fcrekli \u00f6\u011frenen birer \u00e7ift\u00e7i e\u011fitim okuluna\/ akademisine d\u00f6n\u00fc\u015ft\u00fcrmek. S\u00f6z konusu akademileri, uygulamal\u0131 e\u011fitimlere ve yaparak \u00f6\u011frenmeye imk\u00e2n sa\u011flayacak \u00e7ift\u00e7i e\u011fitimleri olarak yap\u0131land\u0131rmak.<\/li><li>Tar\u0131msal AR-GE alan\u0131nda faaliyet g\u00f6steren kamu kurumlar\u0131, \u00f6zel sekt\u00f6r ve sivil toplum kurulu\u015flar\u0131 ile \u201ctar\u0131m e\u011fitim \u2013 \u00f6\u011fretimine\u201d y\u00f6nelik i\u015f birli\u011fi protokollerinin haz\u0131rlanmas\u0131 ve ortak \u00e7al\u0131\u015fma ortamlar\u0131n\u0131n olu\u015fturulmas\u0131na y\u00f6nelik \u00e7al\u0131\u015fmalar yapmak.<\/li><li>Tar\u0131m\u0131n sayg\u0131nl\u0131\u011f\u0131n\u0131n art\u0131r\u0131lmas\u0131 ve tar\u0131msal \u00f6\u011fretimde mesleki uygulama y\u00f6ntemlerini geli\u015ftirmek ve uygulamalar\u0131 art\u0131rmak. <strong>\u00a0<\/strong><\/li><\/ul>\t\t\t\t\t\t\t\t<\/div>\n\t\t\t\t<\/div>\n\t\t\t\t\t<\/div>\n\t\t<\/div>\n\t\t\t\t\t<\/div>\n\t\t<\/section>\n\t\t\t\t<section class=\"elementor-section elementor-top-section elementor-element elementor-element-7bd97f4 elementor-section-boxed elementor-section-height-default elementor-section-height-default\" data-id=\"7bd97f4\" data-element_type=\"section\">\n\t\t\t\t\t\t<div class=\"elementor-container elementor-column-gap-default\">\n\t\t\t\t\t<div class=\"elementor-column elementor-col-100 elementor-top-column elementor-element elementor-element-79ab44c\" data-id=\"79ab44c\" data-element_type=\"column\">\n\t\t\t<div class=\"elementor-widget-wrap elementor-element-populated\">\n\t\t\t\t\t\t<div class=\"elementor-element elementor-element-ea3fd3d elementor-widget elementor-widget-heading\" data-id=\"ea3fd3d\" data-element_type=\"widget\" data-widget_type=\"heading.default\">\n\t\t\t\t<div class=\"elementor-widget-container\">\n\t\t\t\t\t<h2 class=\"elementor-heading-title elementor-size-default\">Vizyon <\/h2>\t\t\t\t<\/div>\n\t\t\t\t<\/div>\n\t\t\t\t<div class=\"elementor-element elementor-element-f9bbb8d elementor-widget-divider--view-line elementor-widget elementor-widget-divider\" data-id=\"f9bbb8d\" data-element_type=\"widget\" data-widget_type=\"divider.default\">\n\t\t\t\t<div class=\"elementor-widget-container\">\n\t\t\t\t\t\t\t<div class=\"elementor-divider\">\n\t\t\t<span class=\"elementor-divider-separator\">\n\t\t\t\t\t\t<\/span>\n\t\t<\/div>\n\t\t\t\t\t\t<\/div>\n\t\t\t\t<\/div>\n\t\t\t\t\t<\/div>\n\t\t<\/div>\n\t\t\t\t\t<\/div>\n\t\t<\/section>\n\t\t\t\t<section class=\"elementor-section elementor-top-section elementor-element elementor-element-54bd648 elementor-section-boxed elementor-section-height-default elementor-section-height-default\" data-id=\"54bd648\" data-element_type=\"section\">\n\t\t\t\t\t\t<div class=\"elementor-container elementor-column-gap-default\">\n\t\t\t\t\t<div class=\"elementor-column elementor-col-100 elementor-top-column elementor-element elementor-element-2b49750\" data-id=\"2b49750\" data-element_type=\"column\">\n\t\t\t<div class=\"elementor-widget-wrap elementor-element-populated\">\n\t\t\t\t\t\t<div class=\"elementor-element elementor-element-e6141c8 elementor-widget elementor-widget-text-editor\" data-id=\"e6141c8\" data-element_type=\"widget\" data-widget_type=\"text-editor.default\">\n\t\t\t\t<div class=\"elementor-widget-container\">\n\t\t\t\t\t\t\t\t\t<ul><li>Bitkisel \u00fcretim alan\u0131nda \u00fcretici ekseninde g\u00fcven sa\u011flay\u0131p, \u00f6rnek te\u015fkil etmek.<\/li><li>Topra\u011f\u0131n ve \u00e7evrenin ne derece vazge\u00e7ilemez oldu\u011funu g\u00f6sterip, tar\u0131m\u0131n en b\u00fcy\u00fck ekonomik g\u00fc\u00e7 oldu\u011funu ispat etmek.<\/li><\/ul>\t\t\t\t\t\t\t\t<\/div>\n\t\t\t\t<\/div>\n\t\t\t\t\t<\/div>\n\t\t<\/div>\n\t\t\t\t\t<\/div>\n\t\t<\/section>\n\t\t\t\t<\/div>\n\t\t","protected":false},"excerpt":{"rendered":"<p>Tarih\u00e7e Bitkisel \u00dcretim Uygulama ve Ara\u015ft\u0131rma Merkezi M\u00fcd\u00fcrl\u00fc\u011f\u00fc (ATA-BUAM),\u00a019 Nisan \u00a02017 Tarih ve 30043\u00a0Say\u0131l\u0131 Resmi Gazete\u2019de yay\u0131mlanarak, Atat\u00fcrk \u00dcniversitesi b\u00fcnyesinde kurulmu\u015ftur. Misyon \u00dcniversite b\u00fcnyesinde bitkisel \u00fcretim alan\u0131nda y\u00fcr\u00fct\u00fclecek \u00fcretim, uygulama, ara\u015ft\u0131rma, yay\u0131m ve e\u011fitim gibi konularda gerekli organizasyonlar\u0131 sa\u011flamak. Ba\u015fta b\u00f6lge tar\u0131m\u0131 olmak \u00fczere \u00fclkemizde tar\u0131msal ve ekolojik kaynaklar\u0131n s\u00fcrd\u00fcr\u00fclebilirli\u011fine katk\u0131 sunmak. Gelecek tar\u0131mda, tar\u0131m\u0131n [&hellip;]<\/p>\n","protected":false},"author":1,"featured_media":0,"parent":0,"menu_order":0,"comment_status":"closed","ping_status":"closed","template":"","meta":{"footnotes":""},"class_list":["post-5638","page","type-page","status-publish","hentry"],"_links":{"self":[{"href":"https:\/\/atauni.edu.tr\/bitkisel-uretim-uygulama-ve-arastirma-merkezi\/wp-json\/wp\/v2\/pages\/5638","targetHints":{"allow":["GET"]}}],"collection":[{"href":"https:\/\/atauni.edu.tr\/bitkisel-uretim-uygulama-ve-arastirma-merkezi\/wp-json\/wp\/v2\/pages"}],"about":[{"href":"https:\/\/atauni.edu.tr\/bitkisel-uretim-uygulama-ve-arastirma-merkezi\/wp-json\/wp\/v2\/types\/page"}],"author":[{"embeddable":true,"href":"https:\/\/atauni.edu.tr\/bitkisel-uretim-uygulama-ve-arastirma-merkezi\/wp-json\/wp\/v2\/users\/1"}],"replies":[{"embeddable":true,"href":"https:\/\/atauni.edu.tr\/bitkisel-uretim-uygulama-ve-arastirma-merkezi\/wp-json\/wp\/v2\/comments?post=5638"}],"version-history":[{"count":40,"href":"https:\/\/atauni.edu.tr\/bitkisel-uretim-uygulama-ve-arastirma-merkezi\/wp-json\/wp\/v2\/pages\/5638\/revisions"}],"predecessor-version":[{"id":6292,"href":"https:\/\/atauni.edu.tr\/bitkisel-uretim-uygulama-ve-arastirma-merkezi\/wp-json\/wp\/v2\/pages\/5638\/revisions\/6292"}],"wp:attachment":[{"href":"https:\/\/atauni.edu.tr\/bitkisel-uretim-uygulama-ve-arastirma-merkezi\/wp-json\/wp\/v2\/media?parent=5638"}],"curies":[{"name":"wp","href":"https:\/\/api.w.org\/{rel}","templated":true}]}}