{"id":6222,"date":"2021-12-28T17:07:39","date_gmt":"2021-12-28T14:07:39","guid":{"rendered":"https:\/\/birimler.atauni.edu.tr\/bitkisel-uretim-uygulama-ve-arastirma-merkezi\/?page_id=6222"},"modified":"2025-01-31T14:18:16","modified_gmt":"2025-01-31T11:18:16","slug":"yonetim-kurulu","status":"publish","type":"page","link":"https:\/\/atauni.edu.tr\/bitkisel-uretim-uygulama-ve-arastirma-merkezi\/yonetim-kurulu\/","title":{"rendered":""},"content":{"rendered":"\t\t<div data-elementor-type=\"wp-page\" data-elementor-id=\"6222\" class=\"elementor elementor-6222\" data-elementor-post-type=\"page\">\n\t\t\t\t\t\t<section class=\"elementor-section elementor-top-section elementor-element elementor-element-64e3d65 elementor-section-boxed elementor-section-height-default elementor-section-height-default\" data-id=\"64e3d65\" data-element_type=\"section\">\n\t\t\t\t\t\t<div class=\"elementor-container elementor-column-gap-default\">\n\t\t\t\t\t<div class=\"elementor-column elementor-col-100 elementor-top-column elementor-element elementor-element-c89f076\" data-id=\"c89f076\" data-element_type=\"column\">\n\t\t\t<div class=\"elementor-widget-wrap elementor-element-populated\">\n\t\t\t\t\t\t<div class=\"elementor-element elementor-element-71a52ac elementor-align-justify elementor-widget elementor-widget-button\" data-id=\"71a52ac\" data-element_type=\"widget\" data-widget_type=\"button.default\">\n\t\t\t\t<div class=\"elementor-widget-container\">\n\t\t\t\t\t\t\t\t\t<div class=\"elementor-button-wrapper\">\n\t\t\t\t\t<a class=\"elementor-button elementor-button-link elementor-size-sm\" href=\"https:\/\/1drv.ms\/w\/c\/51deb3f7416423da\/EZpjevmO2tVFkZTxdXSYoLwBG8uljGHvvtceekjVw5JQAQ?e=p2Uzhu\">\n\t\t\t\t\t\t<span class=\"elementor-button-content-wrapper\">\n\t\t\t\t\t\t\t\t\t<span class=\"elementor-button-text\">Sera ve Deneme Alanlar\u0131 Birimlerinin De\u011ferlendirme Anketi<\/span>\n\t\t\t\t\t<\/span>\n\t\t\t\t\t<\/a>\n\t\t\t\t<\/div>\n\t\t\t\t\t\t\t\t<\/div>\n\t\t\t\t<\/div>\n\t\t\t\t<div class=\"elementor-element elementor-element-3cc61d3 elementor-align-justify elementor-widget elementor-widget-button\" data-id=\"3cc61d3\" data-element_type=\"widget\" data-widget_type=\"button.default\">\n\t\t\t\t<div class=\"elementor-widget-container\">\n\t\t\t\t\t\t\t\t\t<div class=\"elementor-button-wrapper\">\n\t\t\t\t\t<a class=\"elementor-button elementor-button-link elementor-size-sm\" href=\"https:\/\/birimler.atauni.edu.tr\/bitkisel-uretim-uygulama-ve-arastirma-merkezi\/wp-content\/uploads\/sites\/484\/2020\/07\/Deneme-Alani-Talep-Dilekcesi.doc\">\n\t\t\t\t\t\t<span class=\"elementor-button-content-wrapper\">\n\t\t\t\t\t\t\t\t\t<span class=\"elementor-button-text\">Deneme Alan\u0131 Talep Dilek\u00e7esi<\/span>\n\t\t\t\t\t<\/span>\n\t\t\t\t\t<\/a>\n\t\t\t\t<\/div>\n\t\t\t\t\t\t\t\t<\/div>\n\t\t\t\t<\/div>\n\t\t\t\t<div class=\"elementor-element elementor-element-5d9ab75 elementor-align-justify elementor-widget elementor-widget-button\" data-id=\"5d9ab75\" data-element_type=\"widget\" data-widget_type=\"button.default\">\n\t\t\t\t<div class=\"elementor-widget-container\">\n\t\t\t\t\t\t\t\t\t<div class=\"elementor-button-wrapper\">\n\t\t\t\t\t<a class=\"elementor-button elementor-button-link elementor-size-sm\" href=\"https:\/\/birimler.atauni.edu.tr\/bitkisel-uretim-uygulama-ve-arastirma-merkezi\/wp-content\/uploads\/sites\/484\/2020\/07\/Sera-Talep-Dilekcesi.doc\">\n\t\t\t\t\t\t<span class=\"elementor-button-content-wrapper\">\n\t\t\t\t\t\t\t\t\t<span class=\"elementor-button-text\">Sera Talep Dilek\u00e7esi<\/span>\n\t\t\t\t\t<\/span>\n\t\t\t\t\t<\/a>\n\t\t\t\t<\/div>\n\t\t\t\t\t\t\t\t<\/div>\n\t\t\t\t<\/div>\n\t\t\t\t\t<\/div>\n\t\t<\/div>\n\t\t\t\t\t<\/div>\n\t\t<\/section>\n\t\t\t\t<\/div>\n\t\t","protected":false},"excerpt":{"rendered":"<p>Sera ve Deneme Alanlar\u0131 Birimlerinin De\u011ferlendirme Anketi Deneme Alan\u0131 Talep Dilek\u00e7esi Sera Talep Dilek\u00e7esi<\/p>\n","protected":false},"author":450,"featured_media":0,"parent":0,"menu_order":0,"comment_status":"closed","ping_status":"closed","template":"","meta":{"footnotes":""},"class_list":["post-6222","page","type-page","status-publish","hentry"],"_links":{"self":[{"href":"https:\/\/atauni.edu.tr\/bitkisel-uretim-uygulama-ve-arastirma-merkezi\/wp-json\/wp\/v2\/pages\/6222","targetHints":{"allow":["GET"]}}],"collection":[{"href":"https:\/\/atauni.edu.tr\/bitkisel-uretim-uygulama-ve-arastirma-merkezi\/wp-json\/wp\/v2\/pages"}],"about":[{"href":"https:\/\/atauni.edu.tr\/bitkisel-uretim-uygulama-ve-arastirma-merkezi\/wp-json\/wp\/v2\/types\/page"}],"author":[{"embeddable":true,"href":"https:\/\/atauni.edu.tr\/bitkisel-uretim-uygulama-ve-arastirma-merkezi\/wp-json\/wp\/v2\/users\/450"}],"replies":[{"embeddable":true,"href":"https:\/\/atauni.edu.tr\/bitkisel-uretim-uygulama-ve-arastirma-merkezi\/wp-json\/wp\/v2\/comments?post=6222"}],"version-history":[{"count":40,"href":"https:\/\/atauni.edu.tr\/bitkisel-uretim-uygulama-ve-arastirma-merkezi\/wp-json\/wp\/v2\/pages\/6222\/revisions"}],"predecessor-version":[{"id":7701,"href":"https:\/\/atauni.edu.tr\/bitkisel-uretim-uygulama-ve-arastirma-merkezi\/wp-json\/wp\/v2\/pages\/6222\/revisions\/7701"}],"wp:attachment":[{"href":"https:\/\/atauni.edu.tr\/bitkisel-uretim-uygulama-ve-arastirma-merkezi\/wp-json\/wp\/v2\/media?parent=6222"}],"curies":[{"name":"wp","href":"https:\/\/api.w.org\/{rel}","templated":true}]}}