{"id":5638,"date":"2021-07-13T09:49:25","date_gmt":"2021-07-13T06:49:25","guid":{"rendered":"https:\/\/portaltest.atauni.edu.tr\/bilgisayar-muhendisligi\/?page_id=5638"},"modified":"2022-01-14T09:22:06","modified_gmt":"2022-01-14T06:22:06","slug":"tarihce","status":"publish","type":"page","link":"https:\/\/atauni.edu.tr\/biyoloji\/tarihce\/","title":{"rendered":"Tarih\u00e7e"},"content":{"rendered":"\t\t<div data-elementor-type=\"wp-page\" data-elementor-id=\"5638\" class=\"elementor elementor-5638\" data-elementor-post-type=\"page\">\n\t\t\t\t\t\t<section class=\"elementor-section elementor-top-section elementor-element elementor-element-730d320 elementor-section-boxed elementor-section-height-default elementor-section-height-default\" data-id=\"730d320\" data-element_type=\"section\">\n\t\t\t\t\t\t<div class=\"elementor-container elementor-column-gap-default\">\n\t\t\t\t\t<div class=\"elementor-column elementor-col-100 elementor-top-column elementor-element elementor-element-753d0860\" data-id=\"753d0860\" data-element_type=\"column\">\n\t\t\t<div class=\"elementor-widget-wrap\">\n\t\t\t\t\t\t\t<\/div>\n\t\t<\/div>\n\t\t\t\t\t<\/div>\n\t\t<\/section>\n\t\t\t\t<section class=\"elementor-section elementor-top-section elementor-element elementor-element-9be811a elementor-section-boxed elementor-section-height-default elementor-section-height-default\" data-id=\"9be811a\" data-element_type=\"section\">\n\t\t\t\t\t\t<div class=\"elementor-container elementor-column-gap-default\">\n\t\t\t\t\t<div class=\"elementor-column elementor-col-100 elementor-top-column elementor-element elementor-element-1ed847b7\" data-id=\"1ed847b7\" data-element_type=\"column\">\n\t\t\t<div class=\"elementor-widget-wrap elementor-element-populated\">\n\t\t\t\t\t\t<div class=\"elementor-element elementor-element-4ce0d07f elementor-widget elementor-widget-heading\" data-id=\"4ce0d07f\" data-element_type=\"widget\" data-widget_type=\"heading.default\">\n\t\t\t\t<div class=\"elementor-widget-container\">\n\t\t\t\t\t<h2 class=\"elementor-heading-title elementor-size-default\">Tarih\u00e7e<\/h2>\t\t\t\t<\/div>\n\t\t\t\t<\/div>\n\t\t\t\t<div class=\"elementor-element elementor-element-63260862 elementor-widget-divider--view-line elementor-widget elementor-widget-divider\" data-id=\"63260862\" data-element_type=\"widget\" data-widget_type=\"divider.default\">\n\t\t\t\t<div class=\"elementor-widget-container\">\n\t\t\t\t\t\t\t<div class=\"elementor-divider\">\n\t\t\t<span class=\"elementor-divider-separator\">\n\t\t\t\t\t\t<\/span>\n\t\t<\/div>\n\t\t\t\t\t\t<\/div>\n\t\t\t\t<\/div>\n\t\t\t\t\t<\/div>\n\t\t<\/div>\n\t\t\t\t\t<\/div>\n\t\t<\/section>\n\t\t\t\t<section class=\"elementor-section elementor-top-section elementor-element elementor-element-681db8b elementor-section-boxed elementor-section-height-default elementor-section-height-default\" data-id=\"681db8b\" data-element_type=\"section\">\n\t\t\t\t\t\t<div class=\"elementor-container elementor-column-gap-default\">\n\t\t\t\t\t<div class=\"elementor-column elementor-col-100 elementor-top-column elementor-element elementor-element-ad4dac5\" data-id=\"ad4dac5\" data-element_type=\"column\">\n\t\t\t<div class=\"elementor-widget-wrap elementor-element-populated\">\n\t\t\t\t\t\t<div class=\"elementor-element elementor-element-2f96b3d elementor-widget elementor-widget-text-editor\" data-id=\"2f96b3d\" data-element_type=\"widget\" data-widget_type=\"text-editor.default\">\n\t\t\t\t<div class=\"elementor-widget-container\">\n\t\t\t\t\t\t\t\t\t<div><p><span style=\"font-size: 17px;letter-spacing: 0px\">Atat\u00fcrk \u00dcniversitesi b\u00fcnyesinde 17 Kas\u0131m 1958 tarihinde Fen-Edebiyat Fak\u00fcltesi kurulmu\u015ftur. Fen Grubunda, Matematik-Fizik B\u00f6l\u00fcm\u00fc ve Tabii \u0130limler B\u00f6l\u00fcm\u00fc olmak \u00fczere iki b\u00f6l\u00fcm vard\u0131.<\/span><\/p><\/div><div><p>Fen Grubu Ziraat Fak\u00fcltesinin FKB derslerinin y\u00fcr\u00fct\u00fclmesini \u00fcstlenmi\u015fti. Kuruldu\u011fu y\u0131llarda, bug\u00fcnk\u00fc \u015eair Nefi Ortaokulunda faaliyetlerini s\u00fcrd\u00fcren Fen-Edebiyat Fak\u00fcltesi 1962-1963 \u00f6\u011fretim y\u0131l\u0131 ba\u015f\u0131nda \u015fu andaki kamp\u00fcs i\u00e7erisinde yer alan kendi binalar\u0131na ta\u015f\u0131nm\u0131\u015ft\u0131r.<\/p><p>1969 y\u0131l\u0131nda, Fen-Edebiyat Fak\u00fcltesi, Fen Fak\u00fcltesi, Edebiyat Fak\u00fcltesi ve \u0130\u015fletme Fak\u00fcltesi olmak \u00fczere \u00fc\u00e7 ayr\u0131 fak\u00fclteye ayr\u0131lm\u0131\u015ft\u0131r. Biyoloji, Jeoloji, Fizik, Kimya ve Matematik \u015feklinde be\u015f ayr\u0131 b\u00f6l\u00fcm halinde organize olan Fen Fak\u00fcltesi ise, 1970-1971 \u00f6\u011fretim y\u0131l\u0131nda da ilk kez Biyoloji B\u00f6l\u00fcm\u00fcne 37 \u00f6\u011frenci alarak lisans d\u00fczeyinde e\u011fitim ve \u00f6\u011fretime ba\u015flam\u0131\u015ft\u0131r.<\/p><\/div>\t\t\t\t\t\t\t\t<\/div>\n\t\t\t\t<\/div>\n\t\t\t\t\t<\/div>\n\t\t<\/div>\n\t\t\t\t\t<\/div>\n\t\t<\/section>\n\t\t\t\t<\/div>\n\t\t","protected":false},"excerpt":{"rendered":"<p>Tarih\u00e7e Atat\u00fcrk \u00dcniversitesi b\u00fcnyesinde 17 Kas\u0131m 1958 tarihinde Fen-Edebiyat Fak\u00fcltesi kurulmu\u015ftur. Fen Grubunda, Matematik-Fizik B\u00f6l\u00fcm\u00fc ve Tabii \u0130limler B\u00f6l\u00fcm\u00fc olmak \u00fczere iki b\u00f6l\u00fcm vard\u0131. Fen Grubu Ziraat Fak\u00fcltesinin FKB derslerinin y\u00fcr\u00fct\u00fclmesini \u00fcstlenmi\u015fti. Kuruldu\u011fu y\u0131llarda, bug\u00fcnk\u00fc \u015eair Nefi Ortaokulunda faaliyetlerini s\u00fcrd\u00fcren Fen-Edebiyat Fak\u00fcltesi 1962-1963 \u00f6\u011fretim y\u0131l\u0131 ba\u015f\u0131nda \u015fu andaki kamp\u00fcs i\u00e7erisinde yer alan kendi binalar\u0131na ta\u015f\u0131nm\u0131\u015ft\u0131r. [&hellip;]<\/p>\n","protected":false},"author":1,"featured_media":0,"parent":0,"menu_order":0,"comment_status":"closed","ping_status":"closed","template":"","meta":{"footnotes":""},"class_list":["post-5638","page","type-page","status-publish","hentry"],"_links":{"self":[{"href":"https:\/\/atauni.edu.tr\/biyoloji\/wp-json\/wp\/v2\/pages\/5638","targetHints":{"allow":["GET"]}}],"collection":[{"href":"https:\/\/atauni.edu.tr\/biyoloji\/wp-json\/wp\/v2\/pages"}],"about":[{"href":"https:\/\/atauni.edu.tr\/biyoloji\/wp-json\/wp\/v2\/types\/page"}],"author":[{"embeddable":true,"href":"https:\/\/atauni.edu.tr\/biyoloji\/wp-json\/wp\/v2\/users\/1"}],"replies":[{"embeddable":true,"href":"https:\/\/atauni.edu.tr\/biyoloji\/wp-json\/wp\/v2\/comments?post=5638"}],"version-history":[{"count":31,"href":"https:\/\/atauni.edu.tr\/biyoloji\/wp-json\/wp\/v2\/pages\/5638\/revisions"}],"predecessor-version":[{"id":6183,"href":"https:\/\/atauni.edu.tr\/biyoloji\/wp-json\/wp\/v2\/pages\/5638\/revisions\/6183"}],"wp:attachment":[{"href":"https:\/\/atauni.edu.tr\/biyoloji\/wp-json\/wp\/v2\/media?parent=5638"}],"curies":[{"name":"wp","href":"https:\/\/api.w.org\/{rel}","templated":true}]}}