{"id":5682,"date":"2021-07-13T10:10:01","date_gmt":"2021-07-13T07:10:01","guid":{"rendered":"https:\/\/portaltest.atauni.edu.tr\/bilgisayar-muhendisligi\/?page_id=5682"},"modified":"2022-01-14T09:30:38","modified_gmt":"2022-01-14T06:30:38","slug":"misyon-vizyon-ve-temel-degerler","status":"publish","type":"page","link":"https:\/\/atauni.edu.tr\/biyoloji\/misyon-vizyon-ve-temel-degerler\/","title":{"rendered":"Misyon, Vizyon ve Temel De\u011ferler"},"content":{"rendered":"\t\t<div data-elementor-type=\"wp-page\" data-elementor-id=\"5682\" class=\"elementor elementor-5682\" data-elementor-post-type=\"page\">\n\t\t\t\t\t\t<section class=\"elementor-section elementor-top-section elementor-element elementor-element-730d320 elementor-section-boxed elementor-section-height-default elementor-section-height-default\" data-id=\"730d320\" data-element_type=\"section\">\n\t\t\t\t\t\t<div class=\"elementor-container elementor-column-gap-default\">\n\t\t\t\t\t<div class=\"elementor-column elementor-col-100 elementor-top-column elementor-element elementor-element-753d0860\" data-id=\"753d0860\" data-element_type=\"column\">\n\t\t\t<div class=\"elementor-widget-wrap\">\n\t\t\t\t\t\t\t<\/div>\n\t\t<\/div>\n\t\t\t\t\t<\/div>\n\t\t<\/section>\n\t\t\t\t<section class=\"elementor-section elementor-top-section elementor-element elementor-element-9be811a elementor-section-boxed elementor-section-height-default elementor-section-height-default\" data-id=\"9be811a\" data-element_type=\"section\">\n\t\t\t\t\t\t<div class=\"elementor-container elementor-column-gap-default\">\n\t\t\t\t\t<div class=\"elementor-column elementor-col-100 elementor-top-column elementor-element elementor-element-1ed847b7\" data-id=\"1ed847b7\" data-element_type=\"column\">\n\t\t\t<div class=\"elementor-widget-wrap elementor-element-populated\">\n\t\t\t\t\t\t<div class=\"elementor-element elementor-element-4ce0d07f elementor-widget elementor-widget-heading\" data-id=\"4ce0d07f\" data-element_type=\"widget\" data-widget_type=\"heading.default\">\n\t\t\t\t<div class=\"elementor-widget-container\">\n\t\t\t\t\t<h2 class=\"elementor-heading-title elementor-size-default\">Misyon, Vizyon ve Temel De\u011ferler<\/h2>\t\t\t\t<\/div>\n\t\t\t\t<\/div>\n\t\t\t\t<div class=\"elementor-element elementor-element-63260862 elementor-widget-divider--view-line elementor-widget elementor-widget-divider\" data-id=\"63260862\" data-element_type=\"widget\" data-widget_type=\"divider.default\">\n\t\t\t\t<div class=\"elementor-widget-container\">\n\t\t\t\t\t\t\t<div class=\"elementor-divider\">\n\t\t\t<span class=\"elementor-divider-separator\">\n\t\t\t\t\t\t<\/span>\n\t\t<\/div>\n\t\t\t\t\t\t<\/div>\n\t\t\t\t<\/div>\n\t\t\t\t\t<\/div>\n\t\t<\/div>\n\t\t\t\t\t<\/div>\n\t\t<\/section>\n\t\t\t\t<section class=\"elementor-section elementor-top-section elementor-element elementor-element-681db8b elementor-section-boxed elementor-section-height-default elementor-section-height-default\" data-id=\"681db8b\" data-element_type=\"section\">\n\t\t\t\t\t\t<div class=\"elementor-container elementor-column-gap-default\">\n\t\t\t\t\t<div class=\"elementor-column elementor-col-100 elementor-top-column elementor-element elementor-element-ad4dac5\" data-id=\"ad4dac5\" data-element_type=\"column\">\n\t\t\t<div class=\"elementor-widget-wrap elementor-element-populated\">\n\t\t\t\t\t\t<div class=\"elementor-element elementor-element-2f96b3d elementor-widget elementor-widget-text-editor\" data-id=\"2f96b3d\" data-element_type=\"widget\" data-widget_type=\"text-editor.default\">\n\t\t\t\t<div class=\"elementor-widget-container\">\n\t\t\t\t\t\t\t\t\t<div><h2>Misyonumuz (\u00d6z G\u00f6revimiz)<\/h2><p>Biyoloji b\u00f6l\u00fcm\u00fc; do\u011fa bilimlerinin temel ilkelerine ve etik de\u011ferlere uygun ara\u015ft\u0131rma yapabilen, sorun \u00e7\u00f6zme yetene\u011fi, \u00e7evre ve biyolojik zenginlikleri koruma bilinci geli\u015fmi\u015f, topluma \u00f6nder, nitelikli e\u011fitim alm\u0131\u015f ve \u00e7a\u011fda\u015f bilgi ile donat\u0131lm\u0131\u015f biyologlar yeti\u015ftirmeyi, evrensel standartlarda ara\u015ft\u0131rmalarla topluma ve insanl\u0131\u011fa hizmet edecek bilgi ve teknolojileri olu\u015fturma, geli\u015ftirme ve yaymay\u0131 g\u00f6rev edinmi\u015ftir.<\/p><\/div><div><h2>Vizyonumuz (\u00d6z \u00dclk\u00fcm\u00fcz)<\/h2><p>Nitelikli e\u011fitim ve \u00f6\u011fretim yapan, uluslararas\u0131 d\u00fczeyde bilgi \u00fcreten ve s\u00fcrekli geli\u015fen, d\u00fcnyadaki bilimsel geli\u015fmeleri takip eden ve ona katk\u0131da bulunan ara\u015ft\u0131rmalar yaparak \u00fcniversitemizin ve \u00fclkemizin bilimsel geli\u015fimine \u00f6nc\u00fcl\u00fck eden bir birim olmakt\u0131r.<\/p><h2>De\u011ferlerimiz<\/h2><p style=\"text-indent: -18.0pt;line-height: normal;background: #FCFCFC;vertical-align: baseline;margin: 0cm 0cm .0001pt 18.0pt\"><!-- [if !supportLists]--><span style=\"font-size: 10.0pt;font-family: Wingdings;color: #666666\">\u00a7<span style=\"font-size: 7pt;line-height: normal;font-family: 'Times New Roman'\">\u00a0 <\/span><\/span><!--[endif]--><span style=\"font-size: 10.0pt;font-family: 'inherit',serif;color: #666666\">Adalet, <\/span><\/p><p style=\"text-indent: -18.0pt;line-height: normal;background: #FCFCFC;vertical-align: baseline;margin: 0cm 0cm .0001pt 18.0pt\"><!-- [if !supportLists]--><span style=\"font-size: 10.0pt;font-family: Wingdings;color: #666666\">\u00a7<span style=\"font-size: 7pt;line-height: normal;font-family: 'Times New Roman'\">\u00a0 <\/span><\/span><!--[endif]--><span style=\"font-size: 10.0pt;font-family: 'inherit',serif;color: #666666\">Akademik \u00f6zg\u00fcrl\u00fck, <\/span><\/p><p style=\"text-indent: -18.0pt;line-height: normal;background: #FCFCFC;vertical-align: baseline;margin: 0cm 0cm .0001pt 18.0pt\"><!-- [if !supportLists]--><span style=\"font-size: 10.0pt;font-family: Wingdings;color: #666666\">\u00a7<span style=\"font-size: 7pt;line-height: normal;font-family: 'Times New Roman'\">\u00a0 <\/span><\/span><!--[endif]--><span style=\"font-size: 10.0pt;font-family: 'inherit',serif;color: #666666\">Ak\u0131lc\u0131l\u0131k, <\/span><\/p><p style=\"text-indent: -18.0pt;line-height: normal;background: #FCFCFC;vertical-align: baseline;margin: 0cm 0cm .0001pt 18.0pt\"><!-- [if !supportLists]--><span style=\"font-size: 10.0pt;font-family: Wingdings;color: #666666\">\u00a7<span style=\"font-size: 7pt;line-height: normal;font-family: 'Times New Roman'\">\u00a0 <\/span><\/span><!--[endif]--><span style=\"font-size: 10.0pt;font-family: 'inherit',serif;color: #666666\">Bilimsel \u00d6zg\u00fcrl\u00fck, <\/span><\/p><p style=\"text-indent: -18.0pt;line-height: normal;background: #FCFCFC;vertical-align: baseline;margin: 0cm 0cm .0001pt 18.0pt\"><!-- [if !supportLists]--><span style=\"font-size: 10.0pt;font-family: Wingdings;color: #666666\">\u00a7<span style=\"font-size: 7pt;line-height: normal;font-family: 'Times New Roman'\">\u00a0 <\/span><\/span><!--[endif]--><span style=\"font-size: 10.0pt;font-family: 'inherit',serif;color: #666666\">Bilimsellik, <\/span><\/p><p style=\"text-indent: -18.0pt;line-height: normal;background: #FCFCFC;vertical-align: baseline;margin: 0cm 0cm .0001pt 18.0pt\"><!-- [if !supportLists]--><span style=\"font-size: 10.0pt;font-family: Wingdings;color: #666666\">\u00a7<span style=\"font-size: 7pt;line-height: normal;font-family: 'Times New Roman'\">\u00a0 <\/span><\/span><!--[endif]--><span style=\"font-size: 10.0pt;font-family: 'inherit',serif;color: #666666\">Bilin\u00e7li \u00d6zg\u00fcven <\/span><\/p><p style=\"text-indent: -18.0pt;line-height: normal;background: #FCFCFC;vertical-align: baseline;margin: 0cm 0cm .0001pt 18.0pt\"><!-- [if !supportLists]--><span style=\"font-size: 10.0pt;font-family: Wingdings;color: #666666\">\u00a7<span style=\"font-size: 7pt;line-height: normal;font-family: 'Times New Roman'\">\u00a0 <\/span><\/span><!--[endif]--><span style=\"font-size: 10.0pt;font-family: 'inherit',serif;color: #666666\">\u00c7a\u011fda\u015f ve yenilik\u00e7i<\/span><\/p><p style=\"text-indent: -18.0pt;line-height: normal;background: #FCFCFC;vertical-align: baseline;margin: 0cm 0cm .0001pt 18.0pt\"><!-- [if !supportLists]--><span style=\"font-size: 10.0pt;font-family: Wingdings;color: #666666\">\u00a7<span style=\"font-size: 7pt;line-height: normal;font-family: 'Times New Roman'\">\u00a0 <\/span><\/span><!--[endif]--><span style=\"font-size: 10.0pt;font-family: 'inherit',serif;color: #666666\">\u00c7evreye Duyarl\u0131l\u0131k<\/span><\/p><p style=\"text-indent: -18.0pt;line-height: normal;background: #FCFCFC;vertical-align: baseline;margin: 0cm 0cm .0001pt 18.0pt\"><!-- [if !supportLists]--><span style=\"font-size: 10.0pt;font-family: Wingdings;color: #666666\">\u00a7<span style=\"font-size: 7pt;line-height: normal;font-family: 'Times New Roman'\">\u00a0 <\/span><\/span><!--[endif]--><span style=\"font-size: 10.0pt;font-family: 'inherit',serif;color: #666666\">Dayan\u0131\u015fmac\u0131<\/span><\/p><p style=\"text-indent: -18.0pt;line-height: normal;background: #FCFCFC;vertical-align: baseline;margin: 0cm 0cm .0001pt 18.0pt\"><!-- [if !supportLists]--><span style=\"font-size: 10.0pt;font-family: Wingdings;color: #666666\">\u00a7<span style=\"font-size: 7pt;line-height: normal;font-family: 'Times New Roman'\">\u00a0 <\/span><\/span><!--[endif]--><span style=\"font-size: 10.0pt;font-family: 'inherit',serif;color: #666666\">De\u011ferlere Sayg\u0131<\/span><\/p><p style=\"text-indent: -18.0pt;line-height: normal;background: #FCFCFC;vertical-align: baseline;margin: 0cm 0cm .0001pt 18.0pt\"><!-- [if !supportLists]--><span style=\"font-size: 10.0pt;font-family: Wingdings;color: #666666\">\u00a7<span style=\"font-size: 7pt;line-height: normal;font-family: 'Times New Roman'\">\u00a0 <\/span><\/span><!--[endif]--><span style=\"font-size: 10.0pt;font-family: 'inherit',serif;color: #666666\">\u00c7evreye Duyarl\u0131l\u0131k <\/span><\/p><p style=\"text-indent: -18.0pt;line-height: normal;background: #FCFCFC;vertical-align: baseline;margin: 0cm 0cm .0001pt 18.0pt\"><!-- [if !supportLists]--><span style=\"font-size: 10.0pt;font-family: Wingdings;color: #666666\">\u00a7<span style=\"font-size: 7pt;line-height: normal;font-family: 'Times New Roman'\">\u00a0 <\/span><\/span><!--[endif]--><span style=\"font-size: 10.0pt;font-family: 'inherit',serif;color: #666666\">D\u00fcr\u00fcstl\u00fck<\/span><\/p><p style=\"text-indent: -18.0pt;line-height: normal;background: #FCFCFC;vertical-align: baseline;margin: 0cm 0cm .0001pt 18.0pt\"><!-- [if !supportLists]--><span style=\"font-size: 10.0pt;font-family: Wingdings;color: #666666\">\u00a7<span style=\"font-size: 7pt;line-height: normal;font-family: 'Times New Roman'\">\u00a0 <\/span><\/span><!--[endif]--><span style=\"font-size: 10.0pt;font-family: 'inherit',serif;color: #666666\">Etik ilkelere ba\u011fl\u0131l\u0131k, <\/span><\/p><p style=\"text-indent: -18.0pt;line-height: normal;background: #FCFCFC;vertical-align: baseline;margin: 0cm 0cm .0001pt 18.0pt\"><!-- [if !supportLists]--><span style=\"font-size: 10.0pt;font-family: Wingdings;color: #666666\">\u00a7<span style=\"font-size: 7pt;line-height: normal;font-family: 'Times New Roman'\">\u00a0 <\/span><\/span><!--[endif]--><span style=\"font-size: 10.0pt;font-family: 'inherit',serif;color: #666666\">Giri\u015fimcilik<\/span><\/p><p style=\"text-indent: -18.0pt;line-height: normal;background: #FCFCFC;vertical-align: baseline;margin: 0cm 0cm .0001pt 18.0pt\"><!-- [if !supportLists]--><span style=\"font-size: 10.0pt;font-family: Wingdings;color: #666666\">\u00a7<span style=\"font-size: 7pt;line-height: normal;font-family: 'Times New Roman'\">\u00a0 <\/span><\/span><!--[endif]--><span style=\"font-size: 10.0pt;font-family: 'inherit',serif;color: #666666\">G\u00fcncellik, <\/span><\/p><p style=\"text-indent: -18.0pt;line-height: normal;background: #FCFCFC;vertical-align: baseline;margin: 0cm 0cm .0001pt 18.0pt\"><!-- [if !supportLists]--><span style=\"font-size: 10.0pt;font-family: Wingdings;color: #666666\">\u00a7<span style=\"font-size: 7pt;line-height: normal;font-family: 'Times New Roman'\">\u00a0 <\/span><\/span><!--[endif]--><span style=\"font-size: 10.0pt;font-family: 'inherit',serif;color: #666666\">G\u00fcvenilirlik<\/span><\/p><p style=\"text-indent: -18.0pt;line-height: normal;background: #FCFCFC;vertical-align: baseline;margin: 0cm 0cm .0001pt 18.0pt\"><!-- [if !supportLists]--><span style=\"font-size: 10.0pt;font-family: Wingdings;color: #666666\">\u00a7<span style=\"font-size: 7pt;line-height: normal;font-family: 'Times New Roman'\">\u00a0 <\/span><\/span><!--[endif]--><span style=\"font-size: 10.0pt;font-family: 'inherit',serif;color: #666666\">\u0130nsana Sayg\u0131 <\/span><\/p><p style=\"text-indent: -18.0pt;line-height: normal;background: #FCFCFC;vertical-align: baseline;margin: 0cm 0cm .0001pt 18.0pt\"><!-- [if !supportLists]--><span style=\"font-size: 10.0pt;font-family: Wingdings;color: #666666\">\u00a7<span style=\"font-size: 7pt;line-height: normal;font-family: 'Times New Roman'\">\u00a0 <\/span><\/span><!--[endif]--><span style=\"font-size: 10.0pt;font-family: 'inherit',serif;color: #666666\">\u0130\u015fbirli\u011fi, <\/span><\/p><p style=\"text-indent: -18.0pt;line-height: normal;background: #FCFCFC;vertical-align: baseline;margin: 0cm 0cm .0001pt 18.0pt\"><!-- [if !supportLists]--><span style=\"font-size: 10.0pt;font-family: Wingdings;color: #666666\">\u00a7<span style=\"font-size: 7pt;line-height: normal;font-family: 'Times New Roman'\">\u00a0 <\/span><\/span><!--[endif]--><span style=\"font-size: 10.0pt;font-family: 'inherit',serif;color: #666666\">Kalite<\/span><\/p><p style=\"text-indent: -18.0pt;line-height: normal;background: #FCFCFC;vertical-align: baseline;margin: 0cm 0cm .0001pt 18.0pt\"><!-- [if !supportLists]--><span style=\"font-size: 10.0pt;font-family: Wingdings;color: #666666\">\u00a7<span style=\"font-size: 7pt;line-height: normal;font-family: 'Times New Roman'\">\u00a0 <\/span><\/span><!--[endif]--><span style=\"font-size: 10.0pt;font-family: 'inherit',serif;color: #666666\">Kar\u015f\u0131l\u0131kl\u0131 sayg\u0131<\/span><\/p><p style=\"text-indent: -18.0pt;line-height: normal;background: #FCFCFC;vertical-align: baseline;margin: 0cm 0cm .0001pt 18.0pt\"><!-- [if !supportLists]--><span style=\"font-size: 10.0pt;font-family: Wingdings;color: #666666\">\u00a7<span style=\"font-size: 7pt;line-height: normal;font-family: 'Times New Roman'\">\u00a0 <\/span><\/span><!--[endif]--><span style=\"font-size: 10.0pt;font-family: 'inherit',serif;color: #666666\">Kat\u0131l\u0131mc\u0131l\u0131k, <\/span><\/p><p style=\"text-indent: -18.0pt;line-height: normal;background: #FCFCFC;vertical-align: baseline;margin: 0cm 0cm .0001pt 18.0pt\"><!-- [if !supportLists]--><span style=\"font-size: 10.0pt;font-family: Wingdings;color: #666666\">\u00a7<span style=\"font-size: 7pt;line-height: normal;font-family: 'Times New Roman'\">\u00a0 <\/span><\/span><!--[endif]--><span style=\"font-size: 10.0pt;font-family: 'inherit',serif;color: #666666\">Liyakat <\/span><\/p><p style=\"text-indent: -18.0pt;line-height: normal;background: #FCFCFC;vertical-align: baseline;margin: 0cm 0cm .0001pt 18.0pt\"><!-- [if !supportLists]--><span style=\"font-size: 10.0pt;font-family: Wingdings;color: #666666\">\u00a7<span style=\"font-size: 7pt;line-height: normal;font-family: 'Times New Roman'\">\u00a0 <\/span><\/span><!--[endif]--><span style=\"font-size: 10.0pt;font-family: 'inherit',serif;color: #666666\">\u00d6\u011frenci Odakl\u0131l\u0131k\u00a0 <\/span><\/p><p style=\"text-indent: -18.0pt;line-height: normal;background: #FCFCFC;vertical-align: baseline;margin: 0cm 0cm .0001pt 18.0pt\"><!-- [if !supportLists]--><span style=\"font-size: 10.0pt;font-family: Wingdings;color: #666666\">\u00a7<span style=\"font-size: 7pt;line-height: normal;font-family: 'Times New Roman'\">\u00a0 <\/span><\/span><!--[endif]--><span style=\"font-size: 10.0pt;font-family: 'inherit',serif;color: #666666\">Payla\u015f\u0131mc\u0131l\u0131k <\/span><\/p><p style=\"text-indent: -18.0pt;line-height: normal;background: #FCFCFC;vertical-align: baseline;margin: 0cm 0cm .0001pt 18.0pt\"><!-- [if !supportLists]--><span style=\"font-size: 10.0pt;font-family: Wingdings;color: #666666\">\u00a7<span style=\"font-size: 7pt;line-height: normal;font-family: 'Times New Roman'\">\u00a0 <\/span><\/span><!--[endif]--><span style=\"font-size: 10.0pt;font-family: 'inherit',serif;color: #666666\">Sorgulay\u0131c\u0131 Yakla\u015f\u0131m <\/span><\/p><p style=\"text-indent: -18.0pt;line-height: normal;background: #FCFCFC;vertical-align: baseline;margin: 0cm 0cm .0001pt 18.0pt\"><!-- [if !supportLists]--><span style=\"font-size: 10.0pt;font-family: Wingdings;color: #666666\">\u00a7<span style=\"font-size: 7pt;line-height: normal;font-family: 'Times New Roman'\">\u00a0 <\/span><\/span><!--[endif]--><span style=\"font-size: 10.0pt;font-family: 'inherit',serif;color: #666666\">Sorumluluk sahibi olmak<\/span><\/p><p style=\"text-indent: -18.0pt;line-height: normal;background: #FCFCFC;vertical-align: baseline;margin: 0cm 0cm .0001pt 18.0pt\"><!-- [if !supportLists]--><span style=\"font-size: 10.0pt;font-family: Wingdings;color: #666666\">\u00a7<span style=\"font-size: 7pt;line-height: normal;font-family: 'Times New Roman'\">\u00a0 <\/span><\/span><!--[endif]--><span style=\"font-size: 10.0pt;font-family: 'inherit',serif;color: #666666\">Sosyal Sorumluluk sahibi<\/span><\/p><p style=\"text-indent: -18.0pt;line-height: normal;background: #FCFCFC;vertical-align: baseline;margin: 0cm 0cm .0001pt 18.0pt\"><!-- [if !supportLists]--><span style=\"font-size: 10.0pt;font-family: Wingdings;color: #666666\">\u00a7<span style=\"font-size: 7pt;line-height: normal;font-family: 'Times New Roman'\">\u00a0 <\/span><\/span><!--[endif]--><span style=\"font-size: 10.0pt;font-family: 'inherit',serif;color: #666666\">\u015eeffafl\u0131k,<\/span><\/p><p style=\"text-indent: -18.0pt;line-height: normal;background: #FCFCFC;vertical-align: baseline;margin: 0cm 0cm .0001pt 18.0pt\"><!-- [if !supportLists]--><span style=\"font-size: 10.0pt;font-family: Wingdings;color: #666666\">\u00a7<span style=\"font-size: 7pt;line-height: normal;font-family: 'Times New Roman'\">\u00a0 <\/span><\/span><!--[endif]--><span style=\"font-size: 10.0pt;font-family: 'inherit',serif;color: #666666\">Tarafs\u0131zl\u0131k<\/span><\/p><p style=\"text-indent: -18.0pt;line-height: normal;background: #FCFCFC;vertical-align: baseline;margin: 0cm 0cm .0001pt 18.0pt\"><!-- [if !supportLists]--><span style=\"font-size: 10.0pt;font-family: Wingdings;color: #666666\">\u00a7<span style=\"font-size: 7pt;line-height: normal;font-family: 'Times New Roman'\">\u00a0 <\/span><\/span><!--[endif]--><span style=\"font-size: 10.0pt;font-family: 'inherit',serif;color: #666666\">Toplum yarar\u0131 <\/span><\/p><p style=\"text-indent: -18.0pt;line-height: normal;background: #FCFCFC;vertical-align: baseline;margin: 0cm 0cm .0001pt 18.0pt\"><!-- [if !supportLists]--><span style=\"font-size: 10.0pt;font-family: Wingdings;color: #666666\">\u00a7<span style=\"font-size: 7pt;line-height: normal;font-family: 'Times New Roman'\">\u00a0 <\/span><\/span><!--[endif]--><span style=\"font-size: 10.0pt;font-family: 'inherit',serif;color: #666666\">Tutarl\u0131l\u0131k<\/span><\/p><p style=\"text-indent: -18.0pt;line-height: normal;background: #FCFCFC;vertical-align: baseline;margin: 0cm 0cm .0001pt 18.0pt\"><!-- [if !supportLists]--><span style=\"font-size: 10.0pt;font-family: Wingdings;color: #666666\">\u00a7<span style=\"font-size: 7pt;line-height: normal;font-family: 'Times New Roman'\">\u00a0 <\/span><\/span><!--[endif]--><span style=\"font-size: 10.0pt;font-family: 'inherit',serif;color: #666666\">Verimlilik<\/span><\/p><p style=\"text-indent: -18.0pt;line-height: normal;background: #FCFCFC;vertical-align: baseline;margin: 0cm 0cm .0001pt 18.0pt\"><!-- [if !supportLists]--><span style=\"font-size: 10.0pt;font-family: Wingdings;color: #666666\">\u00a7<span style=\"font-size: 7pt;line-height: normal;font-family: 'Times New Roman'\">\u00a0 <\/span><\/span><!--[endif]--><span style=\"font-size: 10.0pt;font-family: 'inherit',serif;color: #666666\">Ya\u015fam Boyu \u00d6\u011frenme<\/span><\/p><p style=\"text-indent: -18.0pt;line-height: normal;background: #FCFCFC;vertical-align: baseline;margin: 0cm 0cm .0001pt 18.0pt\"><!-- [if !supportLists]--><span style=\"font-size: 10.0pt;font-family: Wingdings;color: #666666\">\u00a7<span style=\"font-size: 7pt;line-height: normal;font-family: 'Times New Roman'\">\u00a0 <\/span><\/span><!--[endif]--><span style=\"font-size: 10.0pt;font-family: 'inherit',serif;color: #666666\">Yenilik\u00e7ilik ve \u00d6nc\u00fcl\u00fck <\/span><\/p><p style=\"text-indent: -18.0pt;line-height: normal;background: #FCFCFC;vertical-align: baseline;margin: 0cm 0cm .0001pt 18.0pt\"><!-- [if !supportLists]--><span style=\"font-size: 10.0pt;font-family: Wingdings;color: #666666\">\u00a7<span style=\"font-size: 7pt;line-height: normal;font-family: 'Times New Roman'\">\u00a0 <\/span><\/span><!--[endif]--><span style=\"font-size: 10.0pt;font-family: 'inherit',serif;color: #666666\">Y\u00fcksek Akademik Nitelik\u00a0<\/span><\/p><\/div>\t\t\t\t\t\t\t\t<\/div>\n\t\t\t\t<\/div>\n\t\t\t\t\t<\/div>\n\t\t<\/div>\n\t\t\t\t\t<\/div>\n\t\t<\/section>\n\t\t\t\t<\/div>\n\t\t","protected":false},"excerpt":{"rendered":"<p>Misyon, Vizyon ve Temel De\u011ferler Misyonumuz (\u00d6z G\u00f6revimiz) Biyoloji b\u00f6l\u00fcm\u00fc; do\u011fa bilimlerinin temel ilkelerine ve etik de\u011ferlere uygun ara\u015ft\u0131rma yapabilen, sorun \u00e7\u00f6zme yetene\u011fi, \u00e7evre ve biyolojik zenginlikleri koruma bilinci geli\u015fmi\u015f, topluma \u00f6nder, nitelikli e\u011fitim alm\u0131\u015f ve \u00e7a\u011fda\u015f bilgi ile donat\u0131lm\u0131\u015f biyologlar yeti\u015ftirmeyi, evrensel standartlarda ara\u015ft\u0131rmalarla topluma ve insanl\u0131\u011fa hizmet edecek bilgi ve teknolojileri olu\u015fturma, geli\u015ftirme [&hellip;]<\/p>\n","protected":false},"author":1,"featured_media":0,"parent":0,"menu_order":0,"comment_status":"closed","ping_status":"closed","template":"elementor_header_footer","meta":{"footnotes":""},"class_list":["post-5682","page","type-page","status-publish","hentry"],"_links":{"self":[{"href":"https:\/\/atauni.edu.tr\/biyoloji\/wp-json\/wp\/v2\/pages\/5682","targetHints":{"allow":["GET"]}}],"collection":[{"href":"https:\/\/atauni.edu.tr\/biyoloji\/wp-json\/wp\/v2\/pages"}],"about":[{"href":"https:\/\/atauni.edu.tr\/biyoloji\/wp-json\/wp\/v2\/types\/page"}],"author":[{"embeddable":true,"href":"https:\/\/atauni.edu.tr\/biyoloji\/wp-json\/wp\/v2\/users\/1"}],"replies":[{"embeddable":true,"href":"https:\/\/atauni.edu.tr\/biyoloji\/wp-json\/wp\/v2\/comments?post=5682"}],"version-history":[{"count":20,"href":"https:\/\/atauni.edu.tr\/biyoloji\/wp-json\/wp\/v2\/pages\/5682\/revisions"}],"predecessor-version":[{"id":6190,"href":"https:\/\/atauni.edu.tr\/biyoloji\/wp-json\/wp\/v2\/pages\/5682\/revisions\/6190"}],"wp:attachment":[{"href":"https:\/\/atauni.edu.tr\/biyoloji\/wp-json\/wp\/v2\/media?parent=5682"}],"curies":[{"name":"wp","href":"https:\/\/api.w.org\/{rel}","templated":true}]}}